{"id":592,"date":"2020-09-16T12:56:26","date_gmt":"2020-09-16T10:56:26","guid":{"rendered":"https:\/\/agora.xtec.cat\/ecapallars\/?page_id=592"},"modified":"2023-02-08T11:52:13","modified_gmt":"2023-02-08T10:52:13","slug":"normes-i-organitzacio","status":"publish","type":"page","link":"https:\/\/agora.xtec.cat\/ecapallars\/lescola\/normes-i-organitzacio\/","title":{"rendered":"Normes i organitzaci\u00f3"},"content":{"rendered":"<p><img loading=\"lazy\" decoding=\"async\" class=\"aligncenter wp-image-1407 \" src=\"https:\/\/agora.xtec.cat\/ecapallars\/wp-content\/uploads\/usu2194\/2023\/02\/escola-agraria-del-pallars.jpeg\" alt=\"\" width=\"600\" height=\"450\" srcset=\"https:\/\/agora.xtec.cat\/ecapallars\/wp-content\/uploads\/usu2194\/2023\/02\/escola-agraria-del-pallars.jpeg 1024w, https:\/\/agora.xtec.cat\/ecapallars\/wp-content\/uploads\/usu2194\/2023\/02\/escola-agraria-del-pallars-300x225.jpeg 300w, https:\/\/agora.xtec.cat\/ecapallars\/wp-content\/uploads\/usu2194\/2023\/02\/escola-agraria-del-pallars-768x576.jpeg 768w, https:\/\/agora.xtec.cat\/ecapallars\/wp-content\/uploads\/usu2194\/2023\/02\/escola-agraria-del-pallars-200x150.jpeg 200w\" sizes=\"auto, (max-width: 600px) 100vw, 600px\" \/><\/p>\n<h5>Des de l&#8217;<strong>Escola Agr\u00e0ria del Pallars<\/strong>, hem creat les normes d&#8217;organitzaci\u00f3 i funcionament del centre amb l&#8217;objectiu de promoure un clima de conviv\u00e8ncia que afavoreixi la <strong>formaci\u00f3<\/strong> de persones competents tant pel que fa a l\u2019\u00e0mbit individual o personal com en el professional i social.<\/h5>\n<p>Aquestes normes neixen com a document integrador, complert i sistematitzat, amb voluntat clara d\u2019aplicabilitat, i com a resposta de la necessitat que arribi el seu coneixement a tots els membres de la <strong>comunitat educativa<\/strong> i, conseq\u00fcentment, regular l\u2019activitat docent i la din\u00e0mica de centre de forma m\u00e9s \u00e0gil, efica\u00e7 i transparent.<\/p>\n<p>A continuaci\u00f3, us donem acc\u00e9s al document complet: &#8216;<a href=\"https:\/\/agora.xtec.cat\/ecapallars\/wp-content\/uploads\/usu2194\/2023\/02\/NOFC-EA-PALLARS_v5.pdf\" target=\"_blank\" rel=\"noopener\">Normes d&#8217;Organitzaci\u00f3 i Funcionament del Centre &#8211; Escola Agr\u00e0ria del Pallars<\/a>&#8216;.<\/p>\n<p>&nbsp;<\/p>\n","protected":false},"excerpt":{"rendered":"<p>Des de l&#8217;Escola Agr\u00e0ria del Pallars, hem creat les normes d&#8217;organitzaci\u00f3 i funcionament del centre amb l&#8217;objectiu de promoure un clima de conviv\u00e8ncia que afavoreixi la formaci\u00f3 de persones competents tant pel que fa a l\u2019\u00e0mbit individual o personal com en el professional i social. Aquestes normes neixen com a document integrador, complert i sistematitzat, [&hellip;]<\/p>\n","protected":false},"author":1,"featured_media":0,"parent":581,"menu_order":0,"comment_status":"closed","ping_status":"closed","template":"","meta":{"_bbp_topic_count":0,"_bbp_reply_count":0,"_bbp_total_topic_count":0,"_bbp_total_reply_count":0,"_bbp_voice_count":0,"_bbp_anonymous_reply_count":0,"_bbp_topic_count_hidden":0,"_bbp_reply_count_hidden":0,"_bbp_forum_subforum_count":0,"site-sidebar-layout":"default","site-content-layout":"","ast-site-content-layout":"","site-content-style":"default","site-sidebar-style":"default","ast-global-header-display":"","ast-banner-title-visibility":"","ast-main-header-display":"","ast-hfb-above-header-display":"","ast-hfb-below-header-display":"","ast-hfb-mobile-header-display":"","site-post-title":"","ast-breadcrumbs-content":"","ast-featured-img":"","footer-sml-layout":"","theme-transparent-header-meta":"","adv-header-id-meta":"","stick-header-meta":"","header-above-stick-meta":"","header-main-stick-meta":"","header-below-stick-meta":"","astra-migrate-meta-layouts":"default","ast-page-background-enabled":"default","ast-page-background-meta":{"desktop":{"background-color":"var(--ast-global-color-4)","background-image":"","background-repeat":"repeat","background-position":"center center","background-size":"auto","background-attachment":"scroll","background-type":"","background-media":"","overlay-type":"","overlay-color":"","overlay-opacity":"","overlay-gradient":""},"tablet":{"background-color":"","background-image":"","background-repeat":"repeat","background-position":"center center","background-size":"auto","background-attachment":"scroll","background-type":"","background-media":"","overlay-type":"","overlay-color":"","overlay-opacity":"","overlay-gradient":""},"mobile":{"background-color":"","background-image":"","background-repeat":"repeat","background-position":"center center","background-size":"auto","background-attachment":"scroll","background-type":"","background-media":"","overlay-type":"","overlay-color":"","overlay-opacity":"","overlay-gradient":""}},"ast-content-background-meta":{"desktop":{"background-color":"var(--ast-global-color-5)","background-image":"","background-repeat":"repeat","background-position":"center center","background-size":"auto","background-attachment":"scroll","background-type":"","background-media":"","overlay-type":"","overlay-color":"","overlay-opacity":"","overlay-gradient":""},"tablet":{"background-color":"var(--ast-global-color-5)","background-image":"","background-repeat":"repeat","background-position":"center center","background-size":"auto","background-attachment":"scroll","background-type":"","background-media":"","overlay-type":"","overlay-color":"","overlay-opacity":"","overlay-gradient":""},"mobile":{"background-color":"var(--ast-global-color-5)","background-image":"","background-repeat":"repeat","background-position":"center center","background-size":"auto","background-attachment":"scroll","background-type":"","background-media":"","overlay-type":"","overlay-color":"","overlay-opacity":"","overlay-gradient":""}},"footnotes":""},"class_list":["post-592","page","type-page","status-publish","hentry"],"post_mailing_queue_ids":[],"_links":{"self":[{"href":"https:\/\/agora.xtec.cat\/ecapallars\/wp-json\/wp\/v2\/pages\/592","targetHints":{"allow":["GET"]}}],"collection":[{"href":"https:\/\/agora.xtec.cat\/ecapallars\/wp-json\/wp\/v2\/pages"}],"about":[{"href":"https:\/\/agora.xtec.cat\/ecapallars\/wp-json\/wp\/v2\/types\/page"}],"author":[{"embeddable":true,"href":"https:\/\/agora.xtec.cat\/ecapallars\/wp-json\/wp\/v2\/users\/1"}],"replies":[{"embeddable":true,"href":"https:\/\/agora.xtec.cat\/ecapallars\/wp-json\/wp\/v2\/comments?post=592"}],"version-history":[{"count":3,"href":"https:\/\/agora.xtec.cat\/ecapallars\/wp-json\/wp\/v2\/pages\/592\/revisions"}],"predecessor-version":[{"id":1409,"href":"https:\/\/agora.xtec.cat\/ecapallars\/wp-json\/wp\/v2\/pages\/592\/revisions\/1409"}],"up":[{"embeddable":true,"href":"https:\/\/agora.xtec.cat\/ecapallars\/wp-json\/wp\/v2\/pages\/581"}],"wp:attachment":[{"href":"https:\/\/agora.xtec.cat\/ecapallars\/wp-json\/wp\/v2\/media?parent=592"}],"curies":[{"name":"wp","href":"https:\/\/api.w.org\/{rel}","templated":true}]}}