{"id":590,"date":"2020-09-16T12:55:51","date_gmt":"2020-09-16T10:55:51","guid":{"rendered":"https:\/\/agora.xtec.cat\/ecapallars\/?page_id=590"},"modified":"2023-02-08T11:33:22","modified_gmt":"2023-02-08T10:33:22","slug":"instal-lacions","status":"publish","type":"page","link":"https:\/\/agora.xtec.cat\/ecapallars\/lescola\/instal-lacions\/","title":{"rendered":"Instal\u00b7lacions"},"content":{"rendered":"<p><span style=\"font-size: 1.125em; font-weight: bold;\">L&#8217;<\/span><strong style=\"font-size: 1.125em;\">Escola Agr\u00e0ria del Pallars<\/strong><span style=\"font-size: 1.125em; font-weight: bold;\"> est\u00e0 formada per diverses instal\u00b7lacions que contribueixen a la millora de la <\/span><strong style=\"font-size: 1.125em;\">qualitat <\/strong><span style=\"font-size: 1.125em; font-weight: bold;\">de la <\/span><strong style=\"font-size: 1.125em;\"><a href=\"https:\/\/agora.xtec.cat\/ecapallars\/cicle-formatiu\/\">formaci\u00f3 reglada <\/a><\/strong><span style=\"font-size: 1.125em; font-weight: bold;\">i de la <\/span><strong style=\"font-size: 1.125em;\"><a href=\"https:\/\/agora.xtec.cat\/ecapallars\/formacio-continua\/\">formaci\u00f3 cont\u00ednua<\/a>.\u00a0<\/strong><\/p>\n<p>\u2022 <strong>Aules:<\/strong> Dues aules de treball on s&#8217;imparteixen les classes te\u00f2riques del <a href=\"https:\/\/agora.xtec.cat\/ecapallars\/cicle-formatiu\/curs-transformacio-agroalimentaria-de-muntanya\/\" target=\"_blank\" rel=\"noopener\">curs &#8216;Eines per a la transformaci\u00f3 agroaliment\u00e0ria de muntanya&#8217;<\/a> i els cursos i jornades t\u00e8cniques de <a href=\"https:\/\/agora.xtec.cat\/ecapallars\/formacio-continua\/\" target=\"_blank\" rel=\"noopener\">formaci\u00f3 cont\u00ednua<\/a>.<\/p>\n<p>\u2022 <strong>Aula d&#8217;inform\u00e0tica:<\/strong> Amb connexi\u00f3 a internet i diversos ordinadors a disposici\u00f3 de l&#8217;alumnat del curs &#8216;Eines per a la transformaci\u00f3 agroaliment\u00e0ria de muntaya&#8217; i de la formaci\u00f3 cont\u00ednua.<\/p>\n<p>\u2022 <strong>Sala polivalent:<\/strong> Espai on es realitzen altres actes i activitats organitzades per l&#8217;escola o altres entitats.<\/p>\n<p>\u2022 <strong>Laboratori:<\/strong> Lloc per a realitzar pr\u00e0ctiques anal\u00edtiques.<\/p>\n<p>\u2022 <strong>Biblioteca:<\/strong> Disposem d&#8217;una biblioteca escolar amb un fons bibliogr\u00e0fic per donar resposta a temes agroramaders, mediambientals, culturals i espec\u00edfics de la transformaci\u00f3 agroaliment\u00e0ria. Podeu gaudir del servei durant l&#8217;horari de l&#8217;escola\u00a0<span class=\"hiddenGrammarError\" style=\"padding-bottom: 2px; background-image: url('..\/..\/..\/..\/..\/images\/squiggle.png'); background-repeat: repeat-x; background-position: left bottom; cursor: default; color: #000000; font-family: 'Open Sans', Helvetica, Arial, sans-serif; font-size: 16px; font-style: normal; font-variant-ligatures: normal; font-variant-caps: normal; font-weight: 300; letter-spacing: normal; orphans: 2; text-align: start; text-indent: 0px; text-transform: none; white-space: normal; widows: 2; word-spacing: 0px; -webkit-text-stroke-width: 0px; text-decoration-thickness: initial; text-decoration-style: initial; text-decoration-color: initial;\">sigui<\/span>\u00a0per consultar-ho in situ o per fer-ne \u00fas amb servei de pr\u00e9stec.<\/p>\n<p>\u2022<strong> Magatzem:<\/strong> Instal\u00b7laci\u00f3 on es guarda el material educatiu del centre.<\/p>\n<p>\u2022 <strong>Menjador:<\/strong> L&#8217;escola facilita aquest equipament a tot l&#8217;alumnat, professorat, personal administratiu, de serveis i visitants que en vulgui fer \u00fas.<\/p>\n<div id='gallery-1' class='gallery galleryid-590 gallery-columns-2 gallery-size-medium'><figure class='gallery-item'>\n\t\t\t<div class='gallery-icon landscape'>\n\t\t\t\t<a href='https:\/\/agora.xtec.cat\/ecapallars\/lescola\/instal-lacions\/attachment\/whatsapp-image-2022-11-25-at-14-45-42-2\/'><img loading=\"lazy\" decoding=\"async\" width=\"300\" height=\"225\" src=\"https:\/\/agora.xtec.cat\/ecapallars\/wp-content\/uploads\/usu2194\/2023\/02\/WhatsApp-Image-2022-11-25-at-14.45.42-2-300x225.jpeg\" class=\"attachment-medium size-medium\" alt=\"\" srcset=\"https:\/\/agora.xtec.cat\/ecapallars\/wp-content\/uploads\/usu2194\/2023\/02\/WhatsApp-Image-2022-11-25-at-14.45.42-2-300x225.jpeg 300w, https:\/\/agora.xtec.cat\/ecapallars\/wp-content\/uploads\/usu2194\/2023\/02\/WhatsApp-Image-2022-11-25-at-14.45.42-2-768x576.jpeg 768w, https:\/\/agora.xtec.cat\/ecapallars\/wp-content\/uploads\/usu2194\/2023\/02\/WhatsApp-Image-2022-11-25-at-14.45.42-2-200x150.jpeg 200w, https:\/\/agora.xtec.cat\/ecapallars\/wp-content\/uploads\/usu2194\/2023\/02\/WhatsApp-Image-2022-11-25-at-14.45.42-2.jpeg 1024w\" sizes=\"auto, (max-width: 300px) 100vw, 300px\" \/><\/a>\n\t\t\t<\/div><\/figure><figure class='gallery-item'>\n\t\t\t<div class='gallery-icon landscape'>\n\t\t\t\t<a href='https:\/\/agora.xtec.cat\/ecapallars\/lescola\/instal-lacions\/attachment\/whatsapp-image-2021-03-22-at-16-43-43-1\/'><img loading=\"lazy\" decoding=\"async\" width=\"300\" height=\"224\" src=\"https:\/\/agora.xtec.cat\/ecapallars\/wp-content\/uploads\/usu2194\/2023\/02\/WhatsApp-Image-2021-03-22-at-16.43.43-1-300x224.jpeg\" class=\"attachment-medium size-medium\" alt=\"\" srcset=\"https:\/\/agora.xtec.cat\/ecapallars\/wp-content\/uploads\/usu2194\/2023\/02\/WhatsApp-Image-2021-03-22-at-16.43.43-1-300x224.jpeg 300w, https:\/\/agora.xtec.cat\/ecapallars\/wp-content\/uploads\/usu2194\/2023\/02\/WhatsApp-Image-2021-03-22-at-16.43.43-1-1024x766.jpeg 1024w, https:\/\/agora.xtec.cat\/ecapallars\/wp-content\/uploads\/usu2194\/2023\/02\/WhatsApp-Image-2021-03-22-at-16.43.43-1-768x575.jpeg 768w, https:\/\/agora.xtec.cat\/ecapallars\/wp-content\/uploads\/usu2194\/2023\/02\/WhatsApp-Image-2021-03-22-at-16.43.43-1-1536x1149.jpeg 1536w, https:\/\/agora.xtec.cat\/ecapallars\/wp-content\/uploads\/usu2194\/2023\/02\/WhatsApp-Image-2021-03-22-at-16.43.43-1-200x150.jpeg 200w, https:\/\/agora.xtec.cat\/ecapallars\/wp-content\/uploads\/usu2194\/2023\/02\/WhatsApp-Image-2021-03-22-at-16.43.43-1.jpeg 2048w\" sizes=\"auto, (max-width: 300px) 100vw, 300px\" \/><\/a>\n\t\t\t<\/div><\/figure><figure class='gallery-item'>\n\t\t\t<div class='gallery-icon landscape'>\n\t\t\t\t<a href='https:\/\/agora.xtec.cat\/ecapallars\/lescola\/instal-lacions\/attachment\/whatsapp-image-2022-03-03-at-16-44-26-3\/'><img loading=\"lazy\" decoding=\"async\" width=\"300\" height=\"225\" src=\"https:\/\/agora.xtec.cat\/ecapallars\/wp-content\/uploads\/usu2194\/2023\/02\/WhatsApp-Image-2022-03-03-at-16.44.26-3-300x225.jpeg\" class=\"attachment-medium size-medium\" alt=\"\" srcset=\"https:\/\/agora.xtec.cat\/ecapallars\/wp-content\/uploads\/usu2194\/2023\/02\/WhatsApp-Image-2022-03-03-at-16.44.26-3-300x225.jpeg 300w, https:\/\/agora.xtec.cat\/ecapallars\/wp-content\/uploads\/usu2194\/2023\/02\/WhatsApp-Image-2022-03-03-at-16.44.26-3-1024x768.jpeg 1024w, https:\/\/agora.xtec.cat\/ecapallars\/wp-content\/uploads\/usu2194\/2023\/02\/WhatsApp-Image-2022-03-03-at-16.44.26-3-768x576.jpeg 768w, https:\/\/agora.xtec.cat\/ecapallars\/wp-content\/uploads\/usu2194\/2023\/02\/WhatsApp-Image-2022-03-03-at-16.44.26-3-1536x1152.jpeg 1536w, https:\/\/agora.xtec.cat\/ecapallars\/wp-content\/uploads\/usu2194\/2023\/02\/WhatsApp-Image-2022-03-03-at-16.44.26-3-200x150.jpeg 200w, https:\/\/agora.xtec.cat\/ecapallars\/wp-content\/uploads\/usu2194\/2023\/02\/WhatsApp-Image-2022-03-03-at-16.44.26-3.jpeg 1600w\" sizes=\"auto, (max-width: 300px) 100vw, 300px\" \/><\/a>\n\t\t\t<\/div><\/figure><figure class='gallery-item'>\n\t\t\t<div class='gallery-icon landscape'>\n\t\t\t\t<a href='https:\/\/agora.xtec.cat\/ecapallars\/lescola\/instal-lacions\/attachment\/whatsapp-image-2022-03-03-at-16-44-27-4\/'><img loading=\"lazy\" decoding=\"async\" width=\"300\" height=\"225\" src=\"https:\/\/agora.xtec.cat\/ecapallars\/wp-content\/uploads\/usu2194\/2023\/02\/WhatsApp-Image-2022-03-03-at-16.44.27-4-300x225.jpeg\" class=\"attachment-medium size-medium\" alt=\"\" srcset=\"https:\/\/agora.xtec.cat\/ecapallars\/wp-content\/uploads\/usu2194\/2023\/02\/WhatsApp-Image-2022-03-03-at-16.44.27-4-300x225.jpeg 300w, https:\/\/agora.xtec.cat\/ecapallars\/wp-content\/uploads\/usu2194\/2023\/02\/WhatsApp-Image-2022-03-03-at-16.44.27-4-1024x768.jpeg 1024w, https:\/\/agora.xtec.cat\/ecapallars\/wp-content\/uploads\/usu2194\/2023\/02\/WhatsApp-Image-2022-03-03-at-16.44.27-4-768x576.jpeg 768w, https:\/\/agora.xtec.cat\/ecapallars\/wp-content\/uploads\/usu2194\/2023\/02\/WhatsApp-Image-2022-03-03-at-16.44.27-4-200x150.jpeg 200w, https:\/\/agora.xtec.cat\/ecapallars\/wp-content\/uploads\/usu2194\/2023\/02\/WhatsApp-Image-2022-03-03-at-16.44.27-4.jpeg 1288w\" sizes=\"auto, (max-width: 300px) 100vw, 300px\" \/><\/a>\n\t\t\t<\/div><\/figure>\n\t\t<\/div>\n\n<p>&nbsp;<\/p>\n","protected":false},"excerpt":{"rendered":"<p>L&#8217;Escola Agr\u00e0ria del Pallars est\u00e0 formada per diverses instal\u00b7lacions que contribueixen a la millora de la qualitat de la formaci\u00f3 reglada i de la formaci\u00f3 cont\u00ednua.\u00a0 \u2022 Aules: Dues aules de treball on s&#8217;imparteixen les classes te\u00f2riques del curs &#8216;Eines per a la transformaci\u00f3 agroaliment\u00e0ria de muntanya&#8217; i els cursos i jornades t\u00e8cniques de formaci\u00f3 [&hellip;]<\/p>\n","protected":false},"author":1,"featured_media":0,"parent":581,"menu_order":0,"comment_status":"closed","ping_status":"closed","template":"","meta":{"_bbp_topic_count":0,"_bbp_reply_count":0,"_bbp_total_topic_count":0,"_bbp_total_reply_count":0,"_bbp_voice_count":0,"_bbp_anonymous_reply_count":0,"_bbp_topic_count_hidden":0,"_bbp_reply_count_hidden":0,"_bbp_forum_subforum_count":0,"site-sidebar-layout":"default","site-content-layout":"","ast-site-content-layout":"","site-content-style":"default","site-sidebar-style":"default","ast-global-header-display":"","ast-banner-title-visibility":"","ast-main-header-display":"","ast-hfb-above-header-display":"","ast-hfb-below-header-display":"","ast-hfb-mobile-header-display":"","site-post-title":"","ast-breadcrumbs-content":"","ast-featured-img":"","footer-sml-layout":"","theme-transparent-header-meta":"","adv-header-id-meta":"","stick-header-meta":"","header-above-stick-meta":"","header-main-stick-meta":"","header-below-stick-meta":"","astra-migrate-meta-layouts":"default","ast-page-background-enabled":"default","ast-page-background-meta":{"desktop":{"background-color":"var(--ast-global-color-4)","background-image":"","background-repeat":"repeat","background-position":"center center","background-size":"auto","background-attachment":"scroll","background-type":"","background-media":"","overlay-type":"","overlay-color":"","overlay-opacity":"","overlay-gradient":""},"tablet":{"background-color":"","background-image":"","background-repeat":"repeat","background-position":"center center","background-size":"auto","background-attachment":"scroll","background-type":"","background-media":"","overlay-type":"","overlay-color":"","overlay-opacity":"","overlay-gradient":""},"mobile":{"background-color":"","background-image":"","background-repeat":"repeat","background-position":"center center","background-size":"auto","background-attachment":"scroll","background-type":"","background-media":"","overlay-type":"","overlay-color":"","overlay-opacity":"","overlay-gradient":""}},"ast-content-background-meta":{"desktop":{"background-color":"var(--ast-global-color-5)","background-image":"","background-repeat":"repeat","background-position":"center center","background-size":"auto","background-attachment":"scroll","background-type":"","background-media":"","overlay-type":"","overlay-color":"","overlay-opacity":"","overlay-gradient":""},"tablet":{"background-color":"var(--ast-global-color-5)","background-image":"","background-repeat":"repeat","background-position":"center center","background-size":"auto","background-attachment":"scroll","background-type":"","background-media":"","overlay-type":"","overlay-color":"","overlay-opacity":"","overlay-gradient":""},"mobile":{"background-color":"var(--ast-global-color-5)","background-image":"","background-repeat":"repeat","background-position":"center center","background-size":"auto","background-attachment":"scroll","background-type":"","background-media":"","overlay-type":"","overlay-color":"","overlay-opacity":"","overlay-gradient":""}},"footnotes":""},"class_list":["post-590","page","type-page","status-publish","hentry"],"post_mailing_queue_ids":[],"_links":{"self":[{"href":"https:\/\/agora.xtec.cat\/ecapallars\/wp-json\/wp\/v2\/pages\/590","targetHints":{"allow":["GET"]}}],"collection":[{"href":"https:\/\/agora.xtec.cat\/ecapallars\/wp-json\/wp\/v2\/pages"}],"about":[{"href":"https:\/\/agora.xtec.cat\/ecapallars\/wp-json\/wp\/v2\/types\/page"}],"author":[{"embeddable":true,"href":"https:\/\/agora.xtec.cat\/ecapallars\/wp-json\/wp\/v2\/users\/1"}],"replies":[{"embeddable":true,"href":"https:\/\/agora.xtec.cat\/ecapallars\/wp-json\/wp\/v2\/comments?post=590"}],"version-history":[{"count":3,"href":"https:\/\/agora.xtec.cat\/ecapallars\/wp-json\/wp\/v2\/pages\/590\/revisions"}],"predecessor-version":[{"id":1399,"href":"https:\/\/agora.xtec.cat\/ecapallars\/wp-json\/wp\/v2\/pages\/590\/revisions\/1399"}],"up":[{"embeddable":true,"href":"https:\/\/agora.xtec.cat\/ecapallars\/wp-json\/wp\/v2\/pages\/581"}],"wp:attachment":[{"href":"https:\/\/agora.xtec.cat\/ecapallars\/wp-json\/wp\/v2\/media?parent=590"}],"curies":[{"name":"wp","href":"https:\/\/api.w.org\/{rel}","templated":true}]}}