{"id":581,"date":"2020-09-16T12:46:21","date_gmt":"2020-09-16T10:46:21","guid":{"rendered":"https:\/\/agora.xtec.cat\/ecapallars\/?page_id=581"},"modified":"2025-02-19T18:08:27","modified_gmt":"2025-02-19T17:08:27","slug":"lescola","status":"publish","type":"page","link":"https:\/\/agora.xtec.cat\/ecapallars\/lescola\/","title":{"rendered":"L&#8217;Escola"},"content":{"rendered":"<p><img loading=\"lazy\" decoding=\"async\" class=\"alignleft wp-image-501\" src=\"https:\/\/agora.xtec.cat\/ecapallars\/wp-content\/uploads\/usu2194\/2020\/09\/NDP-EA-Pallars-1024x768.jpg\" alt=\"\" width=\"500\" height=\"375\" \/><\/p>\n<h5>L&#8217;<strong>Escola Agr\u00e0ria del Pallars<\/strong>, situada a Talarn (<strong>Pallars Juss\u00e0<\/strong>), \u00e9s un centre escolar p\u00fablic del\u00a0<strong>Servei de Formaci\u00f3 Agr\u00e0ria<\/strong> del <a href=\"http:\/\/agricultura.gencat.cat\/ca\/inici\/\" target=\"_blank\" rel=\"noopener noreferrer\">Departament d\u2019Agricultura, Ramaderia, Pesca i Alimentaci\u00f3<\/a>\u00a0de la Generalitat de Catalunya que ofereix<strong>\u00a0formaci\u00f3 professional<\/strong>\u00a0especialitzada en el\u00a0<strong>sector agroalimentari de muntanya<\/strong>.<\/h5>\n<p>Vam iniciar la nostra activitat educativa a <strong>Tremp<\/strong> el 1976, oferint la Formaci\u00f3 Professional Agr\u00e0ria de primer grau. Al llarg d\u2019aquests m\u00e9s de 40 anys, hem anat adaptant la nostra oferta formativa a les necessitats dels principals actors del sector agroalimentari.<\/p>\n<p>Tant \u00e9s aix\u00ed que el curs 2020 &#8211; 2021 vam reinventar la formaci\u00f3 professional inicial adaptant-nos a les noves realitats i donant resposta a les principals necessitats del sector, gr\u00e0cies al curs d&#8217;\u2018<a href=\"https:\/\/agora.xtec.cat\/ecapallars\/cicle-formatiu\/curs-transformacio-agroalimentaria-de-muntanya\/\"><strong>Eines per a la transformaci\u00f3 agroaliment\u00e0ria de muntanya<\/strong><\/a>\u2019.<\/p>\n<p>D\u2019altra banda, posem a disposici\u00f3 dels professionals d\u2019aquest \u00e0mbit una completa oferta de <strong>formaci\u00f3 cont\u00ednua<\/strong>, amb l\u2019objectiu de proporcionar-los les eines adequades per actualitzar els seus coneixements i ajudar-los en la <strong>capacitaci\u00f3 professional<\/strong>.<\/p>\n<p>A m\u00e9s a m\u00e9s, tamb\u00e9 donem suport i formaci\u00f3 als joves que sol\u00b7liciten la <a href=\"https:\/\/agora.xtec.cat\/ecapallars\/projectes-i-collaboracions\/incorporacio-de-joves-a-lempresa-agraria\/\"><strong>incorporaci\u00f3 a l&#8217;empresa agr\u00e0ria<\/strong> i l&#8217;<strong>ajut de primera instal\u00b7laci\u00f3<\/strong><\/a> del Departament d\u2019Acci\u00f3 Clim\u00e0tica, Alimentaci\u00f3 i Agenda Rural, creant un itinerari formatiu personalitzat que els permet adquirir els coneixements essencials per dur a terme el seu <strong>projecte empresarial<\/strong>.<\/p>\n","protected":false},"excerpt":{"rendered":"<p>L&#8217;Escola Agr\u00e0ria del Pallars, situada a Talarn (Pallars Juss\u00e0), \u00e9s un centre escolar p\u00fablic del\u00a0Servei de Formaci\u00f3 Agr\u00e0ria del Departament d\u2019Agricultura, Ramaderia, Pesca i Alimentaci\u00f3\u00a0de la Generalitat de Catalunya que ofereix\u00a0formaci\u00f3 professional\u00a0especialitzada en el\u00a0sector agroalimentari de muntanya. Vam iniciar la nostra activitat educativa a Tremp el 1976, oferint la Formaci\u00f3 Professional Agr\u00e0ria de primer grau. [&hellip;]<\/p>\n","protected":false},"author":1,"featured_media":0,"parent":0,"menu_order":0,"comment_status":"closed","ping_status":"closed","template":"","meta":{"_bbp_topic_count":0,"_bbp_reply_count":0,"_bbp_total_topic_count":0,"_bbp_total_reply_count":0,"_bbp_voice_count":0,"_bbp_anonymous_reply_count":0,"_bbp_topic_count_hidden":0,"_bbp_reply_count_hidden":0,"_bbp_forum_subforum_count":0,"site-sidebar-layout":"default","site-content-layout":"","ast-site-content-layout":"","site-content-style":"default","site-sidebar-style":"default","ast-global-header-display":"","ast-banner-title-visibility":"","ast-main-header-display":"","ast-hfb-above-header-display":"","ast-hfb-below-header-display":"","ast-hfb-mobile-header-display":"","site-post-title":"","ast-breadcrumbs-content":"","ast-featured-img":"","footer-sml-layout":"","theme-transparent-header-meta":"","adv-header-id-meta":"","stick-header-meta":"","header-above-stick-meta":"","header-main-stick-meta":"","header-below-stick-meta":"","astra-migrate-meta-layouts":"default","ast-page-background-enabled":"default","ast-page-background-meta":{"desktop":{"background-color":"var(--ast-global-color-4)","background-image":"","background-repeat":"repeat","background-position":"center center","background-size":"auto","background-attachment":"scroll","background-type":"","background-media":"","overlay-type":"","overlay-color":"","overlay-opacity":"","overlay-gradient":""},"tablet":{"background-color":"","background-image":"","background-repeat":"repeat","background-position":"center center","background-size":"auto","background-attachment":"scroll","background-type":"","background-media":"","overlay-type":"","overlay-color":"","overlay-opacity":"","overlay-gradient":""},"mobile":{"background-color":"","background-image":"","background-repeat":"repeat","background-position":"center center","background-size":"auto","background-attachment":"scroll","background-type":"","background-media":"","overlay-type":"","overlay-color":"","overlay-opacity":"","overlay-gradient":""}},"ast-content-background-meta":{"desktop":{"background-color":"var(--ast-global-color-5)","background-image":"","background-repeat":"repeat","background-position":"center center","background-size":"auto","background-attachment":"scroll","background-type":"","background-media":"","overlay-type":"","overlay-color":"","overlay-opacity":"","overlay-gradient":""},"tablet":{"background-color":"var(--ast-global-color-5)","background-image":"","background-repeat":"repeat","background-position":"center center","background-size":"auto","background-attachment":"scroll","background-type":"","background-media":"","overlay-type":"","overlay-color":"","overlay-opacity":"","overlay-gradient":""},"mobile":{"background-color":"var(--ast-global-color-5)","background-image":"","background-repeat":"repeat","background-position":"center center","background-size":"auto","background-attachment":"scroll","background-type":"","background-media":"","overlay-type":"","overlay-color":"","overlay-opacity":"","overlay-gradient":""}},"footnotes":""},"class_list":["post-581","page","type-page","status-publish","hentry"],"post_mailing_queue_ids":[],"_links":{"self":[{"href":"https:\/\/agora.xtec.cat\/ecapallars\/wp-json\/wp\/v2\/pages\/581","targetHints":{"allow":["GET"]}}],"collection":[{"href":"https:\/\/agora.xtec.cat\/ecapallars\/wp-json\/wp\/v2\/pages"}],"about":[{"href":"https:\/\/agora.xtec.cat\/ecapallars\/wp-json\/wp\/v2\/types\/page"}],"author":[{"embeddable":true,"href":"https:\/\/agora.xtec.cat\/ecapallars\/wp-json\/wp\/v2\/users\/1"}],"replies":[{"embeddable":true,"href":"https:\/\/agora.xtec.cat\/ecapallars\/wp-json\/wp\/v2\/comments?post=581"}],"version-history":[{"count":5,"href":"https:\/\/agora.xtec.cat\/ecapallars\/wp-json\/wp\/v2\/pages\/581\/revisions"}],"predecessor-version":[{"id":1888,"href":"https:\/\/agora.xtec.cat\/ecapallars\/wp-json\/wp\/v2\/pages\/581\/revisions\/1888"}],"wp:attachment":[{"href":"https:\/\/agora.xtec.cat\/ecapallars\/wp-json\/wp\/v2\/media?parent=581"}],"curies":[{"name":"wp","href":"https:\/\/api.w.org\/{rel}","templated":true}]}}