{"id":57,"date":"2014-09-17T17:01:07","date_gmt":"2014-09-17T17:01:07","guid":{"rendered":"http:\/\/agora.xtec.cat\/ecapallars\/?page_id=57"},"modified":"2023-02-08T10:37:22","modified_gmt":"2023-02-08T09:37:22","slug":"projecte-educatiu","status":"publish","type":"page","link":"https:\/\/agora.xtec.cat\/ecapallars\/lescola\/projecte-educatiu\/","title":{"rendered":"Projecte Educatiu"},"content":{"rendered":"<h5>El <strong>Projecte Educatiu de Centre<\/strong> (PEC) defineix les l\u00ednies d\u2019actuaci\u00f3 per a tots els membres de la nostra <strong>comunitat educativa<\/strong> i estableix el nostre comprom\u00eds amb la <strong>societat rural<\/strong> de l&#8217;entorn.<\/h5>\n<p>&nbsp;<\/p>\n<p><img loading=\"lazy\" decoding=\"async\" class=\"aligncenter wp-image-711 size-full\" src=\"https:\/\/agora.xtec.cat\/ecapallars\/wp-content\/uploads\/usu2194\/2021\/01\/Pallars_41502.jpg\" alt=\"\" width=\"1000\" height=\"563\" srcset=\"https:\/\/agora.xtec.cat\/ecapallars\/wp-content\/uploads\/usu2194\/2021\/01\/Pallars_41502.jpg 1000w, https:\/\/agora.xtec.cat\/ecapallars\/wp-content\/uploads\/usu2194\/2021\/01\/Pallars_41502-300x169.jpg 300w, https:\/\/agora.xtec.cat\/ecapallars\/wp-content\/uploads\/usu2194\/2021\/01\/Pallars_41502-768x432.jpg 768w\" sizes=\"auto, (max-width: 1000px) 100vw, 1000px\" \/><\/p>\n<ul>\n<li style=\"list-style-type: none;\">\n<ul>\n<li style=\"list-style-type: none;\">\n<ul style=\"list-style-type: disc;\">\n<li><strong>LA NOSTRA MISSI\u00d3<\/strong><\/li>\n<\/ul>\n<\/li>\n<\/ul>\n<\/li>\n<\/ul>\n<p>Formar, orientar i acreditar els nostres <strong>alumnes<\/strong> d\u2019acord amb els objectius i les finalitats desplegats a <strong>lleis educatives<\/strong> i la identitat pr\u00f2pia del Centre, per tal que assoleixin els <strong>coneixements<\/strong>, les <strong>habilitats,<\/strong> les <strong>actituds,<\/strong> els <strong>valors<\/strong> i les <strong>capacitats<\/strong> que facilitaran el seu desenvolupament integral com a individus a la societat.<\/p>\n<ul>\n<li style=\"list-style-type: none;\">\n<ul>\n<li style=\"list-style-type: none;\">\n<ul style=\"list-style-type: disc;\">\n<li><strong>LA NOSTRA VISI\u00d3<\/strong><\/li>\n<\/ul>\n<\/li>\n<\/ul>\n<\/li>\n<\/ul>\n<p>Volem ser un centre de <strong>Formaci\u00f3 Professional<\/strong> que vetlli permanentment per la millora de la <strong>qualitat <\/strong>dels seus serveis educatius, a les persones i els seus interessos en mat\u00e8ria educativa. Volem que els nostres alumnes siguin persones <strong>responsables, competents<\/strong> i d\u2019<strong>esperit cr\u00edtic<\/strong> que contribueixin al progr\u00e9s i desenvolupament de la nostra societat, dins d\u2019uns valors de <strong>llibertat, <\/strong><strong>toler\u00e0ncia, solidaritat<\/strong> i respecte al <strong>medi ambient<\/strong>.<\/p>\n<ul style=\"list-style-type: circle;\">\n<li style=\"list-style-type: none;\">\n<ul>\n<li style=\"list-style-type: none;\">\n<ul style=\"list-style-type: disc;\">\n<li><strong>ELS NOSTRES VALORS<\/strong><\/li>\n<\/ul>\n<\/li>\n<\/ul>\n<\/li>\n<li>Som un <strong>centre escolar p\u00fablic<\/strong> del Departament d\u2019Acci\u00f3 Clim\u00e0tica, Alimentaci\u00f3 i Agenda Rural de la Generalitat de Catalunya de la Generalitat de Catalunya.<\/li>\n<li>La nostra escola es defineix com a <strong>integradora,<\/strong> <strong>no discriminat\u00f2ria<\/strong>, <strong>democr\u00e0tica, laica, catalana, progressista, respectuosa<\/strong> amb totes les creences, cultures i ideologies en el marc de la conviv\u00e8ncia democr\u00e0tica, curosa amb el medi ambient i sotmesa a l\u2019<strong>inter\u00e8s p\u00fablic<\/strong> mitjan\u00e7ant el respecte a les lleis i alhora cercant cont\u00ednuament la millora de la qualitat en els ensenyaments i els serveis que proporciona als seus alumnes.<\/li>\n<li>Utilitzem el <strong>catal\u00e0<\/strong> com a llengua vehicular i d\u2019Ensenyament-Aprenentatge.<\/li>\n<li>Tenim la responsabilitat de formar l\u2019alumnat en el marc del conjunt de valors, actituds i normes que caracteritzen una societat plural i democr\u00e0tica, i vetlla perqu\u00e8 la relaci\u00f3 entre les persones de la nostra comunitat educativa estigui orientada per la <strong>toler\u00e0ncia,<\/strong> la <strong>llibertat,<\/strong> la <strong>responsabilitat<\/strong> i el <strong>di\u00e0leg.<\/strong><\/li>\n<\/ul>\n<p>Us convidem a consultar el document complet del &#8216;<a href=\"https:\/\/agora.xtec.cat\/ecapallars\/wp-content\/uploads\/usu2194\/2023\/02\/PEC_EA_PALLARS-v4.pdf\" target=\"_blank\" rel=\"noopener\"><strong>Projecte Educatiu del Centre &#8211; Escola Agr\u00e0ria del Pallars<\/strong><\/a>&#8216;.<\/p>\n","protected":false},"excerpt":{"rendered":"<p>El Projecte Educatiu de Centre (PEC) defineix les l\u00ednies d\u2019actuaci\u00f3 per a tots els membres de la nostra comunitat educativa i estableix el nostre comprom\u00eds amb la societat rural de l&#8217;entorn. &nbsp; LA NOSTRA MISSI\u00d3 Formar, orientar i acreditar els nostres alumnes d\u2019acord amb els objectius i les finalitats desplegats a lleis educatives i la [&hellip;]<\/p>\n","protected":false},"author":1,"featured_media":0,"parent":581,"menu_order":0,"comment_status":"closed","ping_status":"closed","template":"","meta":{"_bbp_topic_count":0,"_bbp_reply_count":0,"_bbp_total_topic_count":0,"_bbp_total_reply_count":0,"_bbp_voice_count":0,"_bbp_anonymous_reply_count":0,"_bbp_topic_count_hidden":0,"_bbp_reply_count_hidden":0,"_bbp_forum_subforum_count":0,"site-sidebar-layout":"default","site-content-layout":"","ast-site-content-layout":"","site-content-style":"default","site-sidebar-style":"default","ast-global-header-display":"","ast-banner-title-visibility":"","ast-main-header-display":"","ast-hfb-above-header-display":"","ast-hfb-below-header-display":"","ast-hfb-mobile-header-display":"","site-post-title":"","ast-breadcrumbs-content":"","ast-featured-img":"","footer-sml-layout":"","theme-transparent-header-meta":"","adv-header-id-meta":"","stick-header-meta":"","header-above-stick-meta":"","header-main-stick-meta":"","header-below-stick-meta":"","astra-migrate-meta-layouts":"default","ast-page-background-enabled":"default","ast-page-background-meta":{"desktop":{"background-color":"var(--ast-global-color-4)","background-image":"","background-repeat":"repeat","background-position":"center center","background-size":"auto","background-attachment":"scroll","background-type":"","background-media":"","overlay-type":"","overlay-color":"","overlay-opacity":"","overlay-gradient":""},"tablet":{"background-color":"","background-image":"","background-repeat":"repeat","background-position":"center center","background-size":"auto","background-attachment":"scroll","background-type":"","background-media":"","overlay-type":"","overlay-color":"","overlay-opacity":"","overlay-gradient":""},"mobile":{"background-color":"","background-image":"","background-repeat":"repeat","background-position":"center center","background-size":"auto","background-attachment":"scroll","background-type":"","background-media":"","overlay-type":"","overlay-color":"","overlay-opacity":"","overlay-gradient":""}},"ast-content-background-meta":{"desktop":{"background-color":"var(--ast-global-color-5)","background-image":"","background-repeat":"repeat","background-position":"center center","background-size":"auto","background-attachment":"scroll","background-type":"","background-media":"","overlay-type":"","overlay-color":"","overlay-opacity":"","overlay-gradient":""},"tablet":{"background-color":"var(--ast-global-color-5)","background-image":"","background-repeat":"repeat","background-position":"center center","background-size":"auto","background-attachment":"scroll","background-type":"","background-media":"","overlay-type":"","overlay-color":"","overlay-opacity":"","overlay-gradient":""},"mobile":{"background-color":"var(--ast-global-color-5)","background-image":"","background-repeat":"repeat","background-position":"center center","background-size":"auto","background-attachment":"scroll","background-type":"","background-media":"","overlay-type":"","overlay-color":"","overlay-opacity":"","overlay-gradient":""}},"footnotes":""},"class_list":["post-57","page","type-page","status-publish","hentry"],"post_mailing_queue_ids":[],"_links":{"self":[{"href":"https:\/\/agora.xtec.cat\/ecapallars\/wp-json\/wp\/v2\/pages\/57","targetHints":{"allow":["GET"]}}],"collection":[{"href":"https:\/\/agora.xtec.cat\/ecapallars\/wp-json\/wp\/v2\/pages"}],"about":[{"href":"https:\/\/agora.xtec.cat\/ecapallars\/wp-json\/wp\/v2\/types\/page"}],"author":[{"embeddable":true,"href":"https:\/\/agora.xtec.cat\/ecapallars\/wp-json\/wp\/v2\/users\/1"}],"replies":[{"embeddable":true,"href":"https:\/\/agora.xtec.cat\/ecapallars\/wp-json\/wp\/v2\/comments?post=57"}],"version-history":[{"count":4,"href":"https:\/\/agora.xtec.cat\/ecapallars\/wp-json\/wp\/v2\/pages\/57\/revisions"}],"predecessor-version":[{"id":1391,"href":"https:\/\/agora.xtec.cat\/ecapallars\/wp-json\/wp\/v2\/pages\/57\/revisions\/1391"}],"up":[{"embeddable":true,"href":"https:\/\/agora.xtec.cat\/ecapallars\/wp-json\/wp\/v2\/pages\/581"}],"wp:attachment":[{"href":"https:\/\/agora.xtec.cat\/ecapallars\/wp-json\/wp\/v2\/media?parent=57"}],"curies":[{"name":"wp","href":"https:\/\/api.w.org\/{rel}","templated":true}]}}