{"id":538,"date":"2020-09-15T17:51:53","date_gmt":"2020-09-15T15:51:53","guid":{"rendered":"https:\/\/agora.xtec.cat\/ecapallars\/?page_id=538"},"modified":"2021-04-07T17:05:56","modified_gmt":"2021-04-07T15:05:56","slug":"escola-de-pastors-de-catalunya","status":"publish","type":"page","link":"https:\/\/agora.xtec.cat\/ecapallars\/projectes-i-collaboracions\/escola-de-pastors-de-catalunya\/","title":{"rendered":"Escola de Pastors de Catalunya"},"content":{"rendered":"<h5>L&#8217;<strong>Escola de Pastors de Catalunya, gestionada per l&#8217;Associaci\u00f3 Rurbans,\u00a0<\/strong>va n\u00e9ixer l&#8217;any 2009 amb la finalitat de garantir el\u00a0<strong>relleu generacional<\/strong>\u00a0de l&#8217;ofici de\u00a0<strong>pastor<\/strong>, a trav\u00e9s de la incorporaci\u00f3 de persones en aquest sector, la gesti\u00f3 sostenible de les finques i les explotacions i la dinamitzaci\u00f3 econ\u00f2mica.<\/h5>\n<h5><img loading=\"lazy\" decoding=\"async\" class=\"wp-image-821 alignright\" src=\"https:\/\/agora.xtec.cat\/ecapallars\/wp-content\/uploads\/usu2194\/2021\/04\/vicky-amb-fons-de-ramat-300x200.jpg\" alt=\"\" width=\"425\" height=\"284\" srcset=\"https:\/\/agora.xtec.cat\/ecapallars\/wp-content\/uploads\/usu2194\/2021\/04\/vicky-amb-fons-de-ramat-300x200.jpg 300w, https:\/\/agora.xtec.cat\/ecapallars\/wp-content\/uploads\/usu2194\/2021\/04\/vicky-amb-fons-de-ramat-768x512.jpg 768w, https:\/\/agora.xtec.cat\/ecapallars\/wp-content\/uploads\/usu2194\/2021\/04\/vicky-amb-fons-de-ramat-1024x683.jpg 1024w, https:\/\/agora.xtec.cat\/ecapallars\/wp-content\/uploads\/usu2194\/2021\/04\/vicky-amb-fons-de-ramat.jpg 1599w\" sizes=\"auto, (max-width: 425px) 100vw, 425px\" \/><\/h5>\n<p>&nbsp;<\/p>\n<p>Des de l&#8217;<strong>Escola Agr\u00e0ria del Pallars<\/strong>, ens encarreguem d&#8217;impartir els blocs te\u00f2rics de la formaci\u00f3 de l&#8217;<strong><a href=\"https:\/\/escoladepastorsdecatalunya.cat\/\">Escola de Pastors de Catalunya<\/a><\/strong>:<\/p>\n<ul>\n<li style=\"list-style-type: none;\">\n<ul>\n<li><strong>Primer bloc<\/strong>: Curs b\u00e0sic de l&#8217;Escola de Pastors<\/li>\n<\/ul>\n<\/li>\n<\/ul>\n<ul>\n<li style=\"list-style-type: none;\">\n<ul>\n<li><strong>Segon bloc<\/strong>: Continguts avan\u00e7ats de l&#8217;Escola de Pastors: comercialitzaci\u00f3 i gesti\u00f3 de l&#8217;empresa agr\u00e0ria<\/li>\n<\/ul>\n<\/li>\n<\/ul>\n<h4 style=\"padding-left: 40px;\"><\/h4>\n","protected":false},"excerpt":{"rendered":"<p>L&#8217;Escola de Pastors de Catalunya, gestionada per l&#8217;Associaci\u00f3 Rurbans,\u00a0va n\u00e9ixer l&#8217;any 2009 amb la finalitat de garantir el\u00a0relleu generacional\u00a0de l&#8217;ofici de\u00a0pastor, a trav\u00e9s de la incorporaci\u00f3 de persones en aquest sector, la gesti\u00f3 sostenible de les finques i les explotacions i la dinamitzaci\u00f3 econ\u00f2mica. &nbsp; Des de l&#8217;Escola Agr\u00e0ria del Pallars, ens encarreguem d&#8217;impartir els [&hellip;]<\/p>\n","protected":false},"author":1,"featured_media":0,"parent":523,"menu_order":0,"comment_status":"closed","ping_status":"closed","template":"","meta":{"_bbp_topic_count":0,"_bbp_reply_count":0,"_bbp_total_topic_count":0,"_bbp_total_reply_count":0,"_bbp_voice_count":0,"_bbp_anonymous_reply_count":0,"_bbp_topic_count_hidden":0,"_bbp_reply_count_hidden":0,"_bbp_forum_subforum_count":0,"site-sidebar-layout":"default","site-content-layout":"","ast-site-content-layout":"","site-content-style":"default","site-sidebar-style":"default","ast-global-header-display":"","ast-banner-title-visibility":"","ast-main-header-display":"","ast-hfb-above-header-display":"","ast-hfb-below-header-display":"","ast-hfb-mobile-header-display":"","site-post-title":"","ast-breadcrumbs-content":"","ast-featured-img":"","footer-sml-layout":"","theme-transparent-header-meta":"","adv-header-id-meta":"","stick-header-meta":"","header-above-stick-meta":"","header-main-stick-meta":"","header-below-stick-meta":"","astra-migrate-meta-layouts":"default","ast-page-background-enabled":"default","ast-page-background-meta":{"desktop":{"background-color":"var(--ast-global-color-4)","background-image":"","background-repeat":"repeat","background-position":"center center","background-size":"auto","background-attachment":"scroll","background-type":"","background-media":"","overlay-type":"","overlay-color":"","overlay-opacity":"","overlay-gradient":""},"tablet":{"background-color":"","background-image":"","background-repeat":"repeat","background-position":"center center","background-size":"auto","background-attachment":"scroll","background-type":"","background-media":"","overlay-type":"","overlay-color":"","overlay-opacity":"","overlay-gradient":""},"mobile":{"background-color":"","background-image":"","background-repeat":"repeat","background-position":"center center","background-size":"auto","background-attachment":"scroll","background-type":"","background-media":"","overlay-type":"","overlay-color":"","overlay-opacity":"","overlay-gradient":""}},"ast-content-background-meta":{"desktop":{"background-color":"var(--ast-global-color-5)","background-image":"","background-repeat":"repeat","background-position":"center center","background-size":"auto","background-attachment":"scroll","background-type":"","background-media":"","overlay-type":"","overlay-color":"","overlay-opacity":"","overlay-gradient":""},"tablet":{"background-color":"var(--ast-global-color-5)","background-image":"","background-repeat":"repeat","background-position":"center center","background-size":"auto","background-attachment":"scroll","background-type":"","background-media":"","overlay-type":"","overlay-color":"","overlay-opacity":"","overlay-gradient":""},"mobile":{"background-color":"var(--ast-global-color-5)","background-image":"","background-repeat":"repeat","background-position":"center center","background-size":"auto","background-attachment":"scroll","background-type":"","background-media":"","overlay-type":"","overlay-color":"","overlay-opacity":"","overlay-gradient":""}},"footnotes":""},"class_list":["post-538","page","type-page","status-publish","hentry"],"post_mailing_queue_ids":[],"_links":{"self":[{"href":"https:\/\/agora.xtec.cat\/ecapallars\/wp-json\/wp\/v2\/pages\/538","targetHints":{"allow":["GET"]}}],"collection":[{"href":"https:\/\/agora.xtec.cat\/ecapallars\/wp-json\/wp\/v2\/pages"}],"about":[{"href":"https:\/\/agora.xtec.cat\/ecapallars\/wp-json\/wp\/v2\/types\/page"}],"author":[{"embeddable":true,"href":"https:\/\/agora.xtec.cat\/ecapallars\/wp-json\/wp\/v2\/users\/1"}],"replies":[{"embeddable":true,"href":"https:\/\/agora.xtec.cat\/ecapallars\/wp-json\/wp\/v2\/comments?post=538"}],"version-history":[{"count":3,"href":"https:\/\/agora.xtec.cat\/ecapallars\/wp-json\/wp\/v2\/pages\/538\/revisions"}],"predecessor-version":[{"id":824,"href":"https:\/\/agora.xtec.cat\/ecapallars\/wp-json\/wp\/v2\/pages\/538\/revisions\/824"}],"up":[{"embeddable":true,"href":"https:\/\/agora.xtec.cat\/ecapallars\/wp-json\/wp\/v2\/pages\/523"}],"wp:attachment":[{"href":"https:\/\/agora.xtec.cat\/ecapallars\/wp-json\/wp\/v2\/media?parent=538"}],"curies":[{"name":"wp","href":"https:\/\/api.w.org\/{rel}","templated":true}]}}