{"id":522,"date":"2020-09-15T17:50:02","date_gmt":"2020-09-15T15:50:02","guid":{"rendered":"https:\/\/agora.xtec.cat\/ecapallars\/?page_id=522"},"modified":"2026-03-18T11:12:29","modified_gmt":"2026-03-18T10:12:29","slug":"jornades-patt","status":"publish","type":"page","link":"https:\/\/agora.xtec.cat\/ecapallars\/formacio-continua\/jornades-patt\/","title":{"rendered":"Jornades PATT"},"content":{"rendered":"<h5><strong>JORNADES DE TRANSFER\u00c8NCIA TECNOL\u00d2GICA 2026<\/strong><\/h5>\n<p>&nbsp;<\/p>\n<p><img loading=\"lazy\" decoding=\"async\" class=\"aligncenter size-large wp-image-2026\" src=\"https:\/\/agora.xtec.cat\/ecapallars\/wp-content\/uploads\/usu2194\/2026\/01\/BO-2026-2-724x1024.png\" alt=\"\" width=\"724\" height=\"1024\" srcset=\"https:\/\/agora.xtec.cat\/ecapallars\/wp-content\/uploads\/usu2194\/2026\/01\/BO-2026-2-724x1024.png 724w, https:\/\/agora.xtec.cat\/ecapallars\/wp-content\/uploads\/usu2194\/2026\/01\/BO-2026-2-212x300.png 212w, https:\/\/agora.xtec.cat\/ecapallars\/wp-content\/uploads\/usu2194\/2026\/01\/BO-2026-2-768x1086.png 768w, https:\/\/agora.xtec.cat\/ecapallars\/wp-content\/uploads\/usu2194\/2026\/01\/BO-2026-2-1086x1536.png 1086w, https:\/\/agora.xtec.cat\/ecapallars\/wp-content\/uploads\/usu2194\/2026\/01\/BO-2026-2.png 1414w\" sizes=\"auto, (max-width: 724px) 100vw, 724px\" \/><\/p>\n<p>&nbsp;<\/p>\n<p>Consulta les <a href=\"https:\/\/ruralcat.gencat.cat\/web\/guest\/transferencia\/preinscripcio-jornada-tecnica\" target=\"_blank\" rel=\"noopener\"><strong>jornades de transfer\u00e8ncia tecnol\u00f2gica<\/strong><\/a> previstes per aquest 2026. Si esteu interessats en alguna jornada t\u00e8cnica que ja s&#8217;ha realitzat i voleu que us tinguem en compte per a futures edicions, us podeu posar en contacte amb nosaltres i us inclourem a la llista d&#8217;espera o a la base de dades d&#8217;aquella formaci\u00f3 i en el seu moment sereu informats. Des de l&#8217;Escola Agr\u00e0ria del Pallars, estem encantats de rebre <strong>peticions de formaci\u00f3<\/strong> amb l&#8217;objectiu d&#8217;organitzar noves jornades de transfer\u00e8ncia tecnol\u00f2gica que s&#8217;adeq\u00fcin als vostres interessos i necessitats. Ens podeu fer arribar les vostres <strong>inquietuds formatives<\/strong> al correu electr\u00f2nic ea_pallars.agricultura@gencat.cat o al tel\u00e8fon 973 65 01 79.<\/p>\n<p>&nbsp;<\/p>\n","protected":false},"excerpt":{"rendered":"<p>JORNADES DE TRANSFER\u00c8NCIA TECNOL\u00d2GICA 2026 &nbsp; &nbsp; Consulta les jornades de transfer\u00e8ncia tecnol\u00f2gica previstes per aquest 2026. Si esteu interessats en alguna jornada t\u00e8cnica que ja s&#8217;ha realitzat i voleu que us tinguem en compte per a futures edicions, us podeu posar en contacte amb nosaltres i us inclourem a la llista d&#8217;espera o a [&hellip;]<\/p>\n","protected":false},"author":1,"featured_media":0,"parent":520,"menu_order":0,"comment_status":"closed","ping_status":"closed","template":"","meta":{"_bbp_topic_count":0,"_bbp_reply_count":0,"_bbp_total_topic_count":0,"_bbp_total_reply_count":0,"_bbp_voice_count":0,"_bbp_anonymous_reply_count":0,"_bbp_topic_count_hidden":0,"_bbp_reply_count_hidden":0,"_bbp_forum_subforum_count":0,"site-sidebar-layout":"default","site-content-layout":"","ast-site-content-layout":"default","site-content-style":"default","site-sidebar-style":"default","ast-global-header-display":"","ast-banner-title-visibility":"","ast-main-header-display":"","ast-hfb-above-header-display":"","ast-hfb-below-header-display":"","ast-hfb-mobile-header-display":"","site-post-title":"","ast-breadcrumbs-content":"","ast-featured-img":"","footer-sml-layout":"","theme-transparent-header-meta":"default","adv-header-id-meta":"","stick-header-meta":"","header-above-stick-meta":"","header-main-stick-meta":"","header-below-stick-meta":"","astra-migrate-meta-layouts":"set","ast-page-background-enabled":"default","ast-page-background-meta":{"desktop":{"background-color":"var(--ast-global-color-4)","background-image":"","background-repeat":"repeat","background-position":"center center","background-size":"auto","background-attachment":"scroll","background-type":"","background-media":"","overlay-type":"","overlay-color":"","overlay-opacity":"","overlay-gradient":""},"tablet":{"background-color":"","background-image":"","background-repeat":"repeat","background-position":"center center","background-size":"auto","background-attachment":"scroll","background-type":"","background-media":"","overlay-type":"","overlay-color":"","overlay-opacity":"","overlay-gradient":""},"mobile":{"background-color":"","background-image":"","background-repeat":"repeat","background-position":"center center","background-size":"auto","background-attachment":"scroll","background-type":"","background-media":"","overlay-type":"","overlay-color":"","overlay-opacity":"","overlay-gradient":""}},"ast-content-background-meta":{"desktop":{"background-color":"var(--ast-global-color-5)","background-image":"","background-repeat":"repeat","background-position":"center center","background-size":"auto","background-attachment":"scroll","background-type":"","background-media":"","overlay-type":"","overlay-color":"","overlay-opacity":"","overlay-gradient":""},"tablet":{"background-color":"var(--ast-global-color-5)","background-image":"","background-repeat":"repeat","background-position":"center center","background-size":"auto","background-attachment":"scroll","background-type":"","background-media":"","overlay-type":"","overlay-color":"","overlay-opacity":"","overlay-gradient":""},"mobile":{"background-color":"var(--ast-global-color-5)","background-image":"","background-repeat":"repeat","background-position":"center center","background-size":"auto","background-attachment":"scroll","background-type":"","background-media":"","overlay-type":"","overlay-color":"","overlay-opacity":"","overlay-gradient":""}},"footnotes":""},"class_list":["post-522","page","type-page","status-publish","hentry"],"post_mailing_queue_ids":[],"_links":{"self":[{"href":"https:\/\/agora.xtec.cat\/ecapallars\/wp-json\/wp\/v2\/pages\/522","targetHints":{"allow":["GET"]}}],"collection":[{"href":"https:\/\/agora.xtec.cat\/ecapallars\/wp-json\/wp\/v2\/pages"}],"about":[{"href":"https:\/\/agora.xtec.cat\/ecapallars\/wp-json\/wp\/v2\/types\/page"}],"author":[{"embeddable":true,"href":"https:\/\/agora.xtec.cat\/ecapallars\/wp-json\/wp\/v2\/users\/1"}],"replies":[{"embeddable":true,"href":"https:\/\/agora.xtec.cat\/ecapallars\/wp-json\/wp\/v2\/comments?post=522"}],"version-history":[{"count":7,"href":"https:\/\/agora.xtec.cat\/ecapallars\/wp-json\/wp\/v2\/pages\/522\/revisions"}],"predecessor-version":[{"id":2113,"href":"https:\/\/agora.xtec.cat\/ecapallars\/wp-json\/wp\/v2\/pages\/522\/revisions\/2113"}],"up":[{"embeddable":true,"href":"https:\/\/agora.xtec.cat\/ecapallars\/wp-json\/wp\/v2\/pages\/520"}],"wp:attachment":[{"href":"https:\/\/agora.xtec.cat\/ecapallars\/wp-json\/wp\/v2\/media?parent=522"}],"curies":[{"name":"wp","href":"https:\/\/api.w.org\/{rel}","templated":true}]}}