{"id":521,"date":"2020-09-15T17:50:02","date_gmt":"2020-09-15T15:50:02","guid":{"rendered":"https:\/\/agora.xtec.cat\/ecapallars\/?page_id=521"},"modified":"2026-03-18T11:11:51","modified_gmt":"2026-03-18T10:11:51","slug":"cursos","status":"publish","type":"page","link":"https:\/\/agora.xtec.cat\/ecapallars\/formacio-continua\/cursos\/","title":{"rendered":"Cursos"},"content":{"rendered":"<h5><strong>OFERTA DE CURSOS DE FORMACI\u00d3 CONT\u00cdNUA 2025<\/strong><\/h5>\n<p><a href=\"https:\/\/agricultura.gencat.cat\/ca\/ambits\/formacio-innovacio\/formacio-agraria\/cursos-formacio\/\" target=\"_blank\" rel=\"noopener\"><img loading=\"lazy\" decoding=\"async\" class=\"aligncenter size-large wp-image-2025\" src=\"https:\/\/agora.xtec.cat\/ecapallars\/wp-content\/uploads\/usu2194\/2026\/01\/BO-2026-724x1024.png\" alt=\"\" width=\"724\" height=\"1024\" srcset=\"https:\/\/agora.xtec.cat\/ecapallars\/wp-content\/uploads\/usu2194\/2026\/01\/BO-2026-724x1024.png 724w, https:\/\/agora.xtec.cat\/ecapallars\/wp-content\/uploads\/usu2194\/2026\/01\/BO-2026-212x300.png 212w, https:\/\/agora.xtec.cat\/ecapallars\/wp-content\/uploads\/usu2194\/2026\/01\/BO-2026-768x1086.png 768w, https:\/\/agora.xtec.cat\/ecapallars\/wp-content\/uploads\/usu2194\/2026\/01\/BO-2026-1086x1536.png 1086w, https:\/\/agora.xtec.cat\/ecapallars\/wp-content\/uploads\/usu2194\/2026\/01\/BO-2026.png 1414w\" sizes=\"auto, (max-width: 724px) 100vw, 724px\" \/><\/a><\/p>\n<p><img loading=\"lazy\" decoding=\"async\" class=\"aligncenter size-large wp-image-2028\" src=\"https:\/\/agora.xtec.cat\/ecapallars\/wp-content\/uploads\/usu2194\/2026\/01\/BO-2026-1-724x1024.png\" alt=\"\" width=\"724\" height=\"1024\" srcset=\"https:\/\/agora.xtec.cat\/ecapallars\/wp-content\/uploads\/usu2194\/2026\/01\/BO-2026-1-724x1024.png 724w, https:\/\/agora.xtec.cat\/ecapallars\/wp-content\/uploads\/usu2194\/2026\/01\/BO-2026-1-212x300.png 212w, https:\/\/agora.xtec.cat\/ecapallars\/wp-content\/uploads\/usu2194\/2026\/01\/BO-2026-1-768x1086.png 768w, https:\/\/agora.xtec.cat\/ecapallars\/wp-content\/uploads\/usu2194\/2026\/01\/BO-2026-1-1086x1536.png 1086w, https:\/\/agora.xtec.cat\/ecapallars\/wp-content\/uploads\/usu2194\/2026\/01\/BO-2026-1.png 1414w\" sizes=\"auto, (max-width: 724px) 100vw, 724px\" \/><\/p>\n<p>&nbsp;<\/p>\n<p><span style=\"font-family: inherit; font-size: 1em;\">Consulta els <\/span><a href=\"https:\/\/agricultura.gencat.cat\/ca\/ambits\/formacio-innovacio\/formacio-agraria\/cursos-formacio\/\" target=\"_blank\" rel=\"noopener\">cursos de formaci\u00f3 cont\u00ednua<\/a><span style=\"font-family: inherit; font-size: 1em;\"> previstos per aquest 2026. <\/span>Si esteu interessats en algun curs que ja s&#8217;ha realitzat i voleu que us tinguem en compte per a futures edicions, us podeu posar en contacte amb nosaltres i us inclourem a la llista d&#8217;espera o a la base de dades d&#8217;aquella formaci\u00f3 i en el seu moment sereu informats. Des de l&#8217;Escola Agr\u00e0ria del Pallars, estem encantats de rebre <strong>peticions de formaci\u00f3<\/strong> amb l&#8217;objectiu d&#8217;organitzar nous cursos que s&#8217;adeq\u00fcin als vostres interessos i necessitats. Ens podeu fer arribar les vostres <strong>inquietuds formatives<\/strong> al correu electr\u00f2nic ea_pallars.agricultura@gencat.cat\u00a0o al tel\u00e8fon 973 65 01 79.<\/p>\n","protected":false},"excerpt":{"rendered":"<p>OFERTA DE CURSOS DE FORMACI\u00d3 CONT\u00cdNUA 2025 &nbsp; Consulta els cursos de formaci\u00f3 cont\u00ednua previstos per aquest 2026. Si esteu interessats en algun curs que ja s&#8217;ha realitzat i voleu que us tinguem en compte per a futures edicions, us podeu posar en contacte amb nosaltres i us inclourem a la llista d&#8217;espera o a [&hellip;]<\/p>\n","protected":false},"author":1,"featured_media":0,"parent":520,"menu_order":0,"comment_status":"closed","ping_status":"closed","template":"","meta":{"_bbp_topic_count":0,"_bbp_reply_count":0,"_bbp_total_topic_count":0,"_bbp_total_reply_count":0,"_bbp_voice_count":0,"_bbp_anonymous_reply_count":0,"_bbp_topic_count_hidden":0,"_bbp_reply_count_hidden":0,"_bbp_forum_subforum_count":0,"site-sidebar-layout":"default","site-content-layout":"","ast-site-content-layout":"default","site-content-style":"default","site-sidebar-style":"default","ast-global-header-display":"","ast-banner-title-visibility":"","ast-main-header-display":"","ast-hfb-above-header-display":"","ast-hfb-below-header-display":"","ast-hfb-mobile-header-display":"","site-post-title":"","ast-breadcrumbs-content":"","ast-featured-img":"","footer-sml-layout":"","theme-transparent-header-meta":"default","adv-header-id-meta":"","stick-header-meta":"","header-above-stick-meta":"","header-main-stick-meta":"","header-below-stick-meta":"","astra-migrate-meta-layouts":"set","ast-page-background-enabled":"default","ast-page-background-meta":{"desktop":{"background-color":"var(--ast-global-color-4)","background-image":"","background-repeat":"repeat","background-position":"center center","background-size":"auto","background-attachment":"scroll","background-type":"","background-media":"","overlay-type":"","overlay-color":"","overlay-opacity":"","overlay-gradient":""},"tablet":{"background-color":"","background-image":"","background-repeat":"repeat","background-position":"center center","background-size":"auto","background-attachment":"scroll","background-type":"","background-media":"","overlay-type":"","overlay-color":"","overlay-opacity":"","overlay-gradient":""},"mobile":{"background-color":"","background-image":"","background-repeat":"repeat","background-position":"center center","background-size":"auto","background-attachment":"scroll","background-type":"","background-media":"","overlay-type":"","overlay-color":"","overlay-opacity":"","overlay-gradient":""}},"ast-content-background-meta":{"desktop":{"background-color":"var(--ast-global-color-5)","background-image":"","background-repeat":"repeat","background-position":"center center","background-size":"auto","background-attachment":"scroll","background-type":"","background-media":"","overlay-type":"","overlay-color":"","overlay-opacity":"","overlay-gradient":""},"tablet":{"background-color":"var(--ast-global-color-5)","background-image":"","background-repeat":"repeat","background-position":"center center","background-size":"auto","background-attachment":"scroll","background-type":"","background-media":"","overlay-type":"","overlay-color":"","overlay-opacity":"","overlay-gradient":""},"mobile":{"background-color":"var(--ast-global-color-5)","background-image":"","background-repeat":"repeat","background-position":"center center","background-size":"auto","background-attachment":"scroll","background-type":"","background-media":"","overlay-type":"","overlay-color":"","overlay-opacity":"","overlay-gradient":""}},"footnotes":""},"class_list":["post-521","page","type-page","status-publish","hentry"],"post_mailing_queue_ids":[],"_links":{"self":[{"href":"https:\/\/agora.xtec.cat\/ecapallars\/wp-json\/wp\/v2\/pages\/521","targetHints":{"allow":["GET"]}}],"collection":[{"href":"https:\/\/agora.xtec.cat\/ecapallars\/wp-json\/wp\/v2\/pages"}],"about":[{"href":"https:\/\/agora.xtec.cat\/ecapallars\/wp-json\/wp\/v2\/types\/page"}],"author":[{"embeddable":true,"href":"https:\/\/agora.xtec.cat\/ecapallars\/wp-json\/wp\/v2\/users\/1"}],"replies":[{"embeddable":true,"href":"https:\/\/agora.xtec.cat\/ecapallars\/wp-json\/wp\/v2\/comments?post=521"}],"version-history":[{"count":6,"href":"https:\/\/agora.xtec.cat\/ecapallars\/wp-json\/wp\/v2\/pages\/521\/revisions"}],"predecessor-version":[{"id":2112,"href":"https:\/\/agora.xtec.cat\/ecapallars\/wp-json\/wp\/v2\/pages\/521\/revisions\/2112"}],"up":[{"embeddable":true,"href":"https:\/\/agora.xtec.cat\/ecapallars\/wp-json\/wp\/v2\/pages\/520"}],"wp:attachment":[{"href":"https:\/\/agora.xtec.cat\/ecapallars\/wp-json\/wp\/v2\/media?parent=521"}],"curies":[{"name":"wp","href":"https:\/\/api.w.org\/{rel}","templated":true}]}}