{"id":520,"date":"2020-09-15T17:50:02","date_gmt":"2020-09-15T15:50:02","guid":{"rendered":"https:\/\/agora.xtec.cat\/ecapallars\/?page_id=520"},"modified":"2023-02-08T11:49:58","modified_gmt":"2023-02-08T10:49:58","slug":"formacio-continua","status":"publish","type":"page","link":"https:\/\/agora.xtec.cat\/ecapallars\/formacio-continua\/","title":{"rendered":"Formaci\u00f3 cont\u00ednua"},"content":{"rendered":"<h5>Una de les nostres l\u00ednies de treball principals \u00e9s la<strong> formaci\u00f3 cont\u00ednua<\/strong>, entesa com a eina professionalitzadora, d\u2019innovaci\u00f3 i de millora cont\u00ednua al llarg de la vida activa dels professionals del <strong>m\u00f3n rural<\/strong>, dins de l\u2019<strong>\u00e0mbit agropecuari<\/strong> i del <strong>sector agroalimentari<\/strong>.<\/h5>\n<p>La nostra oferta de <strong>formaci\u00f3 cont\u00ednua<\/strong> es basa en el desenvolupament de diversos <strong>cursos<\/strong> i <strong>jornades t\u00e8cniques<\/strong> (incloses dins el <a href=\"http:\/\/agricultura.gencat.cat\/ca\/ambits\/formacio-innovacio\/dar_transferencia_tecnologica\/dar_patt\/\" target=\"_blank\" rel=\"noopener noreferrer\">Pla Anual de Transfer\u00e8ncia Tecnol\u00f2gica<\/a> del Departament d\u2019Acci\u00f3 Clim\u00e0tica, Alimentaci\u00f3 i Agenda Rural) de durada variable i que s&#8217;imparteixen en diferents formats (presencials, semipresencials i en l\u00ednia).<\/p>\n<p>Si esteu interessats en algun curs o jornada t\u00e8cnica que ja s&#8217;ha realitzat i voleu que us tinguem en compte per a futures edicions, us podeu posar en contacte amb nosaltres i us inclourem a la llista d&#8217;espera o a la base de dades d&#8217;aquella formaci\u00f3 i en el seu moment sereu informats.\u00a0Des de l&#8217;Escola Agr\u00e0ria del Pallars, estem encantats de rebre <strong>peticions de formaci\u00f3<\/strong> amb l&#8217;objectiu d&#8217;organitzar nous cursos i jornades que s&#8217;adeq\u00fcin als vostres interessos i necessitats. Ens podeu fer arribar les vostres<strong> inquietuds formatives<\/strong> al correu electr\u00f2nic aecapal.daam@gencat.cat o al tel\u00e8fon 973 65 01 79.<\/p>\n<p><a href=\"https:\/\/agora.xtec.cat\/ecapallars\/formacio-continua\/cursos\/\" target=\"_blank\" rel=\"noopener\"><img loading=\"lazy\" decoding=\"async\" class=\"aligncenter wp-image-1403 size-full\" src=\"https:\/\/agora.xtec.cat\/ecapallars\/wp-content\/uploads\/usu2194\/2023\/02\/Web-Xtec-EA-Pallars-Banners-4-1.png\" alt=\"\" width=\"1000\" height=\"500\" srcset=\"https:\/\/agora.xtec.cat\/ecapallars\/wp-content\/uploads\/usu2194\/2023\/02\/Web-Xtec-EA-Pallars-Banners-4-1.png 1000w, https:\/\/agora.xtec.cat\/ecapallars\/wp-content\/uploads\/usu2194\/2023\/02\/Web-Xtec-EA-Pallars-Banners-4-1-300x150.png 300w, https:\/\/agora.xtec.cat\/ecapallars\/wp-content\/uploads\/usu2194\/2023\/02\/Web-Xtec-EA-Pallars-Banners-4-1-768x384.png 768w\" sizes=\"auto, (max-width: 1000px) 100vw, 1000px\" \/><\/a><\/p>\n<p><a href=\"https:\/\/agora.xtec.cat\/ecapallars\/formacio-continua\/jornades-patt\/\" target=\"_blank\" rel=\"noopener\"><img loading=\"lazy\" decoding=\"async\" class=\"aligncenter wp-image-1404 size-full\" src=\"https:\/\/agora.xtec.cat\/ecapallars\/wp-content\/uploads\/usu2194\/2023\/02\/Web-Xtec-EA-Pallars-Banners-4.png\" alt=\"\" width=\"1000\" height=\"500\" srcset=\"https:\/\/agora.xtec.cat\/ecapallars\/wp-content\/uploads\/usu2194\/2023\/02\/Web-Xtec-EA-Pallars-Banners-4.png 1000w, https:\/\/agora.xtec.cat\/ecapallars\/wp-content\/uploads\/usu2194\/2023\/02\/Web-Xtec-EA-Pallars-Banners-4-300x150.png 300w, https:\/\/agora.xtec.cat\/ecapallars\/wp-content\/uploads\/usu2194\/2023\/02\/Web-Xtec-EA-Pallars-Banners-4-768x384.png 768w\" sizes=\"auto, (max-width: 1000px) 100vw, 1000px\" \/><\/a><\/p>\n","protected":false},"excerpt":{"rendered":"<p>Una de les nostres l\u00ednies de treball principals \u00e9s la formaci\u00f3 cont\u00ednua, entesa com a eina professionalitzadora, d\u2019innovaci\u00f3 i de millora cont\u00ednua al llarg de la vida activa dels professionals del m\u00f3n rural, dins de l\u2019\u00e0mbit agropecuari i del sector agroalimentari. La nostra oferta de formaci\u00f3 cont\u00ednua es basa en el desenvolupament de diversos cursos [&hellip;]<\/p>\n","protected":false},"author":1,"featured_media":0,"parent":0,"menu_order":0,"comment_status":"closed","ping_status":"closed","template":"","meta":{"_bbp_topic_count":0,"_bbp_reply_count":0,"_bbp_total_topic_count":0,"_bbp_total_reply_count":0,"_bbp_voice_count":0,"_bbp_anonymous_reply_count":0,"_bbp_topic_count_hidden":0,"_bbp_reply_count_hidden":0,"_bbp_forum_subforum_count":0,"site-sidebar-layout":"default","site-content-layout":"","ast-site-content-layout":"","site-content-style":"default","site-sidebar-style":"default","ast-global-header-display":"","ast-banner-title-visibility":"","ast-main-header-display":"","ast-hfb-above-header-display":"","ast-hfb-below-header-display":"","ast-hfb-mobile-header-display":"","site-post-title":"","ast-breadcrumbs-content":"","ast-featured-img":"","footer-sml-layout":"","theme-transparent-header-meta":"","adv-header-id-meta":"","stick-header-meta":"","header-above-stick-meta":"","header-main-stick-meta":"","header-below-stick-meta":"","astra-migrate-meta-layouts":"default","ast-page-background-enabled":"default","ast-page-background-meta":{"desktop":{"background-color":"var(--ast-global-color-4)","background-image":"","background-repeat":"repeat","background-position":"center center","background-size":"auto","background-attachment":"scroll","background-type":"","background-media":"","overlay-type":"","overlay-color":"","overlay-opacity":"","overlay-gradient":""},"tablet":{"background-color":"","background-image":"","background-repeat":"repeat","background-position":"center center","background-size":"auto","background-attachment":"scroll","background-type":"","background-media":"","overlay-type":"","overlay-color":"","overlay-opacity":"","overlay-gradient":""},"mobile":{"background-color":"","background-image":"","background-repeat":"repeat","background-position":"center center","background-size":"auto","background-attachment":"scroll","background-type":"","background-media":"","overlay-type":"","overlay-color":"","overlay-opacity":"","overlay-gradient":""}},"ast-content-background-meta":{"desktop":{"background-color":"var(--ast-global-color-5)","background-image":"","background-repeat":"repeat","background-position":"center center","background-size":"auto","background-attachment":"scroll","background-type":"","background-media":"","overlay-type":"","overlay-color":"","overlay-opacity":"","overlay-gradient":""},"tablet":{"background-color":"var(--ast-global-color-5)","background-image":"","background-repeat":"repeat","background-position":"center center","background-size":"auto","background-attachment":"scroll","background-type":"","background-media":"","overlay-type":"","overlay-color":"","overlay-opacity":"","overlay-gradient":""},"mobile":{"background-color":"var(--ast-global-color-5)","background-image":"","background-repeat":"repeat","background-position":"center center","background-size":"auto","background-attachment":"scroll","background-type":"","background-media":"","overlay-type":"","overlay-color":"","overlay-opacity":"","overlay-gradient":""}},"footnotes":""},"class_list":["post-520","page","type-page","status-publish","hentry"],"post_mailing_queue_ids":[],"_links":{"self":[{"href":"https:\/\/agora.xtec.cat\/ecapallars\/wp-json\/wp\/v2\/pages\/520","targetHints":{"allow":["GET"]}}],"collection":[{"href":"https:\/\/agora.xtec.cat\/ecapallars\/wp-json\/wp\/v2\/pages"}],"about":[{"href":"https:\/\/agora.xtec.cat\/ecapallars\/wp-json\/wp\/v2\/types\/page"}],"author":[{"embeddable":true,"href":"https:\/\/agora.xtec.cat\/ecapallars\/wp-json\/wp\/v2\/users\/1"}],"replies":[{"embeddable":true,"href":"https:\/\/agora.xtec.cat\/ecapallars\/wp-json\/wp\/v2\/comments?post=520"}],"version-history":[{"count":4,"href":"https:\/\/agora.xtec.cat\/ecapallars\/wp-json\/wp\/v2\/pages\/520\/revisions"}],"predecessor-version":[{"id":1406,"href":"https:\/\/agora.xtec.cat\/ecapallars\/wp-json\/wp\/v2\/pages\/520\/revisions\/1406"}],"wp:attachment":[{"href":"https:\/\/agora.xtec.cat\/ecapallars\/wp-json\/wp\/v2\/media?parent=520"}],"curies":[{"name":"wp","href":"https:\/\/api.w.org\/{rel}","templated":true}]}}