{"id":5907,"date":"2024-03-14T17:31:32","date_gmt":"2024-03-14T16:31:32","guid":{"rendered":"https:\/\/agora.xtec.cat\/ecamanresa\/?page_id=5907"},"modified":"2024-07-10T11:05:25","modified_gmt":"2024-07-10T09:05:25","slug":"empreses-collaboradores","status":"publish","type":"page","link":"https:\/\/agora.xtec.cat\/ecamanresa\/cicles-formatius\/practiques-empresa\/empreses-collaboradores\/","title":{"rendered":"Empreses col\u00b7laboradores"},"content":{"rendered":"<p>L\u2019Escola compta amb el suport de m\u00e9s de 60 empreses de Catalunya i de l\u2019estranger perqu\u00e8 el seu alumnat hi pugui fer les pr\u00e0ctiques, ja sigui en mode dual o en format convencional.<\/p>\n<p>A totes elles els agra\u00efm la seva col\u00b7laboraci\u00f3 i dedicaci\u00f3 en la formaci\u00f3 de les noves generacions pageses. A continuaci\u00f3 podeu consultar les empreses col\u00b7laboradores que hi ha en l\u2019actualitat:<\/p>\n<h4>Catalunya<\/h4>\n<ul>\n<li><a href=\"https:\/\/progresgarbi.com\/ca\/\" target=\"_blank\" rel=\"noopener\">Agr\u00edcola El Progr\u00e9s &#8211; Garb\u00ed<\/a><\/li>\n<li><a href=\"https:\/\/altaalella.wine\/ca\/\" target=\"_blank\" rel=\"noopener\">Alta Alella 3.000<\/a><\/li>\n<li>Antoni Serrano S\u00e1nchez<\/li>\n<li><a href=\"https:\/\/www.facebook.com\/p\/Santuari-Cel-Obert-100080067912001\/\" target=\"_blank\" rel=\"noopener\">Associaci\u00f3 Santuari Cel Obert<\/a><\/li>\n<li>Can Castany<\/li>\n<li><a href=\"https:\/\/www.instagram.com\/canmimo_pastorsartesans\/\" target=\"_blank\" rel=\"noopener\">Can Mim\u00f3, pastors i productors artesans<\/a><\/li>\n<li>Carolina Obiol Pino<\/li>\n<li><a href=\"https:\/\/hipic-hotel.cat\/ca\/benvingut\/\" target=\"_blank\" rel=\"noopener\">Club H\u00edpic Sant Fruit\u00f3s<\/a><\/li>\n<li><a href=\"https:\/\/www.mestralcambrils.com\/\" target=\"_blank\" rel=\"noopener\">Cooperativa Agr\u00edcola de Cambrils<\/a><\/li>\n<li>Dom\u00e8nec Galt\u00e9s Olivella<\/li>\n<li><a href=\"https:\/\/planasforestal.cat\/es\/\" target=\"_blank\" rel=\"noopener\">Eduard Planas Duocastella \u2013 Planas Forestal<\/a><\/li>\n<li><a href=\"https:\/\/www.elcircell.cat\/\" target=\"_blank\" rel=\"noopener\">El Circell<\/a><\/li>\n<li><a href=\"https:\/\/elserradetdebarneres.blogspot.com\/\" target=\"_blank\" rel=\"noopener\">El Serradet de Barneres<\/a><\/li>\n<li><a href=\"https:\/\/www.instagram.com\/elstractets\/\" target=\"_blank\" rel=\"noopener\">Els Tractets<\/a><\/li>\n<li>Emma Alba Vi\u00f1as Sarria<\/li>\n<li><a href=\"https:\/\/www.instagram.com\/entrebosc\/\" target=\"_blank\" rel=\"noopener\">Enric Forn Codina &#8211; Entrebosc<\/a><\/li>\n<li><a href=\"https:\/\/www.cancasals.cat\/\" target=\"_blank\" rel=\"noopener\">Esteve Casals Bolta \u2013 Celler Can Casals<\/a><\/li>\n<li><a href=\"https:\/\/www.fincaparera.com\/\" target=\"_blank\" rel=\"noopener\">Finca Agr\u00edcola Parera<\/a><\/li>\n<li><a href=\"https:\/\/www.les-garrigues.com\/\" target=\"_blank\" rel=\"noopener\">Foment Agr\u00edcola de Les Garrigues<\/a><\/li>\n<li><a href=\"https:\/\/ampans.cat\/\" target=\"_blank\" rel=\"noopener\">Fundaci\u00f3 Ampans<\/a><\/li>\n<li><a href=\"https:\/\/www.fundaciocatalunya-lapedrera.com\/ca\" target=\"_blank\" rel=\"noopener\">Fundaci\u00f3 Catalunya &#8211; La Pedrera<\/a><\/li>\n<li><a href=\"https:\/\/www.fundaciolaplana.org\/\" target=\"_blank\" rel=\"noopener\">Fundaci\u00f3 Privada La Plana<\/a><\/li>\n<li><a href=\"http:\/\/ecopallareta.cat\/\" target=\"_blank\" rel=\"noopener\">Gerard Font Catal\u00e0 -Ecopallareta<\/a><\/li>\n<li><a href=\"https:\/\/www.ramaderiaecologica.cat\/\" target=\"_blank\" rel=\"noopener\">Granja La Soleia<\/a><\/li>\n<li>Granjas de Poniente<\/li>\n<li><a href=\"https:\/\/ollerdelmas.com\/\" target=\"_blank\" rel=\"noopener\">Heretat Oller del Mas<\/a><\/li>\n<li>Ingaber<\/li>\n<li><a href=\"https:\/\/www.instagram.com\/eco_puigaguilera\/\" target=\"_blank\" rel=\"noopener\">Jaume Jorba Ca\u00f1ellas \u2013 Eco Puig Aguilera<\/a><\/li>\n<li>Jesus Guirao Yelo<\/li>\n<li><a href=\"https:\/\/www.instagram.com\/calrafel\/\" target=\"_blank\" rel=\"noopener\">Josep Maria Janer Roca \u2013 Fruita i Verdura Cal Rafel<\/a><\/li>\n<li><a href=\"https:\/\/associaciolera.org\/\" target=\"_blank\" rel=\"noopener\">L\u2019Era, espai de recursos agroecol\u00f2gics<\/a><\/li>\n<li><a href=\"https:\/\/www.labotigadullastrell.cat\/\" target=\"_blank\" rel=\"noopener\">La botiga d&#8217;Ullastrell<\/a><\/li>\n<li><a href=\"https:\/\/www.la-grana.com\/\" target=\"_blank\" rel=\"noopener\">La Grana<\/a><\/li>\n<li>La Torre de Foix<\/li>\n<li><a href=\"https:\/\/granjaescolalespedreres.cat\/\" target=\"_blank\" rel=\"noopener\">Granja Escola Les Pedreres de Sant Fruit\u00f3s<\/a><\/li>\n<li><a href=\"https:\/\/www.lesrefardes.coop\/\" target=\"_blank\" rel=\"noopener\">Les Refardes<\/a><\/li>\n<li><a href=\"https:\/\/lakosturica.cat\/\" target=\"_blank\" rel=\"noopener\">Maria Giner G\u00f3mez \u2013 La Costurica<\/a><\/li>\n<li>Mateu Del Clot<\/li>\n<li>Miquel Casellas Ballar\u00edn<\/li>\n<li>Natalia Cuadrench Vila<\/li>\n<li><a href=\"https:\/\/www.hortdelpuig.cat\/\" target=\"_blank\" rel=\"noopener\">Nil Puig Llasera \u2013 L\u2019Hort del Puig<\/a><\/li>\n<li>Pere Botifoll Adell \u2013 Biomasia Ca n\u2019Oliver\u00f3<\/li>\n<li>Ramaderia Castella<\/li>\n<li>Ramaderia Sole<\/li>\n<li><a href=\"https:\/\/www.instagram.com\/lapetitagranjadeclaret\/\" target=\"_blank\" rel=\"noopener\">Raquel Servitja Dalmau &#8211; La Petita Granja de Claret<\/a><\/li>\n<li><a href=\"https:\/\/canvilumara.cat\/\" target=\"_blank\" rel=\"noopener\">Can Vilumara<\/a><\/li>\n<li>Tomas Llop Vallverd\u00fa<\/li>\n<li>Vicen\u00e7 Cartro Parera<\/li>\n<li>Xais Adoraci\u00f3<\/li>\n<\/ul>\n<h4>Dinamarca<\/h4>\n<ul>\n<li>Den Gamle Skole<\/li>\n<li>Dorte Daugaard<\/li>\n<li><a href=\"https:\/\/vandmoellen.dk\/en\/\" target=\"_blank\" rel=\"noopener\">Hellevad Vandmolle<\/a><\/li>\n<li><a href=\"http:\/\/www.hesselbjerggaard.dk\/\" target=\"_blank\" rel=\"noopener\">Hesselbjerggaard<\/a><\/li>\n<li><a href=\"https:\/\/dambaekgaard.net\/\" target=\"_blank\" rel=\"noopener\">Jan Nepper Bjerre &#8211; Dambaekgaard<\/a><\/li>\n<li><a href=\"https:\/\/www.rabarbergaarden.dk\/\" target=\"_blank\" rel=\"noopener\">Rabarbergaardn<\/a><\/li>\n<li><a href=\"https:\/\/samsoe-bryghus.dk\/\" target=\"_blank\" rel=\"noopener\">Samso Bryghus<\/a><\/li>\n<li><a href=\"https:\/\/videndjurs.dk\/en\/kaloe-organic-agricultural-college\" target=\"_blank\" rel=\"noopener\">Vidend Jurs Kalo Okologisk<\/a><\/li>\n<\/ul>\n<h4>Su\u00efssa<\/h4>\n<ul>\n<li><a href=\"https:\/\/www.agriculture-outremont.ch\/\" target=\"_blank\" rel=\"noopener\">Agriculture Outremont<\/a><\/li>\n<\/ul>\n<h4>Fran\u00e7a<\/h4>\n<ul>\n<li><a href=\"https:\/\/www.instagram.com\/andretrives\/\" target=\"_blank\" rel=\"noopener\">Andr\u00e9 Trives<\/a><\/li>\n<\/ul>\n<h4>Noruega<\/h4>\n<ul>\n<li>Bukkel\u00f8kken<\/li>\n<\/ul>\n<h4>Sud\u00e0frica<\/h4>\n<ul>\n<li><a href=\"https:\/\/nambugroup.com\/\" target=\"_blank\" rel=\"noopener\">Nambu Group<\/a><\/li>\n<\/ul>\n","protected":false},"excerpt":{"rendered":"<p>L\u2019Escola compta amb el suport de m\u00e9s de 60 empreses de Catalunya i de l\u2019estranger perqu\u00e8 el seu alumnat hi pugui fer les pr\u00e0ctiques, ja sigui en mode dual o en format convencional.<br \/>\nA totes elles els agra\u00efm la seva col\u00b7laboraci\u00f3 i dedicaci\u00f3 en la formaci\u00f3&hellip;  <a href=\"https:\/\/agora.xtec.cat\/ecamanresa\/cicles-formatius\/practiques-empresa\/empreses-collaboradores\/\" title=\"Read Empreses col\u00b7laboradores\">Llegeix m\u00e9s\u00bb<\/a><\/p>\n","protected":false},"author":3,"featured_media":0,"parent":5576,"menu_order":1,"comment_status":"closed","ping_status":"closed","template":"","meta":{"_bbp_topic_count":0,"_bbp_reply_count":0,"_bbp_total_topic_count":0,"_bbp_total_reply_count":0,"_bbp_voice_count":0,"_bbp_anonymous_reply_count":0,"_bbp_topic_count_hidden":0,"_bbp_reply_count_hidden":0,"_bbp_forum_subforum_count":0,"footnotes":""},"class_list":["post-5907","page","type-page","status-publish","hentry"],"post_mailing_queue_ids":[],"_links":{"self":[{"href":"https:\/\/agora.xtec.cat\/ecamanresa\/wp-json\/wp\/v2\/pages\/5907","targetHints":{"allow":["GET"]}}],"collection":[{"href":"https:\/\/agora.xtec.cat\/ecamanresa\/wp-json\/wp\/v2\/pages"}],"about":[{"href":"https:\/\/agora.xtec.cat\/ecamanresa\/wp-json\/wp\/v2\/types\/page"}],"author":[{"embeddable":true,"href":"https:\/\/agora.xtec.cat\/ecamanresa\/wp-json\/wp\/v2\/users\/3"}],"replies":[{"embeddable":true,"href":"https:\/\/agora.xtec.cat\/ecamanresa\/wp-json\/wp\/v2\/comments?post=5907"}],"version-history":[{"count":3,"href":"https:\/\/agora.xtec.cat\/ecamanresa\/wp-json\/wp\/v2\/pages\/5907\/revisions"}],"predecessor-version":[{"id":6024,"href":"https:\/\/agora.xtec.cat\/ecamanresa\/wp-json\/wp\/v2\/pages\/5907\/revisions\/6024"}],"up":[{"embeddable":true,"href":"https:\/\/agora.xtec.cat\/ecamanresa\/wp-json\/wp\/v2\/pages\/5576"}],"wp:attachment":[{"href":"https:\/\/agora.xtec.cat\/ecamanresa\/wp-json\/wp\/v2\/media?parent=5907"}],"curies":[{"name":"wp","href":"https:\/\/api.w.org\/{rel}","templated":true}]}}