{"id":5746,"date":"2024-02-26T11:44:42","date_gmt":"2024-02-26T10:44:42","guid":{"rendered":"https:\/\/agora.xtec.cat\/ecamanresa\/?page_id=5746"},"modified":"2026-04-09T09:49:52","modified_gmt":"2026-04-09T07:49:52","slug":"cicles-formatius","status":"publish","type":"page","link":"https:\/\/agora.xtec.cat\/ecamanresa\/cicles-formatius\/","title":{"rendered":"Cicles Formatius"},"content":{"rendered":"<p class=\"m_5839632014941692909MsoListParagraph\" style=\"text-align: left;\">A l\u2019Escola Agr\u00e0ria de Manresa pots cursar dos cicles formatius: el de grau mitj\u00e0 en Producci\u00f3 Agroecol\u00f2gica i el de grau superior en Paisatgisme i Medi Rural. Perfil professional d\u2019Agroecologia i Acci\u00f3 Clim\u00e0tica.<u><\/u><u><\/u><\/p>\n<p class=\"m_5839632014941692909MsoListParagraph\" style=\"text-align: left;\">L\u2019escola, que va ser promotora del cicle formatiu de grau mitj\u00e0 en Producci\u00f3 Agr\u00e0ria Ecol\u00f2gica, ara \u00e9s la primera escola de l\u2019Estat que ofereix un cicle formatiu de grau superior en Paisatgisme i Medi Rural perfil professional Agroecologia i Acci\u00f3 Clim\u00e0tica, pensat especialment per futurs gestors\/es d\u2019empreses i explotacions agr\u00e0ries que seran conscients de l\u2019emerg\u00e8ncia clim\u00e0tica sense renunciar a la viabilitat de les seves unitats productives. A m\u00e9s, aquest nou cicle pret\u00e9n preparar persones que equilibrin i gestionin el territori a trav\u00e9s del relleu generacional que tantes finques esperen rebre.<u><\/u><u><\/u><\/p>\n<p class=\"m_5839632014941692909MsoListParagraph\" style=\"text-align: left;\">Els dos cicles s\u2019imparteix en la modalitat dual, pel que la preparaci\u00f3 t\u00e8cnica i vocacional que es realitza a l\u2019escola es completa amb una llarga estada en empreses i explotacions del sector agroecol\u00f2gic, a trav\u00e9s de beques de formaci\u00f3 o contractes d\u2019aprenentatge, que garanteixen una formaci\u00f3 integral i molt adaptada a les necessitats del sector i dels alumnes.<u><\/u><u><\/u><\/p>\n<p class=\"m_5839632014941692909MsoListParagraph\" style=\"text-align: left;\">Mitjan\u00e7ant els projectes de mobilitat internacional finan\u00e7ats amb fons Erasmus+, l\u2019alumnat t\u00e9 la possibilitat de fer estades de formaci\u00f3 en centres de treball internacionals, principalment en finques de Dinamarca.<\/p>\n<p>Si tens inter\u00e8s, pots venir a les jornades de portes obertes de 2026.<\/p>\n<p><strong>CFGM en Producci\u00f3 Agroecol\u00f2gica<\/strong><br \/>\nDimarts, 28 d&#8217;abril de 2026,\u00a0 a les 6 pm.<br \/>\nA la finca de can Poc Oli<br \/>\nInscripcions en aquest formulari:\u00a0 <a href=\"https:\/\/forms.gle\/euw5oTEga2eYLzc97\" target=\"_blank\" rel=\"noopener\" data-saferedirecturl=\"https:\/\/www.google.com\/url?q=https:\/\/forms.gle\/euw5oTEga2eYLzc97&amp;source=gmail&amp;ust=1772784709553000&amp;usg=AOvVaw0o0tkipEbVSNhGNZsK_YZt\" data-cke-saved-href=\"https:\/\/forms.gle\/euw5oTEga2eYLzc97\">https:\/\/forms.gle\/<wbr \/>euw5oTEga2eYLzc97<\/a><\/p>\n<p><strong>CFGS Paisatgisme i Medi Rural<\/strong><br \/>\nPerfil agroecologia i acci\u00f3 clim\u00e0tica<br \/>\nDimarts, 5 de maig de 2026, a les 6 pm.<br \/>\nA la finca de can Poc Oli<br \/>\nInscripcions en aquest formulari:\u00a0 <a href=\"https:\/\/forms.gle\/zbKrzNLruv49gmYh9\" target=\"_blank\" rel=\"noopener\" data-saferedirecturl=\"https:\/\/www.google.com\/url?q=https:\/\/forms.gle\/zbKrzNLruv49gmYh9&amp;source=gmail&amp;ust=1772784709553000&amp;usg=AOvVaw1kafGPi3iBPbhcvP3Lp9qy\" data-cke-saved-href=\"https:\/\/forms.gle\/zbKrzNLruv49gmYh9\">https:\/\/forms.gle\/<wbr \/>zbKrzNLruv49gmYh9<\/a><\/p>\n<p><strong>INFORMACI\u00d3 PER A LA PREINSCRIPCI\u00d3 2026<\/strong><\/p>\n<p>Consulta el que necessites per a preinscriure&#8217;t a la p\u00e0gina del <a href=\"https:\/\/agora.xtec.cat\/ecamanresa\/cicles-formatius\/cfgm-dual-produccio-agroecologica\/\" target=\"_blank\" rel=\"noopener\">cicle formatiu de grau mitj\u00e0<\/a> o b\u00e9 a la p\u00e0gina del <a href=\"https:\/\/agora.xtec.cat\/ecamanresa\/cicles-formatius\/cfgs-dual-paisatgisme-medi-rural\/\" target=\"_blank\" rel=\"noopener\">cicle formatiu de grau superior<\/a><\/p>\n<p>&nbsp;<\/p>\n<p style=\"text-align: left;\"><a href=\"https:\/\/agora.xtec.cat\/ecamanresa\/wp-content\/uploads\/usu866\/2024\/02\/ciclesformatius01-scaled.jpg\"><img loading=\"lazy\" decoding=\"async\" class=\"alignnone wp-image-5750\" src=\"https:\/\/agora.xtec.cat\/ecamanresa\/wp-content\/uploads\/usu866\/2024\/02\/ciclesformatius01-scaled.jpg\" alt=\"\" width=\"497\" height=\"331\" srcset=\"https:\/\/agora.xtec.cat\/ecamanresa\/wp-content\/uploads\/usu866\/2024\/02\/ciclesformatius01-scaled.jpg 2560w, https:\/\/agora.xtec.cat\/ecamanresa\/wp-content\/uploads\/usu866\/2024\/02\/ciclesformatius01-300x200.jpg 300w, https:\/\/agora.xtec.cat\/ecamanresa\/wp-content\/uploads\/usu866\/2024\/02\/ciclesformatius01-1024x683.jpg 1024w, https:\/\/agora.xtec.cat\/ecamanresa\/wp-content\/uploads\/usu866\/2024\/02\/ciclesformatius01-768x512.jpg 768w, https:\/\/agora.xtec.cat\/ecamanresa\/wp-content\/uploads\/usu866\/2024\/02\/ciclesformatius01-1536x1024.jpg 1536w, https:\/\/agora.xtec.cat\/ecamanresa\/wp-content\/uploads\/usu866\/2024\/02\/ciclesformatius01-2048x1365.jpg 2048w\" sizes=\"auto, (max-width: 497px) 100vw, 497px\" \/><\/a><\/p>\n<p style=\"text-align: left;\"><a href=\"https:\/\/agora.xtec.cat\/ecamanresa\/wp-content\/uploads\/usu866\/2024\/02\/ciclesformatius02.jpg\"><img loading=\"lazy\" decoding=\"async\" class=\"alignnone wp-image-5749\" src=\"https:\/\/agora.xtec.cat\/ecamanresa\/wp-content\/uploads\/usu866\/2024\/02\/ciclesformatius02.jpg\" alt=\"\" width=\"499\" height=\"333\" srcset=\"https:\/\/agora.xtec.cat\/ecamanresa\/wp-content\/uploads\/usu866\/2024\/02\/ciclesformatius02.jpg 1711w, https:\/\/agora.xtec.cat\/ecamanresa\/wp-content\/uploads\/usu866\/2024\/02\/ciclesformatius02-300x200.jpg 300w, https:\/\/agora.xtec.cat\/ecamanresa\/wp-content\/uploads\/usu866\/2024\/02\/ciclesformatius02-1024x683.jpg 1024w, https:\/\/agora.xtec.cat\/ecamanresa\/wp-content\/uploads\/usu866\/2024\/02\/ciclesformatius02-768x512.jpg 768w, https:\/\/agora.xtec.cat\/ecamanresa\/wp-content\/uploads\/usu866\/2024\/02\/ciclesformatius02-1536x1024.jpg 1536w\" sizes=\"auto, (max-width: 499px) 100vw, 499px\" \/><\/a><\/p>\n","protected":false},"excerpt":{"rendered":"<p>A l\u2019Escola Agr\u00e0ria de Manresa pots cursar dos cicles formatius: el de grau mitj\u00e0 en Producci\u00f3 Agroecol\u00f2gica i el de grau superior en Paisatgisme i Medi Rural. Perfil professional d\u2019Agroecologia i Acci\u00f3 Clim\u00e0tica.<br \/>\nL\u2019escola, que va ser promotora del cicle formatiu de grau mitj\u00e0 en Producci\u00f3&hellip;  <a href=\"https:\/\/agora.xtec.cat\/ecamanresa\/cicles-formatius\/\" title=\"Read Cicles Formatius\">Llegeix m\u00e9s\u00bb<\/a><\/p>\n","protected":false},"author":3,"featured_media":0,"parent":0,"menu_order":0,"comment_status":"closed","ping_status":"closed","template":"page-templates\/side-menu.php","meta":{"_bbp_topic_count":0,"_bbp_reply_count":0,"_bbp_total_topic_count":0,"_bbp_total_reply_count":0,"_bbp_voice_count":0,"_bbp_anonymous_reply_count":0,"_bbp_topic_count_hidden":0,"_bbp_reply_count_hidden":0,"_bbp_forum_subforum_count":0,"footnotes":""},"class_list":["post-5746","page","type-page","status-publish","hentry"],"post_mailing_queue_ids":[],"_links":{"self":[{"href":"https:\/\/agora.xtec.cat\/ecamanresa\/wp-json\/wp\/v2\/pages\/5746","targetHints":{"allow":["GET"]}}],"collection":[{"href":"https:\/\/agora.xtec.cat\/ecamanresa\/wp-json\/wp\/v2\/pages"}],"about":[{"href":"https:\/\/agora.xtec.cat\/ecamanresa\/wp-json\/wp\/v2\/types\/page"}],"author":[{"embeddable":true,"href":"https:\/\/agora.xtec.cat\/ecamanresa\/wp-json\/wp\/v2\/users\/3"}],"replies":[{"embeddable":true,"href":"https:\/\/agora.xtec.cat\/ecamanresa\/wp-json\/wp\/v2\/comments?post=5746"}],"version-history":[{"count":6,"href":"https:\/\/agora.xtec.cat\/ecamanresa\/wp-json\/wp\/v2\/pages\/5746\/revisions"}],"predecessor-version":[{"id":7190,"href":"https:\/\/agora.xtec.cat\/ecamanresa\/wp-json\/wp\/v2\/pages\/5746\/revisions\/7190"}],"wp:attachment":[{"href":"https:\/\/agora.xtec.cat\/ecamanresa\/wp-json\/wp\/v2\/media?parent=5746"}],"curies":[{"name":"wp","href":"https:\/\/api.w.org\/{rel}","templated":true}]}}