{"id":5731,"date":"2024-02-25T19:38:37","date_gmt":"2024-02-25T18:38:37","guid":{"rendered":"https:\/\/agora.xtec.cat\/ecamanresa\/?page_id=5731"},"modified":"2026-03-12T13:52:06","modified_gmt":"2026-03-12T12:52:06","slug":"aliances","status":"publish","type":"page","link":"https:\/\/agora.xtec.cat\/ecamanresa\/qui-som\/aliances\/","title":{"rendered":"Aliances"},"content":{"rendered":"<p style=\"text-align: left;\">L\u2019Escola Agr\u00e0ria de Manresa mant\u00e9 aliances amb entitats afins, amb les quals col\u00b7labora per potenciar l\u2019impacte de la seva acci\u00f3 per aconseguir els objectius estrat\u00e8gics: promoci\u00f3 de l\u2019agroecologia, relleu generacional, recuperaci\u00f3 de varietats locals, promoci\u00f3 del comer\u00e7 de proximitat i resili\u00e8ncia clim\u00e0tica.<\/p>\n<table style=\"width: 100%; border-collapse: collapse; border-style: hidden; background-color: #ffffff; border-color: #ffffff;\" border=\"0\">\n<tbody>\n<tr>\n<td style=\"width: 20.6186%;\"><a href=\"https:\/\/agora.xtec.cat\/ecamanresa\/wp-content\/uploads\/usu866\/2024\/03\/Logo_ERA-1.png\"><img loading=\"lazy\" decoding=\"async\" class=\"alignnone size-full wp-image-5968\" src=\"https:\/\/agora.xtec.cat\/ecamanresa\/wp-content\/uploads\/usu866\/2024\/03\/Logo_ERA-1.png\" alt=\"\" width=\"800\" height=\"199\" srcset=\"https:\/\/agora.xtec.cat\/ecamanresa\/wp-content\/uploads\/usu866\/2024\/03\/Logo_ERA-1.png 800w, https:\/\/agora.xtec.cat\/ecamanresa\/wp-content\/uploads\/usu866\/2024\/03\/Logo_ERA-1-300x75.png 300w, https:\/\/agora.xtec.cat\/ecamanresa\/wp-content\/uploads\/usu866\/2024\/03\/Logo_ERA-1-768x191.png 768w\" sizes=\"auto, (max-width: 800px) 100vw, 800px\" \/><\/a><\/td>\n<td style=\"width: 79.3814%;\">\n<p style=\"text-align: left;\"><a href=\"https:\/\/associaciolera.org\/\" target=\"_blank\" rel=\"noopener\"><strong>Associaci\u00f3 l\u2019Era<\/strong><\/a><\/p>\n<p style=\"text-align: left;\">L\u2019Era, Espai de Recursos Agroecol\u00f2gics, \u00e9s una associaci\u00f3 que t\u00e9 com a principals objectius el foment de la producci\u00f3 agr\u00e0ria ecol\u00f2gica i l\u2019agroecologia. L\u2019entitat va n\u00e9ixer entorn de l\u2019Escola Agr\u00e0ria de Manresa i es complementen en les seves activitats.<\/p>\n<\/td>\n<\/tr>\n<tr>\n<td style=\"width: 20.6186%;\"><a href=\"https:\/\/agora.xtec.cat\/ecamanresa\/wp-content\/uploads\/usu866\/2024\/03\/BETA-petit.jpg\"><img loading=\"lazy\" decoding=\"async\" class=\"alignnone size-full wp-image-5967\" src=\"https:\/\/agora.xtec.cat\/ecamanresa\/wp-content\/uploads\/usu866\/2024\/03\/BETA-petit.jpg\" alt=\"\" width=\"300\" height=\"81\" \/><\/a><\/td>\n<td style=\"width: 79.3814%;\">\n<p style=\"text-align: left;\"><a href=\"https:\/\/betatechcenter.com\/ca\/\" target=\"_blank\" rel=\"noopener\"><strong>Centre tecnol\u00f2gic BETA<\/strong><\/a><\/p>\n<p style=\"text-align: left;\">El Centre Tecnol\u00f2gic en Biodiversitat, Ecologia i Tecnologia Ambiental i Aliment\u00e0ria (BETA) t\u00e9 per objectiu donar impuls a l\u2019activitat investigadora en el camp de les tecnologies ambientals a la Universitat de Vic-Universitat Central de Catalunya (UVic-UCC).<\/p>\n<\/td>\n<\/tr>\n<tr>\n<td style=\"width: 20.6186%;\"><a href=\"https:\/\/agora.xtec.cat\/ecamanresa\/wp-content\/uploads\/usu866\/2024\/03\/Logo-Boscat.png\"><img loading=\"lazy\" decoding=\"async\" class=\"alignnone wp-image-5969 size-full\" src=\"https:\/\/agora.xtec.cat\/ecamanresa\/wp-content\/uploads\/usu866\/2024\/03\/Logo-Boscat-e1710953734504.png\" alt=\"\" width=\"594\" height=\"229\" srcset=\"https:\/\/agora.xtec.cat\/ecamanresa\/wp-content\/uploads\/usu866\/2024\/03\/Logo-Boscat-e1710953734504.png 594w, https:\/\/agora.xtec.cat\/ecamanresa\/wp-content\/uploads\/usu866\/2024\/03\/Logo-Boscat-e1710953734504-300x116.png 300w\" sizes=\"auto, (max-width: 594px) 100vw, 594px\" \/><\/a><\/td>\n<td style=\"width: 79.3814%;\">\n<p style=\"text-align: left;\"><a href=\"https:\/\/boscat.cat\/\" target=\"_blank\" rel=\"noopener\"><strong>BOSCAT Federaci\u00f3 Catalana d&#8217;Associacions de Propietaris\/es Forestals<\/strong><\/a><\/p>\n<p style=\"text-align: left;\">Organitzaci\u00f3 sense \u00e0nim de lucre que agrupa totes les associacions forestals al territori amb l&#8217;objectiu d&#8217;aprofitar oportunitats per fer gesti\u00f3 forestal conjunta.<\/p>\n<\/td>\n<\/tr>\n<tr>\n<td style=\"width: 20.6186%;\"><a href=\"https:\/\/agora.xtec.cat\/ecamanresa\/wp-content\/uploads\/usu866\/2024\/03\/kaloe-logo.png\"><img loading=\"lazy\" decoding=\"async\" class=\"wp-image-5970 aligncenter\" src=\"https:\/\/agora.xtec.cat\/ecamanresa\/wp-content\/uploads\/usu866\/2024\/03\/kaloe-logo.png\" alt=\"\" width=\"139\" height=\"60\" srcset=\"https:\/\/agora.xtec.cat\/ecamanresa\/wp-content\/uploads\/usu866\/2024\/03\/kaloe-logo.png 2892w, https:\/\/agora.xtec.cat\/ecamanresa\/wp-content\/uploads\/usu866\/2024\/03\/kaloe-logo-300x130.png 300w, https:\/\/agora.xtec.cat\/ecamanresa\/wp-content\/uploads\/usu866\/2024\/03\/kaloe-logo-1024x443.png 1024w, https:\/\/agora.xtec.cat\/ecamanresa\/wp-content\/uploads\/usu866\/2024\/03\/kaloe-logo-768x332.png 768w, https:\/\/agora.xtec.cat\/ecamanresa\/wp-content\/uploads\/usu866\/2024\/03\/kaloe-logo-1536x665.png 1536w, https:\/\/agora.xtec.cat\/ecamanresa\/wp-content\/uploads\/usu866\/2024\/03\/kaloe-logo-2048x887.png 2048w\" sizes=\"auto, (max-width: 139px) 100vw, 139px\" \/><\/a><\/td>\n<td style=\"width: 79.3814%;\">\n<p style=\"text-align: left;\"><a href=\"https:\/\/videndjurs.dk\/kaloe-oekologisk-landbrugsskole\" target=\"_blank\" rel=\"noopener\"><strong>Escola d\u2019agricultura org\u00e0nica de Kalo<\/strong><\/a><\/p>\n<p style=\"text-align: left;\">Escola d\u2019agricultura ecol\u00f2gica ubicada a Dinamarca, amb la qual des de fa anys mantenim una intensa relaci\u00f3 per potenciar la formaci\u00f3 internacional tant de l\u2019alumnat com del professorat. Les dues escoles tenen subscrit un conveni de col\u00b7laboraci\u00f3 per potenciar la mobilitat entre els seus membres.<\/p>\n<\/td>\n<\/tr>\n<tr>\n<td style=\"width: 20.6186%;\"><a href=\"https:\/\/agora.xtec.cat\/ecamanresa\/wp-content\/uploads\/usu866\/2024\/03\/logo-traccio-animal-1.jpg\"><img loading=\"lazy\" decoding=\"async\" class=\"wp-image-5971 aligncenter\" src=\"https:\/\/agora.xtec.cat\/ecamanresa\/wp-content\/uploads\/usu866\/2024\/03\/logo-traccio-animal-1.jpg\" alt=\"\" width=\"121\" height=\"110\" srcset=\"https:\/\/agora.xtec.cat\/ecamanresa\/wp-content\/uploads\/usu866\/2024\/03\/logo-traccio-animal-1.jpg 357w, https:\/\/agora.xtec.cat\/ecamanresa\/wp-content\/uploads\/usu866\/2024\/03\/logo-traccio-animal-1-300x274.jpg 300w\" sizes=\"auto, (max-width: 121px) 100vw, 121px\" \/><\/a><\/td>\n<td style=\"width: 79.3814%;\">\n<p style=\"text-align: left;\"><a href=\"http:\/\/acta.cat\/\" target=\"_blank\" rel=\"noopener\"><strong>Associaci\u00f3 catalana de tracci\u00f3 animal<\/strong>\u00a0<\/a><\/p>\n<p style=\"text-align: left;\">L\u2019Associaci\u00f3 Catalana de Tracci\u00f3 Animal, \u00e9s una associaci\u00f3 sense \u00e0nim de lucre que t\u00e9 per objectiu impulsar la idea d\u2019una utilitzaci\u00f3 moderna de la tracci\u00f3 animal com a possibilitat i alternativa v\u00e0lida des del punt de vista agron\u00f2mic, econ\u00f2mic, social, cultural i energ\u00e8tic. L\u2019Escola dona suport a l\u2019Escola de Tracci\u00f3 Animal Moderna que impulsa l\u2019associaci\u00f3.<\/p>\n<\/td>\n<\/tr>\n<\/tbody>\n<\/table>\n<p style=\"text-align: left;\">\n","protected":false},"excerpt":{"rendered":"<p>L\u2019Escola Agr\u00e0ria de Manresa mant\u00e9 aliances amb entitats afins, amb les quals col\u00b7labora per potenciar l\u2019impacte de la seva acci\u00f3 per aconseguir els objectius estrat\u00e8gics: promoci\u00f3 de l\u2019agroecologia, relleu generacional, recuperaci\u00f3 de varietats locals, promoci\u00f3 del comer\u00e7 de proximitat i resili\u00e8ncia clim\u00e0tica.<\/p>\n<p><a href=\"https:\/\/agora.xtec.cat\/ecamanresa\/wp-content\/uploads\/usu866\/2024\/03\/Logo_ERA-1.png\"><\/a><\/p>\n<p><a href=\"https:\/\/associaciolera.org\/\" target=\"_blank\"&hellip;  <a href=\"https:\/\/agora.xtec.cat\/ecamanresa\/qui-som\/aliances\/\" title=\"Read Aliances\">Llegeix m\u00e9s\u00bb<\/a><\/p>\n","protected":false},"author":3,"featured_media":0,"parent":5708,"menu_order":0,"comment_status":"closed","ping_status":"closed","template":"page-templates\/side-menu.php","meta":{"_bbp_topic_count":0,"_bbp_reply_count":0,"_bbp_total_topic_count":0,"_bbp_total_reply_count":0,"_bbp_voice_count":0,"_bbp_anonymous_reply_count":0,"_bbp_topic_count_hidden":0,"_bbp_reply_count_hidden":0,"_bbp_forum_subforum_count":0,"footnotes":""},"class_list":["post-5731","page","type-page","status-publish","hentry"],"post_mailing_queue_ids":[],"_links":{"self":[{"href":"https:\/\/agora.xtec.cat\/ecamanresa\/wp-json\/wp\/v2\/pages\/5731","targetHints":{"allow":["GET"]}}],"collection":[{"href":"https:\/\/agora.xtec.cat\/ecamanresa\/wp-json\/wp\/v2\/pages"}],"about":[{"href":"https:\/\/agora.xtec.cat\/ecamanresa\/wp-json\/wp\/v2\/types\/page"}],"author":[{"embeddable":true,"href":"https:\/\/agora.xtec.cat\/ecamanresa\/wp-json\/wp\/v2\/users\/3"}],"replies":[{"embeddable":true,"href":"https:\/\/agora.xtec.cat\/ecamanresa\/wp-json\/wp\/v2\/comments?post=5731"}],"version-history":[{"count":6,"href":"https:\/\/agora.xtec.cat\/ecamanresa\/wp-json\/wp\/v2\/pages\/5731\/revisions"}],"predecessor-version":[{"id":6029,"href":"https:\/\/agora.xtec.cat\/ecamanresa\/wp-json\/wp\/v2\/pages\/5731\/revisions\/6029"}],"up":[{"embeddable":true,"href":"https:\/\/agora.xtec.cat\/ecamanresa\/wp-json\/wp\/v2\/pages\/5708"}],"wp:attachment":[{"href":"https:\/\/agora.xtec.cat\/ecamanresa\/wp-json\/wp\/v2\/media?parent=5731"}],"curies":[{"name":"wp","href":"https:\/\/api.w.org\/{rel}","templated":true}]}}