{"id":5728,"date":"2024-02-25T19:38:18","date_gmt":"2024-02-25T18:38:18","guid":{"rendered":"https:\/\/agora.xtec.cat\/ecamanresa\/?page_id=5728"},"modified":"2026-03-12T13:51:54","modified_gmt":"2026-03-12T12:51:54","slug":"experiencies-de-camp","status":"publish","type":"page","link":"https:\/\/agora.xtec.cat\/ecamanresa\/qui-som\/experiencies-de-camp\/","title":{"rendered":"Experi\u00e8ncies de camp"},"content":{"rendered":"<p style=\"text-align: left;\">Dins el marc del Pla Anual de Transfer\u00e8ncia Tecnol\u00f2gica del Departament d\u2019Acci\u00f3 Clim\u00e0tica,\u00a0 Alimentaci\u00f3 i Agenda Rural, l\u2019Escola planteja i executa assajos de camp a la finca de can Poc Oli per aprofundir en aspectes que es consideren clau per a\u00a0 la producci\u00f3 agr\u00e0ria ecol\u00f2gica i l\u2019acci\u00f3 clim\u00e0tica.<\/p>\n<p style=\"text-align: left;\"><strong>EXPERI\u00c8NCIA 2024:\u00a0<\/strong><strong>Valoraci\u00f3 de l\u2019aplicaci\u00f3 de te de compost en una rotaci\u00f3 de cultius extensius de sec\u00e0 i en la vinya (continuaci\u00f3 de l\u2019experi\u00e8ncia)<\/strong><\/p>\n<p style=\"text-align: left;\"><strong>Desenvolupament:<\/strong><\/p>\n<p style=\"text-align: left;\">Es treballa amb una rotaci\u00f3 d\u2019extensius feta per l\u2019alumnat de segon curs a les feixes de davant la caseta de fang i sobre la vinya. Hi ha una rotaci\u00f3 a quatre anys amb un cereal d\u2019hivern, una lleguminosa de gra, un farratge anual i una cruc\u00edfera. Actualment, en aquesta rotaci\u00f3 es deixa la palla dels diversos cultius i no s\u2019hi acostuma a tirar compost. La idea \u00e9s continuar fent la mateixa feina, fent els tractaments amb te de compost a la meitat de cada parcel\u00b7la amb tractor i m\u00e0quina d\u2019ensulfatar, i anar valorant com varia l\u2019activitat microbiana a trav\u00e9s d\u2019anal\u00edtiques de laboratori i tests casolans com el test de la pala, cromatografies i seguiment de les plantes bioindicadores.<\/p>\n<p style=\"text-align: left;\"><strong>Responsables:<\/strong><\/p>\n<ul>\n<li style=\"text-align: left;\">Jaume Brustenga<\/li>\n<li style=\"text-align: left;\">Neus Vinyals<\/li>\n<\/ul>\n<p>&nbsp;<\/p>\n<p><strong>EXPERI\u00c8NCIA 2024-25: Aplicaci\u00f3 de te de compost oxigenat<\/strong><br \/>\nEls objectius de la campanya 2024-25 estan alineats amb els dels anys anteriors, en especial en consolidar els resultats obtinguts a la campanya 2023-24 a trav\u00e9s de l\u2019aplicaci\u00f3 de te de compost oxigenat (TCO) i aconseguir establir una metodologia de preparaci\u00f3 i d\u2019aplicaci\u00f3 que sigui f\u00e0cil i escalable en l&#8217;\u00e0mbit pag\u00e8s professional.<br \/>\nS\u2019espera que el TCO sigui una eina per millorar la salut del s\u00f2l i les plantes, incrementar la producci\u00f3 agr\u00edcola i promoure pr\u00e0ctiques agr\u00edcoles sostenibles, aix\u00ed com ser un recurs d\u2019adaptaci\u00f3 i mitigaci\u00f3 al canvi clim\u00e0tic.<\/p>\n<p><span style=\"text-decoration: underline;\">Resultats:<\/span><\/p>\n<ul>\n<li>Per segon any consecutiu, l\u2019aplicaci\u00f3 de te de compost oxigenat (TCO) mostra una millora clara en el rendiment i en indicadors f\u00edsics i biol\u00f2gics del s\u00f2l respecte del control.<\/li>\n<li>En ve\u00e7a+civada, la collita de biomassa va ser un 38% superior a la franja tractada (T) que al control (ST) malgrat l\u2019efecte advers del trepig durant l\u2019aplicaci\u00f3 amb m\u00e0nega; l\u2019any anterior, en s\u00e8gol, ja s\u2019havia observat un +43% en gra i +37% en biomassa.<\/li>\n<li>Aquestes tend\u00e8ncies, juntament amb una profunditat de penetraci\u00f3 del penetr\u00f2metre un 62% m\u00e9s alta a T, apunten a una reducci\u00f3 de la compactaci\u00f3 i a una activitat biol\u00f2gica m\u00e9s funcional del s\u00f2l.<\/li>\n<\/ul>\n<p><a href=\"https:\/\/agora.xtec.cat\/ecamanresa\/wp-content\/uploads\/usu866\/2025\/09\/baixa-informe-te-compoost-CPO-campanya-2024-25_v4_tot.pdf\" target=\"_blank\" rel=\"noopener\"><strong>Informe avaluaci\u00f3 del s\u00f2l de l&#8217;assaig &#8220;Aplicaci\u00f3 de te de compost oxigenat&#8221;<\/strong><\/a><\/p>\n<p>&nbsp;<\/p>\n<p>&nbsp;<\/p>\n<p><a href=\"https:\/\/agora.xtec.cat\/ecamanresa\/wp-content\/uploads\/usu866\/2024\/03\/Assajos-de-camp_2_BAIXA.jpg\"><img loading=\"lazy\" decoding=\"async\" class=\"alignnone wp-image-5826\" src=\"https:\/\/agora.xtec.cat\/ecamanresa\/wp-content\/uploads\/usu866\/2024\/03\/Assajos-de-camp_2_BAIXA.jpg\" alt=\"\" width=\"435\" height=\"653\" srcset=\"https:\/\/agora.xtec.cat\/ecamanresa\/wp-content\/uploads\/usu866\/2024\/03\/Assajos-de-camp_2_BAIXA.jpg 1200w, https:\/\/agora.xtec.cat\/ecamanresa\/wp-content\/uploads\/usu866\/2024\/03\/Assajos-de-camp_2_BAIXA-200x300.jpg 200w, https:\/\/agora.xtec.cat\/ecamanresa\/wp-content\/uploads\/usu866\/2024\/03\/Assajos-de-camp_2_BAIXA-683x1024.jpg 683w, https:\/\/agora.xtec.cat\/ecamanresa\/wp-content\/uploads\/usu866\/2024\/03\/Assajos-de-camp_2_BAIXA-768x1152.jpg 768w, https:\/\/agora.xtec.cat\/ecamanresa\/wp-content\/uploads\/usu866\/2024\/03\/Assajos-de-camp_2_BAIXA-1024x1536.jpg 1024w\" sizes=\"auto, (max-width: 435px) 100vw, 435px\" \/><\/a> <a href=\"https:\/\/agora.xtec.cat\/ecamanresa\/wp-content\/uploads\/usu866\/2024\/03\/Assajos-de-camp-1_BAIXA.jpg\"><img loading=\"lazy\" decoding=\"async\" class=\"alignnone wp-image-5827\" src=\"https:\/\/agora.xtec.cat\/ecamanresa\/wp-content\/uploads\/usu866\/2024\/03\/Assajos-de-camp-1_BAIXA.jpg\" alt=\"\" width=\"435\" height=\"652\" srcset=\"https:\/\/agora.xtec.cat\/ecamanresa\/wp-content\/uploads\/usu866\/2024\/03\/Assajos-de-camp-1_BAIXA.jpg 1200w, https:\/\/agora.xtec.cat\/ecamanresa\/wp-content\/uploads\/usu866\/2024\/03\/Assajos-de-camp-1_BAIXA-200x300.jpg 200w, https:\/\/agora.xtec.cat\/ecamanresa\/wp-content\/uploads\/usu866\/2024\/03\/Assajos-de-camp-1_BAIXA-683x1024.jpg 683w, https:\/\/agora.xtec.cat\/ecamanresa\/wp-content\/uploads\/usu866\/2024\/03\/Assajos-de-camp-1_BAIXA-768x1151.jpg 768w, https:\/\/agora.xtec.cat\/ecamanresa\/wp-content\/uploads\/usu866\/2024\/03\/Assajos-de-camp-1_BAIXA-1025x1536.jpg 1025w\" sizes=\"auto, (max-width: 435px) 100vw, 435px\" \/><\/a><\/p>\n","protected":false},"excerpt":{"rendered":"<p>Dins el marc del Pla Anual de Transfer\u00e8ncia Tecnol\u00f2gica del Departament d\u2019Acci\u00f3 Clim\u00e0tica,\u00a0 Alimentaci\u00f3 i Agenda Rural, l\u2019Escola planteja i executa assajos de camp a la finca de can Poc Oli per aprofundir en aspectes que es consideren clau per a\u00a0 la producci\u00f3 agr\u00e0ria ecol\u00f2gica&hellip;  <a href=\"https:\/\/agora.xtec.cat\/ecamanresa\/qui-som\/experiencies-de-camp\/\" title=\"Read Experi\u00e8ncies de camp\">Llegeix m\u00e9s\u00bb<\/a><\/p>\n","protected":false},"author":3,"featured_media":0,"parent":5708,"menu_order":0,"comment_status":"closed","ping_status":"closed","template":"page-templates\/side-menu.php","meta":{"_bbp_topic_count":0,"_bbp_reply_count":0,"_bbp_total_topic_count":0,"_bbp_total_reply_count":0,"_bbp_voice_count":0,"_bbp_anonymous_reply_count":0,"_bbp_topic_count_hidden":0,"_bbp_reply_count_hidden":0,"_bbp_forum_subforum_count":0,"footnotes":""},"class_list":["post-5728","page","type-page","status-publish","hentry"],"post_mailing_queue_ids":[],"_links":{"self":[{"href":"https:\/\/agora.xtec.cat\/ecamanresa\/wp-json\/wp\/v2\/pages\/5728","targetHints":{"allow":["GET"]}}],"collection":[{"href":"https:\/\/agora.xtec.cat\/ecamanresa\/wp-json\/wp\/v2\/pages"}],"about":[{"href":"https:\/\/agora.xtec.cat\/ecamanresa\/wp-json\/wp\/v2\/types\/page"}],"author":[{"embeddable":true,"href":"https:\/\/agora.xtec.cat\/ecamanresa\/wp-json\/wp\/v2\/users\/3"}],"replies":[{"embeddable":true,"href":"https:\/\/agora.xtec.cat\/ecamanresa\/wp-json\/wp\/v2\/comments?post=5728"}],"version-history":[{"count":6,"href":"https:\/\/agora.xtec.cat\/ecamanresa\/wp-json\/wp\/v2\/pages\/5728\/revisions"}],"predecessor-version":[{"id":6880,"href":"https:\/\/agora.xtec.cat\/ecamanresa\/wp-json\/wp\/v2\/pages\/5728\/revisions\/6880"}],"up":[{"embeddable":true,"href":"https:\/\/agora.xtec.cat\/ecamanresa\/wp-json\/wp\/v2\/pages\/5708"}],"wp:attachment":[{"href":"https:\/\/agora.xtec.cat\/ecamanresa\/wp-json\/wp\/v2\/media?parent=5728"}],"curies":[{"name":"wp","href":"https:\/\/api.w.org\/{rel}","templated":true}]}}