{"id":5722,"date":"2024-02-25T19:37:46","date_gmt":"2024-02-25T18:37:46","guid":{"rendered":"https:\/\/agora.xtec.cat\/ecamanresa\/?page_id=5722"},"modified":"2026-03-12T13:51:09","modified_gmt":"2026-03-12T12:51:09","slug":"espais","status":"publish","type":"page","link":"https:\/\/agora.xtec.cat\/ecamanresa\/qui-som\/espais\/","title":{"rendered":"Espais"},"content":{"rendered":"<p style=\"text-align: left;\">L\u2019Escola est\u00e0 dividida en dos espais separats per nou quil\u00f2metres de dist\u00e0ncia: la finca de can Poc Oli i l\u2019edifici de la Fundaci\u00f3 Universit\u00e0ria del Bages. Les dues unitats disposen d\u2019una xarxa wifi moderna i avan\u00e7ada, cosa que permet a l\u2019alumat utilitzar els terminals personals per accedir a les tecnologies de la informaci\u00f3 i la comunicaci\u00f3 i usar les eines inform\u00e0tiques com a part integral de la seva formaci\u00f3.<\/p>\n<h2 style=\"text-align: left;\"><strong>Finca de Can Poc Oli<\/strong><\/h2>\n<p><a href=\"https:\/\/agora.xtec.cat\/ecamanresa\/wp-content\/uploads\/usu866\/2024\/03\/CPO-1.jpg\"><img loading=\"lazy\" decoding=\"async\" class=\"alignnone wp-image-5816 size-full\" src=\"https:\/\/agora.xtec.cat\/ecamanresa\/wp-content\/uploads\/usu866\/2024\/03\/CPO-1.jpg\" alt=\"\" width=\"1024\" height=\"474\" srcset=\"https:\/\/agora.xtec.cat\/ecamanresa\/wp-content\/uploads\/usu866\/2024\/03\/CPO-1.jpg 1024w, https:\/\/agora.xtec.cat\/ecamanresa\/wp-content\/uploads\/usu866\/2024\/03\/CPO-1-300x139.jpg 300w, https:\/\/agora.xtec.cat\/ecamanresa\/wp-content\/uploads\/usu866\/2024\/03\/CPO-1-768x356.jpg 768w\" sizes=\"auto, (max-width: 1024px) 100vw, 1024px\" \/><\/a><\/p>\n<p style=\"text-align: left;\">Amb una superf\u00edcie de 5,5 hect\u00e0rees, la finca \u00e9s la unitat on es practiquen els conceptes que s\u2019imparteixen en els cicles i cursos de formaci\u00f3. Disposa de les instal\u00b7lacions i dels equipaments que optimitzen l\u2019\u00fas de recursos productius, com sistema de reg d\u2019alta efici\u00e8ncia, estaci\u00f3 meteorol\u00f2gica automatitzada connectada al sistema de reg, hivernacle automatitzat i edificis i infraestructures constru\u00efdes amb t\u00e8cniques bioclim\u00e0tiques i de bioconstrucci\u00f3. Aconsegueix un alt nivell d\u2019autosufici\u00e8ncia produint electricitat d\u2019origen fotovoltaic. Utilitza la biomassa per a calefacci\u00f3 i recull les aig\u00fces pluvials per reutilitzar-les en el sistema de reg.<\/p>\n<p style=\"text-align: left;\">Carretera vella Manresa-Barcelona (Per Renfe) km 23,6, 08241 Manresa<\/p>\n<p style=\"text-align: justify;\">Tel (34)\u00a0 93 872 71 93<\/p>\n<table style=\"height: 42px; width: 25.7028%; border-collapse: collapse; background-color: #9ebd9b; border-style: solid; border-color: #000000;\">\n<tbody>\n<tr style=\"height: 42px;\">\n<td style=\"width: 255.188px; height: 42px; text-align: center; vertical-align: middle;\"><a href=\"https:\/\/maps.app.goo.gl\/9nF6G1YtMrkonTDP7\" target=\"_blank\" rel=\"noopener\"><span style=\"color: #ffffff;\"><b>Com arribar-hi<\/b><\/span><\/a><\/td>\n<\/tr>\n<\/tbody>\n<\/table>\n<h3><\/h3>\n<h2><strong>Edifici FUB<\/strong><\/h2>\n<p><a href=\"https:\/\/agora.xtec.cat\/ecamanresa\/wp-content\/uploads\/usu866\/2024\/02\/FUB-1.jpg\"><img loading=\"lazy\" decoding=\"async\" class=\"alignnone size-full wp-image-5812\" src=\"https:\/\/agora.xtec.cat\/ecamanresa\/wp-content\/uploads\/usu866\/2024\/02\/FUB-1.jpg\" alt=\"\" width=\"1024\" height=\"473\" srcset=\"https:\/\/agora.xtec.cat\/ecamanresa\/wp-content\/uploads\/usu866\/2024\/02\/FUB-1.jpg 1024w, https:\/\/agora.xtec.cat\/ecamanresa\/wp-content\/uploads\/usu866\/2024\/02\/FUB-1-300x139.jpg 300w, https:\/\/agora.xtec.cat\/ecamanresa\/wp-content\/uploads\/usu866\/2024\/02\/FUB-1-768x355.jpg 768w\" sizes=\"auto, (max-width: 1024px) 100vw, 1024px\" \/><\/a><\/p>\n<p style=\"text-align: left;\">L\u2019altra unitat de l\u2019Escola est\u00e0 ubicada a la planta baixa de la Fundaci\u00f3 Universit\u00e0ria del Bages. Aqu\u00ed hi ha el departament administratiu, algunes aules, un laboratori i despatxos per al professorat, entre altres.<\/p>\n<p>Av. Universit\u00e0ria 4-6, 08242 Manresa<\/p>\n<p>Tel (34) 93 874 90 60<\/p>\n<table style=\"height: 42px; width: 25.7028%; border-collapse: collapse; background-color: #9ebd9b; border-style: solid; border-color: #000000;\">\n<tbody>\n<tr style=\"height: 42px;\">\n<td style=\"width: 255.188px; height: 42px; text-align: center; vertical-align: middle;\"><a href=\"https:\/\/maps.app.goo.gl\/ATjv8Psc1QqidRGV6\" target=\"_blank\" rel=\"noopener\"><span style=\"color: #ffffff;\"><b>Com arribar-hi<\/b><\/span><\/a><\/td>\n<\/tr>\n<\/tbody>\n<\/table>\n<h3><\/h3>\n<p>&nbsp;<\/p>\n","protected":false},"excerpt":{"rendered":"<p>L\u2019Escola est\u00e0 dividida en dos espais separats per nou quil\u00f2metres de dist\u00e0ncia: la finca de can Poc Oli i l\u2019edifici de la Fundaci\u00f3 Universit\u00e0ria del Bages. Les dues unitats disposen d\u2019una xarxa wifi moderna i avan\u00e7ada, cosa que permet a l\u2019alumat utilitzar els terminals personals&hellip;  <a href=\"https:\/\/agora.xtec.cat\/ecamanresa\/qui-som\/espais\/\" title=\"Read Espais\">Llegeix m\u00e9s\u00bb<\/a><\/p>\n","protected":false},"author":3,"featured_media":0,"parent":5708,"menu_order":0,"comment_status":"closed","ping_status":"closed","template":"page-templates\/side-menu.php","meta":{"_bbp_topic_count":0,"_bbp_reply_count":0,"_bbp_total_topic_count":0,"_bbp_total_reply_count":0,"_bbp_voice_count":0,"_bbp_anonymous_reply_count":0,"_bbp_topic_count_hidden":0,"_bbp_reply_count_hidden":0,"_bbp_forum_subforum_count":0,"footnotes":""},"class_list":["post-5722","page","type-page","status-publish","hentry"],"post_mailing_queue_ids":[],"_links":{"self":[{"href":"https:\/\/agora.xtec.cat\/ecamanresa\/wp-json\/wp\/v2\/pages\/5722","targetHints":{"allow":["GET"]}}],"collection":[{"href":"https:\/\/agora.xtec.cat\/ecamanresa\/wp-json\/wp\/v2\/pages"}],"about":[{"href":"https:\/\/agora.xtec.cat\/ecamanresa\/wp-json\/wp\/v2\/types\/page"}],"author":[{"embeddable":true,"href":"https:\/\/agora.xtec.cat\/ecamanresa\/wp-json\/wp\/v2\/users\/3"}],"replies":[{"embeddable":true,"href":"https:\/\/agora.xtec.cat\/ecamanresa\/wp-json\/wp\/v2\/comments?post=5722"}],"version-history":[{"count":6,"href":"https:\/\/agora.xtec.cat\/ecamanresa\/wp-json\/wp\/v2\/pages\/5722\/revisions"}],"predecessor-version":[{"id":6028,"href":"https:\/\/agora.xtec.cat\/ecamanresa\/wp-json\/wp\/v2\/pages\/5722\/revisions\/6028"}],"up":[{"embeddable":true,"href":"https:\/\/agora.xtec.cat\/ecamanresa\/wp-json\/wp\/v2\/pages\/5708"}],"wp:attachment":[{"href":"https:\/\/agora.xtec.cat\/ecamanresa\/wp-json\/wp\/v2\/media?parent=5722"}],"curies":[{"name":"wp","href":"https:\/\/api.w.org\/{rel}","templated":true}]}}