{"id":5708,"date":"2024-02-25T19:35:53","date_gmt":"2024-02-25T18:35:53","guid":{"rendered":"https:\/\/agora.xtec.cat\/ecamanresa\/?page_id=5708"},"modified":"2026-03-12T19:49:04","modified_gmt":"2026-03-12T18:49:04","slug":"qui-som","status":"publish","type":"page","link":"https:\/\/agora.xtec.cat\/ecamanresa\/qui-som\/","title":{"rendered":"Qui som"},"content":{"rendered":"<p style=\"text-align: left;\">L\u2019Escola Agr\u00e0ria de Manresa (EAM) \u00e9s un centre p\u00fablic del Departament d&#8217;Agricultura, Ramaderia, Pesca i Alimentaci\u00f3 (DARPA) de la Generalitat de Catalunya, on l&#8217;equip docent treballa amb la vocaci\u00f3 de formar agricultors\/es i ramaders\/es que orientin el seu objectiu professional en aconseguir aliments sans, amb baix consum energ\u00e8tic i m\u00ednim impacte ambiental, vivint de la terra o activitats derivades des d&#8217;una perspectiva agroecol\u00f2gica i sostenible.<\/p>\n<p style=\"text-align: left;\">L&#8217;EAM ofereix dos Cicles de Formaci\u00f3 Professional: <strong>Grau Mitj\u00e0 en Producci\u00f3 Agr\u00e0ria Ecol\u00f2gica<\/strong> i<strong> Grau Superior en Paisatgisme i Medi Rural perfil professional Agroecologia i Acci\u00f3 Clim\u00e0tica.<\/strong> Ambd\u00f3s cicles s\u2019imparteixen en la <strong>modalitat dual,<\/strong> permeten a l&#8217;alumnat realitzar <strong>formaci\u00f3 en forma d&#8217;estades pr\u00e0ctiques en empreses,<\/strong> situaci\u00f3 que els hi garanteix una formaci\u00f3 integral molt adaptada a les necessitats del sector i del propi alumnat.<\/p>\n<p style=\"text-align: left;\">La participaci\u00f3 en projectes europeus, finan\u00e7ats a trav\u00e9s del fons Erasmus+, evidencia la vocaci\u00f3 internacional del centre. Gr\u00e0cies a ells, l\u2019Escola es posiciona en la recerca de noves tend\u00e8ncies alternatives, com l\u2019agricultura regenerativa. Aix\u00ed mateix, i mitjan\u00e7ant projectes de mobilitat internacional, ofereix a l\u2019alumnat beques de formaci\u00f3 en centres de treball internacionals de diferents pa\u00efsos.<\/p>\n<p style=\"text-align: left;\">Anualment, l\u2019Escola organitza una \u00e0mplia oferta de cursos i jornades amb l\u2019objectiu d\u2019ajudar a la formaci\u00f3 del sector professional agroecol\u00f2gic.<\/p>\n<p style=\"text-align: left;\">A m\u00e9s, tutora joves que es volen iniciar en l\u2019activitat agropecu\u00e0ria i sol\u00b7liciten ajudes a la incorporaci\u00f3, dissenyant itineraris formatius personalitzats que garanteixin la viabilitat del projecte i faciliten el relleu generacional tan necessari per al nostre pa\u00eds. S\u2019utilitza la metodologia de mentoria entre professionals per complementar la formaci\u00f3 de les persones que s\u2019incorporen.<\/p>\n<p><iframe loading=\"lazy\" src=\"\/\/www.youtube.com\/embed\/Mih7QtTCKhk\" width=\"560\" height=\"314\" allowfullscreen=\"allowfullscreen\"><\/iframe><\/p>\n","protected":false},"excerpt":{"rendered":"<p>L\u2019Escola Agr\u00e0ria de Manresa (EAM) \u00e9s un centre p\u00fablic del Departament d&#8217;Agricultura, Ramaderia, Pesca i Alimentaci\u00f3 (DARPA) de la Generalitat de Catalunya, on l&#8217;equip docent treballa amb la vocaci\u00f3 de formar agricultors\/es i ramaders\/es que orientin el seu objectiu professional en aconseguir aliments sans, amb&hellip;  <a href=\"https:\/\/agora.xtec.cat\/ecamanresa\/qui-som\/\" title=\"Read Qui som\">Llegeix m\u00e9s\u00bb<\/a><\/p>\n","protected":false},"author":3,"featured_media":0,"parent":0,"menu_order":0,"comment_status":"closed","ping_status":"closed","template":"page-templates\/side-menu.php","meta":{"_bbp_topic_count":0,"_bbp_reply_count":0,"_bbp_total_topic_count":0,"_bbp_total_reply_count":0,"_bbp_voice_count":0,"_bbp_anonymous_reply_count":0,"_bbp_topic_count_hidden":0,"_bbp_reply_count_hidden":0,"_bbp_forum_subforum_count":0,"footnotes":""},"class_list":["post-5708","page","type-page","status-publish","hentry"],"post_mailing_queue_ids":[],"_links":{"self":[{"href":"https:\/\/agora.xtec.cat\/ecamanresa\/wp-json\/wp\/v2\/pages\/5708","targetHints":{"allow":["GET"]}}],"collection":[{"href":"https:\/\/agora.xtec.cat\/ecamanresa\/wp-json\/wp\/v2\/pages"}],"about":[{"href":"https:\/\/agora.xtec.cat\/ecamanresa\/wp-json\/wp\/v2\/types\/page"}],"author":[{"embeddable":true,"href":"https:\/\/agora.xtec.cat\/ecamanresa\/wp-json\/wp\/v2\/users\/3"}],"replies":[{"embeddable":true,"href":"https:\/\/agora.xtec.cat\/ecamanresa\/wp-json\/wp\/v2\/comments?post=5708"}],"version-history":[{"count":6,"href":"https:\/\/agora.xtec.cat\/ecamanresa\/wp-json\/wp\/v2\/pages\/5708\/revisions"}],"predecessor-version":[{"id":7140,"href":"https:\/\/agora.xtec.cat\/ecamanresa\/wp-json\/wp\/v2\/pages\/5708\/revisions\/7140"}],"wp:attachment":[{"href":"https:\/\/agora.xtec.cat\/ecamanresa\/wp-json\/wp\/v2\/media?parent=5708"}],"curies":[{"name":"wp","href":"https:\/\/api.w.org\/{rel}","templated":true}]}}