{"id":5691,"date":"2024-02-25T19:14:44","date_gmt":"2024-02-25T18:14:44","guid":{"rendered":"https:\/\/agora.xtec.cat\/ecamanresa\/?page_id=5691"},"modified":"2026-03-12T13:55:08","modified_gmt":"2026-03-12T12:55:08","slug":"apersue-2012-2014","status":"publish","type":"page","link":"https:\/\/agora.xtec.cat\/ecamanresa\/projectes-europeus\/apersue-2012-2014\/","title":{"rendered":"APERSUE 2012-2014"},"content":{"rendered":"<p><a href=\"https:\/\/agora.xtec.cat\/ecamanresa\/wp-content\/uploads\/usu866\/2024\/02\/apersue_logo.jpg\"><img loading=\"lazy\" decoding=\"async\" class=\"alignnone wp-image-5674\" src=\"https:\/\/agora.xtec.cat\/ecamanresa\/wp-content\/uploads\/usu866\/2024\/02\/apersue_logo.jpg\" alt=\"\" width=\"357\" height=\"87\" srcset=\"https:\/\/agora.xtec.cat\/ecamanresa\/wp-content\/uploads\/usu866\/2024\/02\/apersue_logo.jpg 493w, https:\/\/agora.xtec.cat\/ecamanresa\/wp-content\/uploads\/usu866\/2024\/02\/apersue_logo-300x73.jpg 300w\" sizes=\"auto, (max-width: 357px) 100vw, 357px\" \/><\/a><\/p>\n<p>L\u2019objectiu del projecte era formar assessors i pagesos per realitzar auditories energ\u00e8tiques a les explotacions i determinar les necessitats de formaci\u00f3 lligades a la producci\u00f3 i efici\u00e8ncia energ\u00e8tica en la producci\u00f3 prim\u00e0ria, tant de vegetals com animals.<\/p>\n<p>El p\u00fablic objectiu van ser 290 t\u00e8cnics de\u00a0 cooperatives, Agrupacions de Defensa Vegetal, Agrupacions de Defensa Sanit\u00e0ria, enginyeries d&#8217;arreu de Catalunya i especialment de Lleida.<\/p>\n<p><a href=\"https:\/\/agora.xtec.cat\/ecamanresa\/wp-content\/uploads\/usu866\/2024\/02\/apersue-scaled.jpg\"><img loading=\"lazy\" decoding=\"async\" class=\" wp-image-5673\" src=\"https:\/\/agora.xtec.cat\/ecamanresa\/wp-content\/uploads\/usu866\/2024\/02\/apersue-scaled.jpg\" alt=\"\" width=\"585\" height=\"390\" srcset=\"https:\/\/agora.xtec.cat\/ecamanresa\/wp-content\/uploads\/usu866\/2024\/02\/apersue-scaled.jpg 2560w, https:\/\/agora.xtec.cat\/ecamanresa\/wp-content\/uploads\/usu866\/2024\/02\/apersue-300x200.jpg 300w, https:\/\/agora.xtec.cat\/ecamanresa\/wp-content\/uploads\/usu866\/2024\/02\/apersue-1024x683.jpg 1024w, https:\/\/agora.xtec.cat\/ecamanresa\/wp-content\/uploads\/usu866\/2024\/02\/apersue-768x512.jpg 768w, https:\/\/agora.xtec.cat\/ecamanresa\/wp-content\/uploads\/usu866\/2024\/02\/apersue-1536x1024.jpg 1536w, https:\/\/agora.xtec.cat\/ecamanresa\/wp-content\/uploads\/usu866\/2024\/02\/apersue-2048x1365.jpg 2048w\" sizes=\"auto, (max-width: 585px) 100vw, 585px\" \/><\/a><\/p>\n","protected":false},"excerpt":{"rendered":"<p><a href=\"https:\/\/agora.xtec.cat\/ecamanresa\/wp-content\/uploads\/usu866\/2024\/02\/apersue_logo.jpg\"><\/a><br \/>\nL\u2019objectiu del projecte era formar assessors i pagesos per realitzar auditories energ\u00e8tiques a les explotacions i determinar les necessitats de formaci\u00f3 lligades a la producci\u00f3 i efici\u00e8ncia energ\u00e8tica en la producci\u00f3 prim\u00e0ria, tant de vegetals com animals.<br \/>\nEl p\u00fablic objectiu van ser 290 t\u00e8cnics de\u00a0&hellip;  <a href=\"https:\/\/agora.xtec.cat\/ecamanresa\/projectes-europeus\/apersue-2012-2014\/\" title=\"Read APERSUE 2012-2014\">Llegeix m\u00e9s\u00bb<\/a><\/p>\n","protected":false},"author":3,"featured_media":0,"parent":5661,"menu_order":0,"comment_status":"closed","ping_status":"closed","template":"page-templates\/side-menu.php","meta":{"_bbp_topic_count":0,"_bbp_reply_count":0,"_bbp_total_topic_count":0,"_bbp_total_reply_count":0,"_bbp_voice_count":0,"_bbp_anonymous_reply_count":0,"_bbp_topic_count_hidden":0,"_bbp_reply_count_hidden":0,"_bbp_forum_subforum_count":0,"footnotes":""},"class_list":["post-5691","page","type-page","status-publish","hentry"],"post_mailing_queue_ids":[],"_links":{"self":[{"href":"https:\/\/agora.xtec.cat\/ecamanresa\/wp-json\/wp\/v2\/pages\/5691","targetHints":{"allow":["GET"]}}],"collection":[{"href":"https:\/\/agora.xtec.cat\/ecamanresa\/wp-json\/wp\/v2\/pages"}],"about":[{"href":"https:\/\/agora.xtec.cat\/ecamanresa\/wp-json\/wp\/v2\/types\/page"}],"author":[{"embeddable":true,"href":"https:\/\/agora.xtec.cat\/ecamanresa\/wp-json\/wp\/v2\/users\/3"}],"replies":[{"embeddable":true,"href":"https:\/\/agora.xtec.cat\/ecamanresa\/wp-json\/wp\/v2\/comments?post=5691"}],"version-history":[{"count":2,"href":"https:\/\/agora.xtec.cat\/ecamanresa\/wp-json\/wp\/v2\/pages\/5691\/revisions"}],"predecessor-version":[{"id":5694,"href":"https:\/\/agora.xtec.cat\/ecamanresa\/wp-json\/wp\/v2\/pages\/5691\/revisions\/5694"}],"up":[{"embeddable":true,"href":"https:\/\/agora.xtec.cat\/ecamanresa\/wp-json\/wp\/v2\/pages\/5661"}],"wp:attachment":[{"href":"https:\/\/agora.xtec.cat\/ecamanresa\/wp-json\/wp\/v2\/media?parent=5691"}],"curies":[{"name":"wp","href":"https:\/\/api.w.org\/{rel}","templated":true}]}}