{"id":5683,"date":"2024-02-25T19:11:17","date_gmt":"2024-02-25T18:11:17","guid":{"rendered":"https:\/\/agora.xtec.cat\/ecamanresa\/?page_id=5683"},"modified":"2026-03-12T13:54:42","modified_gmt":"2026-03-12T12:54:42","slug":"organic-2018-2023","status":"publish","type":"page","link":"https:\/\/agora.xtec.cat\/ecamanresa\/projectes-europeus\/organic-2018-2023\/","title":{"rendered":"ORGANIC+  2018-2023"},"content":{"rendered":"<p><a href=\"https:\/\/agora.xtec.cat\/ecamanresa\/wp-content\/uploads\/usu866\/2024\/02\/organic_plus_logo.png\"><img loading=\"lazy\" decoding=\"async\" class=\"alignnone wp-image-5670\" src=\"https:\/\/agora.xtec.cat\/ecamanresa\/wp-content\/uploads\/usu866\/2024\/02\/organic_plus_logo.png\" alt=\"\" width=\"241\" height=\"122\" srcset=\"https:\/\/agora.xtec.cat\/ecamanresa\/wp-content\/uploads\/usu866\/2024\/02\/organic_plus_logo.png 336w, https:\/\/agora.xtec.cat\/ecamanresa\/wp-content\/uploads\/usu866\/2024\/02\/organic_plus_logo-300x152.png 300w\" sizes=\"auto, (max-width: 241px) 100vw, 241px\" \/><\/a><\/p>\n<p>L\u2019objectiu del projecte va ser millorar la producci\u00f3 agr\u00e0ria ecol\u00f2gica provant alternatives a alguns inputs controvertits, com ara l\u2019\u00fas de coure i olis minerals en tractaments dels cultius, l\u2019\u00fas de pl\u00e0stic com a encoixinats que protegeixen els cultius de la compet\u00e8ncia de les herbes advent\u00edcies, els antibi\u00f2tics i les vitamines sint\u00e8tiques en producci\u00f3 ramadera, entre d\u2019altres.<\/p>\n<p>Hi participaren 25 socis o entitats europees de 13 pa\u00efsos diferents: Gran Bretanya, Fran\u00e7a, It\u00e0lia, Su\u00efssa, Alemanya, Pol\u00f2nia, Dinamarca, Su\u00e8cia, Noruega, Turquia, Gr\u00e8cia, Espanya i Catalunya, sota la coordinaci\u00f3 de la Conventry University\u2019s Centre for Agroecology. Aqu\u00ed a Catalunya estaven involucrats l\u2019IRTA i l\u2019Escola Agr\u00e0ria de Manresa, treballant conjuntament en algunes fases del projecte, sobretot en el plantejament de les activitats de transfer\u00e8ncia i l\u2019experimentaci\u00f3 de substrats alternatius a la torba.<\/p>\n<p>Per a m\u00e9s informaci\u00f3, podeu consultar el <a href=\"https:\/\/organic-plus.net\/\" target=\"_blank\" rel=\"noopener\">web del projecte.<\/a><\/p>\n<p><a href=\"https:\/\/agora.xtec.cat\/ecamanresa\/wp-content\/uploads\/usu866\/2024\/02\/organic_plus-scaled.jpg\"><img loading=\"lazy\" decoding=\"async\" class=\" wp-image-5669\" src=\"https:\/\/agora.xtec.cat\/ecamanresa\/wp-content\/uploads\/usu866\/2024\/02\/organic_plus-scaled.jpg\" alt=\"\" width=\"608\" height=\"405\" srcset=\"https:\/\/agora.xtec.cat\/ecamanresa\/wp-content\/uploads\/usu866\/2024\/02\/organic_plus-scaled.jpg 2560w, https:\/\/agora.xtec.cat\/ecamanresa\/wp-content\/uploads\/usu866\/2024\/02\/organic_plus-300x200.jpg 300w, https:\/\/agora.xtec.cat\/ecamanresa\/wp-content\/uploads\/usu866\/2024\/02\/organic_plus-1024x683.jpg 1024w, https:\/\/agora.xtec.cat\/ecamanresa\/wp-content\/uploads\/usu866\/2024\/02\/organic_plus-768x512.jpg 768w, https:\/\/agora.xtec.cat\/ecamanresa\/wp-content\/uploads\/usu866\/2024\/02\/organic_plus-1536x1024.jpg 1536w, https:\/\/agora.xtec.cat\/ecamanresa\/wp-content\/uploads\/usu866\/2024\/02\/organic_plus-2048x1365.jpg 2048w\" sizes=\"auto, (max-width: 608px) 100vw, 608px\" \/><\/a><\/p>\n","protected":false},"excerpt":{"rendered":"<p><a href=\"https:\/\/agora.xtec.cat\/ecamanresa\/wp-content\/uploads\/usu866\/2024\/02\/organic_plus_logo.png\"><\/a><br \/>\nL\u2019objectiu del projecte va ser millorar la producci\u00f3 agr\u00e0ria ecol\u00f2gica provant alternatives a alguns inputs controvertits, com ara l\u2019\u00fas de coure i olis minerals en tractaments dels cultius, l\u2019\u00fas de pl\u00e0stic com a encoixinats que protegeixen els cultius de la compet\u00e8ncia de les herbes&hellip;  <a href=\"https:\/\/agora.xtec.cat\/ecamanresa\/projectes-europeus\/organic-2018-2023\/\" title=\"Read ORGANIC+  2018-2023\">Llegeix m\u00e9s\u00bb<\/a><\/p>\n","protected":false},"author":3,"featured_media":0,"parent":5661,"menu_order":0,"comment_status":"closed","ping_status":"closed","template":"page-templates\/side-menu.php","meta":{"_bbp_topic_count":0,"_bbp_reply_count":0,"_bbp_total_topic_count":0,"_bbp_total_reply_count":0,"_bbp_voice_count":0,"_bbp_anonymous_reply_count":0,"_bbp_topic_count_hidden":0,"_bbp_reply_count_hidden":0,"_bbp_forum_subforum_count":0,"footnotes":""},"class_list":["post-5683","page","type-page","status-publish","hentry"],"post_mailing_queue_ids":[],"_links":{"self":[{"href":"https:\/\/agora.xtec.cat\/ecamanresa\/wp-json\/wp\/v2\/pages\/5683","targetHints":{"allow":["GET"]}}],"collection":[{"href":"https:\/\/agora.xtec.cat\/ecamanresa\/wp-json\/wp\/v2\/pages"}],"about":[{"href":"https:\/\/agora.xtec.cat\/ecamanresa\/wp-json\/wp\/v2\/types\/page"}],"author":[{"embeddable":true,"href":"https:\/\/agora.xtec.cat\/ecamanresa\/wp-json\/wp\/v2\/users\/3"}],"replies":[{"embeddable":true,"href":"https:\/\/agora.xtec.cat\/ecamanresa\/wp-json\/wp\/v2\/comments?post=5683"}],"version-history":[{"count":5,"href":"https:\/\/agora.xtec.cat\/ecamanresa\/wp-json\/wp\/v2\/pages\/5683\/revisions"}],"predecessor-version":[{"id":6085,"href":"https:\/\/agora.xtec.cat\/ecamanresa\/wp-json\/wp\/v2\/pages\/5683\/revisions\/6085"}],"up":[{"embeddable":true,"href":"https:\/\/agora.xtec.cat\/ecamanresa\/wp-json\/wp\/v2\/pages\/5661"}],"wp:attachment":[{"href":"https:\/\/agora.xtec.cat\/ecamanresa\/wp-json\/wp\/v2\/media?parent=5683"}],"curies":[{"name":"wp","href":"https:\/\/api.w.org\/{rel}","templated":true}]}}