{"id":5680,"date":"2024-02-25T19:08:44","date_gmt":"2024-02-25T18:08:44","guid":{"rendered":"https:\/\/agora.xtec.cat\/ecamanresa\/?page_id=5680"},"modified":"2026-03-12T13:54:26","modified_gmt":"2026-03-12T12:54:26","slug":"seacure-2024-2028","status":"publish","type":"page","link":"https:\/\/agora.xtec.cat\/ecamanresa\/projectes-europeus\/seacure-2024-2028\/","title":{"rendered":"SEACURE 2024-2028"},"content":{"rendered":"<p>Per abordar l&#8217;origen dels impactes negatius de la contaminaci\u00f3 per nutrients sobre l&#8217;aigua, el s\u00f2l i la biodiversitat, cal utilitzar un ampli enfocament del sistema paisatge-riu-mar. S\u2019hauria de treballar en una gesti\u00f3 sostenible del territori (sobretot, pr\u00e0ctiques agr\u00edcoles), millorar el tractament d&#8217;aig\u00fces residuals i aplicar estrat\u00e8gies factibles de restauraci\u00f3 de la natura.<\/p>\n<p>El projecte SEACURE t\u00e9 com a objectiu demostrar, ampliar i replicar innovacions per a la prevenci\u00f3 sist\u00e8mica i la reducci\u00f3 de la contaminaci\u00f3 per nutrients de la conca marina Mediterr\u00e0nia, en el marc de l&#8217;ecosistema d&#8217;innovaci\u00f3 proporcionat pels projectes en curs del Far Mediterrani (com BlueMissionMed) i en estreta cooperaci\u00f3 amb activitats implementades pels laboratoris regionals d\u2019an\u00e0lisis de s\u00f2l.<\/p>\n<p>El projecte dedicar\u00e0 l\u2019esfor\u00e7 a la transfer\u00e8ncia i replicaci\u00f3 d&#8217;estrat\u00e8gies de gesti\u00f3 de nutrients que siguin exitoses amb l\u2019objectiu de:<\/p>\n<ol>\n<li>Reduir la contaminaci\u00f3 del s\u00f2l i potenciar la seva restauraci\u00f3.<\/li>\n<li>Reduir l&#8217;\u00fas de fertilitzants i les p\u00e8rdues de nutrients.<\/li>\n<li>Prevenir, minimitzar i remeiar la contaminaci\u00f3 per nutrients d\u2019ecosistemes d&#8217;aigua dol\u00e7a i marins, en sis zones territorials (Mar Menor i Catalunya Central a Espanya, delta del Po i riu Esino a It\u00e0lia, i Axios delta del riu i la plana de Tess\u00e0lia a Gr\u00e8cia).<\/li>\n<\/ol>\n<p>S&#8217;avaluar\u00e0 la viabilitat i l&#8217;impacte i els socis actuaran com a palanques per l\u2019adopci\u00f3 de pol\u00edtiques, consci\u00e8ncia social, creaci\u00f3 de capacitats i facilitaci\u00f3 de finan\u00e7ament. Finalment, s\u2019elaboraran i executaran plans estrat\u00e8gics per aplicar les conclusions i potenciar el seu impacte.<\/p>\n<p>Hi participen 25 socis de sis pa\u00efsos: Espanya, Catalunya, It\u00e0lia, B\u00e8lgica, Gr\u00e8cia i \u00c0ustria.<\/p>\n<p><strong>INFORME ASSAIG SEACURE 2024-25 CAN POC OLI<\/strong><\/p>\n<p>Des de l&#8217;any 2021 s&#8217;est\u00e0 implementant el m\u00e8tode d&#8217;horticultura del s\u00f2l viu en una de les parcel\u00b7les de la finca can Poc Oli de l&#8217;Escola Agr\u00e0ria de Manresa. L&#8217;objectiu \u00e9s la regeneraci\u00f3 del s\u00f2l a base de reduir el treball del s\u00f2l amb l&#8217;ajuda de coberta permanent amb plantes o restes vegetals i una fertilitzaci\u00f3 basada en productes org\u00e0nics. S&#8217;espera que aquesta pr\u00e0ctica contribueixi a la reducci\u00f3 de la petjada de carboni, a l&#8217;estructuraci\u00f3 del s\u00f2l, la millora de la vida microbiana. Totes aquestes conseq\u00fc\u00e8ncies han de portar a una reducci\u00f3 de la lixiviaci\u00f3 de minerals que acaben a aq\u00fc\u00edfers, rius i oceans.<br \/>\nL&#8217;assaig ha continuat en el marc del projecte Seacure, junt amb la participaci\u00f3 de quatre altres finques agr\u00edcoles (les Arnaules de Manresa, el Circell de Gurb, i el Jard\u00ed de Collbarra a Sant Lloren\u00e7 Savall).<\/p>\n<p><a href=\"https:\/\/agora.xtec.cat\/ecamanresa\/wp-content\/uploads\/usu866\/2025\/09\/informe-seacure_CPO-estiu-2025_tot_compressed.pdf\" target=\"_blank\" rel=\"noopener\"><strong>Descarregueu aqu\u00ed l&#8217;informe de la campanya 2024-25<\/strong><\/a><\/p>\n<p>&nbsp;<\/p>\n<p>Tota la informaci\u00f3 d&#8217;aquest projecte a <a href=\"https:\/\/www.seacure-project.eu\/\" target=\"_blank\" rel=\"noopener\">https:\/\/www.seacure-project.eu\/<\/a><\/p>\n<p><strong>Projecte cofinan\u00e7at per la Uni\u00f3 Europea<\/strong><\/p>\n<p><a href=\"https:\/\/agora.xtec.cat\/ecamanresa\/wp-content\/uploads\/usu866\/2024\/12\/EN_Co-fundedbytheEU_RGB_Monochrome.png\"><img loading=\"lazy\" decoding=\"async\" class=\"alignleft wp-image-6553\" src=\"https:\/\/agora.xtec.cat\/ecamanresa\/wp-content\/uploads\/usu866\/2024\/12\/EN_Co-fundedbytheEU_RGB_Monochrome.png\" alt=\"\" width=\"623\" height=\"139\" srcset=\"https:\/\/agora.xtec.cat\/ecamanresa\/wp-content\/uploads\/usu866\/2024\/12\/EN_Co-fundedbytheEU_RGB_Monochrome.png 4119w, https:\/\/agora.xtec.cat\/ecamanresa\/wp-content\/uploads\/usu866\/2024\/12\/EN_Co-fundedbytheEU_RGB_Monochrome-300x67.png 300w, https:\/\/agora.xtec.cat\/ecamanresa\/wp-content\/uploads\/usu866\/2024\/12\/EN_Co-fundedbytheEU_RGB_Monochrome-1024x228.png 1024w, https:\/\/agora.xtec.cat\/ecamanresa\/wp-content\/uploads\/usu866\/2024\/12\/EN_Co-fundedbytheEU_RGB_Monochrome-768x171.png 768w, https:\/\/agora.xtec.cat\/ecamanresa\/wp-content\/uploads\/usu866\/2024\/12\/EN_Co-fundedbytheEU_RGB_Monochrome-1536x343.png 1536w, https:\/\/agora.xtec.cat\/ecamanresa\/wp-content\/uploads\/usu866\/2024\/12\/EN_Co-fundedbytheEU_RGB_Monochrome-2048x457.png 2048w\" sizes=\"auto, (max-width: 623px) 100vw, 623px\" \/><\/a><\/p>\n<p><a href=\"https:\/\/agora.xtec.cat\/ecamanresa\/wp-content\/uploads\/usu866\/2024\/02\/seacure01.jpg\"><img loading=\"lazy\" decoding=\"async\" class=\"alignnone wp-image-5671\" src=\"https:\/\/agora.xtec.cat\/ecamanresa\/wp-content\/uploads\/usu866\/2024\/02\/seacure01.jpg\" alt=\"\" width=\"661\" height=\"441\" srcset=\"https:\/\/agora.xtec.cat\/ecamanresa\/wp-content\/uploads\/usu866\/2024\/02\/seacure01.jpg 1600w, https:\/\/agora.xtec.cat\/ecamanresa\/wp-content\/uploads\/usu866\/2024\/02\/seacure01-300x200.jpg 300w, https:\/\/agora.xtec.cat\/ecamanresa\/wp-content\/uploads\/usu866\/2024\/02\/seacure01-1024x683.jpg 1024w, https:\/\/agora.xtec.cat\/ecamanresa\/wp-content\/uploads\/usu866\/2024\/02\/seacure01-768x512.jpg 768w, https:\/\/agora.xtec.cat\/ecamanresa\/wp-content\/uploads\/usu866\/2024\/02\/seacure01-1536x1024.jpg 1536w\" sizes=\"auto, (max-width: 661px) 100vw, 661px\" \/><\/a> <a href=\"https:\/\/agora.xtec.cat\/ecamanresa\/wp-content\/uploads\/usu866\/2024\/02\/seacure02-scaled.jpg\"><img loading=\"lazy\" decoding=\"async\" class=\"alignnone wp-image-5672\" src=\"https:\/\/agora.xtec.cat\/ecamanresa\/wp-content\/uploads\/usu866\/2024\/02\/seacure02-scaled.jpg\" alt=\"\" width=\"295\" height=\"443\" srcset=\"https:\/\/agora.xtec.cat\/ecamanresa\/wp-content\/uploads\/usu866\/2024\/02\/seacure02-scaled.jpg 1707w, https:\/\/agora.xtec.cat\/ecamanresa\/wp-content\/uploads\/usu866\/2024\/02\/seacure02-200x300.jpg 200w, https:\/\/agora.xtec.cat\/ecamanresa\/wp-content\/uploads\/usu866\/2024\/02\/seacure02-683x1024.jpg 683w, https:\/\/agora.xtec.cat\/ecamanresa\/wp-content\/uploads\/usu866\/2024\/02\/seacure02-768x1152.jpg 768w, https:\/\/agora.xtec.cat\/ecamanresa\/wp-content\/uploads\/usu866\/2024\/02\/seacure02-1024x1536.jpg 1024w, https:\/\/agora.xtec.cat\/ecamanresa\/wp-content\/uploads\/usu866\/2024\/02\/seacure02-1365x2048.jpg 1365w\" sizes=\"auto, (max-width: 295px) 100vw, 295px\" \/><\/a><\/p>\n","protected":false},"excerpt":{"rendered":"<p>Per abordar l&#8217;origen dels impactes negatius de la contaminaci\u00f3 per nutrients sobre l&#8217;aigua, el s\u00f2l i la biodiversitat, cal utilitzar un ampli enfocament del sistema paisatge-riu-mar. S\u2019hauria de treballar en una gesti\u00f3 sostenible del territori (sobretot, pr\u00e0ctiques agr\u00edcoles), millorar el tractament d&#8217;aig\u00fces residuals i aplicar&hellip;  <a href=\"https:\/\/agora.xtec.cat\/ecamanresa\/projectes-europeus\/seacure-2024-2028\/\" title=\"Read SEACURE 2024-2028\">Llegeix m\u00e9s\u00bb<\/a><\/p>\n","protected":false},"author":3,"featured_media":0,"parent":5661,"menu_order":0,"comment_status":"closed","ping_status":"closed","template":"page-templates\/side-menu.php","meta":{"_bbp_topic_count":0,"_bbp_reply_count":0,"_bbp_total_topic_count":0,"_bbp_total_reply_count":0,"_bbp_voice_count":0,"_bbp_anonymous_reply_count":0,"_bbp_topic_count_hidden":0,"_bbp_reply_count_hidden":0,"_bbp_forum_subforum_count":0,"footnotes":""},"class_list":["post-5680","page","type-page","status-publish","hentry"],"post_mailing_queue_ids":[],"_links":{"self":[{"href":"https:\/\/agora.xtec.cat\/ecamanresa\/wp-json\/wp\/v2\/pages\/5680","targetHints":{"allow":["GET"]}}],"collection":[{"href":"https:\/\/agora.xtec.cat\/ecamanresa\/wp-json\/wp\/v2\/pages"}],"about":[{"href":"https:\/\/agora.xtec.cat\/ecamanresa\/wp-json\/wp\/v2\/types\/page"}],"author":[{"embeddable":true,"href":"https:\/\/agora.xtec.cat\/ecamanresa\/wp-json\/wp\/v2\/users\/3"}],"replies":[{"embeddable":true,"href":"https:\/\/agora.xtec.cat\/ecamanresa\/wp-json\/wp\/v2\/comments?post=5680"}],"version-history":[{"count":6,"href":"https:\/\/agora.xtec.cat\/ecamanresa\/wp-json\/wp\/v2\/pages\/5680\/revisions"}],"predecessor-version":[{"id":6885,"href":"https:\/\/agora.xtec.cat\/ecamanresa\/wp-json\/wp\/v2\/pages\/5680\/revisions\/6885"}],"up":[{"embeddable":true,"href":"https:\/\/agora.xtec.cat\/ecamanresa\/wp-json\/wp\/v2\/pages\/5661"}],"wp:attachment":[{"href":"https:\/\/agora.xtec.cat\/ecamanresa\/wp-json\/wp\/v2\/media?parent=5680"}],"curies":[{"name":"wp","href":"https:\/\/api.w.org\/{rel}","templated":true}]}}