{"id":5664,"date":"2024-02-25T19:06:49","date_gmt":"2024-02-25T18:06:49","guid":{"rendered":"https:\/\/agora.xtec.cat\/ecamanresa\/?page_id=5664"},"modified":"2026-03-12T13:55:44","modified_gmt":"2026-03-12T12:55:44","slug":"evecsa-2024-2028","status":"publish","type":"page","link":"https:\/\/agora.xtec.cat\/ecamanresa\/projectes-europeus\/evecsa-2024-2028\/","title":{"rendered":"EVECSA 2024-2028"},"content":{"rendered":"<h2>EUROPEAN VOCATIONAL EXCELLENCE CLIMATE SMART AGRICULTURE<\/h2>\n<p>El projecte es proposa que els empresaris del sector agr\u00edcola europeu prenguin mesures que contribueixin a mitigar i a adaptar-se al canvi clim\u00e0tic aplicant el que es coneix com a agricultura clim\u00e0ticament intel\u00b7ligent. En concret, l&#8217;objectiu \u00e9s abordar tres reptes:<\/p>\n<ol>\n<li>Augmentar de manera sostenible la productivitat i els ingressos agr\u00edcoles.<\/li>\n<li>Adaptar-se i incrementar la resili\u00e8ncia al canvi clim\u00e0tic.<\/li>\n<li>Reduir i\/o eliminar les emissions de gasos d&#8217;efecte hivernacle, sempre que sigui possible.<\/li>\n<\/ol>\n<p>Aquests objectius es concreten en diferents l\u00ednies de treball:<\/p>\n<ol>\n<li>Enriquir l&#8217;<b>oferta formativa <\/b>segons les necessitats ambientals, socials i econ\u00f2miques del sector agrari.<\/li>\n<li>Impulsar la<b> transfer\u00e8ncia de coneixement <\/b>dins el m\u00f3n rural, establint xarxes de cooperaci\u00f3 tant a escala local com internacional.<\/li>\n<li>Promoure la <b>incorporaci\u00f3 de nous i noves aprenents <\/b>a la formaci\u00f3 agr\u00e0ria i facilitant l&#8217;acc\u00e9s al sector.<\/li>\n<li>Construir <b>aliances s\u00f2lides <\/b>entre escoles agr\u00e0ries, entitats productores i centres de recerca que enforteixin el teixit agrari des d\u2019un canvi sist\u00e8mic.<\/li>\n<\/ol>\n<p>El projecte est\u00e0 participat per 22 socis europeus, organitzats en Comunitats de Pr\u00e0ctica (CoP): deu instituts d&#8217;FP agroaliment\u00e0ria, sis empreses o organitzacions representatives de la ind\u00fastria i el sector, quatre universitats i dos socis de coneixement. Tots ells s&#8217;organitzen en sis centres d&#8217;excel\u00b7l\u00e8ncia (CoVE) professional en sis pa\u00efsos. Els socis de Catalunya que integren un dels CoVE s\u00f3n l\u2019Escola Agr\u00e0ria de Manresa, l\u2019Agrupaci\u00f3 de Productors Forestals BOSCAT i el Centre d\u2019Investigaci\u00f3 i Desenvolupament BETA. La resta de socis s\u00f3n de Dinamarca, Finl\u00e0ndia, It\u00e0lia, Holanda i Pol\u00f2nia.<\/p>\n<p>Trobareu m\u00e9s informaci\u00f3 al web del projecte: <a href=\"https:\/\/climatesmart4agri.eu\/\" target=\"_blank\" rel=\"noopener\">https:\/\/climatesmart4agri.eu\/<\/a><\/p>\n<p>&nbsp;<\/p>\n<p><strong>RESULTATS ASSAIG DE TE DE COMPOST OXIGENAT. CAMPANYA 2024-25<\/strong><\/p>\n<p><span class=\"break-words tvm-parent-container\"><span dir=\"ltr\">Durant la campanya 2024-25, es va continuar l&#8217;assaig per observar els efectes de l&#8217;aplicaci\u00f3 de te de compost oxigenat, a la finca can Poc Oli.<br \/>\nPodeu descarregar l&#8217;informe <a href=\"https:\/\/agora.xtec.cat\/ecamanresa\/wp-content\/uploads\/usu866\/2025\/10\/te-compost-informe-campanya-2024-25_v4-tot_logos.pdf\" target=\"_blank\" rel=\"noopener\">clicant aqu\u00ed<\/a>.<\/span><\/span><\/p>\n<p><span class=\"break-words tvm-parent-container\"><span dir=\"ltr\">Tamb\u00e9 podeu guardar-vos la data del <strong>dijous 23 d&#8217;octubre per venir a la presentaci\u00f3<\/strong> que en farem en el marc de les jornades professionals del certamen Ecoviure, a Manresa.<br \/>\nAquest assaig s&#8217;ha dut a terme en col\u00b7laboraci\u00f3 amb la Isadora Schmidt, de Terra Viva i l&#8217;associaci\u00f3 L&#8217;Era, Espai de Recursos Agroecol\u00f2gics, i forma part del projecte europeu <a class=\"apkmuMaFXiAyzXXfqtKvfkGGdytsALnAqY \" tabindex=\"0\" href=\"https:\/\/www.linkedin.com\/company\/evecsaproject\/\" target=\"_self\" data-test-app-aware-link=\"\">EVECSA<\/a> , cofinan\u00e7at per la Uni\u00f3 Europea<\/span><\/span><\/p>\n<p>&nbsp;<\/p>\n<p><strong>JORNADA MAR\u00c7 2025 EN L\u00cdNIA<\/strong><\/p>\n<p>Dijous 13 de mar\u00e7 tenim l&#8217;oportunitat d&#8217;escoltar professionals que compartiran amb nosaltres la seva expertesa sobre agricultura clim\u00e0ticament intel\u00b7ligent o Climate Smart Agriculture.\u00a0La jornada s&#8217;organitza en tres \u00e0mbits d&#8217;inter\u00e8s: sistemes clim\u00e0ticament intel\u00b7ligents, salut del s\u00f2l, pr\u00e0ctiques clim\u00e0ticament intel\u00b7ligents.<\/p>\n<p>Les xerrades s&#8217;allargaran de les 8.30 a les 16.30.<\/p>\n<p>Ester Casas, professora de l&#8217;Escola Agr\u00e0ria de Manresa, hi participar\u00e0 com a experta productora de llavors de varietats locals sota producci\u00f3 ecol\u00f2gica.<br \/>\nSer\u00e0 de les 12.45 a les 14.15.<\/p>\n<p>Si t&#8217;interessa, <a href=\"https:\/\/agora.xtec.cat\/ecamanresa\/wp-content\/uploads\/usu866\/2025\/03\/250313-baixa-its-all-abou-climate-smart-agriculture-online-workshops-in-evecsa_compressed.pdf\" target=\"_blank\" rel=\"noopener\">descarrega&#8217;t el pdf<\/a> i clica a l&#8217;enlla\u00e7 que trobar\u00e0s vinculat a cada sessi\u00f3 del programa:<\/p>\n<p><a href=\"https:\/\/agora.xtec.cat\/ecamanresa\/wp-content\/uploads\/usu866\/2025\/03\/250313-baixa-its-all-abou-climate-smart-agriculture-online-workshops-in-evecsa_compressed.pdf\">250313-baixa-its-all-abou-climate-smart-agriculture-online-workshops-in-evecsa_compressed<\/a><\/p>\n<p>&nbsp;<\/p>\n<p><a href=\"https:\/\/agora.xtec.cat\/ecamanresa\/wp-content\/uploads\/usu866\/2024\/02\/evecsa01.jpg\"><img loading=\"lazy\" decoding=\"async\" class=\"alignnone wp-image-5667\" src=\"https:\/\/agora.xtec.cat\/ecamanresa\/wp-content\/uploads\/usu866\/2024\/02\/evecsa01.jpg\" alt=\"\" width=\"461\" height=\"307\" srcset=\"https:\/\/agora.xtec.cat\/ecamanresa\/wp-content\/uploads\/usu866\/2024\/02\/evecsa01.jpg 1024w, https:\/\/agora.xtec.cat\/ecamanresa\/wp-content\/uploads\/usu866\/2024\/02\/evecsa01-300x200.jpg 300w, https:\/\/agora.xtec.cat\/ecamanresa\/wp-content\/uploads\/usu866\/2024\/02\/evecsa01-768x512.jpg 768w\" sizes=\"auto, (max-width: 461px) 100vw, 461px\" \/><\/a> <a href=\"https:\/\/agora.xtec.cat\/ecamanresa\/wp-content\/uploads\/usu866\/2024\/02\/evecsa02-scaled.jpg\"><img loading=\"lazy\" decoding=\"async\" class=\"alignnone wp-image-5668\" src=\"https:\/\/agora.xtec.cat\/ecamanresa\/wp-content\/uploads\/usu866\/2024\/02\/evecsa02-scaled.jpg\" alt=\"\" width=\"462\" height=\"308\" srcset=\"https:\/\/agora.xtec.cat\/ecamanresa\/wp-content\/uploads\/usu866\/2024\/02\/evecsa02-scaled.jpg 2560w, https:\/\/agora.xtec.cat\/ecamanresa\/wp-content\/uploads\/usu866\/2024\/02\/evecsa02-300x200.jpg 300w, https:\/\/agora.xtec.cat\/ecamanresa\/wp-content\/uploads\/usu866\/2024\/02\/evecsa02-1024x683.jpg 1024w, https:\/\/agora.xtec.cat\/ecamanresa\/wp-content\/uploads\/usu866\/2024\/02\/evecsa02-768x512.jpg 768w, https:\/\/agora.xtec.cat\/ecamanresa\/wp-content\/uploads\/usu866\/2024\/02\/evecsa02-1536x1024.jpg 1536w, https:\/\/agora.xtec.cat\/ecamanresa\/wp-content\/uploads\/usu866\/2024\/02\/evecsa02-2048x1365.jpg 2048w\" sizes=\"auto, (max-width: 462px) 100vw, 462px\" \/><\/a><\/p>\n<p><strong>Els altres socis del projecte s\u00f3n:<\/strong><\/p>\n<ul>\n<li><a href=\"http:\/\/www.bygholm.dk\">BYGHOLM LANDBRUGSSKOLE<\/a> (Dinamarca, coordinaci\u00f3)<\/li>\n<li><a href=\"http:\/\/www.asmildkloster.dk\">ASMILDKLOSTER LANDBRUGSSKOLE<\/a> (Dinamarca)<\/li>\n<li><a href=\"http:\/\/www.ju.dk\">JORDBRUGETS UDDANNELSESCENTER ARHUS<\/a> (Dinamarca)<\/li>\n<li><a href=\"http:\/\/www.videndjurs.dk\">VIDEN DJURS<\/a> (Dinamarca)<\/li>\n<li><a href=\"http:\/\/www.foodbiocluster.dk\/\">Food&amp;Bio Cluster Denmark<\/a> (Dinamarca)<\/li>\n<li><a href=\"http:\/\/www.au.dk\">AARHUS UNIVERSITET<\/a> (Dinamarca)<\/li>\n<li><a href=\"https:\/\/agora.xtec.cat\/ecamanresa\/\">Departament d\u2019Acci\u00f3 Clim\u00e0tica, Alimentaci\u00f3 i Agenda Rural<\/a> (Catalunya)<\/li>\n<li><a href=\"http:\/\/www.boscat.cat\">BOSCAT FUSTA SL<\/a> (Catalunya)<\/li>\n<li><a href=\"https:\/\/betatechcenter.com\/about-us\/\">BETA Technological Center<\/a> (Catalunya)<\/li>\n<li><a href=\"https:\/\/cesie.org\/en\/\">CESIE ENTE DEL TERZO SETTORE<\/a> (It\u00e0lia)<\/li>\n<li><a href=\"https:\/\/impresasocialeland.org\/\">LAND IMPRESA SOCIALE SRL<\/a> (It\u00e0lia)<\/li>\n<li><a href=\"https:\/\/www.coreras.it\/\">CONSORZIO REGIONALE PER LA RICERCA APPLICATA E LA SPERIMENTAZIONE<\/a> (It\u00e0lia)<\/li>\n<li><a href=\"https:\/\/www.aeres.eu\/\">STICHTING AERES GROEP<\/a> (Pa\u00efsos Baixos)<\/li>\n<li><a href=\"https:\/\/agrofoodcluster.com\/en\/\">STICHTING AGROFOODCLUSTER<\/a> (Pa\u00efsos Baixos)<\/li>\n<li><a href=\"http:\/\/www.wearekatapult.eu\">STICHTING PLATFORM TALENT VOORTECHNOLOGIE<\/a> (Pa\u00efsos Baixos)<\/li>\n<li><a href=\"http:\/\/www.proagria.fi\/kp\">PROAGRIA KESKI-POHJANMAA RY<\/a> (Finl\u00e0ndia)<\/li>\n<li><a href=\"http:\/\/www.kpedu.fi\">KESKI-POHJANMAAN KOULUTUSYHTYMA<\/a> (Finl\u00e0ndia)<\/li>\n<li><a href=\"http:\/\/www.sedu.fi\">SEINAJOEN KOULUTUSKUNTAYHTYMA<\/a> (Finl\u00e0ndia)<\/li>\n<li><a href=\"http:\/\/www.lapinamk.fi\/\">LAPLAND UNIVERSITY OF APPLIED SCIENCES<\/a> (Finl\u00e0ndia)<\/li>\n<li><a href=\"https:\/\/www.zsckuwojslawice.pl\/asp\/start,0\">Zesp\u00f3\u0142 Szk\u00f3\u0142 Centrum Kszta\u0142cenia Rolniczego w Wojs\u0142awicach<\/a> (Pol\u00f2nia)<\/li>\n<li><a href=\"http:\/\/www.upwr.edu.pl\">UNIWERSYTET PRZYRODNICZY WE WROCLAWIU<\/a> (Pol\u00f2nia)<\/li>\n<li><a href=\"http:\/\/energiaoz.pl\/\">ENERGIA OZ SP ZOO<\/a> (Pol\u00f2nia)<\/li>\n<\/ul>\n<p><strong>Projecte cofinan\u00e7at per la Uni\u00f3 Europea<\/strong><\/p>\n<p><a href=\"https:\/\/agora.xtec.cat\/ecamanresa\/wp-content\/uploads\/usu866\/2024\/12\/EN_Co-fundedbytheEU_RGB_Monochrome.png\"><img loading=\"lazy\" decoding=\"async\" class=\"alignleft wp-image-6553\" src=\"https:\/\/agora.xtec.cat\/ecamanresa\/wp-content\/uploads\/usu866\/2024\/12\/EN_Co-fundedbytheEU_RGB_Monochrome.png\" alt=\"\" width=\"623\" height=\"139\" srcset=\"https:\/\/agora.xtec.cat\/ecamanresa\/wp-content\/uploads\/usu866\/2024\/12\/EN_Co-fundedbytheEU_RGB_Monochrome.png 4119w, https:\/\/agora.xtec.cat\/ecamanresa\/wp-content\/uploads\/usu866\/2024\/12\/EN_Co-fundedbytheEU_RGB_Monochrome-300x67.png 300w, https:\/\/agora.xtec.cat\/ecamanresa\/wp-content\/uploads\/usu866\/2024\/12\/EN_Co-fundedbytheEU_RGB_Monochrome-1024x228.png 1024w, https:\/\/agora.xtec.cat\/ecamanresa\/wp-content\/uploads\/usu866\/2024\/12\/EN_Co-fundedbytheEU_RGB_Monochrome-768x171.png 768w, https:\/\/agora.xtec.cat\/ecamanresa\/wp-content\/uploads\/usu866\/2024\/12\/EN_Co-fundedbytheEU_RGB_Monochrome-1536x343.png 1536w, https:\/\/agora.xtec.cat\/ecamanresa\/wp-content\/uploads\/usu866\/2024\/12\/EN_Co-fundedbytheEU_RGB_Monochrome-2048x457.png 2048w\" sizes=\"auto, (max-width: 623px) 100vw, 623px\" \/><\/a><\/p>\n<p>&nbsp;<\/p>\n<p>&nbsp;<\/p>\n<p>&nbsp;<\/p>\n<p>&nbsp;<\/p>\n","protected":false},"excerpt":{"rendered":"<p>EUROPEAN VOCATIONAL EXCELLENCE CLIMATE SMART AGRICULTURE<br \/>\nEl projecte es proposa que els empresaris del sector agr\u00edcola europeu prenguin mesures que contribueixin a mitigar i a adaptar-se al canvi clim\u00e0tic aplicant el que es coneix com a agricultura clim\u00e0ticament intel\u00b7ligent. En concret, l&#8217;objectiu \u00e9s abordar tres reptes:<\/p>\n<ol>\n<li>Augmentar&hellip;  <a href=\"https:\/\/agora.xtec.cat\/ecamanresa\/projectes-europeus\/evecsa-2024-2028\/\" title=\"Read EVECSA 2024-2028\">Llegeix m\u00e9s\u00bb<\/a><br \/>\n","protected":false},"author":3,"featured_media":0,"parent":5661,"menu_order":0,"comment_status":"closed","ping_status":"closed","template":"page-templates\/side-menu.php","meta":{"_bbp_topic_count":0,"_bbp_reply_count":0,"_bbp_total_topic_count":0,"_bbp_total_reply_count":0,"_bbp_voice_count":0,"_bbp_anonymous_reply_count":0,"_bbp_topic_count_hidden":0,"_bbp_reply_count_hidden":0,"_bbp_forum_subforum_count":0,"footnotes":""},"class_list":["post-5664","page","type-page","status-publish","hentry"],"post_mailing_queue_ids":[],"_links":{"self":[{"href":"https:\/\/agora.xtec.cat\/ecamanresa\/wp-json\/wp\/v2\/pages\/5664","targetHints":{"allow":["GET"]}}],"collection":[{"href":"https:\/\/agora.xtec.cat\/ecamanresa\/wp-json\/wp\/v2\/pages"}],"about":[{"href":"https:\/\/agora.xtec.cat\/ecamanresa\/wp-json\/wp\/v2\/types\/page"}],"author":[{"embeddable":true,"href":"https:\/\/agora.xtec.cat\/ecamanresa\/wp-json\/wp\/v2\/users\/3"}],"replies":[{"embeddable":true,"href":"https:\/\/agora.xtec.cat\/ecamanresa\/wp-json\/wp\/v2\/comments?post=5664"}],"version-history":[{"count":7,"href":"https:\/\/agora.xtec.cat\/ecamanresa\/wp-json\/wp\/v2\/pages\/5664\/revisions"}],"predecessor-version":[{"id":6939,"href":"https:\/\/agora.xtec.cat\/ecamanresa\/wp-json\/wp\/v2\/pages\/5664\/revisions\/6939"}],"up":[{"embeddable":true,"href":"https:\/\/agora.xtec.cat\/ecamanresa\/wp-json\/wp\/v2\/pages\/5661"}],"wp:attachment":[{"href":"https:\/\/agora.xtec.cat\/ecamanresa\/wp-json\/wp\/v2\/media?parent=5664"}],"curies":[{"name":"wp","href":"https:\/\/api.w.org\/{rel}","templated":true}]}}