{"id":5661,"date":"2024-02-25T19:04:08","date_gmt":"2024-02-25T18:04:08","guid":{"rendered":"https:\/\/agora.xtec.cat\/ecamanresa\/?page_id=5661"},"modified":"2026-03-12T13:54:13","modified_gmt":"2026-03-12T12:54:13","slug":"projectes-europeus","status":"publish","type":"page","link":"https:\/\/agora.xtec.cat\/ecamanresa\/projectes-europeus\/","title":{"rendered":"Projectes Europeus"},"content":{"rendered":"<p style=\"font-weight: 400;\">Des de fa anys, l\u2019Escola Agr\u00e0ria de Manresa participa en projectes internacionals, majorit\u00e0riament dins del programa integrat de la Uni\u00f3 Europea Erasmus+, que engloba les iniciatives en educaci\u00f3, formaci\u00f3, joventut i esport.<\/p>\n<p style=\"font-weight: 400; text-align: left;\">La participaci\u00f3 en aquests projectes europeus permet a l\u2019alumnat i el professorat treballar conjuntament amb socis de diferents pa\u00efsos d\u2019Europa, el que facilita poder con\u00e8ixer altres realitats i maneres de treballar i formar.<\/p>\n<p><a href=\"https:\/\/agora.xtec.cat\/ecamanresa\/wp-content\/uploads\/usu866\/2024\/03\/20traca11-scaled.jpg\"><img loading=\"lazy\" decoding=\"async\" class=\"alignnone wp-image-5872\" src=\"https:\/\/agora.xtec.cat\/ecamanresa\/wp-content\/uploads\/usu866\/2024\/03\/20traca11-scaled.jpg\" alt=\"\" width=\"495\" height=\"330\" srcset=\"https:\/\/agora.xtec.cat\/ecamanresa\/wp-content\/uploads\/usu866\/2024\/03\/20traca11-scaled.jpg 2560w, https:\/\/agora.xtec.cat\/ecamanresa\/wp-content\/uploads\/usu866\/2024\/03\/20traca11-300x200.jpg 300w, https:\/\/agora.xtec.cat\/ecamanresa\/wp-content\/uploads\/usu866\/2024\/03\/20traca11-1024x683.jpg 1024w, https:\/\/agora.xtec.cat\/ecamanresa\/wp-content\/uploads\/usu866\/2024\/03\/20traca11-768x512.jpg 768w, https:\/\/agora.xtec.cat\/ecamanresa\/wp-content\/uploads\/usu866\/2024\/03\/20traca11-1536x1024.jpg 1536w, https:\/\/agora.xtec.cat\/ecamanresa\/wp-content\/uploads\/usu866\/2024\/03\/20traca11-2048x1365.jpg 2048w\" sizes=\"auto, (max-width: 495px) 100vw, 495px\" \/>\u00a0<\/a><a href=\"https:\/\/agora.xtec.cat\/ecamanresa\/wp-content\/uploads\/usu866\/2024\/03\/IMG_20190627_173920-scaled.jpg\"><img loading=\"lazy\" decoding=\"async\" class=\"alignnone wp-image-5873\" src=\"https:\/\/agora.xtec.cat\/ecamanresa\/wp-content\/uploads\/usu866\/2024\/03\/IMG_20190627_173920-scaled.jpg\" alt=\"\" width=\"495\" height=\"330\" srcset=\"https:\/\/agora.xtec.cat\/ecamanresa\/wp-content\/uploads\/usu866\/2024\/03\/IMG_20190627_173920-scaled.jpg 2560w, https:\/\/agora.xtec.cat\/ecamanresa\/wp-content\/uploads\/usu866\/2024\/03\/IMG_20190627_173920-300x200.jpg 300w, https:\/\/agora.xtec.cat\/ecamanresa\/wp-content\/uploads\/usu866\/2024\/03\/IMG_20190627_173920-1024x683.jpg 1024w, https:\/\/agora.xtec.cat\/ecamanresa\/wp-content\/uploads\/usu866\/2024\/03\/IMG_20190627_173920-768x512.jpg 768w, https:\/\/agora.xtec.cat\/ecamanresa\/wp-content\/uploads\/usu866\/2024\/03\/IMG_20190627_173920-1536x1024.jpg 1536w, https:\/\/agora.xtec.cat\/ecamanresa\/wp-content\/uploads\/usu866\/2024\/03\/IMG_20190627_173920-2048x1366.jpg 2048w\" sizes=\"auto, (max-width: 495px) 100vw, 495px\" \/><\/a><\/p>\n<p>&nbsp;<\/p>\n","protected":false},"excerpt":{"rendered":"<p>Des de fa anys, l\u2019Escola Agr\u00e0ria de Manresa participa en projectes internacionals, majorit\u00e0riament dins del programa integrat de la Uni\u00f3 Europea Erasmus+, que engloba les iniciatives en educaci\u00f3, formaci\u00f3, joventut i esport.<br \/>\nLa participaci\u00f3 en aquests projectes europeus permet a l\u2019alumnat i el professorat treballar conjuntament&hellip;  <a href=\"https:\/\/agora.xtec.cat\/ecamanresa\/projectes-europeus\/\" title=\"Read Projectes Europeus\">Llegeix m\u00e9s\u00bb<\/a><\/p>\n","protected":false},"author":3,"featured_media":0,"parent":0,"menu_order":0,"comment_status":"closed","ping_status":"closed","template":"page-templates\/side-menu.php","meta":{"_bbp_topic_count":0,"_bbp_reply_count":0,"_bbp_total_topic_count":0,"_bbp_total_reply_count":0,"_bbp_voice_count":0,"_bbp_anonymous_reply_count":0,"_bbp_topic_count_hidden":0,"_bbp_reply_count_hidden":0,"_bbp_forum_subforum_count":0,"footnotes":""},"class_list":["post-5661","page","type-page","status-publish","hentry"],"post_mailing_queue_ids":[],"_links":{"self":[{"href":"https:\/\/agora.xtec.cat\/ecamanresa\/wp-json\/wp\/v2\/pages\/5661","targetHints":{"allow":["GET"]}}],"collection":[{"href":"https:\/\/agora.xtec.cat\/ecamanresa\/wp-json\/wp\/v2\/pages"}],"about":[{"href":"https:\/\/agora.xtec.cat\/ecamanresa\/wp-json\/wp\/v2\/types\/page"}],"author":[{"embeddable":true,"href":"https:\/\/agora.xtec.cat\/ecamanresa\/wp-json\/wp\/v2\/users\/3"}],"replies":[{"embeddable":true,"href":"https:\/\/agora.xtec.cat\/ecamanresa\/wp-json\/wp\/v2\/comments?post=5661"}],"version-history":[{"count":6,"href":"https:\/\/agora.xtec.cat\/ecamanresa\/wp-json\/wp\/v2\/pages\/5661\/revisions"}],"predecessor-version":[{"id":5875,"href":"https:\/\/agora.xtec.cat\/ecamanresa\/wp-json\/wp\/v2\/pages\/5661\/revisions\/5875"}],"wp:attachment":[{"href":"https:\/\/agora.xtec.cat\/ecamanresa\/wp-json\/wp\/v2\/media?parent=5661"}],"curies":[{"name":"wp","href":"https:\/\/api.w.org\/{rel}","templated":true}]}}