{"id":5658,"date":"2024-02-25T18:52:15","date_gmt":"2024-02-25T17:52:15","guid":{"rendered":"https:\/\/agora.xtec.cat\/ecamanresa\/?page_id=5658"},"modified":"2025-11-06T14:40:38","modified_gmt":"2025-11-06T13:40:38","slug":"cursos-i-jornades-tecniques","status":"publish","type":"page","link":"https:\/\/agora.xtec.cat\/ecamanresa\/cursos-i-jornades-tecniques\/","title":{"rendered":"Cursos i Jornades T\u00e8cniques"},"content":{"rendered":"<p style=\"font-weight: 400;\">A l\u2019Escola Agr\u00e0ria de Manresa oferim cursos de curta durada per a professionals del sector agroecol\u00f2gic, aix\u00ed com jornades t\u00e8cniques sobre temes d\u2019inter\u00e8s per a aquest col\u00b7lectiu i activitats de transfer\u00e8ncia tecnol\u00f2gica.<\/p>\n<p style=\"font-weight: 400;\">En aquest apartat podeu consultar la programaci\u00f3 de cursos i jornades i inscriure-us als que m\u00e9s us interessin.<\/p>\n<p><a href=\"https:\/\/agora.xtec.cat\/ecamanresa\/cursos-i-jornades-tecniques\/cursos\/\" target=\"_blank\" rel=\"noopener\">Cursos<\/a><\/p>\n<p><a href=\"https:\/\/agora.xtec.cat\/ecamanresa\/cursos-i-jornades-tecniques\/jornades-tecniques-2\/\" target=\"_blank\" rel=\"noopener\">Jornades<\/a><\/p>\n<p><a href=\"https:\/\/agora.xtec.cat\/ecamanresa\/wp-content\/uploads\/usu866\/2024\/03\/IMG_20231028_143242_809-scaled.jpg\"><img loading=\"lazy\" decoding=\"async\" class=\"alignnone wp-image-5859\" src=\"https:\/\/agora.xtec.cat\/ecamanresa\/wp-content\/uploads\/usu866\/2024\/03\/IMG_20231028_143242_809-scaled.jpg\" alt=\"\" width=\"495\" height=\"330\" srcset=\"https:\/\/agora.xtec.cat\/ecamanresa\/wp-content\/uploads\/usu866\/2024\/03\/IMG_20231028_143242_809-scaled.jpg 2560w, https:\/\/agora.xtec.cat\/ecamanresa\/wp-content\/uploads\/usu866\/2024\/03\/IMG_20231028_143242_809-300x200.jpg 300w, https:\/\/agora.xtec.cat\/ecamanresa\/wp-content\/uploads\/usu866\/2024\/03\/IMG_20231028_143242_809-1024x683.jpg 1024w, https:\/\/agora.xtec.cat\/ecamanresa\/wp-content\/uploads\/usu866\/2024\/03\/IMG_20231028_143242_809-768x512.jpg 768w, https:\/\/agora.xtec.cat\/ecamanresa\/wp-content\/uploads\/usu866\/2024\/03\/IMG_20231028_143242_809-1536x1024.jpg 1536w, https:\/\/agora.xtec.cat\/ecamanresa\/wp-content\/uploads\/usu866\/2024\/03\/IMG_20231028_143242_809-2048x1366.jpg 2048w\" sizes=\"auto, (max-width: 495px) 100vw, 495px\" \/><\/a> <a href=\"https:\/\/agora.xtec.cat\/ecamanresa\/wp-content\/uploads\/usu866\/2024\/03\/jornada_trobada_horta_IMG_4899-scaled.jpg\"><img loading=\"lazy\" decoding=\"async\" class=\"alignnone wp-image-5860\" src=\"https:\/\/agora.xtec.cat\/ecamanresa\/wp-content\/uploads\/usu866\/2024\/03\/jornada_trobada_horta_IMG_4899-scaled.jpg\" alt=\"\" width=\"495\" height=\"330\" srcset=\"https:\/\/agora.xtec.cat\/ecamanresa\/wp-content\/uploads\/usu866\/2024\/03\/jornada_trobada_horta_IMG_4899-scaled.jpg 2560w, https:\/\/agora.xtec.cat\/ecamanresa\/wp-content\/uploads\/usu866\/2024\/03\/jornada_trobada_horta_IMG_4899-300x200.jpg 300w, https:\/\/agora.xtec.cat\/ecamanresa\/wp-content\/uploads\/usu866\/2024\/03\/jornada_trobada_horta_IMG_4899-1024x683.jpg 1024w, https:\/\/agora.xtec.cat\/ecamanresa\/wp-content\/uploads\/usu866\/2024\/03\/jornada_trobada_horta_IMG_4899-768x512.jpg 768w, https:\/\/agora.xtec.cat\/ecamanresa\/wp-content\/uploads\/usu866\/2024\/03\/jornada_trobada_horta_IMG_4899-1536x1024.jpg 1536w, https:\/\/agora.xtec.cat\/ecamanresa\/wp-content\/uploads\/usu866\/2024\/03\/jornada_trobada_horta_IMG_4899-2048x1365.jpg 2048w\" sizes=\"auto, (max-width: 495px) 100vw, 495px\" \/><\/a><\/p>\n","protected":false},"excerpt":{"rendered":"<p>A l\u2019Escola Agr\u00e0ria de Manresa oferim cursos de curta durada per a professionals del sector agroecol\u00f2gic, aix\u00ed com jornades t\u00e8cniques sobre temes d\u2019inter\u00e8s per a aquest col\u00b7lectiu i activitats de transfer\u00e8ncia tecnol\u00f2gica.<br \/>\nEn aquest apartat podeu consultar la programaci\u00f3 de cursos i jornades i inscriure-us als&hellip;  <a href=\"https:\/\/agora.xtec.cat\/ecamanresa\/cursos-i-jornades-tecniques\/\" title=\"Read Cursos i Jornades T\u00e8cniques\">Llegeix m\u00e9s\u00bb<\/a><\/p>\n","protected":false},"author":3,"featured_media":0,"parent":0,"menu_order":0,"comment_status":"closed","ping_status":"closed","template":"page-templates\/side-menu.php","meta":{"_bbp_topic_count":0,"_bbp_reply_count":0,"_bbp_total_topic_count":0,"_bbp_total_reply_count":0,"_bbp_voice_count":0,"_bbp_anonymous_reply_count":0,"_bbp_topic_count_hidden":0,"_bbp_reply_count_hidden":0,"_bbp_forum_subforum_count":0,"footnotes":""},"class_list":["post-5658","page","type-page","status-publish","hentry"],"post_mailing_queue_ids":[],"_links":{"self":[{"href":"https:\/\/agora.xtec.cat\/ecamanresa\/wp-json\/wp\/v2\/pages\/5658","targetHints":{"allow":["GET"]}}],"collection":[{"href":"https:\/\/agora.xtec.cat\/ecamanresa\/wp-json\/wp\/v2\/pages"}],"about":[{"href":"https:\/\/agora.xtec.cat\/ecamanresa\/wp-json\/wp\/v2\/types\/page"}],"author":[{"embeddable":true,"href":"https:\/\/agora.xtec.cat\/ecamanresa\/wp-json\/wp\/v2\/users\/3"}],"replies":[{"embeddable":true,"href":"https:\/\/agora.xtec.cat\/ecamanresa\/wp-json\/wp\/v2\/comments?post=5658"}],"version-history":[{"count":4,"href":"https:\/\/agora.xtec.cat\/ecamanresa\/wp-json\/wp\/v2\/pages\/5658\/revisions"}],"predecessor-version":[{"id":6966,"href":"https:\/\/agora.xtec.cat\/ecamanresa\/wp-json\/wp\/v2\/pages\/5658\/revisions\/6966"}],"wp:attachment":[{"href":"https:\/\/agora.xtec.cat\/ecamanresa\/wp-json\/wp\/v2\/media?parent=5658"}],"curies":[{"name":"wp","href":"https:\/\/api.w.org\/{rel}","templated":true}]}}