{"id":5579,"date":"2024-02-14T16:48:27","date_gmt":"2024-02-14T15:48:27","guid":{"rendered":"https:\/\/agora.xtec.cat\/ecamanresa\/?page_id=5579"},"modified":"2026-04-09T09:49:39","modified_gmt":"2026-04-09T07:49:39","slug":"cfgs-dual-paisatgisme-medi-rural","status":"publish","type":"page","link":"https:\/\/agora.xtec.cat\/ecamanresa\/cicles-formatius\/cfgs-dual-paisatgisme-medi-rural\/","title":{"rendered":"CFGS dual Paisatgisme i Medi Rural, perfil professional d\u2019Agroecologia i Acci\u00f3 Clim\u00e0tica"},"content":{"rendered":"<p style=\"text-align: left;\">Vols gestionar una finca agr\u00edcola, ramadera o de jardineria? O desenvolupar projectes de restauraci\u00f3 del paisatge i disseny de jardins? Ho vols fer aplicant t\u00e8cniques agroecol\u00f2giques compromeses amb l\u2019acci\u00f3 clim\u00e0tica i la sostenibilitat? Vols aprendre a gestionar els recursos humans i materials d\u2019una finca agr\u00e0ria des de la rendibilitat econ\u00f2mica i la sostenibilitat social i ambiental?<\/p>\n<p style=\"text-align: left;\"><strong>Si la resposta a aquestes preguntes \u00e9s un s\u00ed, aquest \u00e9s el teu cicle!<\/strong><\/p>\n<p style=\"text-align: left;\">Un cop finalitzat ser\u00e0s T\u00e8cnic\/a superior en paisatgisme i medi rural, especialitzat en agroecologia i acci\u00f3 clim\u00e0tica i, podr\u00e0s exercir la teva activitat professional o desenvolupar el teu projecte vital en el medi rural, contribuint a equilibrar el territori i essent-ne un actor important per ajudar el pa\u00eds a aconseguir la sobirania aliment\u00e0ria amb la m\u00ednima empremta ecol\u00f2gica.<\/p>\n<table style=\"height: 42px; width: 25.7028%; border-collapse: collapse; background-color: #9ebd9b; border-style: solid; border-color: #ffffff;\">\n<tbody>\n<tr style=\"height: 42px;\">\n<td style=\"width: 100%; height: 42px; text-align: center; vertical-align: middle;\"><a href=\"https:\/\/agora.xtec.cat\/ecamanresa\/wp-content\/uploads\/usu866\/2025\/03\/dossier-CFGS-baixa-2025.pdf\" target=\"_blank\" rel=\"noopener\"><span style=\"color: #ffffff;\"><b>Descarrega&#8217;t el dossier informatiu<\/b><\/span><\/a><\/td>\n<\/tr>\n<tr>\n<td style=\"width: 100%; background-color: #ffffff; text-align: center; vertical-align: middle;\"><span style=\"color: #ffffff;\"><b>\u00a0<\/b><\/span><\/td>\n<\/tr>\n<tr>\n<td style=\"width: 100%; text-align: center; vertical-align: middle;\"><span style=\"color: #ffffff;\"><a style=\"color: #ffffff;\" href=\"https:\/\/forms.gle\/zbKrzNLruv49gmYh9\" target=\"_blank\" rel=\"noopener\"><strong>Inscriu-te a la jornada de portes obertes 2026<\/strong><\/a><b><br \/>\n<\/b><\/span><\/td>\n<\/tr>\n<tr>\n<td style=\"width: 100%; text-align: center; vertical-align: middle;\"><span style=\"color: #ffffff;\"><strong>\u00a0<\/strong><\/span><\/td>\n<\/tr>\n<tr>\n<td style=\"width: 100%; text-align: center; vertical-align: middle;\"><a href=\"https:\/\/agora.xtec.cat\/ecamanresa\/wp-content\/uploads\/usu866\/2026\/04\/2627-JPO-CFGS.pdf\" target=\"_blank\" rel=\"noopener\"><span style=\"color: #ffffff;\"><strong>Descarrega la informaci\u00f3 per fer la preinscripci\u00f3<\/strong><\/span><\/a><\/td>\n<\/tr>\n<\/tbody>\n<\/table>\n<p>&nbsp;<\/p>\n<p>&nbsp;<\/p>\n<p style=\"text-align: justify;\"><iframe loading=\"lazy\" title=\"YouTube video player\" src=\"\/\/www.youtube.com\/embed\/ykWwKSfDi0w?si=G9qSvHQ4yshoVzBc\" width=\"560\" height=\"315\" frameborder=\"0\" allowfullscreen=\"allowfullscreen\"><\/iframe><\/p>\n<p>Descobreix el testimoni del Manel, alumne d\u2019aquest cicle:<\/p>\n<p><iframe loading=\"lazy\" title=\"YouTube video player\" src=\"\/\/www.youtube.com\/embed\/0Jh8wppQ4bY?si=AhRcPklLd9uMd6_V\" width=\"560\" height=\"315\" frameborder=\"0\" allowfullscreen=\"allowfullscreen\"><\/iframe><\/p>\n<p>&nbsp;<\/p>\n","protected":false},"excerpt":{"rendered":"<p>Vols gestionar una finca agr\u00edcola, ramadera o de jardineria? O desenvolupar projectes de restauraci\u00f3 del paisatge i disseny de jardins? Ho vols fer aplicant t\u00e8cniques agroecol\u00f2giques compromeses amb l\u2019acci\u00f3 clim\u00e0tica i la sostenibilitat? Vols aprendre a gestionar els recursos humans i materials d\u2019una finca agr\u00e0ria&hellip;  <a href=\"https:\/\/agora.xtec.cat\/ecamanresa\/cicles-formatius\/cfgs-dual-paisatgisme-medi-rural\/\" title=\"Read CFGS dual Paisatgisme i Medi Rural, perfil professional d\u2019Agroecologia i Acci\u00f3 Clim\u00e0tica\">Llegeix m\u00e9s\u00bb<\/a><\/p>\n","protected":false},"author":3,"featured_media":0,"parent":5746,"menu_order":2,"comment_status":"closed","ping_status":"closed","template":"page-templates\/side-menu.php","meta":{"_bbp_topic_count":0,"_bbp_reply_count":0,"_bbp_total_topic_count":0,"_bbp_total_reply_count":0,"_bbp_voice_count":0,"_bbp_anonymous_reply_count":0,"_bbp_topic_count_hidden":0,"_bbp_reply_count_hidden":0,"_bbp_forum_subforum_count":0,"footnotes":""},"class_list":["post-5579","page","type-page","status-publish","hentry"],"post_mailing_queue_ids":[],"_links":{"self":[{"href":"https:\/\/agora.xtec.cat\/ecamanresa\/wp-json\/wp\/v2\/pages\/5579","targetHints":{"allow":["GET"]}}],"collection":[{"href":"https:\/\/agora.xtec.cat\/ecamanresa\/wp-json\/wp\/v2\/pages"}],"about":[{"href":"https:\/\/agora.xtec.cat\/ecamanresa\/wp-json\/wp\/v2\/types\/page"}],"author":[{"embeddable":true,"href":"https:\/\/agora.xtec.cat\/ecamanresa\/wp-json\/wp\/v2\/users\/3"}],"replies":[{"embeddable":true,"href":"https:\/\/agora.xtec.cat\/ecamanresa\/wp-json\/wp\/v2\/comments?post=5579"}],"version-history":[{"count":6,"href":"https:\/\/agora.xtec.cat\/ecamanresa\/wp-json\/wp\/v2\/pages\/5579\/revisions"}],"predecessor-version":[{"id":7193,"href":"https:\/\/agora.xtec.cat\/ecamanresa\/wp-json\/wp\/v2\/pages\/5579\/revisions\/7193"}],"up":[{"embeddable":true,"href":"https:\/\/agora.xtec.cat\/ecamanresa\/wp-json\/wp\/v2\/pages\/5746"}],"wp:attachment":[{"href":"https:\/\/agora.xtec.cat\/ecamanresa\/wp-json\/wp\/v2\/media?parent=5579"}],"curies":[{"name":"wp","href":"https:\/\/api.w.org\/{rel}","templated":true}]}}