{"id":5572,"date":"2024-02-15T16:49:12","date_gmt":"2024-02-15T15:49:12","guid":{"rendered":"https:\/\/agora.xtec.cat\/ecamanresa\/?page_id=5572"},"modified":"2026-03-12T13:50:25","modified_gmt":"2026-03-12T12:50:25","slug":"mobilitat-internacional-2","status":"publish","type":"page","link":"https:\/\/agora.xtec.cat\/ecamanresa\/cicles-formatius\/mobilitat-internacional-2\/","title":{"rendered":"Mobilitat Internacional"},"content":{"rendered":"<p style=\"text-align: left;\">Des de l\u2019Escola t\u2019oferim la possibilitat de fer part de les pr\u00e0ctiques a Dinamarca i altres pa\u00efsos, en el marc del programa Erasmus+. En aquest cas, podr\u00e0s optar a una beca que tramitar\u00e0 l\u2019escola i que et permetr\u00e0 fer una estada d\u2019entre 30 dies i 6 mesos, en format dual remunerat o no.<\/p>\n<p style=\"text-align: left;\"><strong>Aprofita els avantatges del programa de mobilitat internacional!<\/strong><\/p>\n<ul style=\"text-align: left;\">\n<li>Aprendr\u00e0s la professi\u00f3 fent una immersi\u00f3 ling\u00fc\u00edstica total en angl\u00e8s.<\/li>\n<li>Viur\u00e0s una experi\u00e8ncia vital en un pa\u00eds estranger.<\/li>\n<li>Coneixer\u00e0s pr\u00e0ctiques i t\u00e8cniques diferents de les que practiquem a Catalunya.<\/li>\n<\/ul>\n<p style=\"text-align: left;\"><strong>Aix\u00f2 opinen els alumnes que han viscut aquesta experi\u00e8ncia:<\/strong><\/p>\n<ul>\n<li style=\"text-align: left;\"><em>\u201cHa estat una molt bona oportunitat per a l\u2019aprenentatge de l\u2019angl\u00e8s per la immersi\u00f3 ling\u00fc\u00edstica que fas\u201d<\/em> &#8211; \u00c8ric Cintas<\/li>\n<li style=\"text-align: left;\"><em>&#8220;Ha sigut molt gratificant poder veure altres formes de treballar&#8221;<\/em> &#8211; Arnau Cortadella<\/li>\n<li style=\"text-align: left;\"><em>\u201cAnimo a tothom a fer les pr\u00e0ctiques a l&#8217;estranger i a anar-hi amb la mentalitat oberta i sense por&#8221;<\/em> &#8211; Jordi Vilaseca<\/li>\n<\/ul>\n<p><a href=\"https:\/\/agora.xtec.cat\/ecamanresa\/wp-content\/uploads\/usu866\/2024\/03\/internacional-01.jpg\"><img loading=\"lazy\" decoding=\"async\" class=\"alignnone wp-image-5883\" src=\"https:\/\/agora.xtec.cat\/ecamanresa\/wp-content\/uploads\/usu866\/2024\/03\/internacional-01.jpg\" alt=\"\" width=\"495\" height=\"330\" srcset=\"https:\/\/agora.xtec.cat\/ecamanresa\/wp-content\/uploads\/usu866\/2024\/03\/internacional-01.jpg 929w, https:\/\/agora.xtec.cat\/ecamanresa\/wp-content\/uploads\/usu866\/2024\/03\/internacional-01-300x200.jpg 300w, https:\/\/agora.xtec.cat\/ecamanresa\/wp-content\/uploads\/usu866\/2024\/03\/internacional-01-768x512.jpg 768w\" sizes=\"auto, (max-width: 495px) 100vw, 495px\" \/><\/a> <a href=\"https:\/\/agora.xtec.cat\/ecamanresa\/wp-content\/uploads\/usu866\/2024\/03\/internacional-02-scaled.jpg\"><img loading=\"lazy\" decoding=\"async\" class=\"alignnone wp-image-5882\" src=\"https:\/\/agora.xtec.cat\/ecamanresa\/wp-content\/uploads\/usu866\/2024\/03\/internacional-02-scaled.jpg\" alt=\"\" width=\"495\" height=\"330\" srcset=\"https:\/\/agora.xtec.cat\/ecamanresa\/wp-content\/uploads\/usu866\/2024\/03\/internacional-02-scaled.jpg 2560w, https:\/\/agora.xtec.cat\/ecamanresa\/wp-content\/uploads\/usu866\/2024\/03\/internacional-02-300x200.jpg 300w, https:\/\/agora.xtec.cat\/ecamanresa\/wp-content\/uploads\/usu866\/2024\/03\/internacional-02-1024x683.jpg 1024w, https:\/\/agora.xtec.cat\/ecamanresa\/wp-content\/uploads\/usu866\/2024\/03\/internacional-02-768x512.jpg 768w, https:\/\/agora.xtec.cat\/ecamanresa\/wp-content\/uploads\/usu866\/2024\/03\/internacional-02-1536x1024.jpg 1536w, https:\/\/agora.xtec.cat\/ecamanresa\/wp-content\/uploads\/usu866\/2024\/03\/internacional-02-2048x1365.jpg 2048w\" sizes=\"auto, (max-width: 495px) 100vw, 495px\" \/><\/a><\/p>\n","protected":false},"excerpt":{"rendered":"<p>Des de l\u2019Escola t\u2019oferim la possibilitat de fer part de les pr\u00e0ctiques a Dinamarca i altres pa\u00efsos, en el marc del programa Erasmus+. En aquest cas, podr\u00e0s optar a una beca que tramitar\u00e0 l\u2019escola i que et permetr\u00e0 fer una estada d\u2019entre 30 dies i&hellip;  <a href=\"https:\/\/agora.xtec.cat\/ecamanresa\/cicles-formatius\/mobilitat-internacional-2\/\" title=\"Read Mobilitat Internacional\">Llegeix m\u00e9s\u00bb<\/a><\/p>\n","protected":false},"author":3,"featured_media":0,"parent":5746,"menu_order":4,"comment_status":"closed","ping_status":"closed","template":"page-templates\/side-menu.php","meta":{"_bbp_topic_count":0,"_bbp_reply_count":0,"_bbp_total_topic_count":0,"_bbp_total_reply_count":0,"_bbp_voice_count":0,"_bbp_anonymous_reply_count":0,"_bbp_topic_count_hidden":0,"_bbp_reply_count_hidden":0,"_bbp_forum_subforum_count":0,"footnotes":""},"class_list":["post-5572","page","type-page","status-publish","hentry"],"post_mailing_queue_ids":[],"_links":{"self":[{"href":"https:\/\/agora.xtec.cat\/ecamanresa\/wp-json\/wp\/v2\/pages\/5572","targetHints":{"allow":["GET"]}}],"collection":[{"href":"https:\/\/agora.xtec.cat\/ecamanresa\/wp-json\/wp\/v2\/pages"}],"about":[{"href":"https:\/\/agora.xtec.cat\/ecamanresa\/wp-json\/wp\/v2\/types\/page"}],"author":[{"embeddable":true,"href":"https:\/\/agora.xtec.cat\/ecamanresa\/wp-json\/wp\/v2\/users\/3"}],"replies":[{"embeddable":true,"href":"https:\/\/agora.xtec.cat\/ecamanresa\/wp-json\/wp\/v2\/comments?post=5572"}],"version-history":[{"count":6,"href":"https:\/\/agora.xtec.cat\/ecamanresa\/wp-json\/wp\/v2\/pages\/5572\/revisions"}],"predecessor-version":[{"id":5902,"href":"https:\/\/agora.xtec.cat\/ecamanresa\/wp-json\/wp\/v2\/pages\/5572\/revisions\/5902"}],"up":[{"embeddable":true,"href":"https:\/\/agora.xtec.cat\/ecamanresa\/wp-json\/wp\/v2\/pages\/5746"}],"wp:attachment":[{"href":"https:\/\/agora.xtec.cat\/ecamanresa\/wp-json\/wp\/v2\/media?parent=5572"}],"curies":[{"name":"wp","href":"https:\/\/api.w.org\/{rel}","templated":true}]}}