{"id":1375,"date":"2017-09-18T14:18:31","date_gmt":"2017-09-18T12:18:31","guid":{"rendered":"http:\/\/agora.xtec.cat\/ecamanresa\/?page_id=1375"},"modified":"2026-03-12T13:56:13","modified_gmt":"2026-03-12T12:56:13","slug":"publicacions","status":"publish","type":"page","link":"https:\/\/agora.xtec.cat\/ecamanresa\/publicacions\/","title":{"rendered":"Publicacions Escola"},"content":{"rendered":"<hr \/>\n<p><strong>Publicacions<\/strong><\/p>\n<div>\n<table>\n<tbody>\n<tr>\n<td><a href=\"https:\/\/agora.xtec.cat\/ecamanresa\/wp-content\/uploads\/usu866\/2019\/10\/manual-emprenedoria-ecol\u00f2gica.png\"><img loading=\"lazy\" decoding=\"async\" class=\"alignleft size-full wp-image-3006\" src=\"https:\/\/agora.xtec.cat\/ecamanresa\/wp-content\/uploads\/usu866\/2019\/10\/manual-emprenedoria-ecol\u00f2gica.png\" alt=\"\" width=\"150\" height=\"213\" \/><\/a><\/td>\n<td><a id=\"yui_3_17_2_1_1571985010226_67\" title=\"Manual d\u2019emprenedoria ecol\u00f2gica Guia per a una nova generaci\u00f3 d\u2019horticultors i fructicultors\" href=\"https:\/\/drive.google.com\/file\/d\/0B5wg-kFiE8aKMWk1eDhmanl1UDg\/edit?usp=sharing\" target=\"_blank\" rel=\"noopener noreferrer\">HAYES, Matthew; HUESE, Arjen; DESCOMBES, Charles-Andr\u00e9. 2013. <em>Manual d\u2019emprenedoria ecol\u00f2gica. Guia per a una nova generaci\u00f3 d\u2019horticultors i fructicultors. <\/em>Projecte Leonardo Ecovoc <\/a><\/td>\n<\/tr>\n<tr>\n<td><a href=\"https:\/\/agora.xtec.cat\/ecamanresa\/wp-content\/uploads\/usu866\/2019\/10\/circuits-curs-de-comercialitzaci\u00f3-en-aliments-ecol\u00f2gics.png\"><img loading=\"lazy\" decoding=\"async\" class=\"alignleft size-full wp-image-3007\" src=\"https:\/\/agora.xtec.cat\/ecamanresa\/wp-content\/uploads\/usu866\/2019\/10\/circuits-curs-de-comercialitzaci\u00f3-en-aliments-ecol\u00f2gics.png\" alt=\"\" width=\"150\" height=\"194\" \/><\/a><\/td>\n<td><a href=\"https:\/\/drive.google.com\/file\/d\/0B5wg-kFiE8aKaUFPOG1IY2FoRTg\/edit?usp=sharing\" target=\"_blank\" rel=\"noopener noreferrer\">BINIMELIS, Rosa; DESCOMBES, Charles-Andr\u00e9. 2010. <em>Circuits curts de comercialitzaci\u00f3 per a aliments ecol\u00f2gics. Identificaci\u00f3 i tipologia.<\/em> DAAM. Formaci\u00f3 Agr\u00e0ria. Escola Agr\u00e0ria de Manresa <\/a><\/td>\n<\/tr>\n<tr>\n<td><a href=\"https:\/\/agora.xtec.cat\/ecamanresa\/wp-content\/uploads\/usu866\/2019\/11\/manual-tracci\u00f3-animal-moderna.png\"><img loading=\"lazy\" decoding=\"async\" class=\"alignleft size-full wp-image-3009\" src=\"https:\/\/agora.xtec.cat\/ecamanresa\/wp-content\/uploads\/usu866\/2019\/11\/manual-tracci\u00f3-animal-moderna.png\" alt=\"\" width=\"150\" height=\"212\" \/><\/a><\/td>\n<td><a href=\"https:\/\/drive.google.com\/file\/d\/0B5wg-kFiE8aKWjZ3V0l4TWpvTU0\/edit?usp=sharing\" target=\"_blank\" rel=\"noopener noreferrer\">KELLER J. et al., 2010. <em>Manual de tracci\u00f3 animal moderna. Horticultura<\/em>. Projecte Leonardo BIOTACC<\/a><\/td>\n<\/tr>\n<tr>\n<td style=\"text-align: center;\"><a href=\"https:\/\/agora.xtec.cat\/ecamanresa\/wp-content\/uploads\/usu866\/2019\/11\/aspectes-b\u00e0sics-de-la-agricultura-ecol\u00f2gica.png\"><img loading=\"lazy\" decoding=\"async\" class=\"alignleft size-full wp-image-3050\" src=\"https:\/\/agora.xtec.cat\/ecamanresa\/wp-content\/uploads\/usu866\/2019\/11\/aspectes-b\u00e0sics-de-la-agricultura-ecol\u00f2gica.png\" alt=\"\" width=\"150\" height=\"213\" \/><\/a><\/td>\n<td><a href=\"https:\/\/agora.xtec.cat\/ecamanresa\/wp-content\/uploads\/usu866\/2019\/11\/CAT_Introduction_net.pdf\" target=\"_blank\" rel=\"noopener noreferrer\">Kolumb\u00e1n G. et al., 2017. <em>Aspectes b\u00e0sics de l\u2019agricultura ecol\u00f2gica<\/em>. Projecte Eco-Motive<\/a><\/td>\n<\/tr>\n<tr>\n<td style=\"text-align: center;\"><a href=\"https:\/\/agora.xtec.cat\/ecamanresa\/wp-content\/uploads\/usu866\/2019\/11\/col\u00b7lecci\u00f3-de-metodologies.png\"><img loading=\"lazy\" decoding=\"async\" class=\"alignleft size-full wp-image-3051\" src=\"https:\/\/agora.xtec.cat\/ecamanresa\/wp-content\/uploads\/usu866\/2019\/11\/col\u00b7lecci\u00f3-de-metodologies.png\" alt=\"\" width=\"150\" height=\"213\" \/><\/a><\/td>\n<td><a href=\"https:\/\/agora.xtec.cat\/ecamanresa\/wp-content\/uploads\/usu866\/2019\/11\/CAT_methodologies_net.pdf\" target=\"_blank\" rel=\"noopener noreferrer\">Courts B. et al., 2017. <em>Col\u00b7lecci\u00f3 de metodologies<\/em>. Projecte Eco-Motive<\/a><\/td>\n<\/tr>\n<tr>\n<td style=\"text-align: center;\"><a href=\"https:\/\/agora.xtec.cat\/ecamanresa\/wp-content\/uploads\/usu866\/2019\/11\/produ\u00efm-ecol\u00f2gicament.png\"><img loading=\"lazy\" decoding=\"async\" class=\"alignleft size-full wp-image-3054\" src=\"https:\/\/agora.xtec.cat\/ecamanresa\/wp-content\/uploads\/usu866\/2019\/11\/produ\u00efm-ecol\u00f2gicament.png\" alt=\"\" width=\"150\" height=\"212\" \/><\/a><\/td>\n<td><a href=\"https:\/\/agora.xtec.cat\/ecamanresa\/wp-content\/uploads\/usu866\/2019\/11\/Cat_cartoon_net.pdf\" target=\"_blank\" rel=\"noopener noreferrer\">Courts B. et al., 2017. <em>Produ\u00efm ecol\u00f2gicament! Recurs visual per a la producci\u00f3 ecol\u00f2gica a petita escala<\/em>. Projecte Eco-Motive<\/a><\/td>\n<\/tr>\n<tr>\n<td style=\"text-align: center;\"><a href=\"https:\/\/agora.xtec.cat\/ecamanresa\/wp-content\/uploads\/usu866\/2019\/11\/horticultura-ecol\u00f2gica.png\"><img loading=\"lazy\" decoding=\"async\" class=\"alignleft size-full wp-image-3053\" src=\"https:\/\/agora.xtec.cat\/ecamanresa\/wp-content\/uploads\/usu866\/2019\/11\/horticultura-ecol\u00f2gica.png\" alt=\"\" width=\"150\" height=\"213\" \/><\/a><\/td>\n<td><a href=\"https:\/\/agora.xtec.cat\/ecamanresa\/wp-content\/uploads\/usu866\/2019\/11\/CAT_vegetable_net.pdf\" target=\"_blank\" rel=\"noopener noreferrer\">Ferencz L. et al., 2017. <em>Horticultura ecol\u00f2gica<\/em>. Projecte Eco-Motive<\/a><\/td>\n<\/tr>\n<tr>\n<td><a href=\"https:\/\/agora.xtec.cat\/ecamanresa\/wp-content\/uploads\/usu866\/2019\/11\/fructicultura-ecol\u00f2gica.png\"><img loading=\"lazy\" decoding=\"async\" class=\"alignleft size-full wp-image-3052\" src=\"https:\/\/agora.xtec.cat\/ecamanresa\/wp-content\/uploads\/usu866\/2019\/11\/fructicultura-ecol\u00f2gica.png\" alt=\"\" width=\"150\" height=\"213\" \/><\/a><\/td>\n<td><a href=\"https:\/\/agora.xtec.cat\/ecamanresa\/wp-content\/uploads\/usu866\/2019\/11\/CAT_fruit_net.pdf\" target=\"_blank\" rel=\"noopener noreferrer\">Ferencz L. et al., 2017. <em>Fructicultura ecol\u00f2gica<\/em>. Projecte Eco-Motive<\/a><\/td>\n<\/tr>\n<tr>\n<td style=\"text-align: center;\"><a href=\"https:\/\/agora.xtec.cat\/ecamanresa\/wp-content\/uploads\/usu866\/2019\/11\/ramaderia-ecol\u00f2gica-a-petita-escala.png\"><img loading=\"lazy\" decoding=\"async\" class=\"alignleft size-full wp-image-3055\" src=\"https:\/\/agora.xtec.cat\/ecamanresa\/wp-content\/uploads\/usu866\/2019\/11\/ramaderia-ecol\u00f2gica-a-petita-escala.png\" alt=\"\" width=\"150\" height=\"213\" \/><\/a><\/td>\n<td><a href=\"https:\/\/agora.xtec.cat\/ecamanresa\/wp-content\/uploads\/usu866\/2019\/11\/CAT_smallanimal_net.pdf\" target=\"_blank\" rel=\"noopener noreferrer\">Courts B. et al., 2017. <em>Ramaderia ecol\u00f2gica a petita escala<\/em>. Projecte Eco-Motive<\/a><\/td>\n<\/tr>\n<tr>\n<td><a href=\"https:\/\/agora.xtec.cat\/ecamanresa\/wp-content\/uploads\/usu866\/2019\/11\/sensibilitzaci\u00f3-social-i-motivaci\u00f3.png\"><img loading=\"lazy\" decoding=\"async\" class=\"alignleft size-full wp-image-3056\" src=\"https:\/\/agora.xtec.cat\/ecamanresa\/wp-content\/uploads\/usu866\/2019\/11\/sensibilitzaci\u00f3-social-i-motivaci\u00f3.png\" alt=\"\" width=\"150\" height=\"213\" \/><\/a><\/td>\n<td><a href=\"https:\/\/agora.xtec.cat\/ecamanresa\/wp-content\/uploads\/usu866\/2019\/11\/CAT_sosemo_net.pdf\" target=\"_blank\" rel=\"noopener noreferrer\">Csap\u00f3 B. et al., 2017. <em>Sensibilitzaci\u00f3 social i motivaci\u00f3<\/em>. Projecte Eco-Motive<\/a><\/td>\n<\/tr>\n<tr>\n<td align=\"center\">\r\n\t<div class=\"slideshow_container slideshow_container_style-light\" style=\"height: 213px; \" data-slideshow-id=\"3153\" data-style-name=\"style-light\" data-style-version=\"2.3.1\" >\r\n\r\n\t\t\t\t\t<div class=\"slideshow_loading_icon\"><\/div>\r\n\t\t\r\n\t\t<div class=\"slideshow_content\" style=\"display: none;\">\r\n\r\n\t\t\t<div class=\"slideshow_view\">\r\n\t\t\t\t<div class=\"slideshow_slide slideshow_slide_image\">\r\n\t\t\t\t\t\t\t\t\t\t\t<img src=\"https:\/\/agora.xtec.cat\/ecamanresa\/wp-content\/uploads\/usu866\/2019\/12\/Bones-pr\u00e0ctiques-energ\u00e8tiques-al-sector-agrari.png\" alt=\"Bones pr\u00e0ctiques energ\u00e8tiques al sector agrari\" width=\"150\" height=\"212\" \/>\r\n\t\t\t\t\t\t\t\t\t\t<div class=\"slideshow_description_box slideshow_transparent\">\r\n\t\t\t\t\t\t\t\t\t\t\t\t\t\t\t\t\t<\/div>\r\n\t\t\t\t<\/div>\r\n\r\n\t\t\t\t\t\t<div style=\"clear: both;\"><\/div><\/div><div class=\"slideshow_view\">\r\n\t\t\t\t<div class=\"slideshow_slide slideshow_slide_image\">\r\n\t\t\t\t\t\t\t\t\t\t\t<img src=\"https:\/\/agora.xtec.cat\/ecamanresa\/wp-content\/uploads\/usu866\/2019\/12\/Cal-Feixes-una-finca-autosuficient.png\" alt=\"Barraca de fang i bales de palla amb coberta verda\" width=\"150\" height=\"212\" \/>\r\n\t\t\t\t\t\t\t\t\t\t<div class=\"slideshow_description_box slideshow_transparent\">\r\n\t\t\t\t\t\t\t\t\t\t\t\t\t\t\t\t\t<\/div>\r\n\t\t\t\t<\/div>\r\n\r\n\t\t\t\t\t\t<div style=\"clear: both;\"><\/div><\/div><div class=\"slideshow_view\">\r\n\t\t\t\t<div class=\"slideshow_slide slideshow_slide_image\">\r\n\t\t\t\t\t\t\t\t\t\t\t<img src=\"https:\/\/agora.xtec.cat\/ecamanresa\/wp-content\/uploads\/usu866\/2019\/12\/Barraca-de-fang-i-bales-de-palla-amb-coberta-verda.png\" alt=\"Barraca de fang i bales de palla amb coberta verda\" width=\"150\" height=\"212\" \/>\r\n\t\t\t\t\t\t\t\t\t\t<div class=\"slideshow_description_box slideshow_transparent\">\r\n\t\t\t\t\t\t<div class=\"slideshow_title\">Barraca de fang i bales de palla amb coberta verda<\/div>\t\t\t\t\t\t\t\t\t\t\t<\/div>\r\n\t\t\t\t<\/div>\r\n\r\n\t\t\t\t\t\t<div style=\"clear: both;\"><\/div><\/div><div class=\"slideshow_view\">\r\n\t\t\t\t<div class=\"slideshow_slide slideshow_slide_image\">\r\n\t\t\t\t\t\t\t\t\t\t\t<img src=\"https:\/\/agora.xtec.cat\/ecamanresa\/wp-content\/uploads\/usu866\/2019\/12\/Ca-la-Magdalena-caldera-destelles-i-m\u00e9s.png\" alt=\"Ca la Magdalena, caldera d&#039;estelles i m\u00e9s\" width=\"150\" height=\"212\" \/>\r\n\t\t\t\t\t\t\t\t\t\t<div class=\"slideshow_description_box slideshow_transparent\">\r\n\t\t\t\t\t\t\t\t\t\t\t\t\t\t\t\t\t<\/div>\r\n\t\t\t\t<\/div>\r\n\r\n\t\t\t\t\t\t<div style=\"clear: both;\"><\/div><\/div><div class=\"slideshow_view\">\r\n\t\t\t\t<div class=\"slideshow_slide slideshow_slide_image\">\r\n\t\t\t\t\t\t\t\t\t\t\t<img src=\"https:\/\/agora.xtec.cat\/ecamanresa\/wp-content\/uploads\/usu866\/2019\/12\/Assecador-solar-per-a-plantes-arom\u00e0tiques-i-medicinals.png\" alt=\"Assecador solar per a plantes arom\u00e0tiques i medicinals\" width=\"150\" height=\"212\" \/>\r\n\t\t\t\t\t\t\t\t\t\t<div class=\"slideshow_description_box slideshow_transparent\">\r\n\t\t\t\t\t\t\t\t\t\t\t\t\t\t\t\t\t<\/div>\r\n\t\t\t\t<\/div>\r\n\r\n\t\t\t\t\t\t<div style=\"clear: both;\"><\/div><\/div><div class=\"slideshow_view\">\r\n\t\t\t\t<div class=\"slideshow_slide slideshow_slide_image\">\r\n\t\t\t\t\t\t\t\t\t\t\t<img src=\"https:\/\/agora.xtec.cat\/ecamanresa\/wp-content\/uploads\/usu866\/2019\/12\/Cambra-de-fred-solar-aut\u00f2noma.png\" alt=\"Cambra de fred solar aut\u00f2noma\" width=\"150\" height=\"212\" \/>\r\n\t\t\t\t\t\t\t\t\t\t<div class=\"slideshow_description_box slideshow_transparent\">\r\n\t\t\t\t\t\t\t\t\t\t\t\t\t\t\t\t\t<\/div>\r\n\t\t\t\t<\/div>\r\n\r\n\t\t\t\t\t\t<div style=\"clear: both;\"><\/div><\/div><div class=\"slideshow_view\">\r\n\t\t\t\t<div class=\"slideshow_slide slideshow_slide_image\">\r\n\t\t\t\t\t\t\t\t\t\t\t<img src=\"https:\/\/agora.xtec.cat\/ecamanresa\/wp-content\/uploads\/usu866\/2019\/12\/Magatzem-agr\u00edcola-constru\u00eft-amb-bales-de-palla.png\" alt=\"Magatzem agr\u00edcola constru\u00eft amb bales de palla\" width=\"150\" height=\"212\" \/>\r\n\t\t\t\t\t\t\t\t\t\t<div class=\"slideshow_description_box slideshow_transparent\">\r\n\t\t\t\t\t\t\t\t\t\t\t\t\t\t\t\t\t<\/div>\r\n\t\t\t\t<\/div>\r\n\r\n\t\t\t\t\t\t<div style=\"clear: both;\"><\/div><\/div><div class=\"slideshow_view\">\r\n\t\t\t\t<div class=\"slideshow_slide slideshow_slide_image\">\r\n\t\t\t\t\t\t\t\t\t\t\t<img src=\"https:\/\/agora.xtec.cat\/ecamanresa\/wp-content\/uploads\/usu866\/2019\/12\/Coberta-fotovoltaica-participativa.png\" alt=\"Coberta fotovoltaica participativa\" width=\"150\" height=\"212\" \/>\r\n\t\t\t\t\t\t\t\t\t\t<div class=\"slideshow_description_box slideshow_transparent\">\r\n\t\t\t\t\t\t\t\t\t\t\t\t\t\t\t\t\t<\/div>\r\n\t\t\t\t<\/div>\r\n\r\n\t\t\t\t\t\t<div style=\"clear: both;\"><\/div><\/div><div class=\"slideshow_view\">\r\n\t\t\t\t<div class=\"slideshow_slide slideshow_slide_image\">\r\n\t\t\t\t\t\t\t\t\t\t\t<img src=\"https:\/\/agora.xtec.cat\/ecamanresa\/wp-content\/uploads\/usu866\/2019\/12\/Horta-solar-comunit\u00e0ria-a-Linyola.png\" alt=\"Horta solar comunit\u00e0ria a Linyola\" width=\"150\" height=\"212\" \/>\r\n\t\t\t\t\t\t\t\t\t\t<div class=\"slideshow_description_box slideshow_transparent\">\r\n\t\t\t\t\t\t\t\t\t\t\t\t\t\t\t\t\t<\/div>\r\n\t\t\t\t<\/div>\r\n\r\n\t\t\t\t\t\t<div style=\"clear: both;\"><\/div><\/div><div class=\"slideshow_view\">\r\n\t\t\t\t<div class=\"slideshow_slide slideshow_slide_image\">\r\n\t\t\t\t\t\t\t\t\t\t\t<img src=\"https:\/\/agora.xtec.cat\/ecamanresa\/wp-content\/uploads\/usu866\/2019\/12\/Plaques-solars-t\u00e8rmiques-per-a-la-calefacci\u00f3-duna-granja.png\" alt=\"Plaques solars t\u00e8rmiques per a la calefacci\u00f3 d&#039;una granja\" width=\"150\" height=\"212\" \/>\r\n\t\t\t\t\t\t\t\t\t\t<div class=\"slideshow_description_box slideshow_transparent\">\r\n\t\t\t\t\t\t\t\t\t\t\t\t\t\t\t\t\t<\/div>\r\n\t\t\t\t<\/div>\r\n\r\n\t\t\t\t\t\t<div style=\"clear: both;\"><\/div><\/div><div class=\"slideshow_view\">\r\n\t\t\t\t<div class=\"slideshow_slide slideshow_slide_image\">\r\n\t\t\t\t\t\t\t\t\t\t\t<img src=\"https:\/\/agora.xtec.cat\/ecamanresa\/wp-content\/uploads\/usu866\/2019\/12\/Caldera-de-biomassa-i-plaques-solars-t\u00e8rmiques-per-calefactar-hivernacles-i-t\u00fanels.png\" alt=\"Caldera de biomassa i plaques solars t\u00e8rmiques per calefactar hivernacles i t\u00fanels\" width=\"150\" height=\"212\" \/>\r\n\t\t\t\t\t\t\t\t\t\t<div class=\"slideshow_description_box slideshow_transparent\">\r\n\t\t\t\t\t\t<div class=\"slideshow_title\">Caldera de biomassa i plaques solars t\u00e8rmiques per calefactar hivernacles i t\u00fanels<\/div>\t\t\t\t\t\t\t\t\t\t\t<\/div>\r\n\t\t\t\t<\/div>\r\n\r\n\t\t\t\t\t\t<div style=\"clear: both;\"><\/div><\/div><div class=\"slideshow_view\">\r\n\t\t\t\t<div class=\"slideshow_slide slideshow_slide_image\">\r\n\t\t\t\t\t\t\t\t\t\t\t<img src=\"https:\/\/agora.xtec.cat\/ecamanresa\/wp-content\/uploads\/usu866\/2019\/12\/Caldera-destelles-que-provenen-de-la-neteja-forestal.png\" alt=\"Caldera d&#039;estelles que provenen de la neteja forestal\" width=\"150\" height=\"212\" \/>\r\n\t\t\t\t\t\t\t\t\t\t<div class=\"slideshow_description_box slideshow_transparent\">\r\n\t\t\t\t\t\t<div class=\"slideshow_title\">Caldera d&#039;estelles que provenen de la neteja forestal<\/div>\t\t\t\t\t\t\t\t\t\t\t<\/div>\r\n\t\t\t\t<\/div>\r\n\r\n\t\t\t\t\t\t<div style=\"clear: both;\"><\/div><\/div><div class=\"slideshow_view\">\r\n\t\t\t\t<div class=\"slideshow_slide slideshow_slide_image\">\r\n\t\t\t\t\t\t\t\t\t\t\t<img src=\"https:\/\/agora.xtec.cat\/ecamanresa\/wp-content\/uploads\/usu866\/2019\/12\/Caldera-de-biomassa-policombustible-en-una-granja-porcina.png\" alt=\"Caldera de biomassa policombustible en una granja porcina\" width=\"150\" height=\"212\" \/>\r\n\t\t\t\t\t\t\t\t\t\t<div class=\"slideshow_description_box slideshow_transparent\">\r\n\t\t\t\t\t\t\t\t\t\t\t\t\t\t\t\t\t<\/div>\r\n\t\t\t\t<\/div>\r\n\r\n\t\t\t\t\t\t<div style=\"clear: both;\"><\/div><\/div><div class=\"slideshow_view\">\r\n\t\t\t\t<div class=\"slideshow_slide slideshow_slide_image\">\r\n\t\t\t\t\t\t\t\t\t\t\t<img src=\"https:\/\/agora.xtec.cat\/ecamanresa\/wp-content\/uploads\/usu866\/2019\/12\/Biog\u00e0s-en-una-granja-de-mares-reproductores.png\" alt=\"Biog\u00e0s en una granja de mares reproductores\" width=\"150\" height=\"212\" \/>\r\n\t\t\t\t\t\t\t\t\t\t<div class=\"slideshow_description_box slideshow_transparent\">\r\n\t\t\t\t\t\t\t\t\t\t\t\t\t\t\t\t\t<\/div>\r\n\t\t\t\t<\/div>\r\n\r\n\t\t\t\t\t\t<div style=\"clear: both;\"><\/div><\/div><div class=\"slideshow_view\">\r\n\t\t\t\t<div class=\"slideshow_slide slideshow_slide_image\">\r\n\t\t\t\t\t\t\t\t\t\t\t<img src=\"https:\/\/agora.xtec.cat\/ecamanresa\/wp-content\/uploads\/usu866\/2019\/12\/Biog\u00e0s-en-una-granja-de-vaques-lleteres.png\" alt=\"Biog\u00e0s en una granja de vaques lleteres\" width=\"150\" height=\"212\" \/>\r\n\t\t\t\t\t\t\t\t\t\t<div class=\"slideshow_description_box slideshow_transparent\">\r\n\t\t\t\t\t\t\t\t\t\t\t\t\t\t\t\t\t<\/div>\r\n\t\t\t\t<\/div>\r\n\r\n\t\t\t\t\t\t<div style=\"clear: both;\"><\/div><\/div><div class=\"slideshow_view\">\r\n\t\t\t\t<div class=\"slideshow_slide slideshow_slide_image\">\r\n\t\t\t\t\t\t\t\t\t\t\t<img src=\"https:\/\/agora.xtec.cat\/ecamanresa\/wp-content\/uploads\/usu866\/2019\/12\/Molins-de-bombament-daigua-granja-de-porc\u00ed-i-horta-ecol\u00f2gica.png\" alt=\"Molins de bombament d&#039;aigua: granja de porc\u00ed i horta ecol\u00f2gica\" width=\"150\" height=\"212\" \/>\r\n\t\t\t\t\t\t\t\t\t\t<div class=\"slideshow_description_box slideshow_transparent\">\r\n\t\t\t\t\t\t\t\t\t\t\t\t\t\t\t\t\t<\/div>\r\n\t\t\t\t<\/div>\r\n\r\n\t\t\t\t\t\t<div style=\"clear: both;\"><\/div><\/div><div class=\"slideshow_view\">\r\n\t\t\t\t<div class=\"slideshow_slide slideshow_slide_image\">\r\n\t\t\t\t\t\t\t\t\t\t\t<img src=\"https:\/\/agora.xtec.cat\/ecamanresa\/wp-content\/uploads\/usu866\/2019\/12\/Notes-per-una-granja-del-futur.png\" alt=\"Notes per una granja del futur\" width=\"150\" height=\"212\" \/>\r\n\t\t\t\t\t\t\t\t\t\t<div class=\"slideshow_description_box slideshow_transparent\">\r\n\t\t\t\t\t\t\t\t\t\t\t\t\t\t\t\t\t<\/div>\r\n\t\t\t\t<\/div>\r\n\r\n\t\t\t\t\t\t<div style=\"clear: both;\"><\/div><\/div>\r\n\t\t<\/div>\r\n\r\n\t\t<div class=\"slideshow_controlPanel slideshow_transparent\" style=\"display: none;\"><ul><li class=\"slideshow_togglePlay\" data-play-text=\"Visualitza\" data-pause-text=\"Pausa\"><\/li><\/ul><\/div>\r\n\r\n\t\t<div class=\"slideshow_button slideshow_previous slideshow_transparent\" role=\"button\" data-previous-text=\"Anterior\" style=\"display: none;\"><\/div>\r\n\t\t<div class=\"slideshow_button slideshow_next slideshow_transparent\" role=\"button\" data-next-text=\"Seg\u00fcent\" style=\"display: none;\"><\/div>\r\n\r\n\t\t<div class=\"slideshow_pagination\" style=\"display: none;\" data-go-to-text=\"V\u00e9s a la diapositiva\"><div class=\"slideshow_pagination_center\"><\/div><\/div>\r\n\r\n\t\t<!-- WordPress Slideshow Version 2.3.1 -->\r\n\r\n\t\t\t<\/div>\r\n\r\n<\/td>\n<td><a href=\"https:\/\/agora.xtec.cat\/ecamanresa\/escola-agraria-de-manresa\/publicacions-i-videos-de-lescola\/bones-practiques-energetiques-al-sector-agrari-2\/\">Bones pr\u00e0ctiques energ\u00e8tiques al sector agrari. Projecte APERSUE<\/a><\/td>\n<\/tr>\n<\/tbody>\n<\/table>\n<\/div>\n","protected":false},"excerpt":{"rendered":"<p>Publicacions<\/p>\n<p><a href=\"https:\/\/agora.xtec.cat\/ecamanresa\/wp-content\/uploads\/usu866\/2019\/10\/manual-emprenedoria-ecol\u00f2gica.png\"><\/a><br \/>\n<a id=\"yui_3_17_2_1_1571985010226_67\" title=\"Manual d\u2019emprenedoria ecol\u00f2gica Guia per a una nova generaci\u00f3 d\u2019horticultors i fructicultors\" href=\"https:\/\/drive.google.com\/file\/d\/0B5wg-kFiE8aKMWk1eDhmanl1UDg\/edit?usp=sharing\" target=\"_blank\" rel=\"noopener noreferrer\">HAYES, Matthew; HUESE, Arjen; DESCOMBES, Charles-Andr\u00e9. 2013. Manual d\u2019emprenedoria ecol\u00f2gica. Guia per a una nova generaci\u00f3 d\u2019horticultors i fructicultors. Projecte Leonardo Ecovoc <\/a><\/p>\n<p><a href=\"https:\/\/agora.xtec.cat\/ecamanresa\/wp-content\/uploads\/usu866\/2019\/10\/circuits-curs-de-comercialitzaci\u00f3-en-aliments-ecol\u00f2gics.png\"><\/a><br \/>\n<a href=\"https:\/\/drive.google.com\/file\/d\/0B5wg-kFiE8aKaUFPOG1IY2FoRTg\/edit?usp=sharing\" target=\"_blank\" rel=\"noopener&hellip;  <a href=\"https:\/\/agora.xtec.cat\/ecamanresa\/publicacions\/\" title=\"Read Publicacions Escola\">Llegeix m\u00e9s\u00bb<\/a><\/p>\n","protected":false},"author":1,"featured_media":0,"parent":0,"menu_order":4,"comment_status":"closed","ping_status":"closed","template":"page-templates\/side-menu.php","meta":{"_bbp_topic_count":0,"_bbp_reply_count":0,"_bbp_total_topic_count":0,"_bbp_total_reply_count":0,"_bbp_voice_count":0,"_bbp_anonymous_reply_count":0,"_bbp_topic_count_hidden":0,"_bbp_reply_count_hidden":0,"_bbp_forum_subforum_count":0,"footnotes":""},"class_list":["post-1375","page","type-page","status-publish","hentry"],"post_mailing_queue_ids":[],"_links":{"self":[{"href":"https:\/\/agora.xtec.cat\/ecamanresa\/wp-json\/wp\/v2\/pages\/1375","targetHints":{"allow":["GET"]}}],"collection":[{"href":"https:\/\/agora.xtec.cat\/ecamanresa\/wp-json\/wp\/v2\/pages"}],"about":[{"href":"https:\/\/agora.xtec.cat\/ecamanresa\/wp-json\/wp\/v2\/types\/page"}],"author":[{"embeddable":true,"href":"https:\/\/agora.xtec.cat\/ecamanresa\/wp-json\/wp\/v2\/users\/1"}],"replies":[{"embeddable":true,"href":"https:\/\/agora.xtec.cat\/ecamanresa\/wp-json\/wp\/v2\/comments?post=1375"}],"version-history":[{"count":7,"href":"https:\/\/agora.xtec.cat\/ecamanresa\/wp-json\/wp\/v2\/pages\/1375\/revisions"}],"predecessor-version":[{"id":6128,"href":"https:\/\/agora.xtec.cat\/ecamanresa\/wp-json\/wp\/v2\/pages\/1375\/revisions\/6128"}],"wp:attachment":[{"href":"https:\/\/agora.xtec.cat\/ecamanresa\/wp-json\/wp\/v2\/media?parent=1375"}],"curies":[{"name":"wp","href":"https:\/\/api.w.org\/{rel}","templated":true}]}}