{"id":77,"date":"2014-09-18T10:29:25","date_gmt":"2014-09-18T09:29:25","guid":{"rendered":"http:\/\/agora.xtec.cat\/ecaforestal\/?page_id=77"},"modified":"2024-04-17T10:35:38","modified_gmt":"2024-04-17T08:35:38","slug":"transport-escolar","status":"publish","type":"page","link":"https:\/\/agora.xtec.cat\/ecaforestal\/serveis\/transport-escolar\/","title":{"rendered":"Borsa de treball"},"content":{"rendered":"<p><a href=\"https:\/\/agora.xtec.cat\/ecaforestal\/wp-content\/uploads\/usu2539\/2024\/02\/borsa-de-treball.png\"><img loading=\"lazy\" decoding=\"async\" class=\"alignnone size-full wp-image-1464\" src=\"https:\/\/agora.xtec.cat\/ecaforestal\/wp-content\/uploads\/usu2539\/2024\/02\/borsa-de-treball.png\" alt=\"\" width=\"1024\" height=\"150\" srcset=\"https:\/\/agora.xtec.cat\/ecaforestal\/wp-content\/uploads\/usu2539\/2024\/02\/borsa-de-treball.png 1024w, https:\/\/agora.xtec.cat\/ecaforestal\/wp-content\/uploads\/usu2539\/2024\/02\/borsa-de-treball-300x44.png 300w, https:\/\/agora.xtec.cat\/ecaforestal\/wp-content\/uploads\/usu2539\/2024\/02\/borsa-de-treball-768x113.png 768w\" sizes=\"auto, (max-width: 1024px) 100vw, 1024px\" \/><\/a><\/p>\n<p>L&#8217;escola disposa d&#8217;una borsa de treball pr\u00f2pia per als nostres alumnes i ex-alumnes, que gestiona sobre un centenar d&#8217;ofertes l&#8217;any del sector forestal i de la jardineria \/ paisatgisme.<\/p>\n<p>L&#8217;escola participa tamb\u00e9 en un projecte anomenat <strong>OCUPFOREST <\/strong>una nova plataforma per a l\u2019ocupaci\u00f3 i professionalitzaci\u00f3 del sector <a class=\"oajrlxb2 g5ia77u1 qu0x051f esr5mh6w e9989ue4 r7d6kgcz rq0escxv nhd2j8a9 nc684nl6 p7hjln8o kvgmc6g5 cxmmr5t8 oygrvhab hcukyx3x jb3vyjys rz4wbd8a qt6c0cv9 a8nywdso i1ao9s8h esuyzwwr f1sip0of lzcic4wl q66pz984 gpro0wi8 b1v8xokw\" tabindex=\"0\" role=\"link\" href=\"https:\/\/www.facebook.com\/hashtag\/forestal?__eep__=6&amp;__cft__[0]=AZXR6g_X2OARYdFHAcBYe_6APXB58hPwoIsjeSIJnBHNNDx7fluYVeBhPF2CiJ8hvAH_fCw3Pw3OujXBLmf6DtskBw6cCzyk_is1PGDeY4wVXGvgug6sOgEIMc2FhEVbjdY4IypiprhTw-qh_-xOAHt3&amp;__tn__=*NK-R\">#forestal<\/a> <a class=\"oajrlxb2 g5ia77u1 qu0x051f esr5mh6w e9989ue4 r7d6kgcz rq0escxv nhd2j8a9 nc684nl6 p7hjln8o kvgmc6g5 cxmmr5t8 oygrvhab hcukyx3x jb3vyjys rz4wbd8a qt6c0cv9 a8nywdso i1ao9s8h esuyzwwr f1sip0of lzcic4wl q66pz984 gpro0wi8 b1v8xokw\" tabindex=\"0\" role=\"link\" href=\"https:\/\/www.facebook.com\/hashtag\/catal%C3%A0?__eep__=6&amp;__cft__[0]=AZXR6g_X2OARYdFHAcBYe_6APXB58hPwoIsjeSIJnBHNNDx7fluYVeBhPF2CiJ8hvAH_fCw3Pw3OujXBLmf6DtskBw6cCzyk_is1PGDeY4wVXGvgug6sOgEIMc2FhEVbjdY4IypiprhTw-qh_-xOAHt3&amp;__tn__=*NK-R\">#catal\u00e0<\/a>, amb l\u2019impuls del <a class=\"oajrlxb2 g5ia77u1 qu0x051f esr5mh6w e9989ue4 r7d6kgcz rq0escxv nhd2j8a9 nc684nl6 p7hjln8o kvgmc6g5 cxmmr5t8 oygrvhab hcukyx3x jb3vyjys rz4wbd8a qt6c0cv9 a8nywdso i1ao9s8h esuyzwwr f1sip0of lzcic4wl q66pz984 gpro0wi8 b1v8xokw\" tabindex=\"0\" role=\"link\" href=\"https:\/\/www.facebook.com\/ctforestal\/?__cft__[0]=AZXR6g_X2OARYdFHAcBYe_6APXB58hPwoIsjeSIJnBHNNDx7fluYVeBhPF2CiJ8hvAH_fCw3Pw3OujXBLmf6DtskBw6cCzyk_is1PGDeY4wVXGvgug6sOgEIMc2FhEVbjdY4IypiprhTw-qh_-xOAHt3&amp;__tn__=kK-R\"><span class=\"nc684nl6\">Centre de Ci\u00e8ncia i Tecnologia Forestal de Catalunya, CTFC<\/span><\/a>, el Centre de Formaci\u00f3 Forestal Especialitzada, l\u2019EFA Quintanes i l\u2019Escola Agr\u00e0ria i Forestal de Santa Coloma de Farners<\/p>\n<p><a href=\"https:\/\/agora.xtec.cat\/ecaforestal\/wp-content\/uploads\/usu2539\/2024\/04\/ocupforest.jpg\"><img loading=\"lazy\" decoding=\"async\" class=\"aligncenter size-large wp-image-1568\" src=\"https:\/\/agora.xtec.cat\/ecaforestal\/wp-content\/uploads\/usu2539\/2024\/04\/ocupforest-1024x399.jpg\" alt=\"\" width=\"1024\" height=\"399\" srcset=\"https:\/\/agora.xtec.cat\/ecaforestal\/wp-content\/uploads\/usu2539\/2024\/04\/ocupforest-1024x399.jpg 1024w, https:\/\/agora.xtec.cat\/ecaforestal\/wp-content\/uploads\/usu2539\/2024\/04\/ocupforest-300x117.jpg 300w, https:\/\/agora.xtec.cat\/ecaforestal\/wp-content\/uploads\/usu2539\/2024\/04\/ocupforest-768x299.jpg 768w, https:\/\/agora.xtec.cat\/ecaforestal\/wp-content\/uploads\/usu2539\/2024\/04\/ocupforest.jpg 1191w\" sizes=\"auto, (max-width: 1024px) 100vw, 1024px\" \/><\/a><\/p>\n<div class=\"o9v6fnle cxmmr5t8 oygrvhab hcukyx3x c1et5uql ii04i59q\">\n<div dir=\"auto\"><span class=\"pq6dq46d tbxw36s4 knj5qynh kvgmc6g5 ditlmg2l oygrvhab nvdbi5me sf5mxxl7 gl3lb2sf hhz5lgdu\"><img loading=\"lazy\" decoding=\"async\" src=\"https:\/\/static.xx.fbcdn.net\/images\/emoji.php\/v9\/t8e\/1\/16\/2139.png\" alt=\"\u2139\" width=\"16\" height=\"16\" \/><\/span> <a class=\"oajrlxb2 g5ia77u1 qu0x051f esr5mh6w e9989ue4 r7d6kgcz rq0escxv nhd2j8a9 nc684nl6 p7hjln8o kvgmc6g5 cxmmr5t8 oygrvhab hcukyx3x jb3vyjys rz4wbd8a qt6c0cv9 a8nywdso i1ao9s8h esuyzwwr f1sip0of lzcic4wl py34i1dx gpro0wi8\" tabindex=\"0\" role=\"link\" href=\"https:\/\/l.facebook.com\/l.php?u=https%3A%2F%2Focupforest.eu%2F%3Ffbclid%3DIwAR1PdW1j7WxA9Df-4mnWpyHJ_GB-5tAbrOIwTIXz8ZOsCqtk3hMXd4KWx9c&amp;h=AT27kyWJYtEUKPL_8pnCi2J6vLu0Ja4sESJXI0zXf1yqVrBuYClz2e179rBkaNVRasX6m7gO0kgvZBzcAVpy4CaOwdJqgEBOERRv8x_juxNRZD8xVPOpiDwFw3qifrWScOc&amp;__tn__=-UK-R&amp;c[0]=AT0U8OU_pa1_HW0X_4Vqw8hMNvXg6DqBrn-BjzElRS2YISXG731s2ZBABfxP0naKIe-tcRtZl1PSbXZPu4JCjoCILSoTFSViC_aaNXfGgZ9zKgOqidx9Ml-GOvj9TLwoAFCBs1mwRMSW9ndbEaXaoub2Nm3eI8PkcbLxaTJLvlSgcMk\" target=\"_blank\" rel=\"nofollow noopener noreferrer\">https:\/\/ocupforest.eu<\/a><\/div>\n<\/div>\n<div class=\"o9v6fnle cxmmr5t8 oygrvhab hcukyx3x c1et5uql ii04i59q\">\n<div dir=\"auto\">Una plataforma p\u00fablica forestal d\u2019ofertes de feina resultat del projecte transpirinenc INTERREG POCTEFA PYREMPFOR, amb l&#8217;objectiu de posar en contacte persones que busquen feina i empreses que ofereixen feina per tal de facilitar l\u2019ocupaci\u00f3 de qualitat i la professionalitzaci\u00f3 del sector forestal, i crear una xarxa activa de professionals i empreses del m\u00f3n forestal que conviuen a banda i banda del Pirineu<\/div>\n<\/div>\n","protected":false},"excerpt":{"rendered":"<p><a href=\"https:\/\/agora.xtec.cat\/ecaforestal\/wp-content\/uploads\/usu2539\/2024\/02\/borsa-de-treball.png\"><\/a><br \/>\nL&#8217;escola disposa d&#8217;una borsa de treball pr\u00f2pia per als nostres alumnes i ex-alumnes, que gestiona sobre un centenar d&#8217;ofertes l&#8217;any del sector forestal i de la jardineria \/ paisatgisme.<br \/>\nL&#8217;escola participa tamb\u00e9 en un projecte anomenat OCUPFOREST una nova plataforma per a l\u2019ocupaci\u00f3 i professionalitzaci\u00f3&hellip;  <a href=\"https:\/\/agora.xtec.cat\/ecaforestal\/serveis\/transport-escolar\/\" title=\"Read Borsa de treball\">Llegeix m\u00e9s\u00bb<\/a><\/p>\n","protected":false},"author":1,"featured_media":1464,"parent":63,"menu_order":50,"comment_status":"closed","ping_status":"closed","template":"page-templates\/side-menu.php","meta":{"_bbp_topic_count":0,"_bbp_reply_count":0,"_bbp_total_topic_count":0,"_bbp_total_reply_count":0,"_bbp_voice_count":0,"_bbp_anonymous_reply_count":0,"_bbp_topic_count_hidden":0,"_bbp_reply_count_hidden":0,"_bbp_forum_subforum_count":0,"footnotes":""},"class_list":["post-77","page","type-page","status-publish","has-post-thumbnail","hentry"],"post_mailing_queue_ids":[],"_links":{"self":[{"href":"https:\/\/agora.xtec.cat\/ecaforestal\/wp-json\/wp\/v2\/pages\/77","targetHints":{"allow":["GET"]}}],"collection":[{"href":"https:\/\/agora.xtec.cat\/ecaforestal\/wp-json\/wp\/v2\/pages"}],"about":[{"href":"https:\/\/agora.xtec.cat\/ecaforestal\/wp-json\/wp\/v2\/types\/page"}],"author":[{"embeddable":true,"href":"https:\/\/agora.xtec.cat\/ecaforestal\/wp-json\/wp\/v2\/users\/1"}],"replies":[{"embeddable":true,"href":"https:\/\/agora.xtec.cat\/ecaforestal\/wp-json\/wp\/v2\/comments?post=77"}],"version-history":[{"count":6,"href":"https:\/\/agora.xtec.cat\/ecaforestal\/wp-json\/wp\/v2\/pages\/77\/revisions"}],"predecessor-version":[{"id":1569,"href":"https:\/\/agora.xtec.cat\/ecaforestal\/wp-json\/wp\/v2\/pages\/77\/revisions\/1569"}],"up":[{"embeddable":true,"href":"https:\/\/agora.xtec.cat\/ecaforestal\/wp-json\/wp\/v2\/pages\/63"}],"wp:featuredmedia":[{"embeddable":true,"href":"https:\/\/agora.xtec.cat\/ecaforestal\/wp-json\/wp\/v2\/media\/1464"}],"wp:attachment":[{"href":"https:\/\/agora.xtec.cat\/ecaforestal\/wp-json\/wp\/v2\/media?parent=77"}],"curies":[{"name":"wp","href":"https:\/\/api.w.org\/{rel}","templated":true}]}}