{"id":759,"date":"2021-06-10T14:49:08","date_gmt":"2021-06-10T12:49:08","guid":{"rendered":"https:\/\/agora.xtec.cat\/ecaforestal\/?page_id=759"},"modified":"2024-10-24T11:33:09","modified_gmt":"2024-10-24T09:33:09","slug":"documentacio-1","status":"publish","type":"page","link":"https:\/\/agora.xtec.cat\/ecaforestal\/secretaria\/documentacio-1\/","title":{"rendered":"Documentaci\u00f3"},"content":{"rendered":"<p><a href=\"https:\/\/agora.xtec.cat\/ecaforestal\/wp-content\/uploads\/usu2539\/2024\/02\/documentacio.png\"><img loading=\"lazy\" decoding=\"async\" class=\"alignnone size-full wp-image-1450\" src=\"https:\/\/agora.xtec.cat\/ecaforestal\/wp-content\/uploads\/usu2539\/2024\/02\/documentacio.png\" alt=\"\" width=\"1024\" height=\"150\" srcset=\"https:\/\/agora.xtec.cat\/ecaforestal\/wp-content\/uploads\/usu2539\/2024\/02\/documentacio.png 1024w, https:\/\/agora.xtec.cat\/ecaforestal\/wp-content\/uploads\/usu2539\/2024\/02\/documentacio-300x44.png 300w, https:\/\/agora.xtec.cat\/ecaforestal\/wp-content\/uploads\/usu2539\/2024\/02\/documentacio-768x113.png 768w\" sizes=\"auto, (max-width: 1024px) 100vw, 1024px\" \/><\/a><\/p>\n<p>En aquests enlla\u00e7os us podeu descarregar documentaci\u00f3 \u00fatil pels vostres estudis a l&#8217;escola.<\/p>\n<p><a href=\"https:\/\/agora.xtec.cat\/ecaforestal\/wp-content\/uploads\/usu2539\/2024\/10\/NOFC__V8_marc_2023.pdf\">NOFC__V8_mar\u00e7_2023<\/a><\/p>\n<p><a href=\"https:\/\/agora.xtec.cat\/ecaforestal\/wp-content\/uploads\/usu2539\/2021\/07\/R08_Autoritzacio_activitats_menors.doc\">R08_Autoritzacio_activitats_menors<\/a><\/p>\n<p><a href=\"https:\/\/agora.xtec.cat\/ecaforestal\/wp-content\/uploads\/usu2539\/2021\/07\/R_10_Autoritzacio_us_imatge.docx\">R_10_Autoritzacio_us_imatge<\/a><\/p>\n<p><a href=\"https:\/\/agora.xtec.cat\/ecaforestal\/wp-content\/uploads\/usu2539\/2021\/07\/MODEL_convalidacions_20.pdf\" target=\"_blank\" rel=\"noopener noreferrer\">MODEL_convalidacions_20<\/a><\/p>\n<p><a href=\"https:\/\/agora.xtec.cat\/ecaforestal\/wp-content\/uploads\/usu2539\/2021\/07\/M041_Model_baixa_matricula.doc\">M041_Model_baixa_matricula<\/a><\/p>\n<p><a href=\"https:\/\/agora.xtec.cat\/ecaforestal\/wp-content\/uploads\/usu2539\/2021\/07\/Dossier-per-a-lalumne.pdf\" target=\"_blank\" rel=\"noopener noreferrer\">Dossier per a l&#8217;alumne<\/a><\/p>\n<p><a href=\"https:\/\/agora.xtec.cat\/ecaforestal\/wp-content\/uploads\/usu2539\/2021\/07\/Solicitud-excempci\u00f3-FCT.pdf\" target=\"_blank\" rel=\"noopener noreferrer\">Solicitud excempci\u00f3 FCT<\/a><\/p>\n<p><a href=\"https:\/\/agora.xtec.cat\/ecaforestal\/wp-content\/uploads\/usu2539\/2021\/07\/Model-reclamaci\u00f3.pdf\" target=\"_blank\" rel=\"noopener noreferrer\">Model reclamaci\u00f3<\/a><\/p>\n<p><a class=\"doc_link\" href=\"https:\/\/educacio.gencat.cat\/ca\/departament\/publicacions\/colleccions\/pla-educacio-digital\/marc-referencia-competencia-digital-docent\/\" target=\"_blank\" rel=\"noopener\">Compet\u00e8ncia digital docent del professorat de Catalunya<\/a><\/p>\n","protected":false},"excerpt":{"rendered":"<p><a href=\"https:\/\/agora.xtec.cat\/ecaforestal\/wp-content\/uploads\/usu2539\/2024\/02\/documentacio.png\"><\/a><br \/>\nEn aquests enlla\u00e7os us podeu descarregar documentaci\u00f3 \u00fatil pels vostres estudis a l&#8217;escola.<br \/>\n<a href=\"https:\/\/agora.xtec.cat\/ecaforestal\/wp-content\/uploads\/usu2539\/2024\/10\/NOFC__V8_marc_2023.pdf\">NOFC__V8_mar\u00e7_2023<\/a><br \/>\n<a href=\"https:\/\/agora.xtec.cat\/ecaforestal\/wp-content\/uploads\/usu2539\/2021\/07\/R08_Autoritzacio_activitats_menors.doc\">R08_Autoritzacio_activitats_menors<\/a><br \/>\n<a href=\"https:\/\/agora.xtec.cat\/ecaforestal\/wp-content\/uploads\/usu2539\/2021\/07\/R_10_Autoritzacio_us_imatge.docx\">R_10_Autoritzacio_us_imatge<\/a><br \/>\n<a href=\"https:\/\/agora.xtec.cat\/ecaforestal\/wp-content\/uploads\/usu2539\/2021\/07\/MODEL_convalidacions_20.pdf\" target=\"_blank\" rel=\"noopener noreferrer\">MODEL_convalidacions_20<\/a><br \/>\n<a href=\"https:\/\/agora.xtec.cat\/ecaforestal\/wp-content\/uploads\/usu2539\/2021\/07\/M041_Model_baixa_matricula.doc\">M041_Model_baixa_matricula<\/a><br \/>\n<a href=\"https:\/\/agora.xtec.cat\/ecaforestal\/wp-content\/uploads\/usu2539\/2021\/07\/Dossier-per-a-lalumne.pdf\" target=\"_blank\" rel=\"noopener noreferrer\">Dossier per a l&#8217;alumne<\/a><br \/>\n<a href=\"https:\/\/agora.xtec.cat\/ecaforestal\/wp-content\/uploads\/usu2539\/2021\/07\/Solicitud-excempci\u00f3-FCT.pdf\" target=\"_blank\" rel=\"noopener noreferrer\">Solicitud excempci\u00f3 FCT<\/a><br \/>\n<a href=\"https:\/\/agora.xtec.cat\/ecaforestal\/wp-content\/uploads\/usu2539\/2021\/07\/Model-reclamaci\u00f3.pdf\" target=\"_blank\" rel=\"noopener noreferrer\">Model reclamaci\u00f3<\/a><br \/>\n<a class=\"doc_link\" href=\"https:\/\/educacio.gencat.cat\/ca\/departament\/publicacions\/colleccions\/pla-educacio-digital\/marc-referencia-competencia-digital-docent\/\" target=\"_blank\" rel=\"noopener\">Compet\u00e8ncia digital&hellip;  <a href=\"https:\/\/agora.xtec.cat\/ecaforestal\/secretaria\/documentacio-1\/\" title=\"Read Documentaci\u00f3\">Llegeix m\u00e9s\u00bb<\/a><\/p>\n","protected":false},"author":3,"featured_media":1450,"parent":81,"menu_order":0,"comment_status":"closed","ping_status":"closed","template":"","meta":{"_bbp_topic_count":0,"_bbp_reply_count":0,"_bbp_total_topic_count":0,"_bbp_total_reply_count":0,"_bbp_voice_count":0,"_bbp_anonymous_reply_count":0,"_bbp_topic_count_hidden":0,"_bbp_reply_count_hidden":0,"_bbp_forum_subforum_count":0,"footnotes":""},"class_list":["post-759","page","type-page","status-publish","has-post-thumbnail","hentry"],"post_mailing_queue_ids":[],"_links":{"self":[{"href":"https:\/\/agora.xtec.cat\/ecaforestal\/wp-json\/wp\/v2\/pages\/759","targetHints":{"allow":["GET"]}}],"collection":[{"href":"https:\/\/agora.xtec.cat\/ecaforestal\/wp-json\/wp\/v2\/pages"}],"about":[{"href":"https:\/\/agora.xtec.cat\/ecaforestal\/wp-json\/wp\/v2\/types\/page"}],"author":[{"embeddable":true,"href":"https:\/\/agora.xtec.cat\/ecaforestal\/wp-json\/wp\/v2\/users\/3"}],"replies":[{"embeddable":true,"href":"https:\/\/agora.xtec.cat\/ecaforestal\/wp-json\/wp\/v2\/comments?post=759"}],"version-history":[{"count":6,"href":"https:\/\/agora.xtec.cat\/ecaforestal\/wp-json\/wp\/v2\/pages\/759\/revisions"}],"predecessor-version":[{"id":1642,"href":"https:\/\/agora.xtec.cat\/ecaforestal\/wp-json\/wp\/v2\/pages\/759\/revisions\/1642"}],"up":[{"embeddable":true,"href":"https:\/\/agora.xtec.cat\/ecaforestal\/wp-json\/wp\/v2\/pages\/81"}],"wp:featuredmedia":[{"embeddable":true,"href":"https:\/\/agora.xtec.cat\/ecaforestal\/wp-json\/wp\/v2\/media\/1450"}],"wp:attachment":[{"href":"https:\/\/agora.xtec.cat\/ecaforestal\/wp-json\/wp\/v2\/media?parent=759"}],"curies":[{"name":"wp","href":"https:\/\/api.w.org\/{rel}","templated":true}]}}