{"id":75,"date":"2014-09-18T10:21:02","date_gmt":"2014-09-18T09:21:02","guid":{"rendered":"http:\/\/agora.xtec.cat\/ecaforestal\/?page_id=75"},"modified":"2024-02-23T10:57:06","modified_gmt":"2024-02-23T09:57:06","slug":"activitats-extraescolars","status":"publish","type":"page","link":"https:\/\/agora.xtec.cat\/ecaforestal\/serveis\/activitats-extraescolars\/","title":{"rendered":"Criteris d&#8217;homologaci\u00f3 d&#8217;empreses prove\u00efdores"},"content":{"rendered":"<p><a href=\"https:\/\/agora.xtec.cat\/ecaforestal\/wp-content\/uploads\/usu2539\/2024\/02\/homologaci\u00b4o-dempreses.png\"><img loading=\"lazy\" decoding=\"async\" class=\"alignnone size-full wp-image-1462\" src=\"https:\/\/agora.xtec.cat\/ecaforestal\/wp-content\/uploads\/usu2539\/2024\/02\/homologaci\u00b4o-dempreses.png\" alt=\"\" width=\"1024\" height=\"150\" srcset=\"https:\/\/agora.xtec.cat\/ecaforestal\/wp-content\/uploads\/usu2539\/2024\/02\/homologaci\u00b4o-dempreses.png 1024w, https:\/\/agora.xtec.cat\/ecaforestal\/wp-content\/uploads\/usu2539\/2024\/02\/homologaci\u00b4o-dempreses-300x44.png 300w, https:\/\/agora.xtec.cat\/ecaforestal\/wp-content\/uploads\/usu2539\/2024\/02\/homologaci\u00b4o-dempreses-768x113.png 768w\" sizes=\"auto, (max-width: 1024px) 100vw, 1024px\" \/><\/a><\/p>\n<p>El personal de l\u2019escola, sota un criteri t\u00e8cnic, proposa un prove\u00efdor i el secretari-administrador i el Director l\u2019autoritza. El secretari comptar\u00e0 amb la opini\u00f3 del personal responsable de l\u2019escola<\/p>\n<p>Per tal de decidir els prove\u00efdors que t\u00e9 el centre, es tindran en compte els seg\u00fcents criteris:<\/p>\n<ol>\n<li><strong>Confian\u00e7a<\/strong><\/li>\n<li><strong>Proximitat<\/strong><\/li>\n<li><strong>Relaci\u00f3 qualitat \u2013 preu<\/strong><\/li>\n<li><strong>Sensibilitat ambiental.<\/strong><\/li>\n<li><strong>Facilitat en l\u2019adquisici\u00f3 dels seus productes<\/strong><\/li>\n<li><strong>Solv\u00e8ncia<\/strong><\/li>\n<li><strong>Recomanacions de la Generalitat<\/strong><\/li>\n<\/ol>\n<p><strong>\u00a0<\/strong><\/p>\n<p>Es donar\u00e0 un valor de 0 a 2 a cada criteri, i la suma haur\u00e0 de donar un m\u00ednim de 6 per a homologar el prove\u00efdor.<\/p>\n<p>Abans de fer una comanda, els responsables de fer la comanda han de mirar el llistat de prove\u00efdors homologats i comprovar que aquella empresa on s\u2019hi vol fer la comanda est\u00e0 homologada. En cas afirmatiu es podr\u00e0 fer la comanda seguin el procediment de compres. En cas que aquell prove\u00efdor no estigui homologat, caldr\u00e0 homologar-lo pr\u00e8viament.<\/p>\n<p>En cas que es vulgui deshomologar un altre prove\u00efdor perqu\u00e8 deixi de complir els requisits abans esmentats, tamb\u00e9 caldr\u00e0 informar a l\u2019Administrador per tal de fer-ho desapar\u00e8ixer del llistat. Per deshomologar un prove\u00efdor ha d\u2019haver com\u00e9s una incid\u00e8ncia rellevant, ho ha d\u2019haver canviat la seva valoraci\u00f3 de criteris.<\/p>\n<p>La homologaci\u00f3 o deshomologaci\u00f3 la realitzaran el director gerent i el secretari-adminsitrador incloent o excloent l\u2019empresa del llistat d\u2019empreses homologades. Cada final de curs es revisar\u00e0 el llistat de prove\u00efdors homologats.<\/p>\n<p>Nom\u00e9s en cas que alg\u00fa faci una compra i hi vagi personalment a fer-la, i sigui aquesta d\u2019una quantitat petita (menys de 100 euros), no caldr\u00e0 que l\u2019empresa estigui homologada.<\/p>\n<p>El mateix passa amb altres pagaments com peatges d\u2019autopista, zona blava, p\u00e0rquing, restaurants, o similars.<\/p>\n","protected":false},"excerpt":{"rendered":"<p><a href=\"https:\/\/agora.xtec.cat\/ecaforestal\/wp-content\/uploads\/usu2539\/2024\/02\/homologaci\u00b4o-dempreses.png\"><\/a><br \/>\nEl personal de l\u2019escola, sota un criteri t\u00e8cnic, proposa un prove\u00efdor i el secretari-administrador i el Director l\u2019autoritza. El secretari comptar\u00e0 amb la opini\u00f3 del personal responsable de l\u2019escola<br \/>\nPer tal de decidir els prove\u00efdors que t\u00e9 el centre, es tindran en compte els seg\u00fcents&hellip;  <a href=\"https:\/\/agora.xtec.cat\/ecaforestal\/serveis\/activitats-extraescolars\/\" title=\"Read Criteris d&#8217;homologaci\u00f3 d&#8217;empreses prove\u00efdores\">Llegeix m\u00e9s\u00bb<\/a><\/p>\n","protected":false},"author":1,"featured_media":1462,"parent":63,"menu_order":40,"comment_status":"closed","ping_status":"closed","template":"page-templates\/side-menu.php","meta":{"_bbp_topic_count":0,"_bbp_reply_count":0,"_bbp_total_topic_count":0,"_bbp_total_reply_count":0,"_bbp_voice_count":0,"_bbp_anonymous_reply_count":0,"_bbp_topic_count_hidden":0,"_bbp_reply_count_hidden":0,"_bbp_forum_subforum_count":0,"footnotes":""},"class_list":["post-75","page","type-page","status-publish","has-post-thumbnail","hentry"],"post_mailing_queue_ids":[],"_links":{"self":[{"href":"https:\/\/agora.xtec.cat\/ecaforestal\/wp-json\/wp\/v2\/pages\/75","targetHints":{"allow":["GET"]}}],"collection":[{"href":"https:\/\/agora.xtec.cat\/ecaforestal\/wp-json\/wp\/v2\/pages"}],"about":[{"href":"https:\/\/agora.xtec.cat\/ecaforestal\/wp-json\/wp\/v2\/types\/page"}],"author":[{"embeddable":true,"href":"https:\/\/agora.xtec.cat\/ecaforestal\/wp-json\/wp\/v2\/users\/1"}],"replies":[{"embeddable":true,"href":"https:\/\/agora.xtec.cat\/ecaforestal\/wp-json\/wp\/v2\/comments?post=75"}],"version-history":[{"count":6,"href":"https:\/\/agora.xtec.cat\/ecaforestal\/wp-json\/wp\/v2\/pages\/75\/revisions"}],"predecessor-version":[{"id":1463,"href":"https:\/\/agora.xtec.cat\/ecaforestal\/wp-json\/wp\/v2\/pages\/75\/revisions\/1463"}],"up":[{"embeddable":true,"href":"https:\/\/agora.xtec.cat\/ecaforestal\/wp-json\/wp\/v2\/pages\/63"}],"wp:featuredmedia":[{"embeddable":true,"href":"https:\/\/agora.xtec.cat\/ecaforestal\/wp-json\/wp\/v2\/media\/1462"}],"wp:attachment":[{"href":"https:\/\/agora.xtec.cat\/ecaforestal\/wp-json\/wp\/v2\/media?parent=75"}],"curies":[{"name":"wp","href":"https:\/\/api.w.org\/{rel}","templated":true}]}}