{"id":720,"date":"2021-06-10T13:26:19","date_gmt":"2021-06-10T11:26:19","guid":{"rendered":"https:\/\/agora.xtec.cat\/ecaforestal\/?page_id=720"},"modified":"2026-02-20T13:26:34","modified_gmt":"2026-02-20T12:26:34","slug":"jornada-portes-obertes","status":"publish","type":"page","link":"https:\/\/agora.xtec.cat\/ecaforestal\/secretaria\/jornada-portes-obertes\/","title":{"rendered":"Jornada portes obertes"},"content":{"rendered":"\n<p><a href=\"https:\/\/agora.xtec.cat\/ecaforestal\/wp-content\/uploads\/usu2539\/2024\/02\/Jornada-portes-obertes.png\"><img loading=\"lazy\" decoding=\"async\" class=\"alignnone size-full wp-image-1487\" src=\"https:\/\/agora.xtec.cat\/ecaforestal\/wp-content\/uploads\/usu2539\/2024\/02\/Jornada-portes-obertes.png\" alt=\"\" width=\"1024\" height=\"150\" srcset=\"https:\/\/agora.xtec.cat\/ecaforestal\/wp-content\/uploads\/usu2539\/2024\/02\/Jornada-portes-obertes.png 1024w, https:\/\/agora.xtec.cat\/ecaforestal\/wp-content\/uploads\/usu2539\/2024\/02\/Jornada-portes-obertes-300x44.png 300w, https:\/\/agora.xtec.cat\/ecaforestal\/wp-content\/uploads\/usu2539\/2024\/02\/Jornada-portes-obertes-768x113.png 768w\" sizes=\"auto, (max-width: 1024px) 100vw, 1024px\" \/><\/a><\/p>\n\n\n<p><a href=\"https:\/\/agora.xtec.cat\/ecaforestal\/wp-content\/uploads\/usu2539\/2025\/03\/JPO-1-2025.jpg\"><img loading=\"lazy\" decoding=\"async\" class=\"aligncenter size-large wp-image-1853\" src=\"https:\/\/agora.xtec.cat\/ecaforestal\/wp-content\/uploads\/usu2539\/2026\/02\/JPO-2026JPG-1024x633.jpg\" alt=\"\" width=\"1024\" height=\"633\" srcset=\"https:\/\/agora.xtec.cat\/ecaforestal\/wp-content\/uploads\/usu2539\/2026\/02\/JPO-2026JPG-1024x633.jpg 1024w, https:\/\/agora.xtec.cat\/ecaforestal\/wp-content\/uploads\/usu2539\/2026\/02\/JPO-2026JPG-300x185.jpg 300w, https:\/\/agora.xtec.cat\/ecaforestal\/wp-content\/uploads\/usu2539\/2026\/02\/JPO-2026JPG-768x475.jpg 768w, https:\/\/agora.xtec.cat\/ecaforestal\/wp-content\/uploads\/usu2539\/2026\/02\/JPO-2026JPG.jpg 1102w\" sizes=\"auto, (max-width: 1024px) 100vw, 1024px\" \/><\/a><\/p>\n<p>ATENCI\u00d3!!! EL dia de realitzaci\u00f3 de la jornada de portes obertes del 2026 ser\u00e0 el dissabte 9 de maig a les 10:00h del mat\u00ed. No cal apuntar-se enlloc<\/p>\n<p>Us adjuntem la documentaci\u00f3 de la Jornada de Portes obertes del 2025.<\/p>\n<p><a href=\"https:\/\/agora.xtec.cat\/ecaforestal\/wp-content\/uploads\/usu2539\/2025\/04\/JPO_2025_26.pdf\">JPO_2025_26<\/a><\/p>\n<p>Cliqueu al seg\u00fcent enlla\u00e7<a href=\"https:\/\/agora.xtec.cat\/ecaforestal\/jpo_2025_26\/\">JPO_2025_26<\/a><\/p>","protected":false},"excerpt":{"rendered":"<p><a href=\"https:\/\/agora.xtec.cat\/ecaforestal\/wp-content\/uploads\/usu2539\/2024\/02\/Jornada-portes-obertes.png\"><\/a><\/p>\n<p><a href=\"https:\/\/agora.xtec.cat\/ecaforestal\/wp-content\/uploads\/usu2539\/2025\/03\/JPO-1-2025.jpg\"><\/a><br \/>\nATENCI\u00d3!!! EL dia de realitzaci\u00f3 de la jornada de portes obertes del 2026 ser\u00e0 el dissabte 9 de maig a les 10:00h del mat\u00ed. No cal apuntar-se enlloc<br \/>\nUs adjuntem la documentaci\u00f3 de la Jornada de Portes obertes del 2025.<br \/>\n<a href=\"https:\/\/agora.xtec.cat\/ecaforestal\/wp-content\/uploads\/usu2539\/2025\/04\/JPO_2025_26.pdf\">JPO_2025_26<\/a><br \/>\nCliqueu al seg\u00fcent enlla\u00e7<a&hellip;  <a href=\"https:\/\/agora.xtec.cat\/ecaforestal\/secretaria\/jornada-portes-obertes\/\" title=\"Read Jornada portes obertes\">Llegeix m\u00e9s\u00bb<\/a><\/p>\n","protected":false},"author":3,"featured_media":1853,"parent":81,"menu_order":0,"comment_status":"closed","ping_status":"closed","template":"","meta":{"_bbp_topic_count":0,"_bbp_reply_count":0,"_bbp_total_topic_count":0,"_bbp_total_reply_count":0,"_bbp_voice_count":0,"_bbp_anonymous_reply_count":0,"_bbp_topic_count_hidden":0,"_bbp_reply_count_hidden":0,"_bbp_forum_subforum_count":0,"footnotes":""},"class_list":["post-720","page","type-page","status-publish","has-post-thumbnail","hentry"],"post_mailing_queue_ids":[],"_links":{"self":[{"href":"https:\/\/agora.xtec.cat\/ecaforestal\/wp-json\/wp\/v2\/pages\/720","targetHints":{"allow":["GET"]}}],"collection":[{"href":"https:\/\/agora.xtec.cat\/ecaforestal\/wp-json\/wp\/v2\/pages"}],"about":[{"href":"https:\/\/agora.xtec.cat\/ecaforestal\/wp-json\/wp\/v2\/types\/page"}],"author":[{"embeddable":true,"href":"https:\/\/agora.xtec.cat\/ecaforestal\/wp-json\/wp\/v2\/users\/3"}],"replies":[{"embeddable":true,"href":"https:\/\/agora.xtec.cat\/ecaforestal\/wp-json\/wp\/v2\/comments?post=720"}],"version-history":[{"count":6,"href":"https:\/\/agora.xtec.cat\/ecaforestal\/wp-json\/wp\/v2\/pages\/720\/revisions"}],"predecessor-version":[{"id":1878,"href":"https:\/\/agora.xtec.cat\/ecaforestal\/wp-json\/wp\/v2\/pages\/720\/revisions\/1878"}],"up":[{"embeddable":true,"href":"https:\/\/agora.xtec.cat\/ecaforestal\/wp-json\/wp\/v2\/pages\/81"}],"wp:featuredmedia":[{"embeddable":true,"href":"https:\/\/agora.xtec.cat\/ecaforestal\/wp-json\/wp\/v2\/media\/1853"}],"wp:attachment":[{"href":"https:\/\/agora.xtec.cat\/ecaforestal\/wp-json\/wp\/v2\/media?parent=720"}],"curies":[{"name":"wp","href":"https:\/\/api.w.org\/{rel}","templated":true}]}}