{"id":7,"date":"2014-09-12T10:14:31","date_gmt":"2014-09-12T10:14:31","guid":{"rendered":"http:\/\/agora.xtec.cat\/ecaforestal\/?page_id=7"},"modified":"2026-02-20T09:32:36","modified_gmt":"2026-02-20T08:32:36","slug":"pagines-dinici","status":"publish","type":"page","link":"https:\/\/agora.xtec.cat\/ecaforestal\/estudis\/pagines-dinici\/","title":{"rendered":"-CFGS Paisatgisme i Medi Rural especialitat en Gesti\u00f3 d\u2019Espais Verds i Ecologia Urbana"},"content":{"rendered":"<p><a href=\"https:\/\/agora.xtec.cat\/ecaforestal\/wp-content\/uploads\/usu2539\/2024\/02\/CFGS-Paisatgisme-i-Medi-Rural.png\"><img loading=\"lazy\" decoding=\"async\" class=\"alignnone size-full wp-image-1496\" src=\"https:\/\/agora.xtec.cat\/ecaforestal\/wp-content\/uploads\/usu2539\/2024\/02\/CFGS-Paisatgisme-i-Medi-Rural.png\" alt=\"\" width=\"1024\" height=\"150\" srcset=\"https:\/\/agora.xtec.cat\/ecaforestal\/wp-content\/uploads\/usu2539\/2024\/02\/CFGS-Paisatgisme-i-Medi-Rural.png 1024w, https:\/\/agora.xtec.cat\/ecaforestal\/wp-content\/uploads\/usu2539\/2024\/02\/CFGS-Paisatgisme-i-Medi-Rural-300x44.png 300w, https:\/\/agora.xtec.cat\/ecaforestal\/wp-content\/uploads\/usu2539\/2024\/02\/CFGS-Paisatgisme-i-Medi-Rural-768x113.png 768w\" sizes=\"auto, (max-width: 1024px) 100vw, 1024px\" \/><\/a><\/p>\n<p><a href=\"https:\/\/agora.xtec.cat\/ecaforestal\/wp-content\/uploads\/usu2539\/2021\/06\/paisatgisme.jpg\"><img loading=\"lazy\" decoding=\"async\" class=\"alignnone size-full wp-image-578\" src=\"https:\/\/agora.xtec.cat\/ecaforestal\/wp-content\/uploads\/usu2539\/2021\/06\/paisatgisme.jpg\" alt=\"\" width=\"325\" height=\"257\" srcset=\"https:\/\/agora.xtec.cat\/ecaforestal\/wp-content\/uploads\/usu2539\/2021\/06\/paisatgisme.jpg 325w, https:\/\/agora.xtec.cat\/ecaforestal\/wp-content\/uploads\/usu2539\/2021\/06\/paisatgisme-300x237.jpg 300w\" sizes=\"auto, (max-width: 325px) 100vw, 325px\" \/><\/a><\/p>\n<h2><strong>Especialitat en Gesti\u00f3 d\u2019Espais Verds i Ecologia Urbana<\/strong><\/h2>\n<p>La compet\u00e8ncia general d&#8217;aquest t\u00edtol consisteix a a desenvolupar projectes de jardins i zones verdes i gestionar la producci\u00f3 de plantes i la producci\u00f3 agr\u00edcola, supervisant els treballs, programant i organitzant els recursos materials i humans disponibles, aplicant criteris de rendibilitat econ\u00f2mica i complint amb la normativa ambiental, de producci\u00f3 ecol\u00f2gica, de producci\u00f3 en viver, de control de qualitat, de seguretat aliment\u00e0ria i de prevenci\u00f3 de riscos laborals.<\/p>\n<p>T&#8217;adjuntem el tr\u00edptic del cicle on hi tens m\u00e9s informaci\u00f3.<\/p>\n<p><a href=\"https:\/\/agora.xtec.cat\/ecaforestal\/wp-content\/uploads\/usu2539\/2021\/06\/EAF_CFGSpaisatgisme.pdf\">EAF_CFGSpaisatgisme<\/a><\/p>\n<p>T&#8217;adjuntem l&#8217;enlla\u00e7 als curriculums de la familia agr\u00e0ria i tamb\u00e9 d&#8217;aquest cicle formatiu<\/p>\n<p><a href=\"http:\/\/xtec.gencat.cat\/ca\/curriculum\/professionals\/fp\/titolsloe\/agraria\/\">http:\/\/xtec.gencat.cat\/ca\/curriculum\/professionals\/fp\/titolsloe\/agraria\/<\/a><\/p>\n<p>T&#8217;adjuntem l&#8217;enlla\u00e7 a les dades de la preinscripci\u00f3<\/p>\n<p><a class=\"\" title=\"Aquest enlla\u00e7 s'obre en una nova pestanya: Preinscripci\u00f3 i matr\u00edcula als cicles de grau superior de formaci\u00f3 professional\" href=\"https:\/\/preinscripcio.gencat.cat\/ca\/estudis\/fp-grau-superior\/inici\" target=\"_blank\" rel=\"noopener noreferrer\">Preinscripci\u00f3 i matr\u00edcula als cicles de grau superior de formaci\u00f3 professional<\/a><\/p>\n<p><a href=\"https:\/\/agora.xtec.cat\/ecaforestal\/wp-content\/uploads\/usu2539\/2021\/07\/paisatgisme.jpg\"><img loading=\"lazy\" decoding=\"async\" class=\"alignnone size-full wp-image-863\" src=\"https:\/\/agora.xtec.cat\/ecaforestal\/wp-content\/uploads\/usu2539\/2021\/07\/paisatgisme.jpg\" alt=\"\" width=\"977\" height=\"728\" srcset=\"https:\/\/agora.xtec.cat\/ecaforestal\/wp-content\/uploads\/usu2539\/2021\/07\/paisatgisme.jpg 977w, https:\/\/agora.xtec.cat\/ecaforestal\/wp-content\/uploads\/usu2539\/2021\/07\/paisatgisme-300x224.jpg 300w, https:\/\/agora.xtec.cat\/ecaforestal\/wp-content\/uploads\/usu2539\/2021\/07\/paisatgisme-768x572.jpg 768w, https:\/\/agora.xtec.cat\/ecaforestal\/wp-content\/uploads\/usu2539\/2021\/07\/paisatgisme-200x150.jpg 200w\" sizes=\"auto, (max-width: 977px) 100vw, 977px\" \/><\/a><\/p>\n","protected":false},"excerpt":{"rendered":"<p><a href=\"https:\/\/agora.xtec.cat\/ecaforestal\/wp-content\/uploads\/usu2539\/2024\/02\/CFGS-Paisatgisme-i-Medi-Rural.png\"><\/a><br \/>\n<a href=\"https:\/\/agora.xtec.cat\/ecaforestal\/wp-content\/uploads\/usu2539\/2021\/06\/paisatgisme.jpg\"><\/a><br \/>\nEspecialitat en Gesti\u00f3 d\u2019Espais Verds i Ecologia Urbana<br \/>\nLa compet\u00e8ncia general d&#8217;aquest t\u00edtol consisteix a a desenvolupar projectes de jardins i zones verdes i gestionar la producci\u00f3 de plantes i la producci\u00f3 agr\u00edcola, supervisant els treballs, programant i organitzant els recursos materials i humans&hellip;  <a href=\"https:\/\/agora.xtec.cat\/ecaforestal\/estudis\/pagines-dinici\/\" title=\"Read -CFGS Paisatgisme i Medi Rural especialitat en Gesti\u00f3 d\u2019Espais Verds i Ecologia Urbana\">Llegeix m\u00e9s\u00bb<\/a><\/p>\n","protected":false},"author":1,"featured_media":1496,"parent":195,"menu_order":0,"comment_status":"closed","ping_status":"closed","template":"","meta":{"_bbp_topic_count":0,"_bbp_reply_count":0,"_bbp_total_topic_count":0,"_bbp_total_reply_count":0,"_bbp_voice_count":0,"_bbp_anonymous_reply_count":0,"_bbp_topic_count_hidden":0,"_bbp_reply_count_hidden":0,"_bbp_forum_subforum_count":0,"footnotes":""},"class_list":["post-7","page","type-page","status-publish","has-post-thumbnail","hentry"],"post_mailing_queue_ids":[],"_links":{"self":[{"href":"https:\/\/agora.xtec.cat\/ecaforestal\/wp-json\/wp\/v2\/pages\/7","targetHints":{"allow":["GET"]}}],"collection":[{"href":"https:\/\/agora.xtec.cat\/ecaforestal\/wp-json\/wp\/v2\/pages"}],"about":[{"href":"https:\/\/agora.xtec.cat\/ecaforestal\/wp-json\/wp\/v2\/types\/page"}],"author":[{"embeddable":true,"href":"https:\/\/agora.xtec.cat\/ecaforestal\/wp-json\/wp\/v2\/users\/1"}],"replies":[{"embeddable":true,"href":"https:\/\/agora.xtec.cat\/ecaforestal\/wp-json\/wp\/v2\/comments?post=7"}],"version-history":[{"count":6,"href":"https:\/\/agora.xtec.cat\/ecaforestal\/wp-json\/wp\/v2\/pages\/7\/revisions"}],"predecessor-version":[{"id":1750,"href":"https:\/\/agora.xtec.cat\/ecaforestal\/wp-json\/wp\/v2\/pages\/7\/revisions\/1750"}],"up":[{"embeddable":true,"href":"https:\/\/agora.xtec.cat\/ecaforestal\/wp-json\/wp\/v2\/pages\/195"}],"wp:featuredmedia":[{"embeddable":true,"href":"https:\/\/agora.xtec.cat\/ecaforestal\/wp-json\/wp\/v2\/media\/1496"}],"wp:attachment":[{"href":"https:\/\/agora.xtec.cat\/ecaforestal\/wp-json\/wp\/v2\/media?parent=7"}],"curies":[{"name":"wp","href":"https:\/\/api.w.org\/{rel}","templated":true}]}}