{"id":69,"date":"2014-09-18T10:15:07","date_gmt":"2014-09-18T09:15:07","guid":{"rendered":"http:\/\/agora.xtec.cat\/ecaforestal\/?page_id=69"},"modified":"2026-02-20T13:27:38","modified_gmt":"2026-02-20T12:27:38","slug":"menjador-escolar","status":"publish","type":"page","link":"https:\/\/agora.xtec.cat\/ecaforestal\/serveis\/menjador-escolar\/","title":{"rendered":"Menjador escolar"},"content":{"rendered":"\n<p><a href=\"https:\/\/agora.xtec.cat\/ecaforestal\/wp-content\/uploads\/usu2539\/2024\/02\/menjador-escolar.png\"><img loading=\"lazy\" decoding=\"async\" class=\"alignnone size-full wp-image-1460\" src=\"https:\/\/agora.xtec.cat\/ecaforestal\/wp-content\/uploads\/usu2539\/2024\/02\/menjador-escolar.png\" alt=\"\" width=\"1024\" height=\"150\" srcset=\"https:\/\/agora.xtec.cat\/ecaforestal\/wp-content\/uploads\/usu2539\/2024\/02\/menjador-escolar.png 1024w, https:\/\/agora.xtec.cat\/ecaforestal\/wp-content\/uploads\/usu2539\/2024\/02\/menjador-escolar-300x44.png 300w, https:\/\/agora.xtec.cat\/ecaforestal\/wp-content\/uploads\/usu2539\/2024\/02\/menjador-escolar-768x113.png 768w\" sizes=\"auto, (max-width: 1024px) 100vw, 1024px\" \/><\/a><\/p>\n\n\n<p><a href=\"https:\/\/agora.xtec.cat\/ecaforestal\/wp-content\/uploads\/usu2539\/2024\/01\/ilustracion-dibujo-vectorial-zanahoria_82475-69.png\"><img loading=\"lazy\" decoding=\"async\" class=\"wp-image-1401 alignleft\" src=\"https:\/\/agora.xtec.cat\/ecaforestal\/wp-content\/uploads\/usu2539\/2024\/01\/ilustracion-dibujo-vectorial-zanahoria_82475-69.png\" alt=\"\" width=\"165\" height=\"165\" srcset=\"https:\/\/agora.xtec.cat\/ecaforestal\/wp-content\/uploads\/usu2539\/2024\/01\/ilustracion-dibujo-vectorial-zanahoria_82475-69.png 626w, https:\/\/agora.xtec.cat\/ecaforestal\/wp-content\/uploads\/usu2539\/2024\/01\/ilustracion-dibujo-vectorial-zanahoria_82475-69-300x300.png 300w, https:\/\/agora.xtec.cat\/ecaforestal\/wp-content\/uploads\/usu2539\/2024\/01\/ilustracion-dibujo-vectorial-zanahoria_82475-69-150x150.png 150w\" sizes=\"auto, (max-width: 165px) 100vw, 165px\" \/><\/a>L&#8217;escola disposa d&#8217;un servei de mitja pensi\u00f3, pensi\u00f3 complerta o \u00e0pats puntuals. Els preus d&#8217;aquests serveis s\u00f3n els que s&#8217;exposen a continuaci\u00f3.<\/p>\n<p><strong><u>-Resid\u00e8ncia pensi\u00f3 complerta.<\/u><\/strong> Pagament \u00fanic 2.210 \u20ac a pagar durant la primera setmana de curs al setembre.<\/p>\n<p>\u2013<strong><u>Resid\u00e8ncia mitja pensi\u00f3<\/u><\/strong> . Pagament \u00fanic 885.60 \u20ac a pagar durant la primera setmana de curs al setembre.<\/p>\n<p><strong><u>-\u00c0pats puntuals:<\/u><\/strong> 7,92 \u20ac pagant el mateix dia que et quedes a dinar al centre abans de les 11:00h.<\/p>","protected":false},"excerpt":{"rendered":"<p><a href=\"https:\/\/agora.xtec.cat\/ecaforestal\/wp-content\/uploads\/usu2539\/2024\/02\/menjador-escolar.png\"><\/a><\/p>\n<p><a href=\"https:\/\/agora.xtec.cat\/ecaforestal\/wp-content\/uploads\/usu2539\/2024\/01\/ilustracion-dibujo-vectorial-zanahoria_82475-69.png\"><\/a>L&#8217;escola disposa d&#8217;un servei de mitja pensi\u00f3, pensi\u00f3 complerta o \u00e0pats puntuals. Els preus d&#8217;aquests serveis s\u00f3n els que s&#8217;exposen a continuaci\u00f3.<br \/>\n-Resid\u00e8ncia pensi\u00f3 complerta. Pagament \u00fanic 2.210 \u20ac a pagar durant la primera setmana de curs al setembre.<br \/>\n\u2013Resid\u00e8ncia mitja pensi\u00f3 . Pagament \u00fanic&hellip;  <a href=\"https:\/\/agora.xtec.cat\/ecaforestal\/serveis\/menjador-escolar\/\" title=\"Read Menjador escolar\">Llegeix m\u00e9s\u00bb<\/a><\/p>\n","protected":false},"author":1,"featured_media":1460,"parent":63,"menu_order":20,"comment_status":"closed","ping_status":"closed","template":"page-templates\/side-menu.php","meta":{"_bbp_topic_count":0,"_bbp_reply_count":0,"_bbp_total_topic_count":0,"_bbp_total_reply_count":0,"_bbp_voice_count":0,"_bbp_anonymous_reply_count":0,"_bbp_topic_count_hidden":0,"_bbp_reply_count_hidden":0,"_bbp_forum_subforum_count":0,"footnotes":""},"class_list":["post-69","page","type-page","status-publish","has-post-thumbnail","hentry"],"post_mailing_queue_ids":[],"_links":{"self":[{"href":"https:\/\/agora.xtec.cat\/ecaforestal\/wp-json\/wp\/v2\/pages\/69","targetHints":{"allow":["GET"]}}],"collection":[{"href":"https:\/\/agora.xtec.cat\/ecaforestal\/wp-json\/wp\/v2\/pages"}],"about":[{"href":"https:\/\/agora.xtec.cat\/ecaforestal\/wp-json\/wp\/v2\/types\/page"}],"author":[{"embeddable":true,"href":"https:\/\/agora.xtec.cat\/ecaforestal\/wp-json\/wp\/v2\/users\/1"}],"replies":[{"embeddable":true,"href":"https:\/\/agora.xtec.cat\/ecaforestal\/wp-json\/wp\/v2\/comments?post=69"}],"version-history":[{"count":6,"href":"https:\/\/agora.xtec.cat\/ecaforestal\/wp-json\/wp\/v2\/pages\/69\/revisions"}],"predecessor-version":[{"id":1879,"href":"https:\/\/agora.xtec.cat\/ecaforestal\/wp-json\/wp\/v2\/pages\/69\/revisions\/1879"}],"up":[{"embeddable":true,"href":"https:\/\/agora.xtec.cat\/ecaforestal\/wp-json\/wp\/v2\/pages\/63"}],"wp:featuredmedia":[{"embeddable":true,"href":"https:\/\/agora.xtec.cat\/ecaforestal\/wp-json\/wp\/v2\/media\/1460"}],"wp:attachment":[{"href":"https:\/\/agora.xtec.cat\/ecaforestal\/wp-json\/wp\/v2\/media?parent=69"}],"curies":[{"name":"wp","href":"https:\/\/api.w.org\/{rel}","templated":true}]}}