{"id":669,"date":"2021-06-10T09:55:05","date_gmt":"2021-06-10T07:55:05","guid":{"rendered":"https:\/\/agora.xtec.cat\/ecaforestal\/?page_id=669"},"modified":"2024-02-23T10:48:34","modified_gmt":"2024-02-23T09:48:34","slug":"projectes-internacionals","status":"publish","type":"page","link":"https:\/\/agora.xtec.cat\/ecaforestal\/projectes-de-centre\/projectes-internacionals\/","title":{"rendered":"Projectes internacionals"},"content":{"rendered":"<p><a href=\"https:\/\/agora.xtec.cat\/ecaforestal\/wp-content\/uploads\/usu2539\/2024\/02\/projectes-internacionals.png\"><img loading=\"lazy\" decoding=\"async\" class=\"alignnone size-full wp-image-1452\" src=\"https:\/\/agora.xtec.cat\/ecaforestal\/wp-content\/uploads\/usu2539\/2024\/02\/projectes-internacionals.png\" alt=\"\" width=\"1024\" height=\"150\" srcset=\"https:\/\/agora.xtec.cat\/ecaforestal\/wp-content\/uploads\/usu2539\/2024\/02\/projectes-internacionals.png 1024w, https:\/\/agora.xtec.cat\/ecaforestal\/wp-content\/uploads\/usu2539\/2024\/02\/projectes-internacionals-300x44.png 300w, https:\/\/agora.xtec.cat\/ecaforestal\/wp-content\/uploads\/usu2539\/2024\/02\/projectes-internacionals-768x113.png 768w\" sizes=\"auto, (max-width: 1024px) 100vw, 1024px\" \/><\/a><\/p>\n<p>A l&#8217;Escola participem a diversos projectes de caire internacional<\/p>\n<p><a href=\"https:\/\/agora.xtec.cat\/ecaforestal\/wp-content\/uploads\/usu2539\/2021\/06\/Interreg-POCTEFA-PIREMPFOR-CMYK.jpg\"><img loading=\"lazy\" decoding=\"async\" class=\"alignnone wp-image-694\" src=\"https:\/\/agora.xtec.cat\/ecaforestal\/wp-content\/uploads\/usu2539\/2021\/06\/Interreg-POCTEFA-PIREMPFOR-CMYK-1024x461.jpg\" alt=\"\" width=\"611\" height=\"275\" srcset=\"https:\/\/agora.xtec.cat\/ecaforestal\/wp-content\/uploads\/usu2539\/2021\/06\/Interreg-POCTEFA-PIREMPFOR-CMYK-1024x461.jpg 1024w, https:\/\/agora.xtec.cat\/ecaforestal\/wp-content\/uploads\/usu2539\/2021\/06\/Interreg-POCTEFA-PIREMPFOR-CMYK-300x135.jpg 300w, https:\/\/agora.xtec.cat\/ecaforestal\/wp-content\/uploads\/usu2539\/2021\/06\/Interreg-POCTEFA-PIREMPFOR-CMYK-768x346.jpg 768w, https:\/\/agora.xtec.cat\/ecaforestal\/wp-content\/uploads\/usu2539\/2021\/06\/Interreg-POCTEFA-PIREMPFOR-CMYK.jpg 1843w\" sizes=\"auto, (max-width: 611px) 100vw, 611px\" \/><\/a><\/p>\n<p><strong>1-Projecte Pyrenfor<\/strong><\/p>\n<p>El projecte <strong><a href=\"https:\/\/blog.ctfc.cat\/ca\/disponibles-els-videos-dels-seminaris-pyrempfor\/\">PYREMFOR<\/a> vol promoure el treball forestal transfronterer, <\/strong>mobilitzant els diferents actors i implementant sistemes europeus de <strong>formaci\u00f3 <\/strong>forestal innovadors, reactivant l&#8217;economia i <strong>dinamitzant la innovaci\u00f3<\/strong> forestal. En aquest sentit, es crear\u00e0 una<strong> xarxa de cooperaci\u00f3 entre actors <\/strong>implicats en la formaci\u00f3 per promoure intercanvis entre estudiants de formaci\u00f3 professional, persones que s&#8217;estiguin formant i formadors, implementant innovacions pedag\u00f2giques en formaci\u00f3 forestal. Aix\u00ed, es millorar\u00e0 el coneixement del mercat laboral, es facilitar\u00e0 l&#8217;acompanyament per a l&#8217;ocupaci\u00f3 transfronterera i es promocionar\u00e0 i dignificar\u00e0 el sector del treball forestal. Per facilitar la ocupaci\u00f3 i la xarxa es crea la Plataforma de Ocupaci\u00f3 P\u00fablica Forestal<a href=\"https:\/\/ocupforest.eu\/\"> (OCUPFOREST)<\/a>. A Catalunya, hi participaran, a m\u00e9s del Departament d\u2019Agricultura, Ramaderia, Pesca i Alimentaci\u00f3 (DARP) i el Centre Tecnol\u00f2gic Forestal de Catalunya (CTFC), el Consorci de la Vall del Ges, Or\u00eds i Bisaura, l&#8217;ECA Forestal de Santa Coloma de Farners i l&#8217;Associaci\u00f3 Catalana d&#8217;Empreses de Treballs Forestals (ACETREF).<\/p>\n<p><a href=\"https:\/\/agora.xtec.cat\/ecaforestal\/wp-content\/uploads\/usu2539\/2021\/06\/\u00edndex.png\"><img loading=\"lazy\" decoding=\"async\" class=\"alignnone size-full wp-image-688\" src=\"https:\/\/agora.xtec.cat\/ecaforestal\/wp-content\/uploads\/usu2539\/2021\/06\/\u00edndex.png\" alt=\"\" width=\"521\" height=\"97\" srcset=\"https:\/\/agora.xtec.cat\/ecaforestal\/wp-content\/uploads\/usu2539\/2021\/06\/\u00edndex.png 521w, https:\/\/agora.xtec.cat\/ecaforestal\/wp-content\/uploads\/usu2539\/2021\/06\/\u00edndex-300x56.png 300w\" sizes=\"auto, (max-width: 521px) 100vw, 521px\" \/><\/a><\/p>\n<p><strong>2-FORUO<\/strong><\/p>\n<p><strong>Del\u00a0 juny 2020 a 15 octubre 2024 es desenvoluparan cursos dedicats a les Plantes Arom\u00e0tiques i Medicinals i als Petits Fruits.<\/strong><\/p>\n<p>El projecte vol promoure noves ocupacions en el sector forestal i rural (FoRuO)\u00a0 amb diferents accions entre les que destaquem l&#8217;elaboraci\u00f3 de cursos de formaci\u00f3 dedicats a les Plantes Arom\u00e0tiques i Medicinals (PAM) i als Petits Fruits (PF). Aquests cursos tindran una part te\u00f2rica que s\u2019impartir\u00e0 de manera virtual i una part pr\u00e0ctica, que no ser\u00e0 obligat\u00f2ria, que consisteix en diferents visites t\u00e8cniques a Arag\u00f3, Catalunya i Occit\u00e0nia (Fran\u00e7a) i pr\u00e0ctiques curtes en empreses. El projecte es va iniciar al juny de 2020.<\/p>\n<p>La formaci\u00f3 s\u2019ha organitzat en 11 m\u00f2duls educatius donant l\u2019opci\u00f3 als alumnes per inscriure en el curs complet o en els m\u00f2duls que m\u00e9s li puguin interessar. Un dedicat a les Plantes Arom\u00e0tiques i Medicinals i un altre als Petits Fruits en els que es tractar\u00e0 sobre producci\u00f3, processat i elaboraci\u00f3 de productes, considerant aspectes de comercialitzaci\u00f3.<\/p>\n<p><a href=\"https:\/\/foruo.eu\/ca\/\">M\u00e9s informaci\u00f3 al seg\u00fcent enlla\u00e7.<\/a><\/p>\n<p><a href=\"https:\/\/agora.xtec.cat\/ecaforestal\/wp-content\/uploads\/usu2539\/2021\/06\/logo-interreg-poctefa-CMYK.jpg\"><img loading=\"lazy\" decoding=\"async\" class=\"alignnone wp-image-693\" src=\"https:\/\/agora.xtec.cat\/ecaforestal\/wp-content\/uploads\/usu2539\/2021\/06\/logo-interreg-poctefa-CMYK-1024x363.jpg\" alt=\"\" width=\"559\" height=\"198\" srcset=\"https:\/\/agora.xtec.cat\/ecaforestal\/wp-content\/uploads\/usu2539\/2021\/06\/logo-interreg-poctefa-CMYK-1024x363.jpg 1024w, https:\/\/agora.xtec.cat\/ecaforestal\/wp-content\/uploads\/usu2539\/2021\/06\/logo-interreg-poctefa-CMYK-300x106.jpg 300w, https:\/\/agora.xtec.cat\/ecaforestal\/wp-content\/uploads\/usu2539\/2021\/06\/logo-interreg-poctefa-CMYK-768x272.jpg 768w, https:\/\/agora.xtec.cat\/ecaforestal\/wp-content\/uploads\/usu2539\/2021\/06\/logo-interreg-poctefa-CMYK.jpg 1843w\" sizes=\"auto, (max-width: 559px) 100vw, 559px\" \/><\/a><\/p>\n<p><strong>3-MESTRES<\/strong><\/p>\n<p>El projecte M\u00e8stres- Interreg Poctefa, del que som socis associats al CTFC, l&#8217;objectiu principal \u00e9s el de facilitar l\u2019acc\u00e9s a llocs de treball altament qualificats que permetin l\u2019inclusi\u00f3 sostenible en els territoris de la zona transpirinenca, cosa que facilitar\u00e0 i millorar\u00e0 el desenvolupament socioecon\u00f2mic i la gesti\u00f3 sostenible dels recursos dels Pirineus.<\/p>\n<p>Amb el projecte es vol millorar les habilitats del formador forestal i de maquin\u00e0ria forestal en els centres de formaci\u00f3 professional dels territoris transpirinencs tenint en compte l&#8217;harmonitzaci\u00f3 de les formacions, l&#8217;augment de compet\u00e8ncies dels formadors i la millora de la percepci\u00f3 de la formaci\u00f3 professional per part de les empreses.<\/p>\n<p>La durada del projecte \u00e9s de gener del 2020 a desembre del 2021.<\/p>\n<p><a href=\"https:\/\/agora.xtec.cat\/ecaforestal\/wp-content\/uploads\/usu2539\/2021\/06\/erasmus.png\"><img loading=\"lazy\" decoding=\"async\" class=\"alignnone size-full wp-image-685\" src=\"https:\/\/agora.xtec.cat\/ecaforestal\/wp-content\/uploads\/usu2539\/2021\/06\/erasmus.png\" alt=\"\" width=\"353\" height=\"143\" srcset=\"https:\/\/agora.xtec.cat\/ecaforestal\/wp-content\/uploads\/usu2539\/2021\/06\/erasmus.png 353w, https:\/\/agora.xtec.cat\/ecaforestal\/wp-content\/uploads\/usu2539\/2021\/06\/erasmus-300x122.png 300w\" sizes=\"auto, (max-width: 353px) 100vw, 353px\" \/><\/a><\/p>\n<p><strong>4- Erasmus +<\/strong><\/p>\n<p>La Direcci\u00f3 General d\u2019Educaci\u00f3 i Cultura de la Comissi\u00f3 Europea va concedir a finals de l\u2019any 2013 a <a href=\"https:\/\/agora.xtec.cat\/ecaforestal\/wp-content\/uploads\/usu2539\/2021\/06\/carta_erasmus.jpg\"><img loading=\"lazy\" decoding=\"async\" class=\"alignnone size-full wp-image-690\" src=\"https:\/\/agora.xtec.cat\/ecaforestal\/wp-content\/uploads\/usu2539\/2021\/06\/carta_erasmus.jpg\" alt=\"\" width=\"1000\" height=\"705\" srcset=\"https:\/\/agora.xtec.cat\/ecaforestal\/wp-content\/uploads\/usu2539\/2021\/06\/carta_erasmus.jpg 1000w, https:\/\/agora.xtec.cat\/ecaforestal\/wp-content\/uploads\/usu2539\/2021\/06\/carta_erasmus-300x212.jpg 300w, https:\/\/agora.xtec.cat\/ecaforestal\/wp-content\/uploads\/usu2539\/2021\/06\/carta_erasmus-768x541.jpg 768w\" sizes=\"auto, (max-width: 1000px) 100vw, 1000px\" \/><\/a><\/p>\n<p>Gr\u00e0cies a aquest document, els propers anys, els estudiants de l\u2019escola podran continuar fent estades per realitzar la FCT a empreses de l\u2019estranger, en el marc del nou Programa Erasmus+.<\/p>\n<p>Tal i com exigeix la Carta Erasmus, a continuaci\u00f3 \u00fas presentem <a href=\"https:\/\/agora.xtec.cat\/ecaforestal\/wp-content\/uploads\/usu2539\/2021\/06\/declaracio_erasmus_2014-angles.pdf\">declaracio_erasmus_2014-angles<\/a><\/p>\n<p>Enlla\u00e7os:<\/p>\n<p><a href=\"https:\/\/eacea.ec.europa.eu\/erasmus-plus\/funding\/erasmus-charter-for-higher-education-2014-2020_en\">https:\/\/eacea.ec.europa.eu\/erasmus-plus\/funding\/erasmus-charter-for-higher-education-2014-2020_en<\/a><\/p>\n","protected":false},"excerpt":{"rendered":"<p><a href=\"https:\/\/agora.xtec.cat\/ecaforestal\/wp-content\/uploads\/usu2539\/2024\/02\/projectes-internacionals.png\"><\/a><br \/>\nA l&#8217;Escola participem a diversos projectes de caire internacional<br \/>\n<a href=\"https:\/\/agora.xtec.cat\/ecaforestal\/wp-content\/uploads\/usu2539\/2021\/06\/Interreg-POCTEFA-PIREMPFOR-CMYK.jpg\"><\/a><br \/>\n1-Projecte Pyrenfor<br \/>\nEl projecte <a href=\"https:\/\/blog.ctfc.cat\/ca\/disponibles-els-videos-dels-seminaris-pyrempfor\/\">PYREMFOR<\/a> vol promoure el treball forestal transfronterer, mobilitzant els diferents actors i implementant sistemes europeus de formaci\u00f3 forestal innovadors, reactivant l&#8217;economia i dinamitzant la innovaci\u00f3 forestal. En aquest sentit, es crear\u00e0&hellip;  <a href=\"https:\/\/agora.xtec.cat\/ecaforestal\/projectes-de-centre\/projectes-internacionals\/\" title=\"Read Projectes internacionals\">Llegeix m\u00e9s\u00bb<\/a><\/p>\n","protected":false},"author":3,"featured_media":1452,"parent":666,"menu_order":0,"comment_status":"closed","ping_status":"closed","template":"","meta":{"_bbp_topic_count":0,"_bbp_reply_count":0,"_bbp_total_topic_count":0,"_bbp_total_reply_count":0,"_bbp_voice_count":0,"_bbp_anonymous_reply_count":0,"_bbp_topic_count_hidden":0,"_bbp_reply_count_hidden":0,"_bbp_forum_subforum_count":0,"footnotes":""},"class_list":["post-669","page","type-page","status-publish","has-post-thumbnail","hentry"],"post_mailing_queue_ids":[],"_links":{"self":[{"href":"https:\/\/agora.xtec.cat\/ecaforestal\/wp-json\/wp\/v2\/pages\/669","targetHints":{"allow":["GET"]}}],"collection":[{"href":"https:\/\/agora.xtec.cat\/ecaforestal\/wp-json\/wp\/v2\/pages"}],"about":[{"href":"https:\/\/agora.xtec.cat\/ecaforestal\/wp-json\/wp\/v2\/types\/page"}],"author":[{"embeddable":true,"href":"https:\/\/agora.xtec.cat\/ecaforestal\/wp-json\/wp\/v2\/users\/3"}],"replies":[{"embeddable":true,"href":"https:\/\/agora.xtec.cat\/ecaforestal\/wp-json\/wp\/v2\/comments?post=669"}],"version-history":[{"count":3,"href":"https:\/\/agora.xtec.cat\/ecaforestal\/wp-json\/wp\/v2\/pages\/669\/revisions"}],"predecessor-version":[{"id":1453,"href":"https:\/\/agora.xtec.cat\/ecaforestal\/wp-json\/wp\/v2\/pages\/669\/revisions\/1453"}],"up":[{"embeddable":true,"href":"https:\/\/agora.xtec.cat\/ecaforestal\/wp-json\/wp\/v2\/pages\/666"}],"wp:featuredmedia":[{"embeddable":true,"href":"https:\/\/agora.xtec.cat\/ecaforestal\/wp-json\/wp\/v2\/media\/1452"}],"wp:attachment":[{"href":"https:\/\/agora.xtec.cat\/ecaforestal\/wp-json\/wp\/v2\/media?parent=669"}],"curies":[{"name":"wp","href":"https:\/\/api.w.org\/{rel}","templated":true}]}}