{"id":666,"date":"2021-06-10T09:50:36","date_gmt":"2021-06-10T07:50:36","guid":{"rendered":"https:\/\/agora.xtec.cat\/ecaforestal\/?page_id=666"},"modified":"2024-02-23T09:19:48","modified_gmt":"2024-02-23T08:19:48","slug":"projectes-de-centre","status":"publish","type":"page","link":"https:\/\/agora.xtec.cat\/ecaforestal\/projectes-de-centre\/","title":{"rendered":"Projectes de centre"},"content":{"rendered":"<p><a href=\"https:\/\/agora.xtec.cat\/ecaforestal\/wp-content\/uploads\/usu2539\/2024\/02\/projcentre.jpg\"><img loading=\"lazy\" decoding=\"async\" class=\"alignnone size-full wp-image-1418\" src=\"https:\/\/agora.xtec.cat\/ecaforestal\/wp-content\/uploads\/usu2539\/2024\/02\/projcentre.jpg\" alt=\"\" width=\"1024\" height=\"150\" srcset=\"https:\/\/agora.xtec.cat\/ecaforestal\/wp-content\/uploads\/usu2539\/2024\/02\/projcentre.jpg 1024w, https:\/\/agora.xtec.cat\/ecaforestal\/wp-content\/uploads\/usu2539\/2024\/02\/projcentre-300x44.jpg 300w, https:\/\/agora.xtec.cat\/ecaforestal\/wp-content\/uploads\/usu2539\/2024\/02\/projcentre-768x113.jpg 768w\" sizes=\"auto, (max-width: 1024px) 100vw, 1024px\" \/><\/a><\/p>\n<p><a href=\"https:\/\/agora.xtec.cat\/ecaforestal\/wp-content\/uploads\/usu2539\/2021\/07\/IMGP1999-1.jpg\"><img loading=\"lazy\" decoding=\"async\" class=\"alignnone size-full wp-image-839\" src=\"https:\/\/agora.xtec.cat\/ecaforestal\/wp-content\/uploads\/usu2539\/2021\/07\/IMGP1999-1.jpg\" alt=\"\" width=\"640\" height=\"480\" srcset=\"https:\/\/agora.xtec.cat\/ecaforestal\/wp-content\/uploads\/usu2539\/2021\/07\/IMGP1999-1.jpg 640w, https:\/\/agora.xtec.cat\/ecaforestal\/wp-content\/uploads\/usu2539\/2021\/07\/IMGP1999-1-300x225.jpg 300w, https:\/\/agora.xtec.cat\/ecaforestal\/wp-content\/uploads\/usu2539\/2021\/07\/IMGP1999-1-200x150.jpg 200w\" sizes=\"auto, (max-width: 640px) 100vw, 640px\" \/><\/a><\/p>\n<p>D&#8217;acord amb la missi\u00f3 i la\u00a0 visi\u00f3 de l&#8217;Escola, participem en diversos projectes de diversa \u00edndole.<\/p>\n<p><strong>Missi\u00f3 de l\u2019escola<\/strong><\/p>\n<p>Formar, orientar, dinamitzar i acreditar professionals i alumnes per a contribuir a la millora t\u00e8cnica, la innovaci\u00f3 i la sostenibilitat dels sectors forestal, del paisatgisme i jardineria , de l\u2019apicultura i de la conservaci\u00f3 del medi natur<a name=\"_Toc275785622\"><\/a>al i, en general del m\u00f3n rural.<\/p>\n<p><strong>Visi\u00f3 de l\u2019escola<\/strong><\/p>\n<p>Ser un referent de la formaci\u00f3 agrorural en el sector forestal, del paisatgisme, de l\u2019apicultura i la conservaci\u00f3 del medi natural, que contribueixi al desenvolupament del sector, especialment a les comarques gironines.<\/p>\n<p>Ser una escola permanentment atenta i oberta a la participaci\u00f3 en projectes d\u2019avantguarda pedag\u00f2gica i a la innovaci\u00f3 metodol\u00f2gica.<\/p>\n<p>Ser un espai de trobada, de converg\u00e8ncia d\u2019idees, de nous coneixements\u00a0 i iniciatives innovadores per a les persones dels sectors professionals relacionats amb l\u2019escola.<\/p>\n","protected":false},"excerpt":{"rendered":"<p><a href=\"https:\/\/agora.xtec.cat\/ecaforestal\/wp-content\/uploads\/usu2539\/2024\/02\/projcentre.jpg\"><\/a><br \/>\n<a href=\"https:\/\/agora.xtec.cat\/ecaforestal\/wp-content\/uploads\/usu2539\/2021\/07\/IMGP1999-1.jpg\"><\/a><br \/>\nD&#8217;acord amb la missi\u00f3 i la\u00a0 visi\u00f3 de l&#8217;Escola, participem en diversos projectes de diversa \u00edndole.<br \/>\nMissi\u00f3 de l\u2019escola<br \/>\nFormar, orientar, dinamitzar i acreditar professionals i alumnes per a contribuir a la millora t\u00e8cnica, la innovaci\u00f3 i la sostenibilitat dels sectors forestal, del paisatgisme i&hellip;  <a href=\"https:\/\/agora.xtec.cat\/ecaforestal\/projectes-de-centre\/\" title=\"Read Projectes de centre\">Llegeix m\u00e9s\u00bb<\/a><\/p>\n","protected":false},"author":3,"featured_media":1418,"parent":0,"menu_order":0,"comment_status":"closed","ping_status":"closed","template":"","meta":{"_bbp_topic_count":0,"_bbp_reply_count":0,"_bbp_total_topic_count":0,"_bbp_total_reply_count":0,"_bbp_voice_count":0,"_bbp_anonymous_reply_count":0,"_bbp_topic_count_hidden":0,"_bbp_reply_count_hidden":0,"_bbp_forum_subforum_count":0,"footnotes":""},"class_list":["post-666","page","type-page","status-publish","has-post-thumbnail","hentry"],"post_mailing_queue_ids":[],"_links":{"self":[{"href":"https:\/\/agora.xtec.cat\/ecaforestal\/wp-json\/wp\/v2\/pages\/666","targetHints":{"allow":["GET"]}}],"collection":[{"href":"https:\/\/agora.xtec.cat\/ecaforestal\/wp-json\/wp\/v2\/pages"}],"about":[{"href":"https:\/\/agora.xtec.cat\/ecaforestal\/wp-json\/wp\/v2\/types\/page"}],"author":[{"embeddable":true,"href":"https:\/\/agora.xtec.cat\/ecaforestal\/wp-json\/wp\/v2\/users\/3"}],"replies":[{"embeddable":true,"href":"https:\/\/agora.xtec.cat\/ecaforestal\/wp-json\/wp\/v2\/comments?post=666"}],"version-history":[{"count":3,"href":"https:\/\/agora.xtec.cat\/ecaforestal\/wp-json\/wp\/v2\/pages\/666\/revisions"}],"predecessor-version":[{"id":1419,"href":"https:\/\/agora.xtec.cat\/ecaforestal\/wp-json\/wp\/v2\/pages\/666\/revisions\/1419"}],"wp:featuredmedia":[{"embeddable":true,"href":"https:\/\/agora.xtec.cat\/ecaforestal\/wp-json\/wp\/v2\/media\/1418"}],"wp:attachment":[{"href":"https:\/\/agora.xtec.cat\/ecaforestal\/wp-json\/wp\/v2\/media?parent=666"}],"curies":[{"name":"wp","href":"https:\/\/api.w.org\/{rel}","templated":true}]}}