{"id":63,"date":"2014-09-18T10:06:31","date_gmt":"2014-09-18T10:06:31","guid":{"rendered":"http:\/\/agora.xtec.cat\/ecaforestal\/?page_id=63"},"modified":"2024-04-17T10:32:31","modified_gmt":"2024-04-17T08:32:31","slug":"serveis","status":"publish","type":"page","link":"https:\/\/agora.xtec.cat\/ecaforestal\/serveis\/","title":{"rendered":"Serveis"},"content":{"rendered":"<p><a href=\"https:\/\/agora.xtec.cat\/ecaforestal\/wp-content\/uploads\/usu2539\/2024\/02\/Seerveis.png\"><img loading=\"lazy\" decoding=\"async\" class=\"alignnone size-full wp-image-1466\" src=\"https:\/\/agora.xtec.cat\/ecaforestal\/wp-content\/uploads\/usu2539\/2024\/02\/Seerveis.png\" alt=\"\" width=\"1024\" height=\"150\" srcset=\"https:\/\/agora.xtec.cat\/ecaforestal\/wp-content\/uploads\/usu2539\/2024\/02\/Seerveis.png 1024w, https:\/\/agora.xtec.cat\/ecaforestal\/wp-content\/uploads\/usu2539\/2024\/02\/Seerveis-300x44.png 300w, https:\/\/agora.xtec.cat\/ecaforestal\/wp-content\/uploads\/usu2539\/2024\/02\/Seerveis-768x113.png 768w\" sizes=\"auto, (max-width: 1024px) 100vw, 1024px\" \/><\/a><\/p>\n<p><a href=\"https:\/\/agora.xtec.cat\/ecaforestal\/wp-content\/uploads\/usu2539\/2024\/04\/Carta-de-serveis-del-centre-2022.pdf\">Carta de serveis del centre -2022<\/a><\/p>\n<p><a href=\"https:\/\/agora.xtec.cat\/ecaforestal\/wp-content\/uploads\/usu2539\/2024\/04\/carta-de-serveis.jpg\"><img loading=\"lazy\" decoding=\"async\" class=\"aligncenter size-large wp-image-1562\" src=\"https:\/\/agora.xtec.cat\/ecaforestal\/wp-content\/uploads\/usu2539\/2024\/04\/carta-de-serveis.jpg\" alt=\"\" width=\"455\" height=\"684\" srcset=\"https:\/\/agora.xtec.cat\/ecaforestal\/wp-content\/uploads\/usu2539\/2024\/04\/carta-de-serveis.jpg 455w, https:\/\/agora.xtec.cat\/ecaforestal\/wp-content\/uploads\/usu2539\/2024\/04\/carta-de-serveis-200x300.jpg 200w\" sizes=\"auto, (max-width: 455px) 100vw, 455px\" \/><\/a><\/p>\n<p><strong>SERVEIS OPCIONALS<\/strong><\/p>\n<p><strong><u>-Resid\u00e8ncia pensi\u00f3 complerta.<\/u><\/strong> Pagament \u00fanic 2.050 \u20ac a pagar durant la primera setmana de curs al setembre.<\/p>\n<p>&#8211;<strong><u>Resid\u00e8ncia mitja pensi\u00f3<\/u><\/strong> . Pagament \u00fanic 820 \u20ac a pagar durant la primera setmana de curs al setembre.<\/p>\n<p><strong><u>-\u00c0pats puntuals:<\/u><\/strong> 6.30 \u20ac pagant el mateix dia que et quedes a dinar al centre abans de les 11:00h.<\/p>\n<p><u><strong>-Roba de treball<\/strong>:<\/u> A l\u2019inici del curs hi haur\u00e0 la possibilitat de provar-se i encomanar roba de treball amb el logotip de l\u2019escola, que caldr\u00e0 pagar a part.<\/p>\n<ul style=\"color: #444444;\">\n<li><strong>Transport escolar.<\/strong> El consell Comarcal algun any ofereix el servei de Transport escolar dins del municipi.Es un servei extern i sol tenir un cost. Hi ha anys per\u00f2 que no s&#8217;oferix aquest servei.<\/li>\n<li><strong>Activitats extraescolars<\/strong>. Els alumnes de la resid\u00e8ncia se&#8217;ls pot oferir participar en alguna activitat formativa extraescolar. Tenen un cost i s&#8217;ha de trobar un preu m\u00ednim d&#8217;alumnes interessats en fer aquesta activitat. Si no hi ha prou persones interessades el curs no es far\u00e0.<a href=\"https:\/\/agora.xtec.cat\/ecaforestal\/wp-content\/uploads\/usu2539\/2024\/04\/english-service-cart.jpg\"><img loading=\"lazy\" decoding=\"async\" class=\"aligncenter size-full wp-image-1564\" src=\"https:\/\/agora.xtec.cat\/ecaforestal\/wp-content\/uploads\/usu2539\/2024\/04\/english-service-cart.jpg\" alt=\"\" width=\"467\" height=\"701\" srcset=\"https:\/\/agora.xtec.cat\/ecaforestal\/wp-content\/uploads\/usu2539\/2024\/04\/english-service-cart.jpg 467w, https:\/\/agora.xtec.cat\/ecaforestal\/wp-content\/uploads\/usu2539\/2024\/04\/english-service-cart-200x300.jpg 200w\" sizes=\"auto, (max-width: 467px) 100vw, 467px\" \/><\/a><\/li>\n<\/ul>\n","protected":false},"excerpt":{"rendered":"<p><a href=\"https:\/\/agora.xtec.cat\/ecaforestal\/wp-content\/uploads\/usu2539\/2024\/02\/Seerveis.png\"><\/a><br \/>\n<a href=\"https:\/\/agora.xtec.cat\/ecaforestal\/wp-content\/uploads\/usu2539\/2024\/04\/Carta-de-serveis-del-centre-2022.pdf\">Carta de serveis del centre -2022<\/a><br \/>\n<a href=\"https:\/\/agora.xtec.cat\/ecaforestal\/wp-content\/uploads\/usu2539\/2024\/04\/carta-de-serveis.jpg\"><\/a><br \/>\nSERVEIS OPCIONALS<br \/>\n-Resid\u00e8ncia pensi\u00f3 complerta. Pagament \u00fanic 2.050 \u20ac a pagar durant la primera setmana de curs al setembre.<br \/>\n&#8211;Resid\u00e8ncia mitja pensi\u00f3 . Pagament \u00fanic 820 \u20ac a pagar durant la primera setmana de curs al setembre.<br \/>\n-\u00c0pats puntuals: 6.30&hellip;  <a href=\"https:\/\/agora.xtec.cat\/ecaforestal\/serveis\/\" title=\"Read Serveis\">Llegeix m\u00e9s\u00bb<\/a><\/p>\n","protected":false},"author":1,"featured_media":1466,"parent":0,"menu_order":0,"comment_status":"closed","ping_status":"closed","template":"page-templates\/side-menu.php","meta":{"_bbp_topic_count":0,"_bbp_reply_count":0,"_bbp_total_topic_count":0,"_bbp_total_reply_count":0,"_bbp_voice_count":0,"_bbp_anonymous_reply_count":0,"_bbp_topic_count_hidden":0,"_bbp_reply_count_hidden":0,"_bbp_forum_subforum_count":0,"footnotes":""},"class_list":["post-63","page","type-page","status-publish","has-post-thumbnail","hentry"],"post_mailing_queue_ids":[],"_links":{"self":[{"href":"https:\/\/agora.xtec.cat\/ecaforestal\/wp-json\/wp\/v2\/pages\/63","targetHints":{"allow":["GET"]}}],"collection":[{"href":"https:\/\/agora.xtec.cat\/ecaforestal\/wp-json\/wp\/v2\/pages"}],"about":[{"href":"https:\/\/agora.xtec.cat\/ecaforestal\/wp-json\/wp\/v2\/types\/page"}],"author":[{"embeddable":true,"href":"https:\/\/agora.xtec.cat\/ecaforestal\/wp-json\/wp\/v2\/users\/1"}],"replies":[{"embeddable":true,"href":"https:\/\/agora.xtec.cat\/ecaforestal\/wp-json\/wp\/v2\/comments?post=63"}],"version-history":[{"count":6,"href":"https:\/\/agora.xtec.cat\/ecaforestal\/wp-json\/wp\/v2\/pages\/63\/revisions"}],"predecessor-version":[{"id":1566,"href":"https:\/\/agora.xtec.cat\/ecaforestal\/wp-json\/wp\/v2\/pages\/63\/revisions\/1566"}],"wp:featuredmedia":[{"embeddable":true,"href":"https:\/\/agora.xtec.cat\/ecaforestal\/wp-json\/wp\/v2\/media\/1466"}],"wp:attachment":[{"href":"https:\/\/agora.xtec.cat\/ecaforestal\/wp-json\/wp\/v2\/media?parent=63"}],"curies":[{"name":"wp","href":"https:\/\/api.w.org\/{rel}","templated":true}]}}