{"id":601,"date":"2021-06-08T09:24:54","date_gmt":"2021-06-08T07:24:54","guid":{"rendered":"https:\/\/agora.xtec.cat\/ecaforestal\/?page_id=601"},"modified":"2026-02-20T10:09:10","modified_gmt":"2026-02-20T09:09:10","slug":"cursos-i-jornades-2","status":"publish","type":"page","link":"https:\/\/agora.xtec.cat\/ecaforestal\/formacio-per-a-professionals\/cursos-i-jornades-2\/","title":{"rendered":"Cursos i jornades"},"content":{"rendered":"\n<p><a href=\"https:\/\/agora.xtec.cat\/ecaforestal\/wp-content\/uploads\/usu2539\/2024\/02\/Cursos-i-jornades-1.png\"><img loading=\"lazy\" decoding=\"async\" class=\"alignnone size-full wp-image-1501\" src=\"https:\/\/agora.xtec.cat\/ecaforestal\/wp-content\/uploads\/usu2539\/2024\/02\/Cursos-i-jornades-1.png\" alt=\"\" width=\"1024\" height=\"150\" srcset=\"https:\/\/agora.xtec.cat\/ecaforestal\/wp-content\/uploads\/usu2539\/2024\/02\/Cursos-i-jornades-1.png 1024w, https:\/\/agora.xtec.cat\/ecaforestal\/wp-content\/uploads\/usu2539\/2024\/02\/Cursos-i-jornades-1-300x44.png 300w, https:\/\/agora.xtec.cat\/ecaforestal\/wp-content\/uploads\/usu2539\/2024\/02\/Cursos-i-jornades-1-768x113.png 768w\" sizes=\"auto, (max-width: 1024px) 100vw, 1024px\" \/><\/a><\/p>\n\n\n<p>Aquest son els cursos i jornades previstos<\/p>\n<p><img loading=\"lazy\" decoding=\"async\" class=\"aligncenter size-full wp-image-1872\" src=\"https:\/\/agora.xtec.cat\/ecaforestal\/wp-content\/uploads\/usu2539\/2026\/02\/imatge-resum-2026.jpg\" alt=\"\" width=\"495\" height=\"636\" srcset=\"https:\/\/agora.xtec.cat\/ecaforestal\/wp-content\/uploads\/usu2539\/2026\/02\/imatge-resum-2026.jpg 495w, https:\/\/agora.xtec.cat\/ecaforestal\/wp-content\/uploads\/usu2539\/2026\/02\/imatge-resum-2026-233x300.jpg 233w\" sizes=\"auto, (max-width: 495px) 100vw, 495px\" \/><\/p>\n<p>i per als professionals que des l&#8217;escola us volem oferir.<\/p>\n<p><a href=\"https:\/\/agora.xtec.cat\/ecaforestal\/wp-content\/uploads\/usu2539\/2026\/02\/resum-cursos-formacio-continua-EAF-2026.pdf\">resum cursos formaci\u00f3 cont\u00ednua EAF 2026<\/a><\/p>\n<p>Del tema de l&#8217;arboricultura tenim una publicitat especial que aqu\u00ed adjuntem:<\/p>\n<figure class=\"figure wp-caption aligncenter\"><a href=\"https:\/\/agora.xtec.cat\/ecaforestal\/wp-content\/uploads\/usu2539\/2024\/04\/arboricultura-conjunt.jpg\"><img loading=\"lazy\" decoding=\"async\" class=\"size-full wp-image-1554\" src=\"https:\/\/agora.xtec.cat\/ecaforestal\/wp-content\/uploads\/usu2539\/2024\/04\/arboricultura-conjunt.jpg\" alt=\"\" width=\"942\" height=\"664\" \/><\/a><figcaption class=\"wp-caption-text\">cursos arboricultura<\/figcaption><\/figure>\n<p><a href=\"https:\/\/agora.xtec.cat\/ecaforestal\/wp-content\/uploads\/usu2539\/2024\/04\/Cartell.pdf\">Cartell<\/a><\/p>\n<p><a href=\"https:\/\/agora.xtec.cat\/ecaforestal\/wp-content\/uploads\/usu2539\/2024\/04\/Llibret.pdf\">Llibret<\/a><\/p>\n<p>Els cursos de l\u2019escola estan adre\u00e7ats a treballadors i treballadores en actiu, preferentment del sector agrari, ramader, forestal o rural. Puntualment, i en el cas que hi hagi places disponibles, s\u2019acceptaran persones que no estiguin en actiu o d\u2019altres sectors.<\/p>\n<p>Per poder portar a terme el curs caldr\u00e0 un m\u00ednim de persones preinscrites.<\/p>\n<p>Unes setmanes abans de l\u2019inici del curs el coordinador\/a es posar\u00e0 en contacte amb vosaltres per informar-vos del procediment de matricula i pagament del curs.<\/p>\n<p>Si teniu dubtes podeu contactar amb el coordinador\/a del curs<\/p>\n<p><strong>R\u00e8gim general\u00a0<\/strong><br \/>Els preus venen regulats segons l\u2019<a href=\"_wp_link_placeholder\" data-wplink-edit=\"true\">Ordre ARP\/23\/2026, de 5 de febrer<\/a> per la qual s\u2019aproven els preus p\u00fablics de les escoles agr\u00e0ries:<\/p>\n<p>2. Cursos de formaci\u00f3 professional cont\u00ednua<br \/>2.1 Drets d&#8217;inscripci\u00f3 als cursos de formaci\u00f3 presencials, semipresencials o a dist\u00e0ncia que imparteixen les<br \/>escoles agr\u00e0ries, excepte els que inclouen els apartats 2.3 i 2.4:<br \/>a) Cursos fins a 5 hores de durada: 5 euros per alumne\/a.<br \/>b) Cursos de m\u00e9s de 5 hores i fins a 12 hores de durada: 15 euros per alumne\/a.<br \/>c) Cursos de m\u00e9s de 12 hores i fins a 30 hores de durada: 32,00 euros per alumne\/a.<br \/>d) Cursos de m\u00e9s de 30 hores i menys de 50 hores de durada: 54,00 euros per alumne\/a.<br \/>e) Cursos de 50 hores i fins a 100 hores de durada: 65,00 euros per alumne\/a.<br \/>f) Cursos de m\u00e9s de 100 hores de durada: 75,00 euros per alumne\/a.<br \/>g) Seminaris d&#8217;especialitzaci\u00f3 i jornades: fins a 100,00 euros per alumne\/a.<br \/>h) Seminaris d&#8217;especialitzaci\u00f3 i aprofundiment: 150,00 euros per alumne\/a.<br \/>2.2 Drets d&#8217;examen dels cursos de formaci\u00f3 que imparteixen les escoles agr\u00e0ries i els cursos impartits per<br \/>altres institucions en el marc de l&#8217;Ordre AAM\/7\/2015, de 13 de gener, sobre el procediment per a la validaci\u00f3<br \/>de cursos per a la millora de la qualificaci\u00f3 professional agroaliment\u00e0ria i del medi natural: 20 euros per<br \/>alumne\/a i curs.<\/p>\n<p>2.4 Preu de la matr\u00edcula dels cursos de formaci\u00f3 relacionats amb la motoserra, en el marc de la certificaci\u00f3<br \/>europea de motoserrista:<br \/>a) Nivell ECC1: 115,00 euros per alumne\/a i curs.<br \/>b) Nivell ECC2: 250,00 euros per alumne\/a i curs.<br \/>c) Nivell ECC1 + ECC2 conjuntament: 270,00 euros per alumne\/a i curs.<br \/>d) Nivell ECC3: 365,00 euros per alumne\/a i curs.<br \/>2.5 Drets d&#8217;examen dels cursos de formaci\u00f3 relacionats amb la motoserra, en el marc de la certificaci\u00f3 europea<br \/>de motoserrista:<br \/>a) Nivell ECC1: 155,00 euros per alumne\/a i curs.<br \/>b) Nivell ECC2: 220,00 euros per alumne\/a i curs.<br \/>c) Nivell ECC1 + ECC2 conjuntament: 300,00 euros per alumne\/a i curs.<br \/>d) Nivell ECC3: 350,00 euros per alumne\/a i curs.<br \/>2.6 Organitzaci\u00f3 de cursos a demanda d&#8217;altres institucions p\u00fabliques o privades, o d&#8217;organitzacions<br \/>professionals: 45,00 euros per hora de curs<br \/>2.7 Cessi\u00f3 de materials, amb propietat intel\u00b7lectual de la direcci\u00f3 general competent en mat\u00e8ria de formaci\u00f3 en<br \/>l&#8217;\u00e0mbit agroalimentari i forestal, per a cada edici\u00f3 de cursos i activitats de formaci\u00f3 per a la millora de la<br \/>qualificaci\u00f3 professional agr\u00e0ria, sol\u00b7licitada des d&#8217;entitats per a la seva validaci\u00f3: 200 euros per edici\u00f3 i curs.<\/p>\n<p><strong>En els cursos presencials es lliuraran certificats d\u2019assist\u00e8ncia als alumnes que hagin assistit a un m\u00ednim del 80% de les hores programades. En el cas de cursos semipresencials caldr\u00e0 assistir a un m\u00ednim del 90% de les hores presencials i portar a terme de manera correcta les activitats proposades per les hores no presencials.<\/strong><\/p>\n<p>Les jornades s\u00f3n gratu\u00eftes i \u00fanicament es demana que t&#8217;inscriguis abans de la realitzaci\u00f3 a fi de reservar places.<\/p>","protected":false},"excerpt":{"rendered":"<p><a href=\"https:\/\/agora.xtec.cat\/ecaforestal\/wp-content\/uploads\/usu2539\/2024\/02\/Cursos-i-jornades-1.png\"><\/a><\/p>\n<p>Aquest son els cursos i jornades previstos<\/p>\n<p>i per als professionals que des l&#8217;escola us volem oferir.<br \/>\n<a href=\"https:\/\/agora.xtec.cat\/ecaforestal\/wp-content\/uploads\/usu2539\/2026\/02\/resum-cursos-formacio-continua-EAF-2026.pdf\">resum cursos formaci\u00f3 cont\u00ednua EAF 2026<\/a><br \/>\nDel tema de l&#8217;arboricultura tenim una publicitat especial que aqu\u00ed adjuntem:<br \/>\n<a href=\"https:\/\/agora.xtec.cat\/ecaforestal\/wp-content\/uploads\/usu2539\/2024\/04\/arboricultura-conjunt.jpg\"><\/a>cursos arboricultura<br \/>\n<a href=\"https:\/\/agora.xtec.cat\/ecaforestal\/wp-content\/uploads\/usu2539\/2024\/04\/Cartell.pdf\">Cartell<\/a><br \/>\n<a href=\"https:\/\/agora.xtec.cat\/ecaforestal\/wp-content\/uploads\/usu2539\/2024\/04\/Llibret.pdf\">Llibret<\/a><br \/>\nEls cursos de l\u2019escola estan adre\u00e7ats a treballadors i&hellip;  <a href=\"https:\/\/agora.xtec.cat\/ecaforestal\/formacio-per-a-professionals\/cursos-i-jornades-2\/\" title=\"Read Cursos i jornades\">Llegeix m\u00e9s\u00bb<\/a><\/p>\n","protected":false},"author":3,"featured_media":1872,"parent":611,"menu_order":0,"comment_status":"closed","ping_status":"closed","template":"","meta":{"_bbp_topic_count":0,"_bbp_reply_count":0,"_bbp_total_topic_count":0,"_bbp_total_reply_count":0,"_bbp_voice_count":0,"_bbp_anonymous_reply_count":0,"_bbp_topic_count_hidden":0,"_bbp_reply_count_hidden":0,"_bbp_forum_subforum_count":0,"footnotes":""},"class_list":["post-601","page","type-page","status-publish","has-post-thumbnail","hentry"],"post_mailing_queue_ids":[],"_links":{"self":[{"href":"https:\/\/agora.xtec.cat\/ecaforestal\/wp-json\/wp\/v2\/pages\/601","targetHints":{"allow":["GET"]}}],"collection":[{"href":"https:\/\/agora.xtec.cat\/ecaforestal\/wp-json\/wp\/v2\/pages"}],"about":[{"href":"https:\/\/agora.xtec.cat\/ecaforestal\/wp-json\/wp\/v2\/types\/page"}],"author":[{"embeddable":true,"href":"https:\/\/agora.xtec.cat\/ecaforestal\/wp-json\/wp\/v2\/users\/3"}],"replies":[{"embeddable":true,"href":"https:\/\/agora.xtec.cat\/ecaforestal\/wp-json\/wp\/v2\/comments?post=601"}],"version-history":[{"count":6,"href":"https:\/\/agora.xtec.cat\/ecaforestal\/wp-json\/wp\/v2\/pages\/601\/revisions"}],"predecessor-version":[{"id":1874,"href":"https:\/\/agora.xtec.cat\/ecaforestal\/wp-json\/wp\/v2\/pages\/601\/revisions\/1874"}],"up":[{"embeddable":true,"href":"https:\/\/agora.xtec.cat\/ecaforestal\/wp-json\/wp\/v2\/pages\/611"}],"wp:featuredmedia":[{"embeddable":true,"href":"https:\/\/agora.xtec.cat\/ecaforestal\/wp-json\/wp\/v2\/media\/1872"}],"wp:attachment":[{"href":"https:\/\/agora.xtec.cat\/ecaforestal\/wp-json\/wp\/v2\/media?parent=601"}],"curies":[{"name":"wp","href":"https:\/\/api.w.org\/{rel}","templated":true}]}}