{"id":581,"date":"2025-06-08T08:29:00","date_gmt":"2025-06-08T06:29:00","guid":{"rendered":"https:\/\/agora.xtec.cat\/ecaforestal\/?page_id=581"},"modified":"2026-02-20T10:45:09","modified_gmt":"2026-02-20T09:45:09","slug":"cfgs-gestio-forestal-i-del-medi-natural","status":"publish","type":"page","link":"https:\/\/agora.xtec.cat\/ecaforestal\/estudis\/cfgs-gestio-forestal-i-del-medi-natural\/","title":{"rendered":"-CFGS Gesti\u00f3 Forestal i del medi natural"},"content":{"rendered":"\n<p><a href=\"https:\/\/agora.xtec.cat\/ecaforestal\/wp-content\/uploads\/usu2539\/2024\/02\/CFGS-Gestio-Forestal-i-del-medi-natural-1.png\"><img loading=\"lazy\" decoding=\"async\" class=\"alignnone size-full wp-image-1494\" src=\"https:\/\/agora.xtec.cat\/ecaforestal\/wp-content\/uploads\/usu2539\/2024\/02\/CFGS-Gestio-Forestal-i-del-medi-natural-1.png\" alt=\"\" width=\"1024\" height=\"150\" srcset=\"https:\/\/agora.xtec.cat\/ecaforestal\/wp-content\/uploads\/usu2539\/2024\/02\/CFGS-Gestio-Forestal-i-del-medi-natural-1.png 1024w, https:\/\/agora.xtec.cat\/ecaforestal\/wp-content\/uploads\/usu2539\/2024\/02\/CFGS-Gestio-Forestal-i-del-medi-natural-1-300x44.png 300w, https:\/\/agora.xtec.cat\/ecaforestal\/wp-content\/uploads\/usu2539\/2024\/02\/CFGS-Gestio-Forestal-i-del-medi-natural-1-768x113.png 768w\" sizes=\"auto, (max-width: 1024px) 100vw, 1024px\" \/><\/a><\/p>\n\n\n<p><a href=\"https:\/\/agora.xtec.cat\/ecaforestal\/wp-content\/uploads\/usu2539\/2021\/06\/FORESTAL.jpg\"><img loading=\"lazy\" decoding=\"async\" class=\"alignnone size-full wp-image-593\" src=\"https:\/\/agora.xtec.cat\/ecaforestal\/wp-content\/uploads\/usu2539\/2021\/06\/FORESTAL.jpg\" alt=\"\" width=\"331\" height=\"291\" srcset=\"https:\/\/agora.xtec.cat\/ecaforestal\/wp-content\/uploads\/usu2539\/2021\/06\/FORESTAL.jpg 331w, https:\/\/agora.xtec.cat\/ecaforestal\/wp-content\/uploads\/usu2539\/2021\/06\/FORESTAL-300x264.jpg 300w\" sizes=\"auto, (max-width: 331px) 100vw, 331px\" \/><\/a><\/p>\n<p>La compet\u00e8ncia general d&#8217;aquest t\u00edtol consisteix a programar, organitzar, supervisar i realitzar, en el seu cas, els treballs a la muntanya i en vivers, controlant i protegint el medi natural i capacitant les persones per a la conservaci\u00f3 i millora ambiental, aplicant els plans de qualitat, prevenci\u00f3 de riscos laborals i protecci\u00f3 ambiental d&#8217;acord amb la legislaci\u00f3 vigent.<\/p>\n<p>T&#8217;adjuntem el tr\u00edptic del cicle on hi tens m\u00e9s informaci\u00f3.<\/p>\n<p><a href=\"https:\/\/agora.xtec.cat\/ecaforestal\/wp-content\/uploads\/usu2539\/2021\/06\/EAF_CFGSgestioForestal.pdf\">EAF_CFGSgestioForestal<\/a><\/p>\n<p>T&#8217;adjuntem l&#8217;enlla\u00e7 als curriculums de la familia agr\u00e0ria i tamb\u00e9 d&#8217;aquest cicle formatiu<\/p>\n<p><a href=\"http:\/\/xtec.gencat.cat\/ca\/curriculum\/professionals\/fp\/titolsloe\/agraria\/\">http:\/\/xtec.gencat.cat\/ca\/curriculum\/professionals\/fp\/titolsloe\/agraria\/<\/a><\/p>\n<p>T&#8217;adjuntem l&#8217;enlla\u00e7 a les dades de la preinscripci\u00f3<\/p>\n<p><a class=\"\" title=\"Aquest enlla\u00e7 s'obre en una nova pestanya: Preinscripci\u00f3 i matr\u00edcula als cicles de grau superior de formaci\u00f3 professional\" href=\"https:\/\/preinscripcio.gencat.cat\/ca\/estudis\/fp-grau-superior\/inici\" target=\"_blank\" rel=\"noopener noreferrer\">Preinscripci\u00f3 i matr\u00edcula als cicles de grau superior de formaci\u00f3 professional<\/a><\/p>\n<p><a href=\"https:\/\/agora.xtec.cat\/ecaforestal\/wp-content\/uploads\/usu2539\/2021\/07\/forestal.jpg\"><img loading=\"lazy\" decoding=\"async\" class=\"alignnone size-full wp-image-861\" src=\"https:\/\/agora.xtec.cat\/ecaforestal\/wp-content\/uploads\/usu2539\/2021\/07\/forestal.jpg\" alt=\"\" width=\"974\" height=\"695\" srcset=\"https:\/\/agora.xtec.cat\/ecaforestal\/wp-content\/uploads\/usu2539\/2021\/07\/forestal.jpg 974w, https:\/\/agora.xtec.cat\/ecaforestal\/wp-content\/uploads\/usu2539\/2021\/07\/forestal-300x214.jpg 300w, https:\/\/agora.xtec.cat\/ecaforestal\/wp-content\/uploads\/usu2539\/2021\/07\/forestal-768x548.jpg 768w\" sizes=\"auto, (max-width: 974px) 100vw, 974px\" \/><\/a><\/p>","protected":false},"excerpt":{"rendered":"<p><a href=\"https:\/\/agora.xtec.cat\/ecaforestal\/wp-content\/uploads\/usu2539\/2024\/02\/CFGS-Gestio-Forestal-i-del-medi-natural-1.png\"><\/a><\/p>\n<p><a href=\"https:\/\/agora.xtec.cat\/ecaforestal\/wp-content\/uploads\/usu2539\/2021\/06\/FORESTAL.jpg\"><\/a><br \/>\nLa compet\u00e8ncia general d&#8217;aquest t\u00edtol consisteix a programar, organitzar, supervisar i realitzar, en el seu cas, els treballs a la muntanya i en vivers, controlant i protegint el medi natural i capacitant les persones per a la conservaci\u00f3 i millora ambiental, aplicant els&hellip;  <a href=\"https:\/\/agora.xtec.cat\/ecaforestal\/estudis\/cfgs-gestio-forestal-i-del-medi-natural\/\" title=\"Read -CFGS Gesti\u00f3 Forestal i del medi natural\">Llegeix m\u00e9s\u00bb<\/a><\/p>\n","protected":false},"author":3,"featured_media":1494,"parent":195,"menu_order":0,"comment_status":"closed","ping_status":"closed","template":"","meta":{"_bbp_topic_count":0,"_bbp_reply_count":0,"_bbp_total_topic_count":0,"_bbp_total_reply_count":0,"_bbp_voice_count":0,"_bbp_anonymous_reply_count":0,"_bbp_topic_count_hidden":0,"_bbp_reply_count_hidden":0,"_bbp_forum_subforum_count":0,"footnotes":""},"class_list":["post-581","page","type-page","status-publish","has-post-thumbnail","hentry"],"post_mailing_queue_ids":[],"_links":{"self":[{"href":"https:\/\/agora.xtec.cat\/ecaforestal\/wp-json\/wp\/v2\/pages\/581","targetHints":{"allow":["GET"]}}],"collection":[{"href":"https:\/\/agora.xtec.cat\/ecaforestal\/wp-json\/wp\/v2\/pages"}],"about":[{"href":"https:\/\/agora.xtec.cat\/ecaforestal\/wp-json\/wp\/v2\/types\/page"}],"author":[{"embeddable":true,"href":"https:\/\/agora.xtec.cat\/ecaforestal\/wp-json\/wp\/v2\/users\/3"}],"replies":[{"embeddable":true,"href":"https:\/\/agora.xtec.cat\/ecaforestal\/wp-json\/wp\/v2\/comments?post=581"}],"version-history":[{"count":5,"href":"https:\/\/agora.xtec.cat\/ecaforestal\/wp-json\/wp\/v2\/pages\/581\/revisions"}],"predecessor-version":[{"id":1495,"href":"https:\/\/agora.xtec.cat\/ecaforestal\/wp-json\/wp\/v2\/pages\/581\/revisions\/1495"}],"up":[{"embeddable":true,"href":"https:\/\/agora.xtec.cat\/ecaforestal\/wp-json\/wp\/v2\/pages\/195"}],"wp:featuredmedia":[{"embeddable":true,"href":"https:\/\/agora.xtec.cat\/ecaforestal\/wp-json\/wp\/v2\/media\/1494"}],"wp:attachment":[{"href":"https:\/\/agora.xtec.cat\/ecaforestal\/wp-json\/wp\/v2\/media?parent=581"}],"curies":[{"name":"wp","href":"https:\/\/api.w.org\/{rel}","templated":true}]}}