{"id":57,"date":"2014-09-17T17:01:07","date_gmt":"2014-09-17T17:01:07","guid":{"rendered":"http:\/\/agora.xtec.cat\/ecaforestal\/?page_id=57"},"modified":"2024-04-11T14:24:27","modified_gmt":"2024-04-11T12:24:27","slug":"projecte-educatiu","status":"publish","type":"page","link":"https:\/\/agora.xtec.cat\/ecaforestal\/projectes-de-centre\/projecte-educatiu\/","title":{"rendered":"Projecte educatiu"},"content":{"rendered":"\n<p><a href=\"https:\/\/agora.xtec.cat\/ecaforestal\/wp-content\/uploads\/usu2539\/2024\/02\/Projecte-educatiu.png\"><img loading=\"lazy\" decoding=\"async\" class=\"alignnone size-full wp-image-1432\" src=\"https:\/\/agora.xtec.cat\/ecaforestal\/wp-content\/uploads\/usu2539\/2024\/02\/Projecte-educatiu.png\" alt=\"\" width=\"1024\" height=\"150\" srcset=\"https:\/\/agora.xtec.cat\/ecaforestal\/wp-content\/uploads\/usu2539\/2024\/02\/Projecte-educatiu.png 1024w, https:\/\/agora.xtec.cat\/ecaforestal\/wp-content\/uploads\/usu2539\/2024\/02\/Projecte-educatiu-300x44.png 300w, https:\/\/agora.xtec.cat\/ecaforestal\/wp-content\/uploads\/usu2539\/2024\/02\/Projecte-educatiu-768x113.png 768w\" sizes=\"auto, (max-width: 1024px) 100vw, 1024px\" \/><\/a><\/p>\n\n\n<p><a href=\"https:\/\/agora.xtec.cat\/ecaforestal\/wp-content\/uploads\/usu2539\/2021\/06\/PEC.jpg\"><img loading=\"lazy\" decoding=\"async\" class=\"alignnone size-full wp-image-680\" src=\"https:\/\/agora.xtec.cat\/ecaforestal\/wp-content\/uploads\/usu2539\/2021\/06\/PEC.jpg\" alt=\"\" width=\"653\" height=\"425\" srcset=\"https:\/\/agora.xtec.cat\/ecaforestal\/wp-content\/uploads\/usu2539\/2021\/06\/PEC.jpg 653w, https:\/\/agora.xtec.cat\/ecaforestal\/wp-content\/uploads\/usu2539\/2021\/06\/PEC-300x195.jpg 300w\" sizes=\"auto, (max-width: 653px) 100vw, 653px\" \/><\/a><\/p>\n<p>D&#8217;acord amb la <a title=\"Article 91 LEC\" href=\"http:\/\/www20.gencat.cat\/portal\/site\/portaljuridic\/menuitem.d15a4e5dfb99396dc366ec10b0c0e1a0\/?vgnextoid=b85297b5a87d6210VgnVCM1000000b0c1e0aRCRD&amp;vgnextchannel=b85297b5a87d6210VgnVCM1000000b0c1e0aRCRD&amp;vgnextfmt=default&amp;action=fitxa&amp;portalId=1&amp;documentId=480169&amp;newLang=ca_ES#fragment-1182442\" target=\"_blank\" rel=\"noopener noreferrer\">Llei d&#8217;Educaci\u00f3 de Catalunya<\/a>, el projecte educatiu del nostre centre incorpora car\u00e0cter propi\u00a0 i desenvolupa temes com:<\/p>\n<ul>\n<li>Criteris d&#8217;ordenaci\u00f3 pedag\u00f2gica, prioritats i plantejaments educatius, procediments d&#8217;inclusi\u00f3 i altres actuacions que caracteritzen el centre.<\/li>\n<li>Indicadors de progr\u00e9s.<\/li>\n<li>Concreci\u00f3 i desenvolupament dels curr\u00edculums.<\/li>\n<li>Criteris que defineixen l&#8217;estructura organitzativa.<\/li>\n<li>Projecte ling\u00fc\u00edstic.<\/li>\n<li>Principis d&#8217;identitat.<\/li>\n<\/ul>\n<p>Cliqueu al seg\u00fcent enlla\u00e7 per a saber-ne m\u00e9s del nostre projecte educatiu:<\/p>\n\n\n<div class=\"wp-block-file\"><a id=\"wp-block-file--media-6445de8b-1b41-4b57-bf60-2004580dcfe6\" href=\"https:\/\/agora.xtec.cat\/ecaforestal\/wp-content\/uploads\/usu2539\/2023\/01\/PEC_V7_2021.pdf\" target=\"_blank\" rel=\"noreferrer noopener\">PEC_V7_2021<\/a><a href=\"https:\/\/agora.xtec.cat\/ecaforestal\/wp-content\/uploads\/usu2539\/2023\/01\/PEC_V7_2021.pdf\" class=\"wp-block-file__button wp-element-button\" download aria-describedby=\"wp-block-file--media-6445de8b-1b41-4b57-bf60-2004580dcfe6\">Baixa<\/a><\/div>\n\n\n\n<p>Cliqueu al seg\u00fcent enlla\u00e7 per a saber-ne m\u00e9s del nostre projecte ling\u00fc\u00edstic:<\/p>\n\n\n\n<div class=\"wp-block-file\"><a id=\"wp-block-file--media-ada9629c-f855-4d3a-a728-d7be8b2295d8\" href=\"https:\/\/agora.xtec.cat\/ecaforestal\/wp-content\/uploads\/usu2539\/2023\/01\/Projecte_linguistic_v1_EAF-SCF.pdf\" target=\"_blank\" rel=\"noreferrer noopener\">Projecte_linguistic_v1_EAF-SCF<\/a><a href=\"https:\/\/agora.xtec.cat\/ecaforestal\/wp-content\/uploads\/usu2539\/2023\/01\/Projecte_linguistic_v1_EAF-SCF.pdf\" class=\"wp-block-file__button wp-element-button\" download aria-describedby=\"wp-block-file--media-ada9629c-f855-4d3a-a728-d7be8b2295d8\">Baixa<\/a><\/div>\n\n\n\n<p>Segueix aquest enlla\u00e7 per a veure el projecte de conviv\u00e8ncia del centre<\/p>\n\n\n\n<div class=\"wp-block-file\"><a id=\"wp-block-file--media-9b1540a9-d800-4ab3-a1c5-95a71606e25e\" href=\"https:\/\/agora.xtec.cat\/ecaforestal\/wp-content\/uploads\/usu2539\/2023\/12\/Projecte-Convivencia_EAF-SCF.pdf\" target=\"_blank\" rel=\"noreferrer noopener\">Projecte Conviv\u00e8ncia_EAF SCF<\/a><a href=\"https:\/\/agora.xtec.cat\/ecaforestal\/wp-content\/uploads\/usu2539\/2023\/12\/Projecte-Convivencia_EAF-SCF.pdf\" class=\"wp-block-file__button wp-element-button\" download aria-describedby=\"wp-block-file--media-9b1540a9-d800-4ab3-a1c5-95a71606e25e\">Baixa<\/a><\/div>\n\n\n\n<div class=\"wp-block-file\"><a id=\"wp-block-file--media-9b1540a9-d800-4ab3-a1c5-95a71606e25e\" href=\"https:\/\/agora.xtec.cat\/ecaforestal\/wp-content\/uploads\/usu2539\/2024\/04\/NOFC__V7_maig_2022.pdf\" target=\"_blank\" rel=\"noreferrer noopener\">NOFC__V7_maig_2022<\/a><a href=\"https:\/\/agora.xtec.cat\/ecaforestal\/wp-content\/uploads\/usu2539\/2024\/04\/NOFC__V7_maig_2022.pdf\" class=\"wp-block-file__button wp-element-button\" download aria-describedby=\"wp-block-file--media-9b1540a9-d800-4ab3-a1c5-95a71606e25e\">Baixa<\/a><\/div>\n\n\n\n<div class=\"wp-block-file\"><a id=\"wp-block-file--media-9b1540a9-d800-4ab3-a1c5-95a71606e25e\" href=\"https:\/\/agora.xtec.cat\/ecaforestal\/wp-content\/uploads\/usu2539\/2024\/04\/SFA_ESCOLA_AGRARIA_FORESTAL_SCF_Pla_Estrategic_2023-27.pdf\" target=\"_blank\" rel=\"noreferrer noopener\">SFA_ESCOLA_AGRARIA_FORESTAL_SCF_Pla_Estrategic_2023-27<\/a><a href=\"https:\/\/agora.xtec.cat\/ecaforestal\/wp-content\/uploads\/usu2539\/2024\/04\/SFA_ESCOLA_AGRARIA_FORESTAL_SCF_Pla_Estrategic_2023-27.pdf\" class=\"wp-block-file__button wp-element-button\" download aria-describedby=\"wp-block-file--media-9b1540a9-d800-4ab3-a1c5-95a71606e25e\">Baixa<\/a><\/div>\n\n\n\n<div class=\"wp-block-columns is-layout-flex wp-container-core-columns-is-layout-1 wp-block-columns-is-layout-flex\">\n<div class=\"wp-block-column is-layout-flow wp-block-column-is-layout-flow\"><\/div>\n<\/div>\n","protected":false},"excerpt":{"rendered":"<p><a href=\"https:\/\/agora.xtec.cat\/ecaforestal\/wp-content\/uploads\/usu2539\/2024\/02\/Projecte-educatiu.png\"><\/a><\/p>\n<p><a href=\"https:\/\/agora.xtec.cat\/ecaforestal\/wp-content\/uploads\/usu2539\/2021\/06\/PEC.jpg\"><\/a><br \/>\nD&#8217;acord amb la <a title=\"Article 91 LEC\" href=\"http:\/\/www20.gencat.cat\/portal\/site\/portaljuridic\/menuitem.d15a4e5dfb99396dc366ec10b0c0e1a0\/?vgnextoid=b85297b5a87d6210VgnVCM1000000b0c1e0aRCRD&amp;vgnextchannel=b85297b5a87d6210VgnVCM1000000b0c1e0aRCRD&amp;vgnextfmt=default&amp;action=fitxa&amp;portalId=1&amp;documentId=480169&amp;newLang=ca_ES#fragment-1182442\" target=\"_blank\" rel=\"noopener noreferrer\">Llei d&#8217;Educaci\u00f3 de Catalunya<\/a>, el projecte educatiu del nostre centre incorpora car\u00e0cter propi\u00a0 i desenvolupa temes com:<\/p>\n<ul>\n<li>Criteris d&#8217;ordenaci\u00f3 pedag\u00f2gica, prioritats i plantejaments educatius, procediments d&#8217;inclusi\u00f3 i altres actuacions que caracteritzen el centre.<\/li>\n<li>Indicadors de&hellip;  <a href=\"https:\/\/agora.xtec.cat\/ecaforestal\/projectes-de-centre\/projecte-educatiu\/\" title=\"Read Projecte educatiu\">Llegeix m\u00e9s\u00bb<\/a><br \/>\n","protected":false},"author":1,"featured_media":1432,"parent":666,"menu_order":0,"comment_status":"closed","ping_status":"closed","template":"page-templates\/side-menu.php","meta":{"_bbp_topic_count":0,"_bbp_reply_count":0,"_bbp_total_topic_count":0,"_bbp_total_reply_count":0,"_bbp_voice_count":0,"_bbp_anonymous_reply_count":0,"_bbp_topic_count_hidden":0,"_bbp_reply_count_hidden":0,"_bbp_forum_subforum_count":0,"footnotes":""},"class_list":["post-57","page","type-page","status-publish","has-post-thumbnail","hentry"],"post_mailing_queue_ids":[],"_links":{"self":[{"href":"https:\/\/agora.xtec.cat\/ecaforestal\/wp-json\/wp\/v2\/pages\/57","targetHints":{"allow":["GET"]}}],"collection":[{"href":"https:\/\/agora.xtec.cat\/ecaforestal\/wp-json\/wp\/v2\/pages"}],"about":[{"href":"https:\/\/agora.xtec.cat\/ecaforestal\/wp-json\/wp\/v2\/types\/page"}],"author":[{"embeddable":true,"href":"https:\/\/agora.xtec.cat\/ecaforestal\/wp-json\/wp\/v2\/users\/1"}],"replies":[{"embeddable":true,"href":"https:\/\/agora.xtec.cat\/ecaforestal\/wp-json\/wp\/v2\/comments?post=57"}],"version-history":[{"count":6,"href":"https:\/\/agora.xtec.cat\/ecaforestal\/wp-json\/wp\/v2\/pages\/57\/revisions"}],"predecessor-version":[{"id":1550,"href":"https:\/\/agora.xtec.cat\/ecaforestal\/wp-json\/wp\/v2\/pages\/57\/revisions\/1550"}],"up":[{"embeddable":true,"href":"https:\/\/agora.xtec.cat\/ecaforestal\/wp-json\/wp\/v2\/pages\/666"}],"wp:featuredmedia":[{"embeddable":true,"href":"https:\/\/agora.xtec.cat\/ecaforestal\/wp-json\/wp\/v2\/media\/1432"}],"wp:attachment":[{"href":"https:\/\/agora.xtec.cat\/ecaforestal\/wp-json\/wp\/v2\/media?parent=57"}],"curies":[{"name":"wp","href":"https:\/\/api.w.org\/{rel}","templated":true}]}}