{"id":195,"date":"2014-09-22T10:39:39","date_gmt":"2014-09-22T10:39:39","guid":{"rendered":"http:\/\/agora.xtec.cat\/ecaforestal\/?page_id=195"},"modified":"2026-02-20T09:30:46","modified_gmt":"2026-02-20T08:30:46","slug":"estudis","status":"publish","type":"page","link":"https:\/\/agora.xtec.cat\/ecaforestal\/estudis\/","title":{"rendered":"Formacions"},"content":{"rendered":"<p><a href=\"https:\/\/agora.xtec.cat\/ecaforestal\/wp-content\/uploads\/usu2539\/2024\/02\/Cicles-formatius-de-grau-superior-i-requisits-DUAL.png\"><img loading=\"lazy\" decoding=\"async\" class=\"alignnone size-full wp-image-1490\" src=\"https:\/\/agora.xtec.cat\/ecaforestal\/wp-content\/uploads\/usu2539\/2024\/02\/Cicles-formatius-de-grau-superior-i-requisits-DUAL.png\" alt=\"\" width=\"1024\" height=\"150\" srcset=\"https:\/\/agora.xtec.cat\/ecaforestal\/wp-content\/uploads\/usu2539\/2024\/02\/Cicles-formatius-de-grau-superior-i-requisits-DUAL.png 1024w, https:\/\/agora.xtec.cat\/ecaforestal\/wp-content\/uploads\/usu2539\/2024\/02\/Cicles-formatius-de-grau-superior-i-requisits-DUAL-300x44.png 300w, https:\/\/agora.xtec.cat\/ecaforestal\/wp-content\/uploads\/usu2539\/2024\/02\/Cicles-formatius-de-grau-superior-i-requisits-DUAL-768x113.png 768w\" sizes=\"auto, (max-width: 1024px) 100vw, 1024px\" \/><\/a><\/p>\n<p>L&#8217;<strong>oferta formativa <\/strong>de formaci\u00f3 reglada a la nostra escola consisteix en 2 cicles formatius de grau superior. Aquest cicles tenen una durada de 2.000 h, o dos cursos. Tamb\u00e9 oferim la possibilitat de fer en quasi be 3 anys els dos cicles.<\/p>\n<p>Els cicles que oferim s\u00f3n els 2 de la fam\u00edlia agr\u00e0ria, concretament s\u00f3n el CFGS de Gesti\u00f3 Forestal i del Medi Natural i el CFGS de Paisatgisme i medi rural. els dos amb possibilitat de fer-se en <a href=\"https:\/\/agora.xtec.cat\/fpdual\/\">modalitat DUAL.<\/a><\/p>\n<p><iframe loading=\"lazy\" title=\"EA Casa Xifra\" width=\"500\" height=\"281\" src=\"https:\/\/www.youtube.com\/embed\/Btg8x_oMNOM?feature=oembed\" frameborder=\"0\" allow=\"accelerometer; autoplay; clipboard-write; encrypted-media; gyroscope; picture-in-picture; web-share\" referrerpolicy=\"strict-origin-when-cross-origin\" allowfullscreen><\/iframe><\/p>\n<div class=\"entry-content\" style=\"color: #444444;\">\n<div class=\"entry-content\"><a href=\"https:\/\/agora.xtec.cat\/ecaforestal\/wp-content\/uploads\/usu2539\/2021\/07\/condicions-dual.jpg\"><img loading=\"lazy\" decoding=\"async\" class=\"alignnone wp-image-867\" src=\"https:\/\/agora.xtec.cat\/ecaforestal\/wp-content\/uploads\/usu2539\/2021\/07\/condicions-dual.jpg\" alt=\"\" width=\"624\" height=\"408\" srcset=\"https:\/\/agora.xtec.cat\/ecaforestal\/wp-content\/uploads\/usu2539\/2021\/07\/condicions-dual.jpg 940w, https:\/\/agora.xtec.cat\/ecaforestal\/wp-content\/uploads\/usu2539\/2021\/07\/condicions-dual-300x196.jpg 300w, https:\/\/agora.xtec.cat\/ecaforestal\/wp-content\/uploads\/usu2539\/2021\/07\/condicions-dual-768x502.jpg 768w\" sizes=\"auto, (max-width: 624px) 100vw, 624px\" \/><\/a><\/div>\n<div><a href=\"https:\/\/agora.xtec.cat\/ecaforestal\/wp-content\/uploads\/usu2539\/2021\/07\/dual-2.jpg\"><img loading=\"lazy\" decoding=\"async\" class=\"alignnone wp-image-869\" src=\"https:\/\/agora.xtec.cat\/ecaforestal\/wp-content\/uploads\/usu2539\/2021\/07\/dual-2.jpg\" alt=\"\" width=\"577\" height=\"412\" srcset=\"https:\/\/agora.xtec.cat\/ecaforestal\/wp-content\/uploads\/usu2539\/2021\/07\/dual-2.jpg 924w, https:\/\/agora.xtec.cat\/ecaforestal\/wp-content\/uploads\/usu2539\/2021\/07\/dual-2-300x214.jpg 300w, https:\/\/agora.xtec.cat\/ecaforestal\/wp-content\/uploads\/usu2539\/2021\/07\/dual-2-768x549.jpg 768w\" sizes=\"auto, (max-width: 577px) 100vw, 577px\" \/><\/a><\/div>\n<div><a href=\"https:\/\/agora.xtec.cat\/ecaforestal\/wp-content\/uploads\/usu2539\/2021\/07\/dual-3.jpg\"><img loading=\"lazy\" decoding=\"async\" class=\"alignnone wp-image-870\" src=\"https:\/\/agora.xtec.cat\/ecaforestal\/wp-content\/uploads\/usu2539\/2021\/07\/dual-3.jpg\" alt=\"\" width=\"579\" height=\"425\" srcset=\"https:\/\/agora.xtec.cat\/ecaforestal\/wp-content\/uploads\/usu2539\/2021\/07\/dual-3.jpg 887w, https:\/\/agora.xtec.cat\/ecaforestal\/wp-content\/uploads\/usu2539\/2021\/07\/dual-3-300x220.jpg 300w, https:\/\/agora.xtec.cat\/ecaforestal\/wp-content\/uploads\/usu2539\/2021\/07\/dual-3-768x564.jpg 768w\" sizes=\"auto, (max-width: 579px) 100vw, 579px\" \/><\/a><\/div>\n<\/div>\n","protected":false},"excerpt":{"rendered":"<p><a href=\"https:\/\/agora.xtec.cat\/ecaforestal\/wp-content\/uploads\/usu2539\/2024\/02\/Cicles-formatius-de-grau-superior-i-requisits-DUAL.png\"><\/a><br \/>\nL&#8217;oferta formativa de formaci\u00f3 reglada a la nostra escola consisteix en 2 cicles formatius de grau superior. Aquest cicles tenen una durada de 2.000 h, o dos cursos. Tamb\u00e9 oferim la possibilitat de fer en quasi be 3 anys els dos cicles.<br \/>\nEls cicles que&hellip;  <a href=\"https:\/\/agora.xtec.cat\/ecaforestal\/estudis\/\" title=\"Read Formacions\">Llegeix m\u00e9s\u00bb<\/a><\/p>\n","protected":false},"author":1,"featured_media":1490,"parent":0,"menu_order":0,"comment_status":"closed","ping_status":"closed","template":"","meta":{"_bbp_topic_count":0,"_bbp_reply_count":0,"_bbp_total_topic_count":0,"_bbp_total_reply_count":0,"_bbp_voice_count":0,"_bbp_anonymous_reply_count":0,"_bbp_topic_count_hidden":0,"_bbp_reply_count_hidden":0,"_bbp_forum_subforum_count":0,"footnotes":""},"class_list":["post-195","page","type-page","status-publish","has-post-thumbnail","hentry"],"post_mailing_queue_ids":[],"_links":{"self":[{"href":"https:\/\/agora.xtec.cat\/ecaforestal\/wp-json\/wp\/v2\/pages\/195","targetHints":{"allow":["GET"]}}],"collection":[{"href":"https:\/\/agora.xtec.cat\/ecaforestal\/wp-json\/wp\/v2\/pages"}],"about":[{"href":"https:\/\/agora.xtec.cat\/ecaforestal\/wp-json\/wp\/v2\/types\/page"}],"author":[{"embeddable":true,"href":"https:\/\/agora.xtec.cat\/ecaforestal\/wp-json\/wp\/v2\/users\/1"}],"replies":[{"embeddable":true,"href":"https:\/\/agora.xtec.cat\/ecaforestal\/wp-json\/wp\/v2\/comments?post=195"}],"version-history":[{"count":5,"href":"https:\/\/agora.xtec.cat\/ecaforestal\/wp-json\/wp\/v2\/pages\/195\/revisions"}],"predecessor-version":[{"id":1856,"href":"https:\/\/agora.xtec.cat\/ecaforestal\/wp-json\/wp\/v2\/pages\/195\/revisions\/1856"}],"wp:featuredmedia":[{"embeddable":true,"href":"https:\/\/agora.xtec.cat\/ecaforestal\/wp-json\/wp\/v2\/media\/1490"}],"wp:attachment":[{"href":"https:\/\/agora.xtec.cat\/ecaforestal\/wp-json\/wp\/v2\/media?parent=195"}],"curies":[{"name":"wp","href":"https:\/\/api.w.org\/{rel}","templated":true}]}}