{"id":1882,"date":"2026-02-20T14:04:12","date_gmt":"2026-02-20T13:04:12","guid":{"rendered":"https:\/\/agora.xtec.cat\/ecaforestal\/?page_id=1882"},"modified":"2026-02-20T14:04:12","modified_gmt":"2026-02-20T13:04:12","slug":"collaboracions-i-socis-diversos","status":"publish","type":"page","link":"https:\/\/agora.xtec.cat\/ecaforestal\/collaboracions-i-socis-diversos\/","title":{"rendered":"Col\u00b7laboracions i socis diversos"},"content":{"rendered":"\n<p>L&#8217;Escola Agr\u00e0ria Forestal \u00e9s soci acreditat de l&#8217;Associaci\u00f3 Espa\u00f1ola d&#8217;Arboricultura. (AEA)<\/p>\n\n\n\n<p><!--more--><img loading=\"lazy\" decoding=\"async\" class=\"aligncenter size-full wp-image-1881\" src=\"https:\/\/agora.xtec.cat\/ecaforestal\/wp-content\/uploads\/usu2539\/2026\/02\/aea-1.jpg\" alt=\"\" width=\"868\" height=\"655\" srcset=\"https:\/\/agora.xtec.cat\/ecaforestal\/wp-content\/uploads\/usu2539\/2026\/02\/aea-1.jpg 868w, https:\/\/agora.xtec.cat\/ecaforestal\/wp-content\/uploads\/usu2539\/2026\/02\/aea-1-300x226.jpg 300w, https:\/\/agora.xtec.cat\/ecaforestal\/wp-content\/uploads\/usu2539\/2026\/02\/aea-1-768x580.jpg 768w, https:\/\/agora.xtec.cat\/ecaforestal\/wp-content\/uploads\/usu2539\/2026\/02\/aea-1-200x150.jpg 200w\" sizes=\"auto, (max-width: 868px) 100vw, 868px\" \/><\/p>\n","protected":false},"excerpt":{"rendered":"<p>L&#8217;Escola Agr\u00e0ria Forestal \u00e9s soci acreditat de l&#8217;Associaci\u00f3 Espa\u00f1ola d&#8217;Arboricultura. (AEA)<\/p>\n","protected":false},"author":3,"featured_media":1881,"parent":0,"menu_order":0,"comment_status":"closed","ping_status":"close","template":"","meta":{"_bbp_topic_count":0,"_bbp_reply_count":0,"_bbp_total_topic_count":0,"_bbp_total_reply_count":0,"_bbp_voice_count":0,"_bbp_anonymous_reply_count":0,"_bbp_topic_count_hidden":0,"_bbp_reply_count_hidden":0,"_bbp_forum_subforum_count":0,"footnotes":""},"class_list":["post-1882","page","type-page","status-publish","has-post-thumbnail","hentry"],"post_mailing_queue_ids":[],"_links":{"self":[{"href":"https:\/\/agora.xtec.cat\/ecaforestal\/wp-json\/wp\/v2\/pages\/1882","targetHints":{"allow":["GET"]}}],"collection":[{"href":"https:\/\/agora.xtec.cat\/ecaforestal\/wp-json\/wp\/v2\/pages"}],"about":[{"href":"https:\/\/agora.xtec.cat\/ecaforestal\/wp-json\/wp\/v2\/types\/page"}],"author":[{"embeddable":true,"href":"https:\/\/agora.xtec.cat\/ecaforestal\/wp-json\/wp\/v2\/users\/3"}],"replies":[{"embeddable":true,"href":"https:\/\/agora.xtec.cat\/ecaforestal\/wp-json\/wp\/v2\/comments?post=1882"}],"version-history":[{"count":1,"href":"https:\/\/agora.xtec.cat\/ecaforestal\/wp-json\/wp\/v2\/pages\/1882\/revisions"}],"predecessor-version":[{"id":1883,"href":"https:\/\/agora.xtec.cat\/ecaforestal\/wp-json\/wp\/v2\/pages\/1882\/revisions\/1883"}],"wp:featuredmedia":[{"embeddable":true,"href":"https:\/\/agora.xtec.cat\/ecaforestal\/wp-json\/wp\/v2\/media\/1881"}],"wp:attachment":[{"href":"https:\/\/agora.xtec.cat\/ecaforestal\/wp-json\/wp\/v2\/media?parent=1882"}],"curies":[{"name":"wp","href":"https:\/\/api.w.org\/{rel}","templated":true}]}}