{"id":1325,"date":"2024-01-25T13:19:02","date_gmt":"2024-01-25T12:19:02","guid":{"rendered":"https:\/\/agora.xtec.cat\/ecaforestal\/?page_id=1325"},"modified":"2024-02-23T10:40:16","modified_gmt":"2024-02-23T09:40:16","slug":"benestar-digital","status":"publish","type":"page","link":"https:\/\/agora.xtec.cat\/ecaforestal\/estrategia-digital-de-centre-edc\/cultura-digital\/benestar-digital\/","title":{"rendered":"Benestar digital"},"content":{"rendered":"\n<h3><b><a href=\"https:\/\/agora.xtec.cat\/ecaforestal\/wp-content\/uploads\/usu2539\/2024\/02\/benestar-digital.png\"><img loading=\"lazy\" decoding=\"async\" class=\"alignnone size-full wp-image-1442\" src=\"https:\/\/agora.xtec.cat\/ecaforestal\/wp-content\/uploads\/usu2539\/2024\/02\/benestar-digital.png\" alt=\"\" width=\"1024\" height=\"150\" srcset=\"https:\/\/agora.xtec.cat\/ecaforestal\/wp-content\/uploads\/usu2539\/2024\/02\/benestar-digital.png 1024w, https:\/\/agora.xtec.cat\/ecaforestal\/wp-content\/uploads\/usu2539\/2024\/02\/benestar-digital-300x44.png 300w, https:\/\/agora.xtec.cat\/ecaforestal\/wp-content\/uploads\/usu2539\/2024\/02\/benestar-digital-768x113.png 768w\" sizes=\"auto, (max-width: 1024px) 100vw, 1024px\" \/><\/a>1. Ciberseguretat i Benestar digital<\/b><\/h3>\n<p>\u00a0<\/p>\n<p>Tot seguit es descriuen els protocols de ciberbenestar juntament amb la responsabilitat d\u2019implantaci\u00f3, els destinataris i el moment en qu\u00e8 s\u2019ha d\u2019aplicar.<\/p>\n<p>\u00a0<\/p>\n<table>\n<tbody>\n<tr>\n<td>\n<p>En quin moment<\/p>\n<\/td>\n<td>\n<p>Protocol<\/p>\n<\/td>\n<td>\n<p>Qui?<\/p>\n<\/td>\n<td>\n<p>Per a qui?<\/p>\n<\/td>\n<\/tr>\n<tr>\n<td>\n<p>Si estem al lloc de treball<\/p>\n<\/td>\n<td>\n<p>&#8211;<b>Establim pol\u00edtiques de:<\/b><\/p>\n<p>-Taules i pantalles netes.<\/p>\n<p>-Silenci de notificacions de missatges al centre.<\/p>\n<p>-Recomanem les ulleres o els filtres de la llum blava.<\/p>\n<p>-Limitaci\u00f3 del temps seguit mirant la pantalla. Cada 2\u202fh.<\/p>\n<\/td>\n<td>\n<p>Comissi\u00f3 digital<\/p>\n<\/td>\n<td>\n<p>Professorat i alumnat<\/p>\n<\/td>\n<\/tr>\n<tr>\n<td>\n<p>Si naveguem per la xarxa<\/p>\n<\/td>\n<td>\n<p>-No informem a desconeguts ni per xarxes socials del nostre geoposicionament.<\/p>\n<p>-No permetem que les aplicacions accedeixin a parts dels dispositius que no necessiten.<\/p>\n<\/td>\n<td>\n<p>Comunitat educativa<\/p>\n<\/td>\n<td>\n<p>Comunitat educativa<\/p>\n<\/td>\n<\/tr>\n<tr>\n<td>\n<p>Si usem els dispositius<\/p>\n<\/td>\n<td>\n<p>-Hi hem d\u2019instal\u00b7lar antivirus.<\/p>\n<p>-Hem de mantenir actualitzat el sistema operatiu.<\/p>\n<p>-No enviarem informaci\u00f3 confidencial mitjan\u00e7ant una wifi p\u00fablica i, si \u00e9s possible, ens connectarem a xarxes segures.<\/p>\n<p>-Vigilarem no navegar per webs que ens puguin robar dades.<\/p>\n<p>-Activem opcions de privacitat de les nostres xarxes socials.<\/p>\n<p>-Baixarem nom\u00e9s aplicacions de llocs fiables.<\/p>\n<p>-Llegirem opinions d\u2019altres usuaris.<\/p>\n<p>-No contactarem amb persones estranyes<\/p>\n<p>-Evitem el contingut malici\u00f3s.<\/p>\n<p>-Tanquem sempre la sessi\u00f3 per evitar que alg\u00fa ens suplanti la identitat.<\/p>\n<\/td>\n<td>\n<p>Comunitat educativa<\/p>\n<\/td>\n<td>\n<p>Comunitat educativa<\/p>\n<\/td>\n<\/tr>\n<tr>\n<td>\n<p>Si perdem els dispositius<\/p>\n<\/td>\n<td>\n<p><b>-Abans de perdre\u2019l,<\/b> fer regularment c\u00f2pies de seguretat o treballar sempre al n\u00favol.-Establir codi d\u2019acc\u00e9s. Posem visible en un adhesiu el tel\u00e8fon de contacte de l\u2019usuari. Prenem nota del codi IMEI per permetre a l\u2019operadora bloquejar el dispositiu de manera remota.\u00a0<\/p>\n<p>-Activem la funci\u00f3 localitzar el meu dispositiu.<\/p>\n<p><b>-Despr\u00e9s de perdre\u2019l,<\/b> ho hem de comunicar a la companyia, hem d\u2019intentar localitzar-lo remotament i hem de canviar les contrasenyes de xarxes socials, correus, etc.<\/p>\n<\/td>\n<td>\n<p>Comunitat educativa<\/p>\n<\/td>\n<td>\n<p>Comunitat educativa<\/p>\n<\/td>\n<\/tr>\n<tr>\n<td>\n<p>Si estem al centre<\/p>\n<\/td>\n<td>\n<p>-Delimitem els espais on es pot fer \u00fas de certs dispositius i on no (m\u00f2bil, tauleta, port\u00e0til&#8230;), \u00e9s a dir, promovem l\u2019<b>\u00fas adequat de dispositius<\/b>.\u00a0<\/p>\n<\/td>\n<td>\n<p>Comissi\u00f3 digital- Equip directiu<\/p>\n<\/td>\n<td>\n<p>Professorat, alumnat<\/p>\n<\/td>\n<\/tr>\n<tr>\n<td>\n<p>Si usem internet de manera personal\u00a0\u00a0<\/p>\n<\/td>\n<td>\n<p>-Cal que practiquem h\u00e0bits cibersaludables.<\/p>\n<p>-Creem contrasenyes segures.<\/p>\n<p>-No donem dades a tercers.<\/p>\n<p>-No comprem en l\u00ednia amb wifi oberta.<\/p>\n<p>-Actuem contra l\u2019assetjament a les xarxes<\/p>\n<p>-Actualitzem dispositius i aplicacions.<\/p>\n<p>-Practiquem el <b>civisme o \u00e8tica digital<\/b>.<\/p>\n<\/td>\n<td>\n<p>Tots<\/p>\n<\/td>\n<td>\n<p>Tots<\/p>\n<\/td>\n<\/tr>\n<\/tbody>\n<\/table>\n<p>\u00a0<\/p>\n<h3><b>2. Consells sobre ciberseguretat<\/b><\/h3>\n<p>\u00a0<\/p>\n<p>Aqu\u00ed es detallen els protocols de ciberseguretat juntament amb la responsabilitat d\u2019implantaci\u00f3, els destinataris i el moment en qu\u00e8 s\u2019ha d\u2019aplicar.<\/p>\n<p>\u00a0<\/p>\n<table>\n<tbody>\n<tr>\n<td>\n<p>En quin moment<\/p>\n<\/td>\n<td>\n<p>Protocol<\/p>\n<\/td>\n<td>\n<p>Qui?<\/p>\n<\/td>\n<td>\n<p>Per a qui?<\/p>\n<\/td>\n<\/tr>\n<tr>\n<td>\n<p>Si estem al centre amb la comunitat educativa<\/p>\n<\/td>\n<td>\n<p>-Acordem un document de cultura digital del centre (PDC) en el qual es detalli un ideari i uns principis rectors en l\u2019\u00fas de les tecnologies compartit amb l\u2019alumnat i les fam\u00edlies.<\/p>\n<\/td>\n<td>\n<p>Comissi\u00f3 digital \u2013 Equip directiu<\/p>\n<\/td>\n<td>\n<p>Professorat, alumnat, fam\u00edlies i la comunitat<\/p>\n<\/td>\n<\/tr>\n<tr>\n<td>\n<p>Si naveguem per la xarxa amb dispositius m\u00f2bils<\/p>\n<\/td>\n<td>\n<p>-Connectem els dispositius a xarxes segures.<\/p>\n<p>-Descarreguem nom\u00e9s aplicacions segures i fiables.<\/p>\n<p>-Xifrem la informaci\u00f3 emmagatzemada.<\/p>\n<p>-Protegim els equips amb contrasenyes unipersonals i que anem renovant.<\/p>\n<p>-No compartim informaci\u00f3 ni documentaci\u00f3 sense autoritzaci\u00f3.<\/p>\n<\/td>\n<td>\n<p>Comissi\u00f3 digital \u2013 Equip directiu<\/p>\n<\/td>\n<td>\n<p>Professorat, alumnat, fam\u00edlies i la comunitat<\/p>\n<\/td>\n<\/tr>\n<tr>\n<td>\n<p>Si treballem en EVA (Entorns virtuals d\u2019aprenentatge), borsa de treball, Qbid i altres plataformes<\/p>\n<\/td>\n<td>\n<p>-Establim controls i autenticaci\u00f3 dels sistemes inform\u00e0tics i crear usuaris personalitzats.<\/p>\n<p>-Actualitzem correus electr\u00f2nics si hi ha canvis.<\/p>\n<\/td>\n<td>\n<p>Comissi\u00f3 digital<\/p>\n<\/td>\n<td>\n<p>Professorat i alumnat<\/p>\n<\/td>\n<\/tr>\n<tr>\n<td>\n<p>Si gestionem dades de car\u00e0cter personal<\/p>\n<\/td>\n<td>\n<p>Respecte a la<b> gesti\u00f3 de les dades personals<\/b>:\u00a0<\/p>\n<p>-Informem l\u2019alumnat del tractament de dades personals.<\/p>\n<p>-Demanem consentiment i informem la persona interessada sobre el tractament que es fa de les dades personals.<\/p>\n<p>-Tractem nom\u00e9s dades imprescindibles.<\/p>\n<p>-Seguim els consells inform\u00e0tics sobre seguretat a la xarxa.<\/p>\n<p>-En cas de dubte contactem dpd.educacio@gencat.cat<\/p>\n<p>-Publiquen nom\u00e9s dades necess\u00e0ries.<\/p>\n<p>-Actualitzem les dades digitals perqu\u00e8 les dades siguin exactes.<\/p>\n<\/td>\n<td>\n<p>Comissi\u00f3 digital \u2013 Equip directiu<\/p>\n<\/td>\n<td>\n<p>Professorat, alumnat, fam\u00edlies i la comunitat<\/p>\n<\/td>\n<\/tr>\n<tr>\n<td>\n<p>Si tractem dades de car\u00e0cter personal<\/p>\n<\/td>\n<td>\n<p>Cal que siguin dades de temes espec\u00edfics:\u00a0<\/p>\n<p>-En temes al servei del menjador (intoler\u00e0ncies).<\/p>\n<p>-En temes d\u2019administraci\u00f3 de medicaments.<\/p>\n<p>-Consentiment de sortides de menors en activitats fora del centre.<\/p>\n<p>-En publicacions a la xarxa.<\/p>\n<p>-Difusi\u00f3 de treballs originals.<\/p>\n<p>-Internet a l\u2019aula.<\/p>\n<p>-En activitats extraescolars.<\/p>\n<p>-En ofertes de treball.<\/p>\n<p>-En resolucions oficials (beques, matricules, preinscripcions amb dades encriptades).<\/p>\n<\/td>\n<td>\n<p>Comissi\u00f3 digital \u2013 Equip directiu<\/p>\n<\/td>\n<td>\n<p>Professorat, alumnat, fam\u00edlies i la comunitat<\/p>\n<\/td>\n<\/tr>\n<tr>\n<td>\n<p>Si hem de publicar a la xarxa dades o imatges dels alumnes<\/p>\n<\/td>\n<td>\n<p>-Cal demanar el consentiment abans de publicar dades personals per internet mitjan\u00e7ant un formulari d\u2019autoritzaci\u00f3.<\/p>\n<p>-Poden donar consentiment per separat a una cosa o a l\u2019altre.<\/p>\n<p>-Cada canvi de curs han de renovar el consentiment.<\/p>\n<p>-Conservarem l\u2019autoritzaci\u00f3 durant el temps de validesa establert.<\/p>\n<p>-L\u2019alumnat t\u00e9 dret a retirar quan consideri convenient el consentiment.<\/p>\n<p>-Publicarem nom\u00e9s les dades indispensables, durant el temps necessari i pensant a qui ens volem adre\u00e7ar alhora que farem \u00fas de les plataformes administrades pel centre, amb modalitat d\u2019acc\u00e9s restringit i publicat per etapes, curs, activitat en informar fam\u00edlies i comunitat educativa.<\/p>\n<p>-Si volem informar el p\u00fablic en general publicarem imatges en les quals l\u2019alumnat no sigui identificable i evitarem difondre veu, enregistraments a temps real amb geolocalitzaci\u00f3.<\/p>\n<p>-Revisarem les dades publicades per internet i establirem un termini de revisi\u00f3.<\/p>\n<\/td>\n<td>\n<p>Comissi\u00f3 digital \u2013 Equip directiu<\/p>\n<\/td>\n<td>\n<p>Professorat, alumnat, fam\u00edlies, la comunitat educativa i el p\u00fablic en general<\/p>\n<\/td>\n<\/tr>\n<tr>\n<td>\n<p>Si hem de cedir o comunicar dades personals<\/p>\n<\/td>\n<td>\n<p>-Cal que tinguem el consentiment dels titulars.<\/p>\n<p>-Cal fer-ho d\u2019acord amb les directrius del Departament d&#8217;Educaci\u00f3.<\/p>\n<p>-Pot donar-se el cas que es faci per motius d&#8217;urg\u00e8ncia vital o per protegir l\u2019inter\u00e8s superior.<\/p>\n<p>-Cal que ho fem amb mitjans de comunicaci\u00f3 oficials, evitar el correu electr\u00f2nic amb dades personals sensibles.<\/p>\n<p>-En enviaments massius de correus electr\u00f2nics cal fer sempre c\u00f2pia oculta i nom\u00e9s en casos excepcionals fer servir la missatgeria instant\u00e0nia (WhatsApp).<\/p>\n<p>-Evitem l\u2019\u00fas de dispositius personals.<\/p>\n<\/td>\n<td>\n<p>Comissi\u00f3 digital \u2013 Equip directiu<\/p>\n<\/td>\n<td>\n<p>Professorat, alumnat, fam\u00edlies, la comunitat educativa i el p\u00fablic en general<\/p>\n<\/td>\n<\/tr>\n<tr>\n<td>\n<p>Si fem reunions virtuals<\/p>\n<\/td>\n<td>\n<p>-Fem convocat\u00f2ries personalitzades amb enlla\u00e7os d\u2019acc\u00e9s, amb l\u2019aplicaci\u00f3 corporativa.<\/p>\n<p>-A reunions multitudin\u00e0ries verifiquem la identitat de les persones participants.<\/p>\n<p>-Evitem parlar de dades personals.<\/p>\n<p>-Demanem consentiment per enregistraments.<\/p>\n<\/td>\n<td>\n<p>Comissi\u00f3 digital \u2013Claustre de professors<\/p>\n<\/td>\n<td>\n<p>Professorat, alumnat, fam\u00edlies i la comunitat<\/p>\n<\/td>\n<\/tr>\n<tr>\n<td>\n<p>Si naveguem per la xarxa o a l\u2019escola<\/p>\n<\/td>\n<td>\n<p>-No enregistrem sense perm\u00eds.<\/p>\n<p>-No pengem imatges sense autoritzaci\u00f3.<\/p>\n<p>-No publiquem dades personals.<\/p>\n<p>-Facilitem el formulari d\u2019autoritzaci\u00f3 perqu\u00e8\u00a0 el signin, i el conservem mentre tingui validesa.<\/p>\n<\/td>\n<td>\n<p>Comissi\u00f3 digital<\/p>\n<\/td>\n<td>\n<p>Professorat, alumnat, fam\u00edlies i la comunitat<\/p>\n<\/td>\n<\/tr>\n<tr>\n<td>\n<p>Si treballem en espais compartits<\/p>\n<\/td>\n<td>\n<p>-Fer sempre cust\u00f2dia de la\u00a0 documentaci\u00f3.<\/p>\n<p>-Treball amb mem\u00f2ries externes.<\/p>\n<p>-Bloquejar l\u2019ordinador en deixar el lloc de treball.<\/p>\n<\/td>\n<td>\n<p>Professorat, alumnat<\/p>\n<\/td>\n<td>\n<p>Professorat, alumnat<\/p>\n<\/td>\n<\/tr>\n<\/tbody>\n<\/table>\n<p>\u00a0<\/p>\n<h3><b>3. Enlla\u00e7os sobre documentaci\u00f3 i normativa gen\u00e8rica d&#8217;Educaci\u00f3 sobre temes de Protecci\u00f3 de dades<\/b><\/h3>\n<p>En els seg\u00fcents enlla\u00e7os es pot ampliar informaci\u00f3 sobre la normativa gen\u00e8rica d&#8217;Educaci\u00f3 en temes de protecci\u00f3 de dades, juntament amb les NOFC del centre.\u00a0<\/p>\n<p><a href=\"https:\/\/documents.espai.educacio.gencat.cat\/IPCNormativa\/DOIGC\/DOIGC_Gestio.pdf\">https:\/\/documents.espai.educacio.gencat.cat\/IPCNormativa\/DOIGC\/DOIGC_Gestio.pdf<\/a><\/p>\n<p><a href=\"https:\/\/educacio.gencat.cat\/ca\/departament\/publicacions\/infografies\/proteccio-dades\/\">-Infografies sobre Protecci\u00f3 de dades<\/a><\/p>\n","protected":false},"excerpt":{"rendered":"<p><a href=\"https:\/\/agora.xtec.cat\/ecaforestal\/wp-content\/uploads\/usu2539\/2024\/02\/benestar-digital.png\"><\/a>1. Ciberseguretat i Benestar digital<br \/>\n\u00a0<br \/>\nTot seguit es descriuen els protocols de ciberbenestar juntament amb la responsabilitat d\u2019implantaci\u00f3, els destinataris i el moment en qu\u00e8 s\u2019ha d\u2019aplicar.<br \/>\n\u00a0<\/p>\n<p>En quin moment<\/p>\n<p>Protocol<\/p>\n<p>Qui?<\/p>\n<p>Per a qui?<\/p>\n<p>Si estem al lloc de treball<\/p>\n<p>&#8211;Establim pol\u00edtiques de:<br \/>\n-Taules i pantalles netes.<br \/>\n-Silenci de notificacions de missatges&hellip;  <a href=\"https:\/\/agora.xtec.cat\/ecaforestal\/estrategia-digital-de-centre-edc\/cultura-digital\/benestar-digital\/\" title=\"Read Benestar digital\">Llegeix m\u00e9s\u00bb<\/a><\/p>\n","protected":false},"author":3,"featured_media":1442,"parent":1291,"menu_order":0,"comment_status":"closed","ping_status":"close","template":"","meta":{"_bbp_topic_count":0,"_bbp_reply_count":0,"_bbp_total_topic_count":0,"_bbp_total_reply_count":0,"_bbp_voice_count":0,"_bbp_anonymous_reply_count":0,"_bbp_topic_count_hidden":0,"_bbp_reply_count_hidden":0,"_bbp_forum_subforum_count":0,"footnotes":""},"class_list":["post-1325","page","type-page","status-publish","has-post-thumbnail","hentry"],"post_mailing_queue_ids":[],"_links":{"self":[{"href":"https:\/\/agora.xtec.cat\/ecaforestal\/wp-json\/wp\/v2\/pages\/1325","targetHints":{"allow":["GET"]}}],"collection":[{"href":"https:\/\/agora.xtec.cat\/ecaforestal\/wp-json\/wp\/v2\/pages"}],"about":[{"href":"https:\/\/agora.xtec.cat\/ecaforestal\/wp-json\/wp\/v2\/types\/page"}],"author":[{"embeddable":true,"href":"https:\/\/agora.xtec.cat\/ecaforestal\/wp-json\/wp\/v2\/users\/3"}],"replies":[{"embeddable":true,"href":"https:\/\/agora.xtec.cat\/ecaforestal\/wp-json\/wp\/v2\/comments?post=1325"}],"version-history":[{"count":5,"href":"https:\/\/agora.xtec.cat\/ecaforestal\/wp-json\/wp\/v2\/pages\/1325\/revisions"}],"predecessor-version":[{"id":1443,"href":"https:\/\/agora.xtec.cat\/ecaforestal\/wp-json\/wp\/v2\/pages\/1325\/revisions\/1443"}],"up":[{"embeddable":true,"href":"https:\/\/agora.xtec.cat\/ecaforestal\/wp-json\/wp\/v2\/pages\/1291"}],"wp:featuredmedia":[{"embeddable":true,"href":"https:\/\/agora.xtec.cat\/ecaforestal\/wp-json\/wp\/v2\/media\/1442"}],"wp:attachment":[{"href":"https:\/\/agora.xtec.cat\/ecaforestal\/wp-json\/wp\/v2\/media?parent=1325"}],"curies":[{"name":"wp","href":"https:\/\/api.w.org\/{rel}","templated":true}]}}