{"id":1060,"date":"2023-01-30T15:29:01","date_gmt":"2023-01-30T14:29:01","guid":{"rendered":"https:\/\/agora.xtec.cat\/ecaforestal\/?page_id=1060"},"modified":"2024-02-23T10:43:18","modified_gmt":"2024-02-23T09:43:18","slug":"dispositius","status":"publish","type":"page","link":"https:\/\/agora.xtec.cat\/ecaforestal\/dispositius\/","title":{"rendered":"Dispositius"},"content":{"rendered":"\n<p><a href=\"https:\/\/agora.xtec.cat\/ecaforestal\/wp-content\/uploads\/usu2539\/2024\/02\/dispositius.png\"><img loading=\"lazy\" decoding=\"async\" class=\"alignnone size-full wp-image-1446\" src=\"https:\/\/agora.xtec.cat\/ecaforestal\/wp-content\/uploads\/usu2539\/2024\/02\/dispositius.png\" alt=\"\" width=\"1024\" height=\"150\" srcset=\"https:\/\/agora.xtec.cat\/ecaforestal\/wp-content\/uploads\/usu2539\/2024\/02\/dispositius.png 1024w, https:\/\/agora.xtec.cat\/ecaforestal\/wp-content\/uploads\/usu2539\/2024\/02\/dispositius-300x44.png 300w, https:\/\/agora.xtec.cat\/ecaforestal\/wp-content\/uploads\/usu2539\/2024\/02\/dispositius-768x113.png 768w\" sizes=\"auto, (max-width: 1024px) 100vw, 1024px\" \/><\/a><\/p>\n<p>El centre disposa de 6 aules comunes, 2 laboratoris, 1 aula d\u2019inform\u00e0tica, 1 sala d\u2019actes i<br \/>tallers. Les aules comunes i la sala d\u2019actes disposen de sistema de projecci\u00f3, altaveus, un<br \/>ordinador, i pissarra blanca, tamb\u00e9 de c\u00e0mera per fer formaci\u00f3 en l\u00ednia.<br \/>Als laboratoris hi ha televisor amb ordinador.<br \/>L\u2019aula d\u2019inform\u00e0tica consta de 20 ordinadors per a l\u2019alumnat i sistema de projecci\u00f3 amb<br \/>ordinador i altaveus. Aquests ordinadors treballen amb Windows.<br \/>El centre disposa de 5 ordinadors port\u00e0tils per cedir a l\u2019alumnat per al seu treball al centre.<\/p>\n<p>El centre disposa de xarxa del Departament d\u2019Acci\u00f3 Clim\u00e0tica, i tamb\u00e9 de xarxa pr\u00f2pia.<\/p>\n","protected":false},"excerpt":{"rendered":"<p><a href=\"https:\/\/agora.xtec.cat\/ecaforestal\/wp-content\/uploads\/usu2539\/2024\/02\/dispositius.png\"><\/a><br \/>\nEl centre disposa de 6 aules comunes, 2 laboratoris, 1 aula d\u2019inform\u00e0tica, 1 sala d\u2019actes itallers. Les aules comunes i la sala d\u2019actes disposen de sistema de projecci\u00f3, altaveus, unordinador, i pissarra blanca, tamb\u00e9 de c\u00e0mera per fer formaci\u00f3 en l\u00ednia.Als laboratoris hi ha&hellip;  <a href=\"https:\/\/agora.xtec.cat\/ecaforestal\/dispositius\/\" title=\"Read Dispositius\">Llegeix m\u00e9s\u00bb<\/a><\/p>\n","protected":false},"author":3,"featured_media":1446,"parent":0,"menu_order":0,"comment_status":"closed","ping_status":"close","template":"","meta":{"_bbp_topic_count":0,"_bbp_reply_count":0,"_bbp_total_topic_count":0,"_bbp_total_reply_count":0,"_bbp_voice_count":0,"_bbp_anonymous_reply_count":0,"_bbp_topic_count_hidden":0,"_bbp_reply_count_hidden":0,"_bbp_forum_subforum_count":0,"footnotes":""},"class_list":["post-1060","page","type-page","status-publish","has-post-thumbnail","hentry"],"post_mailing_queue_ids":[],"_links":{"self":[{"href":"https:\/\/agora.xtec.cat\/ecaforestal\/wp-json\/wp\/v2\/pages\/1060","targetHints":{"allow":["GET"]}}],"collection":[{"href":"https:\/\/agora.xtec.cat\/ecaforestal\/wp-json\/wp\/v2\/pages"}],"about":[{"href":"https:\/\/agora.xtec.cat\/ecaforestal\/wp-json\/wp\/v2\/types\/page"}],"author":[{"embeddable":true,"href":"https:\/\/agora.xtec.cat\/ecaforestal\/wp-json\/wp\/v2\/users\/3"}],"replies":[{"embeddable":true,"href":"https:\/\/agora.xtec.cat\/ecaforestal\/wp-json\/wp\/v2\/comments?post=1060"}],"version-history":[{"count":3,"href":"https:\/\/agora.xtec.cat\/ecaforestal\/wp-json\/wp\/v2\/pages\/1060\/revisions"}],"predecessor-version":[{"id":1447,"href":"https:\/\/agora.xtec.cat\/ecaforestal\/wp-json\/wp\/v2\/pages\/1060\/revisions\/1447"}],"wp:featuredmedia":[{"embeddable":true,"href":"https:\/\/agora.xtec.cat\/ecaforestal\/wp-json\/wp\/v2\/media\/1446"}],"wp:attachment":[{"href":"https:\/\/agora.xtec.cat\/ecaforestal\/wp-json\/wp\/v2\/media?parent=1060"}],"curies":[{"name":"wp","href":"https:\/\/api.w.org\/{rel}","templated":true}]}}