{"id":1056,"date":"2023-01-30T15:29:01","date_gmt":"2023-01-30T14:29:01","guid":{"rendered":"https:\/\/agora.xtec.cat\/ecaforestal\/?page_id=1056"},"modified":"2024-02-23T10:35:40","modified_gmt":"2024-02-23T09:35:40","slug":"avaluacio-i-millora","status":"publish","type":"page","link":"https:\/\/agora.xtec.cat\/ecaforestal\/estrategia-digital-de-centre-edc\/avaluacio-i-millora\/","title":{"rendered":"Avaluaci\u00f3 i millora"},"content":{"rendered":"\n<p><a href=\"https:\/\/agora.xtec.cat\/ecaforestal\/wp-content\/uploads\/usu2539\/2024\/02\/avaluacio-i-millora.png\"><img loading=\"lazy\" decoding=\"async\" class=\"alignnone size-full wp-image-1436\" src=\"https:\/\/agora.xtec.cat\/ecaforestal\/wp-content\/uploads\/usu2539\/2024\/02\/avaluacio-i-millora.png\" alt=\"\" width=\"1024\" height=\"150\" srcset=\"https:\/\/agora.xtec.cat\/ecaforestal\/wp-content\/uploads\/usu2539\/2024\/02\/avaluacio-i-millora.png 1024w, https:\/\/agora.xtec.cat\/ecaforestal\/wp-content\/uploads\/usu2539\/2024\/02\/avaluacio-i-millora-300x44.png 300w, https:\/\/agora.xtec.cat\/ecaforestal\/wp-content\/uploads\/usu2539\/2024\/02\/avaluacio-i-millora-768x113.png 768w\" sizes=\"auto, (max-width: 1024px) 100vw, 1024px\" \/><\/a><\/p>\n\n\n\n<p>Es realitzar\u00e0 una avaluaci\u00f3 en la revisi\u00f3 per direcci\u00f3 dins del sistema de gesti\u00f3 integrat, revisant les activitats planificades i fent el seguiment segons els indicadors proposats. Al final de cada curs es realitzar\u00e0 una avaluaci\u00f3 per determinar si les activitats realitzades han perm\u00e8s assolir els objectius corresponents. A partir dels resultats d\u2019aquesta avaluaci\u00f3, es faran propostes de millora i es realitzaran les modificacions necess\u00e0ries si s\u2019escau.<\/p>\n<p>En finalitzar el per\u00edode d\u2019implementaci\u00f3 es realitzar\u00e0 l\u2019avaluaci\u00f3 final, es proposar\u00e0 una nova diagnosi, si s\u2019escau, per planificar l\u2019estrat\u00e8gia digital pel seg\u00fcent per\u00edode.<\/p>\n","protected":false},"excerpt":{"rendered":"<p><a href=\"https:\/\/agora.xtec.cat\/ecaforestal\/wp-content\/uploads\/usu2539\/2024\/02\/avaluacio-i-millora.png\"><\/a><\/p>\n<p>Es realitzar\u00e0 una avaluaci\u00f3 en la revisi\u00f3 per direcci\u00f3 dins del sistema de gesti\u00f3 integrat, revisant les activitats planificades i fent el seguiment segons els indicadors proposats. Al final de cada curs es realitzar\u00e0 una avaluaci\u00f3 per determinar si les activitats realitzades han perm\u00e8s&hellip;  <a href=\"https:\/\/agora.xtec.cat\/ecaforestal\/estrategia-digital-de-centre-edc\/avaluacio-i-millora\/\" title=\"Read Avaluaci\u00f3 i millora\">Llegeix m\u00e9s\u00bb<\/a><\/p>\n","protected":false},"author":3,"featured_media":1436,"parent":1051,"menu_order":0,"comment_status":"closed","ping_status":"closed","template":"","meta":{"_bbp_topic_count":0,"_bbp_reply_count":0,"_bbp_total_topic_count":0,"_bbp_total_reply_count":0,"_bbp_voice_count":0,"_bbp_anonymous_reply_count":0,"_bbp_topic_count_hidden":0,"_bbp_reply_count_hidden":0,"_bbp_forum_subforum_count":0,"footnotes":""},"class_list":["post-1056","page","type-page","status-publish","has-post-thumbnail","hentry"],"post_mailing_queue_ids":[],"_links":{"self":[{"href":"https:\/\/agora.xtec.cat\/ecaforestal\/wp-json\/wp\/v2\/pages\/1056","targetHints":{"allow":["GET"]}}],"collection":[{"href":"https:\/\/agora.xtec.cat\/ecaforestal\/wp-json\/wp\/v2\/pages"}],"about":[{"href":"https:\/\/agora.xtec.cat\/ecaforestal\/wp-json\/wp\/v2\/types\/page"}],"author":[{"embeddable":true,"href":"https:\/\/agora.xtec.cat\/ecaforestal\/wp-json\/wp\/v2\/users\/3"}],"replies":[{"embeddable":true,"href":"https:\/\/agora.xtec.cat\/ecaforestal\/wp-json\/wp\/v2\/comments?post=1056"}],"version-history":[{"count":3,"href":"https:\/\/agora.xtec.cat\/ecaforestal\/wp-json\/wp\/v2\/pages\/1056\/revisions"}],"predecessor-version":[{"id":1437,"href":"https:\/\/agora.xtec.cat\/ecaforestal\/wp-json\/wp\/v2\/pages\/1056\/revisions\/1437"}],"up":[{"embeddable":true,"href":"https:\/\/agora.xtec.cat\/ecaforestal\/wp-json\/wp\/v2\/pages\/1051"}],"wp:featuredmedia":[{"embeddable":true,"href":"https:\/\/agora.xtec.cat\/ecaforestal\/wp-json\/wp\/v2\/media\/1436"}],"wp:attachment":[{"href":"https:\/\/agora.xtec.cat\/ecaforestal\/wp-json\/wp\/v2\/media?parent=1056"}],"curies":[{"name":"wp","href":"https:\/\/api.w.org\/{rel}","templated":true}]}}