{"id":1053,"date":"2023-01-30T15:29:01","date_gmt":"2023-01-30T14:29:01","guid":{"rendered":"https:\/\/agora.xtec.cat\/ecaforestal\/?page_id=1053"},"modified":"2024-02-23T10:04:17","modified_gmt":"2024-02-23T09:04:17","slug":"diagnosi","status":"publish","type":"page","link":"https:\/\/agora.xtec.cat\/ecaforestal\/diagnosi\/","title":{"rendered":"Diagnosi"},"content":{"rendered":"\n<div class=\"UtePc RCETm yxgWrb\" dir=\"ltr\" tabindex=\"-1\" role=\"main\" aria-hidden=\"false\">\n<section id=\"h.45a30a9419c04f8f_9\" class=\"yaqOZd\">\n<div class=\"mYVXT\">\n<div class=\"LS81yb VICjCf\" tabindex=\"-1\">\n<div class=\"hJDwNd-AhqUyc-uQSCkd purZT-AhqUyc-II5mzb pSzOP-AhqUyc-qWD73c JNdkSc\">\n<div class=\"JNdkSc-SmKAyb\">\n<div class=\"\">\n<div class=\"oKdM2c Kzv0Me\">\n<div id=\"h.45a30a9419c04f8f_12\" class=\"hJDwNd-AhqUyc-uQSCkd jXK9ad D2fZ2 OjCsFc wHaque GNzUNc\">\n<div class=\"jXK9ad-SmKAyb\">\n<div class=\"tyJCtd mGzaTb baZpAe\">\n<p><a href=\"https:\/\/agora.xtec.cat\/ecaforestal\/wp-content\/uploads\/usu2539\/2024\/02\/diagnosi.png\"><img loading=\"lazy\" decoding=\"async\" class=\"alignnone size-full wp-image-1424\" src=\"https:\/\/agora.xtec.cat\/ecaforestal\/wp-content\/uploads\/usu2539\/2024\/02\/diagnosi.png\" alt=\"\" width=\"1024\" height=\"150\" srcset=\"https:\/\/agora.xtec.cat\/ecaforestal\/wp-content\/uploads\/usu2539\/2024\/02\/diagnosi.png 1024w, https:\/\/agora.xtec.cat\/ecaforestal\/wp-content\/uploads\/usu2539\/2024\/02\/diagnosi-300x44.png 300w, https:\/\/agora.xtec.cat\/ecaforestal\/wp-content\/uploads\/usu2539\/2024\/02\/diagnosi-768x113.png 768w\" sizes=\"auto, (max-width: 1024px) 100vw, 1024px\" \/><\/a><\/p>\n<p><strong>Eines utilitzades en la diagnosi<\/strong><br \/>La diagnosi s\u2019ha fet a partir dels resultats de les enquestes i q\u00fcestionaris d\u2019avaluaci\u00f3 inicial, i les entrevistes personals.<br \/>Tamb\u00e9 es va fer la revisi\u00f3 de la documentaci\u00f3 de centre per con\u00e8ixer si s\u2019havia integrat l\u2019\u00e0mbit digital dins aquests documents.<br \/>Aspectes destacats de la diagnosi<br \/>Respecte l\u2019alumnat va sorprendre que tot i est\u00e0 molt avesat a utilitzar eines digitals, no en<br \/>dominen els aspectes m\u00e9s t\u00e8cnics. Es detectaren mancances en l\u2019edici\u00f3 de documents de<br \/>text, tractament d\u2019imatge i v\u00eddeo, i tractament de dades.<br \/><strong>AN\u00c0LISI DE LA SITUACI\u00d3 DEL CENTRE<\/strong><br \/>Punts forts i punts febles detectats en la diagnosi<br \/>Destaquen com a punts forts:<br \/>\u25cf el pla de formaci\u00f3 continuada, que es programa anualment<br \/>\u25cf La inclusi\u00f3 dins dels m\u00f2duls de les diverses eines digitals necess\u00e0ries per desenvolupar tasques m\u00e9s t\u00e8cniques espec\u00edfiques del cicle formatiu.<br \/>\u25cf Possibilitat de desdoblar els grups per iniciar l\u2019alumnat en l\u2019\u00fas del programari espec\u00edfic.<br \/>\u25cf La infraestructura i instal\u00b7lacions que permeten l\u2019\u00fas d\u2019internet i d\u2019ordinadors.<br \/>\u25cf En tractar-se de formaci\u00f3 de grau superior, l\u2019alumnat t\u00e9 adquirides unes<br \/>compet\u00e8ncies digitals b\u00e0siques<br \/><strong>Com a punts febles<\/strong><\/p>\n<p>\u25cf Cal donar suport a l\u2019alumnat amb m\u00e9s dificultats en l\u2019\u00e0mbit digital<br \/>\u25cf No es disposa de servei de pr\u00e9stec de dispositius per a l\u2019alumnat.<br \/>\u25cf Alumnes que no disposen de wifi a casa.<br \/>\u25cf La documentaci\u00f3 de centre no est\u00e0 actualitzada respecte l\u2019\u00e0mbit digital<\/p>\n<\/div>\n<\/div>\n<\/div>\n<\/div>\n<\/div>\n<\/div>\n<\/div>\n<\/div>\n<\/div>\n<\/section>\n<\/div>\n<p><!--more--><\/p>\n","protected":false},"excerpt":{"rendered":"<p><a href=\"https:\/\/agora.xtec.cat\/ecaforestal\/wp-content\/uploads\/usu2539\/2024\/02\/diagnosi.png\"><\/a><br \/>\nEines utilitzades en la diagnosiLa diagnosi s\u2019ha fet a partir dels resultats de les enquestes i q\u00fcestionaris d\u2019avaluaci\u00f3 inicial, i les entrevistes personals.Tamb\u00e9 es va fer la revisi\u00f3 de la documentaci\u00f3 de centre per con\u00e8ixer si s\u2019havia integrat l\u2019\u00e0mbit digital dins aquests documents.Aspectes destacats&hellip;  <a href=\"https:\/\/agora.xtec.cat\/ecaforestal\/diagnosi\/\" title=\"Read Diagnosi\">Llegeix m\u00e9s\u00bb<\/a><\/p>\n","protected":false},"author":3,"featured_media":1424,"parent":0,"menu_order":0,"comment_status":"closed","ping_status":"close","template":"","meta":{"_bbp_topic_count":0,"_bbp_reply_count":0,"_bbp_total_topic_count":0,"_bbp_total_reply_count":0,"_bbp_voice_count":0,"_bbp_anonymous_reply_count":0,"_bbp_topic_count_hidden":0,"_bbp_reply_count_hidden":0,"_bbp_forum_subforum_count":0,"footnotes":""},"class_list":["post-1053","page","type-page","status-publish","has-post-thumbnail","hentry"],"post_mailing_queue_ids":[],"_links":{"self":[{"href":"https:\/\/agora.xtec.cat\/ecaforestal\/wp-json\/wp\/v2\/pages\/1053","targetHints":{"allow":["GET"]}}],"collection":[{"href":"https:\/\/agora.xtec.cat\/ecaforestal\/wp-json\/wp\/v2\/pages"}],"about":[{"href":"https:\/\/agora.xtec.cat\/ecaforestal\/wp-json\/wp\/v2\/types\/page"}],"author":[{"embeddable":true,"href":"https:\/\/agora.xtec.cat\/ecaforestal\/wp-json\/wp\/v2\/users\/3"}],"replies":[{"embeddable":true,"href":"https:\/\/agora.xtec.cat\/ecaforestal\/wp-json\/wp\/v2\/comments?post=1053"}],"version-history":[{"count":5,"href":"https:\/\/agora.xtec.cat\/ecaforestal\/wp-json\/wp\/v2\/pages\/1053\/revisions"}],"predecessor-version":[{"id":1428,"href":"https:\/\/agora.xtec.cat\/ecaforestal\/wp-json\/wp\/v2\/pages\/1053\/revisions\/1428"}],"wp:featuredmedia":[{"embeddable":true,"href":"https:\/\/agora.xtec.cat\/ecaforestal\/wp-json\/wp\/v2\/media\/1424"}],"wp:attachment":[{"href":"https:\/\/agora.xtec.cat\/ecaforestal\/wp-json\/wp\/v2\/media?parent=1053"}],"curies":[{"name":"wp","href":"https:\/\/api.w.org\/{rel}","templated":true}]}}