{"id":608,"date":"2021-03-29T17:16:58","date_gmt":"2021-03-29T15:16:58","guid":{"rendered":"https:\/\/agora.xtec.cat\/ecaamposta\/?page_id=608"},"modified":"2026-04-01T11:56:02","modified_gmt":"2026-04-01T09:56:02","slug":"cfgm-produccio-agroecologica","status":"publish","type":"page","link":"https:\/\/agora.xtec.cat\/ecaamposta\/ciclesformatius\/cfgm-produccio-agroecologica\/","title":{"rendered":"CFGM Producci\u00f3 Agroecol\u00f2gica"},"content":{"rendered":"<div class=\"FW_sInfoCanal\">\n<h3>Grau mitj\u00e0 de Producci\u00f3 Agroecol\u00f2gica<\/h3>\n<\/div>\n<div class=\"FW_sDetallGeneral\">\n<div class=\"\">\n<div class=\"FW_bContingutArticle \">\n<div class=\"FW_sArticleFoto\">\n<div class=\"FW_sEditPro\">\n<p data-start=\"475\" data-end=\"776\">Amb aquest cicle postobligatori, aprendr\u00e0s a produir aliments agropecuaris ecol\u00f2gics de qualitat aplicant t\u00e8cniques sostenibles que milloren la biodiversitat, la fertilitat del s\u00f2l i el benestar animal, respectant la normativa de producci\u00f3 ecol\u00f2gica i les mesures de prevenci\u00f3 i protecci\u00f3 ambiental.<\/p>\n<p data-start=\"778\" data-end=\"928\">El cicle t\u00e9 <strong data-start=\"790\" data-end=\"815\">2.000 hores de durada<\/strong> (1.485 hores lectives i 515 hores de pr\u00e0ctiques en un centre de treball) distribu\u00efdes en dos cursos acad\u00e8mics.<\/p>\n<p data-start=\"930\" data-end=\"1211\">Durant els estudis, treballar\u00e0s m\u00f2duls com: fonaments agron\u00f2mics i zoot\u00e8cnics, producci\u00f3 vegetal i ramadera ecol\u00f2gica, comercialitzaci\u00f3 de productes agroecol\u00f2gics, digitalitzaci\u00f3 aplicada al sector i sostenibilitat, a m\u00e9s d\u2019itineraris personals per preparar la teva ocupabilitat.<\/p>\n<p data-start=\"1213\" data-end=\"1307\">Pots <strong data-start=\"1218\" data-end=\"1304\"><a class=\"decorated-link cursor-pointer\" href=\"https:\/\/agora.xtec.cat\/ecaamposta\/wp-content\/uploads\/usu2500\/2026\/04\/Grau-mitja-de-Produccio-Agroecologica.pdf\" rel=\"noopener\" data-start=\"1220\" data-end=\"1302\">consultar tota la informaci\u00f3 completa del cicle en l\u00ednia<\/a><\/strong><\/p>\n<p data-start=\"1213\" data-end=\"1307\"><a href=\"https:\/\/agora.xtec.cat\/ecaamposta\/wp-content\/uploads\/usu2500\/2026\/04\/Feed_CFGM-en-Produccio-Agroecologica-1.jpg\"><img loading=\"lazy\" decoding=\"async\" class=\"alignnone wp-image-1545\" src=\"https:\/\/agora.xtec.cat\/ecaamposta\/wp-content\/uploads\/usu2500\/2026\/04\/Feed_CFGM-en-Produccio-Agroecologica-1.jpg\" alt=\"\" width=\"536\" height=\"670\" srcset=\"https:\/\/agora.xtec.cat\/ecaamposta\/wp-content\/uploads\/usu2500\/2026\/04\/Feed_CFGM-en-Produccio-Agroecologica-1.jpg 1080w, https:\/\/agora.xtec.cat\/ecaamposta\/wp-content\/uploads\/usu2500\/2026\/04\/Feed_CFGM-en-Produccio-Agroecologica-1-240x300.jpg 240w, https:\/\/agora.xtec.cat\/ecaamposta\/wp-content\/uploads\/usu2500\/2026\/04\/Feed_CFGM-en-Produccio-Agroecologica-1-819x1024.jpg 819w, https:\/\/agora.xtec.cat\/ecaamposta\/wp-content\/uploads\/usu2500\/2026\/04\/Feed_CFGM-en-Produccio-Agroecologica-1-768x960.jpg 768w\" sizes=\"auto, (max-width: 536px) 100vw, 536px\" \/><\/a><\/p>\n<\/div>\n<\/div>\n<\/div>\n<\/div>\n<\/div>\n","protected":false},"excerpt":{"rendered":"<p>Grau mitj\u00e0 de Producci\u00f3 Agroecol\u00f2gica Amb aquest cicle postobligatori, aprendr\u00e0s a produir aliments agropecuaris ecol\u00f2gics de qualitat aplicant t\u00e8cniques sostenibles que milloren la biodiversitat, la fertilitat del s\u00f2l i el benestar animal, respectant la normativa de producci\u00f3 ecol\u00f2gica i les mesures de prevenci\u00f3 i protecci\u00f3 ambiental. El cicle t\u00e9 2.000 hores de durada (1.485 hores [&hellip;]<\/p>\n","protected":false},"author":1,"featured_media":0,"parent":195,"menu_order":0,"comment_status":"closed","ping_status":"closed","template":"","meta":{"_bbp_topic_count":0,"_bbp_reply_count":0,"_bbp_total_topic_count":0,"_bbp_total_reply_count":0,"_bbp_voice_count":0,"_bbp_anonymous_reply_count":0,"_bbp_topic_count_hidden":0,"_bbp_reply_count_hidden":0,"_bbp_forum_subforum_count":0,"site-sidebar-layout":"default","site-content-layout":"","ast-site-content-layout":"default","site-content-style":"default","site-sidebar-style":"default","ast-global-header-display":"","ast-banner-title-visibility":"","ast-main-header-display":"","ast-hfb-above-header-display":"","ast-hfb-below-header-display":"","ast-hfb-mobile-header-display":"","site-post-title":"","ast-breadcrumbs-content":"","ast-featured-img":"","footer-sml-layout":"","theme-transparent-header-meta":"default","adv-header-id-meta":"","stick-header-meta":"","header-above-stick-meta":"","header-main-stick-meta":"","header-below-stick-meta":"","astra-migrate-meta-layouts":"set","ast-page-background-enabled":"default","ast-page-background-meta":{"desktop":{"background-color":"var(--ast-global-color-4)","background-image":"","background-repeat":"repeat","background-position":"center center","background-size":"auto","background-attachment":"scroll","background-type":"","background-media":"","overlay-type":"","overlay-color":"","overlay-opacity":"","overlay-gradient":""},"tablet":{"background-color":"","background-image":"","background-repeat":"repeat","background-position":"center center","background-size":"auto","background-attachment":"scroll","background-type":"","background-media":"","overlay-type":"","overlay-color":"","overlay-opacity":"","overlay-gradient":""},"mobile":{"background-color":"","background-image":"","background-repeat":"repeat","background-position":"center center","background-size":"auto","background-attachment":"scroll","background-type":"","background-media":"","overlay-type":"","overlay-color":"","overlay-opacity":"","overlay-gradient":""}},"ast-content-background-meta":{"desktop":{"background-color":"var(--ast-global-color-5)","background-image":"","background-repeat":"repeat","background-position":"center center","background-size":"auto","background-attachment":"scroll","background-type":"","background-media":"","overlay-type":"","overlay-color":"","overlay-opacity":"","overlay-gradient":""},"tablet":{"background-color":"var(--ast-global-color-5)","background-image":"","background-repeat":"repeat","background-position":"center center","background-size":"auto","background-attachment":"scroll","background-type":"","background-media":"","overlay-type":"","overlay-color":"","overlay-opacity":"","overlay-gradient":""},"mobile":{"background-color":"var(--ast-global-color-5)","background-image":"","background-repeat":"repeat","background-position":"center center","background-size":"auto","background-attachment":"scroll","background-type":"","background-media":"","overlay-type":"","overlay-color":"","overlay-opacity":"","overlay-gradient":""}},"footnotes":""},"class_list":["post-608","page","type-page","status-publish","hentry"],"post_mailing_queue_ids":[],"_links":{"self":[{"href":"https:\/\/agora.xtec.cat\/ecaamposta\/wp-json\/wp\/v2\/pages\/608","targetHints":{"allow":["GET"]}}],"collection":[{"href":"https:\/\/agora.xtec.cat\/ecaamposta\/wp-json\/wp\/v2\/pages"}],"about":[{"href":"https:\/\/agora.xtec.cat\/ecaamposta\/wp-json\/wp\/v2\/types\/page"}],"author":[{"embeddable":true,"href":"https:\/\/agora.xtec.cat\/ecaamposta\/wp-json\/wp\/v2\/users\/1"}],"replies":[{"embeddable":true,"href":"https:\/\/agora.xtec.cat\/ecaamposta\/wp-json\/wp\/v2\/comments?post=608"}],"version-history":[{"count":6,"href":"https:\/\/agora.xtec.cat\/ecaamposta\/wp-json\/wp\/v2\/pages\/608\/revisions"}],"predecessor-version":[{"id":1549,"href":"https:\/\/agora.xtec.cat\/ecaamposta\/wp-json\/wp\/v2\/pages\/608\/revisions\/1549"}],"up":[{"embeddable":true,"href":"https:\/\/agora.xtec.cat\/ecaamposta\/wp-json\/wp\/v2\/pages\/195"}],"wp:attachment":[{"href":"https:\/\/agora.xtec.cat\/ecaamposta\/wp-json\/wp\/v2\/media?parent=608"}],"curies":[{"name":"wp","href":"https:\/\/api.w.org\/{rel}","templated":true}]}}