{"id":57,"date":"2014-09-17T17:01:07","date_gmt":"2014-09-17T17:01:07","guid":{"rendered":"http:\/\/agora.xtec.cat\/ecaamposta\/?page_id=57"},"modified":"2025-05-20T14:10:46","modified_gmt":"2025-05-20T12:10:46","slug":"acreditacio-competencies","status":"publish","type":"page","link":"https:\/\/agora.xtec.cat\/ecaamposta\/acreditacio-de-competencies\/acreditacio-competencies\/","title":{"rendered":"Acreditaci\u00f3 de compet\u00e8ncies"},"content":{"rendered":"<h3>Som Punt d\u2019Informaci\u00f3 i Orientaci\u00f3 (PIO) del servei d\u2019Acreditaci\u00f3 de compet\u00e8ncies professionals<\/h3>\n<p>A l\u2019Escola Agr\u00e0ria d\u2019Amposta ja formem part de la xarxa de <strong>Punts d\u2019Informaci\u00f3 i Orientaci\u00f3 (PIO)<\/strong> del servei d\u2019Acreditaci\u00f3 de compet\u00e8ncies professionals de <strong>l\u2019Ag\u00e8ncia P\u00fablica de Formaci\u00f3 i Qualificaci\u00f3 Professionals de Catalunya (FPCAT).<\/strong><\/p>\n<p>A trav\u00e9s d\u2019aquest servei, <strong>acompanyem i orientem les persones<\/strong> que volen<strong> acreditar oficialment les compet\u00e8ncies professionals<\/strong> adquirides al llarg de la seva experi\u00e8ncia laboral o mitjan\u00e7ant formacions no reglades. Aquesta acreditaci\u00f3 pot ser clau per millorar les oportunitats laborals, continuar estudiant o fer valer els coneixements professionals ja assolits.<\/p>\n<p>Des de la nostra escola,<strong> us ajudarem a resoldre dubtes i us informarem sobre tot el proc\u00e9s<\/strong>: com funciona, quins requisits cal complir, quines s\u00f3n les fases i quina documentaci\u00f3 necessitareu.<\/p>\n<p>Si voleu con\u00e8ixer tots els detalls sobre aquest servei, podeu consultar la <a href=\"https:\/\/fp.gencat.cat\/ca\/acreditacio\/em-vull-acreditar\/\">p\u00e0gina oficial de l\u2019Ag\u00e8ncia FPCAT<\/a>.<\/p>\n<p>&nbsp;<\/p>\n<p><a href=\"https:\/\/fp.gencat.cat\/ca\/acreditacio\/em-vull-acreditar\/\"><img loading=\"lazy\" decoding=\"async\" class=\"alignnone wp-image-1453\" src=\"https:\/\/agora.xtec.cat\/ecaamposta\/wp-content\/uploads\/usu2500\/2025\/05\/Proposta-banner-.jpg\" alt=\"Acredita la teva experi\u00e8ncia professional\" width=\"1108\" height=\"277\" srcset=\"https:\/\/agora.xtec.cat\/ecaamposta\/wp-content\/uploads\/usu2500\/2025\/05\/Proposta-banner-.jpg 1024w, https:\/\/agora.xtec.cat\/ecaamposta\/wp-content\/uploads\/usu2500\/2025\/05\/Proposta-banner--300x75.jpg 300w, https:\/\/agora.xtec.cat\/ecaamposta\/wp-content\/uploads\/usu2500\/2025\/05\/Proposta-banner--768x192.jpg 768w\" sizes=\"auto, (max-width: 1108px) 100vw, 1108px\" \/><\/a><\/p>\n","protected":false},"excerpt":{"rendered":"<p>Som Punt d\u2019Informaci\u00f3 i Orientaci\u00f3 (PIO) del servei d\u2019Acreditaci\u00f3 de compet\u00e8ncies professionals A l\u2019Escola Agr\u00e0ria d\u2019Amposta ja formem part de la xarxa de Punts d\u2019Informaci\u00f3 i Orientaci\u00f3 (PIO) del servei d\u2019Acreditaci\u00f3 de compet\u00e8ncies professionals de l\u2019Ag\u00e8ncia P\u00fablica de Formaci\u00f3 i Qualificaci\u00f3 Professionals de Catalunya (FPCAT). A trav\u00e9s d\u2019aquest servei, acompanyem i orientem les persones que [&hellip;]<\/p>\n","protected":false},"author":1,"featured_media":0,"parent":1449,"menu_order":0,"comment_status":"closed","ping_status":"closed","template":"page-templates\/side-menu.php","meta":{"_bbp_topic_count":0,"_bbp_reply_count":0,"_bbp_total_topic_count":0,"_bbp_total_reply_count":0,"_bbp_voice_count":0,"_bbp_anonymous_reply_count":0,"_bbp_topic_count_hidden":0,"_bbp_reply_count_hidden":0,"_bbp_forum_subforum_count":0,"site-sidebar-layout":"default","site-content-layout":"","ast-site-content-layout":"","site-content-style":"default","site-sidebar-style":"default","ast-global-header-display":"","ast-banner-title-visibility":"","ast-main-header-display":"","ast-hfb-above-header-display":"","ast-hfb-below-header-display":"","ast-hfb-mobile-header-display":"","site-post-title":"","ast-breadcrumbs-content":"","ast-featured-img":"","footer-sml-layout":"","theme-transparent-header-meta":"","adv-header-id-meta":"","stick-header-meta":"","header-above-stick-meta":"","header-main-stick-meta":"","header-below-stick-meta":"","astra-migrate-meta-layouts":"default","ast-page-background-enabled":"default","ast-page-background-meta":{"desktop":{"background-color":"var(--ast-global-color-4)","background-image":"","background-repeat":"repeat","background-position":"center center","background-size":"auto","background-attachment":"scroll","background-type":"","background-media":"","overlay-type":"","overlay-color":"","overlay-opacity":"","overlay-gradient":""},"tablet":{"background-color":"","background-image":"","background-repeat":"repeat","background-position":"center center","background-size":"auto","background-attachment":"scroll","background-type":"","background-media":"","overlay-type":"","overlay-color":"","overlay-opacity":"","overlay-gradient":""},"mobile":{"background-color":"","background-image":"","background-repeat":"repeat","background-position":"center center","background-size":"auto","background-attachment":"scroll","background-type":"","background-media":"","overlay-type":"","overlay-color":"","overlay-opacity":"","overlay-gradient":""}},"ast-content-background-meta":{"desktop":{"background-color":"var(--ast-global-color-5)","background-image":"","background-repeat":"repeat","background-position":"center center","background-size":"auto","background-attachment":"scroll","background-type":"","background-media":"","overlay-type":"","overlay-color":"","overlay-opacity":"","overlay-gradient":""},"tablet":{"background-color":"var(--ast-global-color-5)","background-image":"","background-repeat":"repeat","background-position":"center center","background-size":"auto","background-attachment":"scroll","background-type":"","background-media":"","overlay-type":"","overlay-color":"","overlay-opacity":"","overlay-gradient":""},"mobile":{"background-color":"var(--ast-global-color-5)","background-image":"","background-repeat":"repeat","background-position":"center center","background-size":"auto","background-attachment":"scroll","background-type":"","background-media":"","overlay-type":"","overlay-color":"","overlay-opacity":"","overlay-gradient":""}},"footnotes":""},"class_list":["post-57","page","type-page","status-publish","hentry"],"post_mailing_queue_ids":[],"_links":{"self":[{"href":"https:\/\/agora.xtec.cat\/ecaamposta\/wp-json\/wp\/v2\/pages\/57","targetHints":{"allow":["GET"]}}],"collection":[{"href":"https:\/\/agora.xtec.cat\/ecaamposta\/wp-json\/wp\/v2\/pages"}],"about":[{"href":"https:\/\/agora.xtec.cat\/ecaamposta\/wp-json\/wp\/v2\/types\/page"}],"author":[{"embeddable":true,"href":"https:\/\/agora.xtec.cat\/ecaamposta\/wp-json\/wp\/v2\/users\/1"}],"replies":[{"embeddable":true,"href":"https:\/\/agora.xtec.cat\/ecaamposta\/wp-json\/wp\/v2\/comments?post=57"}],"version-history":[{"count":5,"href":"https:\/\/agora.xtec.cat\/ecaamposta\/wp-json\/wp\/v2\/pages\/57\/revisions"}],"predecessor-version":[{"id":1456,"href":"https:\/\/agora.xtec.cat\/ecaamposta\/wp-json\/wp\/v2\/pages\/57\/revisions\/1456"}],"up":[{"embeddable":true,"href":"https:\/\/agora.xtec.cat\/ecaamposta\/wp-json\/wp\/v2\/pages\/1449"}],"wp:attachment":[{"href":"https:\/\/agora.xtec.cat\/ecaamposta\/wp-json\/wp\/v2\/media?parent=57"}],"curies":[{"name":"wp","href":"https:\/\/api.w.org\/{rel}","templated":true}]}}