{"id":49,"date":"2014-09-17T16:55:55","date_gmt":"2014-09-17T16:55:55","guid":{"rendered":"http:\/\/agora.xtec.cat\/ecaamposta\/?page_id=49"},"modified":"2023-06-12T13:31:09","modified_gmt":"2023-06-12T11:31:09","slug":"normes-dorganitzacio-i-funcionament","status":"publish","type":"page","link":"https:\/\/agora.xtec.cat\/ecaamposta\/escola\/normes-dorganitzacio-i-funcionament\/","title":{"rendered":"Internacionalitzaci\u00f3"},"content":{"rendered":"<p>L\u2019escola Agr\u00e0ria d\u2019Amposta ofereix als alumnes de 1r i 2n curs del CFGM de Producci\u00f3 agroecol\u00f2gica i als de 1r i 2n curs del CFGS de Paisatgisme i Medi rural la possibilitat de realitzar la formaci\u00f3 en centres de treball (FCT) a l\u2019estranger, a trav\u00e9s del programa Erasmus+, en organitzacions amb les quals col\u00b7laborem.<\/p>\n<p>Durant el primer trimestre del curs escolar, la responsable d\u2019internacionalitzaci\u00f3 del centre realitza xerrades informatives a tot l\u2019alumnat, per tal que aquest conegui el nou programa Erasmus+ 2021-2027 i el proc\u00e9s a seguir per poder optar a una beca Erasmus.<\/p>\n<p>El nostre centre disposa de la Carta Erasmus d\u2019Educaci\u00f3 Superior (ECHE), la qual ens fou atorgada per la Direcci\u00f3 General d\u2019Educaci\u00f3 i Cultura de la Comissi\u00f3 Europea l\u2019any 2021. La carta ECHE \u00e9s obligat\u00f2ria perqu\u00e8 els nostres alumnes del CFGS de Paisatgisme i Medi rural puguin continuar fent estades FCT a l\u2019estranger en el marc del nou programa Erasmus+ 2021-2027.<\/p>\n<p>Els projectes Erasmus+ de l\u2019Escola Agr\u00e0ria d\u2019Amposta donen com a resultats destacats, entre d\u2019altres, la immersi\u00f3 cultural, la compet\u00e8ncia ling\u00fc\u00edstica, el coneixement de diferents maneres de treballar, l\u2019adquisici\u00f3 de nous aprenentatges i habilitats que proporcionen a l\u2019alumne autonomia, emprenedoria i capacitat de resoluci\u00f3 de problemes, al mateix temps que milloren les seves capacitats d\u2019automotivaci\u00f3 i aprenentatge.<\/p>\n<p>&nbsp;<\/p>\n<p><a href=\"https:\/\/agora.xtec.cat\/ecaamposta\/wp-content\/uploads\/usu2500\/2023\/03\/es_cofinanciado_por_la_union_europea_pos.png\"><img loading=\"lazy\" decoding=\"async\" class=\"wp-image-999 alignright\" src=\"https:\/\/agora.xtec.cat\/ecaamposta\/wp-content\/uploads\/usu2500\/2023\/03\/es_cofinanciado_por_la_union_europea_pos-1024x215.png\" alt=\"\" width=\"315\" height=\"66\" srcset=\"https:\/\/agora.xtec.cat\/ecaamposta\/wp-content\/uploads\/usu2500\/2023\/03\/es_cofinanciado_por_la_union_europea_pos-1024x215.png 1024w, https:\/\/agora.xtec.cat\/ecaamposta\/wp-content\/uploads\/usu2500\/2023\/03\/es_cofinanciado_por_la_union_europea_pos-300x63.png 300w, https:\/\/agora.xtec.cat\/ecaamposta\/wp-content\/uploads\/usu2500\/2023\/03\/es_cofinanciado_por_la_union_europea_pos-768x161.png 768w, https:\/\/agora.xtec.cat\/ecaamposta\/wp-content\/uploads\/usu2500\/2023\/03\/es_cofinanciado_por_la_union_europea_pos-1536x322.png 1536w, https:\/\/agora.xtec.cat\/ecaamposta\/wp-content\/uploads\/usu2500\/2023\/03\/es_cofinanciado_por_la_union_europea_pos-2048x429.png 2048w\" sizes=\"auto, (max-width: 315px) 100vw, 315px\" \/><\/a><\/p>\n<p><a href=\"https:\/\/agora.xtec.cat\/ecasolsones\/wp-content\/uploads\/usu1746\/2020\/09\/ErasmusMapa.jpg\"><img loading=\"lazy\" decoding=\"async\" class=\"wp-image-1074 aligncenter\" src=\"https:\/\/agora.xtec.cat\/ecasolsones\/wp-content\/uploads\/usu1746\/2020\/09\/ErasmusMapa-1024x600.jpg\" sizes=\"auto, (max-width: 598px) 100vw, 598px\" srcset=\"https:\/\/agora.xtec.cat\/ecasolsones\/wp-content\/uploads\/usu1746\/2020\/09\/ErasmusMapa-1024x600.jpg 1024w, https:\/\/agora.xtec.cat\/ecasolsones\/wp-content\/uploads\/usu1746\/2020\/09\/ErasmusMapa-300x176.jpg 300w, https:\/\/agora.xtec.cat\/ecasolsones\/wp-content\/uploads\/usu1746\/2020\/09\/ErasmusMapa-768x450.jpg 768w, https:\/\/agora.xtec.cat\/ecasolsones\/wp-content\/uploads\/usu1746\/2020\/09\/ErasmusMapa.jpg 1366w\" alt=\"\" width=\"350\" height=\"205\" \/><\/a><\/p>\n<p>&nbsp;<\/p>\n<p><strong>DOCUMENTACI\u00d3<\/strong><\/p>\n<ul>\n<li><a href=\"https:\/\/agora.xtec.cat\/ecaamposta\/wp-content\/uploads\/usu2500\/2021\/03\/Erasmus-Charter-for-Higher-Education.pdf\">Erasmus Charter for Higher Education 2021-2027<\/a><\/li>\n<\/ul>\n","protected":false},"excerpt":{"rendered":"<p>L\u2019escola Agr\u00e0ria d\u2019Amposta ofereix als alumnes de 1r i 2n curs del CFGM de Producci\u00f3 agroecol\u00f2gica i als de 1r i 2n curs del CFGS de Paisatgisme i Medi rural la possibilitat de realitzar la formaci\u00f3 en centres de treball (FCT) a l\u2019estranger, a trav\u00e9s del programa Erasmus+, en organitzacions amb les quals col\u00b7laborem. Durant [&hellip;]<\/p>\n","protected":false},"author":1,"featured_media":0,"parent":19,"menu_order":60,"comment_status":"closed","ping_status":"closed","template":"page-templates\/side-menu.php","meta":{"_bbp_topic_count":0,"_bbp_reply_count":0,"_bbp_total_topic_count":0,"_bbp_total_reply_count":0,"_bbp_voice_count":0,"_bbp_anonymous_reply_count":0,"_bbp_topic_count_hidden":0,"_bbp_reply_count_hidden":0,"_bbp_forum_subforum_count":0,"site-sidebar-layout":"default","site-content-layout":"","ast-site-content-layout":"","site-content-style":"default","site-sidebar-style":"default","ast-global-header-display":"","ast-banner-title-visibility":"","ast-main-header-display":"","ast-hfb-above-header-display":"","ast-hfb-below-header-display":"","ast-hfb-mobile-header-display":"","site-post-title":"","ast-breadcrumbs-content":"","ast-featured-img":"","footer-sml-layout":"","theme-transparent-header-meta":"","adv-header-id-meta":"","stick-header-meta":"","header-above-stick-meta":"","header-main-stick-meta":"","header-below-stick-meta":"","astra-migrate-meta-layouts":"default","ast-page-background-enabled":"default","ast-page-background-meta":{"desktop":{"background-color":"var(--ast-global-color-4)","background-image":"","background-repeat":"repeat","background-position":"center center","background-size":"auto","background-attachment":"scroll","background-type":"","background-media":"","overlay-type":"","overlay-color":"","overlay-opacity":"","overlay-gradient":""},"tablet":{"background-color":"","background-image":"","background-repeat":"repeat","background-position":"center center","background-size":"auto","background-attachment":"scroll","background-type":"","background-media":"","overlay-type":"","overlay-color":"","overlay-opacity":"","overlay-gradient":""},"mobile":{"background-color":"","background-image":"","background-repeat":"repeat","background-position":"center center","background-size":"auto","background-attachment":"scroll","background-type":"","background-media":"","overlay-type":"","overlay-color":"","overlay-opacity":"","overlay-gradient":""}},"ast-content-background-meta":{"desktop":{"background-color":"var(--ast-global-color-5)","background-image":"","background-repeat":"repeat","background-position":"center center","background-size":"auto","background-attachment":"scroll","background-type":"","background-media":"","overlay-type":"","overlay-color":"","overlay-opacity":"","overlay-gradient":""},"tablet":{"background-color":"var(--ast-global-color-5)","background-image":"","background-repeat":"repeat","background-position":"center center","background-size":"auto","background-attachment":"scroll","background-type":"","background-media":"","overlay-type":"","overlay-color":"","overlay-opacity":"","overlay-gradient":""},"mobile":{"background-color":"var(--ast-global-color-5)","background-image":"","background-repeat":"repeat","background-position":"center center","background-size":"auto","background-attachment":"scroll","background-type":"","background-media":"","overlay-type":"","overlay-color":"","overlay-opacity":"","overlay-gradient":""}},"footnotes":""},"class_list":["post-49","page","type-page","status-publish","hentry"],"post_mailing_queue_ids":[],"_links":{"self":[{"href":"https:\/\/agora.xtec.cat\/ecaamposta\/wp-json\/wp\/v2\/pages\/49","targetHints":{"allow":["GET"]}}],"collection":[{"href":"https:\/\/agora.xtec.cat\/ecaamposta\/wp-json\/wp\/v2\/pages"}],"about":[{"href":"https:\/\/agora.xtec.cat\/ecaamposta\/wp-json\/wp\/v2\/types\/page"}],"author":[{"embeddable":true,"href":"https:\/\/agora.xtec.cat\/ecaamposta\/wp-json\/wp\/v2\/users\/1"}],"replies":[{"embeddable":true,"href":"https:\/\/agora.xtec.cat\/ecaamposta\/wp-json\/wp\/v2\/comments?post=49"}],"version-history":[{"count":4,"href":"https:\/\/agora.xtec.cat\/ecaamposta\/wp-json\/wp\/v2\/pages\/49\/revisions"}],"predecessor-version":[{"id":1112,"href":"https:\/\/agora.xtec.cat\/ecaamposta\/wp-json\/wp\/v2\/pages\/49\/revisions\/1112"}],"up":[{"embeddable":true,"href":"https:\/\/agora.xtec.cat\/ecaamposta\/wp-json\/wp\/v2\/pages\/19"}],"wp:attachment":[{"href":"https:\/\/agora.xtec.cat\/ecaamposta\/wp-json\/wp\/v2\/media?parent=49"}],"curies":[{"name":"wp","href":"https:\/\/api.w.org\/{rel}","templated":true}]}}