{"id":46,"date":"2014-09-17T16:53:45","date_gmt":"2014-09-17T16:53:45","guid":{"rendered":"http:\/\/agora.xtec.cat\/ecaamposta\/?page_id=46"},"modified":"2024-12-12T11:01:08","modified_gmt":"2024-12-12T10:01:08","slug":"qualitat","status":"publish","type":"page","link":"https:\/\/agora.xtec.cat\/ecaamposta\/escola\/qualitat\/","title":{"rendered":"Pol\u00edtica de qualitat i medi ambient"},"content":{"rendered":"<p>La gesti\u00f3 a l\u2019Escola ha estat des de la seva fundaci\u00f3, i estar\u00e0 en el futur, orientada a satisfer les expectatives i les necessitats educatives, tant en formaci\u00f3 inicial com en cont\u00ednua, \u00a0de l\u2019alumnat en particular, i de la societat en general.<\/p>\n<p>\u00c9s per tot aix\u00f2 que l\u2019Escola assumeix el repte de dotar-se d\u2019estrat\u00e8gies d\u2019organitzaci\u00f3 i gesti\u00f3 que comporten el desplegament d\u2019un sistema de gesti\u00f3 integrat de qualitat i medi ambient d\u2019acord amb les normes ISO 9001 i ISO 14001, basat en la organitzaci\u00f3 i gesti\u00f3 per processos, que inclou els seg\u00fcents compromisos.<\/p>\n<ul>\n<li>El sistema de gesti\u00f3 de la qualitat i medi ambient de l\u2019Escola ser\u00e0 adequat al prop\u00f2sit i context de l\u2019organitzaci\u00f3, donar\u00e0 suport a la direcci\u00f3 estrat\u00e8gica, oferir\u00e0 un marc de refer\u00e8ncia per establir els objectius de qualitat, satisfar\u00e0 el compliment dels requisits normatius aplicables i incorporar\u00e0 la millora continua del sistema i de la organitzaci\u00f3.<\/li>\n<li>El sistema de gesti\u00f3 ambiental del centre ser\u00e0 adequat al prop\u00f2sit i al context de la organitzaci\u00f3, inclour\u00e0 la naturalesa, magnitud i impactes ambientals de la seva activitat, proporcionar\u00e0 un marc de refer\u00e8ncia per establir els objectius ambientals, satisfar\u00e0 el compliment de la normativa i els requisits mediambientals reglamentaris, treballar\u00e0 per la millora cont\u00ednua del sistema de gesti\u00f3 ambiental i els seus resultats, incorporar\u00e0 la racionalitzaci\u00f3 del \u00fas dels recursos i fomentar\u00e0 accions de sensibilitzaci\u00f3 entre la comunitat educativa per a la protecci\u00f3 del medi ambient.<\/li>\n<\/ul>\n<p><a href=\"https:\/\/agora.xtec.cat\/ecaamposta\/wp-content\/uploads\/usu2500\/2023\/04\/Certificat-de-qualitat-Applus.pdf\" target=\"_blank\" rel=\"noopener\">Consulta el certificat de qualitat Applus+ 9001 en aquest enlla\u00e7<\/a><\/p>\n<p><a href=\"https:\/\/agora.xtec.cat\/ecaamposta\/wp-content\/uploads\/usu2500\/2024\/12\/20241212110435436.pdf\" target=\"_blank\" rel=\"noopener\">Consulta el certificat de qualitat Applus+ 14001 en aquest enlla\u00e7<\/a><\/p>\n<p>&nbsp;<\/p>\n<p><a href=\"https:\/\/agora.xtec.cat\/ecaamposta\/wp-content\/uploads\/usu2500\/2022\/05\/Certificat-de-qualitat-Applus.pdf\" target=\"_blank\" rel=\"noopener\"><br \/>\n<img loading=\"lazy\" decoding=\"async\" class=\"wp-image-526 aligncenter\" src=\"https:\/\/agora.xtec.cat\/ecaamposta\/wp-content\/uploads\/usu2500\/2021\/03\/ISO-9001-SN-RGB-Web-miniatura-1024x919.png\" alt=\"\" width=\"209\" height=\"188\" srcset=\"https:\/\/agora.xtec.cat\/ecaamposta\/wp-content\/uploads\/usu2500\/2021\/03\/ISO-9001-SN-RGB-Web-miniatura-1024x919.png 1024w, https:\/\/agora.xtec.cat\/ecaamposta\/wp-content\/uploads\/usu2500\/2021\/03\/ISO-9001-SN-RGB-Web-miniatura-300x269.png 300w, https:\/\/agora.xtec.cat\/ecaamposta\/wp-content\/uploads\/usu2500\/2021\/03\/ISO-9001-SN-RGB-Web-miniatura-768x689.png 768w, https:\/\/agora.xtec.cat\/ecaamposta\/wp-content\/uploads\/usu2500\/2021\/03\/ISO-9001-SN-RGB-Web-miniatura.png 1030w\" sizes=\"auto, (max-width: 209px) 100vw, 209px\" \/><\/a><\/p>\n<p><a href=\"https:\/\/agora.xtec.cat\/ecaamposta\/wp-content\/uploads\/usu2500\/2024\/12\/20241212110435436.pdf\" target=\"_blank\" rel=\"noopener\"><img loading=\"lazy\" decoding=\"async\" class=\" wp-image-1402 aligncenter\" src=\"https:\/\/agora.xtec.cat\/ecaamposta\/wp-content\/uploads\/usu2500\/2024\/12\/logo-certificado-une-en-iso-14001-2004-dcd.png\" alt=\"\" width=\"186\" height=\"186\" \/><\/a><\/p>\n<p><a href=\"mailto:aecaamp.daam@gencat.cat\" target=\"_blank\" rel=\"noopener\"><img loading=\"lazy\" decoding=\"async\" class=\"alignnone wp-image-857\" src=\"https:\/\/agora.xtec.cat\/ecaamposta\/wp-content\/uploads\/usu2500\/2022\/05\/1192logo-1024x430.jpg\" alt=\"\" width=\"393\" height=\"165\" srcset=\"https:\/\/agora.xtec.cat\/ecaamposta\/wp-content\/uploads\/usu2500\/2022\/05\/1192logo-1024x430.jpg 1024w, https:\/\/agora.xtec.cat\/ecaamposta\/wp-content\/uploads\/usu2500\/2022\/05\/1192logo-300x126.jpg 300w, https:\/\/agora.xtec.cat\/ecaamposta\/wp-content\/uploads\/usu2500\/2022\/05\/1192logo-768x323.jpg 768w, https:\/\/agora.xtec.cat\/ecaamposta\/wp-content\/uploads\/usu2500\/2022\/05\/1192logo-1536x645.jpg 1536w, https:\/\/agora.xtec.cat\/ecaamposta\/wp-content\/uploads\/usu2500\/2022\/05\/1192logo.jpg 1883w\" sizes=\"auto, (max-width: 393px) 100vw, 393px\" \/><\/a><\/p>\n","protected":false},"excerpt":{"rendered":"<p>La gesti\u00f3 a l\u2019Escola ha estat des de la seva fundaci\u00f3, i estar\u00e0 en el futur, orientada a satisfer les expectatives i les necessitats educatives, tant en formaci\u00f3 inicial com en cont\u00ednua, \u00a0de l\u2019alumnat en particular, i de la societat en general. \u00c9s per tot aix\u00f2 que l\u2019Escola assumeix el repte de dotar-se d\u2019estrat\u00e8gies d\u2019organitzaci\u00f3 [&hellip;]<\/p>\n","protected":false},"author":1,"featured_media":0,"parent":19,"menu_order":50,"comment_status":"closed","ping_status":"closed","template":"page-templates\/side-menu.php","meta":{"_bbp_topic_count":0,"_bbp_reply_count":0,"_bbp_total_topic_count":0,"_bbp_total_reply_count":0,"_bbp_voice_count":0,"_bbp_anonymous_reply_count":0,"_bbp_topic_count_hidden":0,"_bbp_reply_count_hidden":0,"_bbp_forum_subforum_count":0,"site-sidebar-layout":"default","site-content-layout":"","ast-site-content-layout":"","site-content-style":"default","site-sidebar-style":"default","ast-global-header-display":"","ast-banner-title-visibility":"","ast-main-header-display":"","ast-hfb-above-header-display":"","ast-hfb-below-header-display":"","ast-hfb-mobile-header-display":"","site-post-title":"","ast-breadcrumbs-content":"","ast-featured-img":"","footer-sml-layout":"","theme-transparent-header-meta":"","adv-header-id-meta":"","stick-header-meta":"","header-above-stick-meta":"","header-main-stick-meta":"","header-below-stick-meta":"","astra-migrate-meta-layouts":"default","ast-page-background-enabled":"default","ast-page-background-meta":{"desktop":{"background-color":"var(--ast-global-color-4)","background-image":"","background-repeat":"repeat","background-position":"center center","background-size":"auto","background-attachment":"scroll","background-type":"","background-media":"","overlay-type":"","overlay-color":"","overlay-opacity":"","overlay-gradient":""},"tablet":{"background-color":"","background-image":"","background-repeat":"repeat","background-position":"center center","background-size":"auto","background-attachment":"scroll","background-type":"","background-media":"","overlay-type":"","overlay-color":"","overlay-opacity":"","overlay-gradient":""},"mobile":{"background-color":"","background-image":"","background-repeat":"repeat","background-position":"center center","background-size":"auto","background-attachment":"scroll","background-type":"","background-media":"","overlay-type":"","overlay-color":"","overlay-opacity":"","overlay-gradient":""}},"ast-content-background-meta":{"desktop":{"background-color":"var(--ast-global-color-5)","background-image":"","background-repeat":"repeat","background-position":"center center","background-size":"auto","background-attachment":"scroll","background-type":"","background-media":"","overlay-type":"","overlay-color":"","overlay-opacity":"","overlay-gradient":""},"tablet":{"background-color":"var(--ast-global-color-5)","background-image":"","background-repeat":"repeat","background-position":"center center","background-size":"auto","background-attachment":"scroll","background-type":"","background-media":"","overlay-type":"","overlay-color":"","overlay-opacity":"","overlay-gradient":""},"mobile":{"background-color":"var(--ast-global-color-5)","background-image":"","background-repeat":"repeat","background-position":"center center","background-size":"auto","background-attachment":"scroll","background-type":"","background-media":"","overlay-type":"","overlay-color":"","overlay-opacity":"","overlay-gradient":""}},"footnotes":""},"class_list":["post-46","page","type-page","status-publish","hentry"],"post_mailing_queue_ids":[],"_links":{"self":[{"href":"https:\/\/agora.xtec.cat\/ecaamposta\/wp-json\/wp\/v2\/pages\/46","targetHints":{"allow":["GET"]}}],"collection":[{"href":"https:\/\/agora.xtec.cat\/ecaamposta\/wp-json\/wp\/v2\/pages"}],"about":[{"href":"https:\/\/agora.xtec.cat\/ecaamposta\/wp-json\/wp\/v2\/types\/page"}],"author":[{"embeddable":true,"href":"https:\/\/agora.xtec.cat\/ecaamposta\/wp-json\/wp\/v2\/users\/1"}],"replies":[{"embeddable":true,"href":"https:\/\/agora.xtec.cat\/ecaamposta\/wp-json\/wp\/v2\/comments?post=46"}],"version-history":[{"count":6,"href":"https:\/\/agora.xtec.cat\/ecaamposta\/wp-json\/wp\/v2\/pages\/46\/revisions"}],"predecessor-version":[{"id":1404,"href":"https:\/\/agora.xtec.cat\/ecaamposta\/wp-json\/wp\/v2\/pages\/46\/revisions\/1404"}],"up":[{"embeddable":true,"href":"https:\/\/agora.xtec.cat\/ecaamposta\/wp-json\/wp\/v2\/pages\/19"}],"wp:attachment":[{"href":"https:\/\/agora.xtec.cat\/ecaamposta\/wp-json\/wp\/v2\/media?parent=46"}],"curies":[{"name":"wp","href":"https:\/\/api.w.org\/{rel}","templated":true}]}}