{"id":195,"date":"2014-09-22T10:39:39","date_gmt":"2014-09-22T10:39:39","guid":{"rendered":"http:\/\/agora.xtec.cat\/ecaamposta\/?page_id=195"},"modified":"2021-03-29T17:31:11","modified_gmt":"2021-03-29T15:31:11","slug":"ciclesformatius","status":"publish","type":"page","link":"https:\/\/agora.xtec.cat\/ecaamposta\/ciclesformatius\/","title":{"rendered":"Cicles Formatius"},"content":{"rendered":"<p>L\u2019oferta formativa de l\u2019Escola Agr\u00e0ria d\u2019Amposta est\u00e0 orientada a dos tipus de formaci\u00f3: Formaci\u00f3 Inicial i Formaci\u00f3 Cont\u00ednua.<\/p>\n<p>En <b>Formaci\u00f3 Inicial <\/b>impartim un cicle formatiu de grau mitj\u00e0 i un de grau superior:<\/p>\n<p>\u25ca <a href=\"https:\/\/agora.xtec.cat\/ecaamposta\/ciclesformatius\/cfgm-produccio-agroecologica\/\" target=\"_blank\" rel=\"noopener noreferrer\"><strong>CFGM Producci\u00f3 Agroecol\u00f2gica, perfil professional de producci\u00f3 agr\u00edcola ecol\u00f2gica.<\/strong><\/a><\/p>\n<p>\u25ca <a href=\"https:\/\/agora.xtec.cat\/ecaamposta\/ciclesformatius\/cfgs-paisatgisme-i-medi-rural\/\" target=\"_blank\" rel=\"noopener noreferrer\"><strong>CFGS Paisatgisme i Medi Rural.<\/strong><\/a><\/p>\n<p><a href=\"https:\/\/agora.xtec.cat\/ecaamposta\/wp-content\/uploads\/usu2500\/2021\/03\/graus.jpg\"><img loading=\"lazy\" decoding=\"async\" class=\"alignnone wp-image-618\" src=\"https:\/\/agora.xtec.cat\/ecaamposta\/wp-content\/uploads\/usu2500\/2021\/03\/graus-1024x253.jpg\" alt=\"\" width=\"778\" height=\"192\" srcset=\"https:\/\/agora.xtec.cat\/ecaamposta\/wp-content\/uploads\/usu2500\/2021\/03\/graus-1024x253.jpg 1024w, https:\/\/agora.xtec.cat\/ecaamposta\/wp-content\/uploads\/usu2500\/2021\/03\/graus-300x74.jpg 300w, https:\/\/agora.xtec.cat\/ecaamposta\/wp-content\/uploads\/usu2500\/2021\/03\/graus-768x189.jpg 768w, https:\/\/agora.xtec.cat\/ecaamposta\/wp-content\/uploads\/usu2500\/2021\/03\/graus.jpg 2027w\" sizes=\"auto, (max-width: 778px) 100vw, 778px\" \/><\/a><\/p>\n<p>En <b>Formaci\u00f3 Cont\u00ednua <\/b>les actuacions realitzades s\u00f3n:<\/p>\n<p><strong>\u232a<\/strong><em> Tutoritzaci\u00f3 en el compliment de l\u2019itinerari formatiu dels joves que sol\u00b7liciten un ajut per a la seva incorporaci\u00f3 a l\u2019agricultura.<\/em><\/p>\n<p><strong>\u232a<\/strong><em> Realitzaci\u00f3 de cursos de formaci\u00f3 cont\u00ednua.<\/em><\/p>\n<p><strong>\u232a<\/strong><em> Realitzaci\u00f3 de jornades t\u00e8cniques.<\/em><\/p>\n<p><strong>\u232a<\/strong><em> Validaci\u00f3 de cursos impartits per altres organismes.<\/em><\/p>\n<div class=\"ast-oembed-container \" style=\"height: 100%;\"><iframe loading=\"lazy\" title=\"Formaci\u00f3 agr\u00e0ria a les Escoles Agr\u00e0ries\" width=\"500\" height=\"281\" src=\"https:\/\/www.youtube.com\/embed\/UQtQlvRFXKY?feature=oembed\" frameborder=\"0\" allow=\"accelerometer; autoplay; clipboard-write; encrypted-media; gyroscope; picture-in-picture; web-share\" referrerpolicy=\"strict-origin-when-cross-origin\" allowfullscreen><\/iframe><\/div>\n","protected":false},"excerpt":{"rendered":"<p>L\u2019oferta formativa de l\u2019Escola Agr\u00e0ria d\u2019Amposta est\u00e0 orientada a dos tipus de formaci\u00f3: Formaci\u00f3 Inicial i Formaci\u00f3 Cont\u00ednua. En Formaci\u00f3 Inicial impartim un cicle formatiu de grau mitj\u00e0 i un de grau superior: \u25ca CFGM Producci\u00f3 Agroecol\u00f2gica, perfil professional de producci\u00f3 agr\u00edcola ecol\u00f2gica. \u25ca CFGS Paisatgisme i Medi Rural. En Formaci\u00f3 Cont\u00ednua les actuacions realitzades [&hellip;]<\/p>\n","protected":false},"author":1,"featured_media":0,"parent":0,"menu_order":0,"comment_status":"closed","ping_status":"closed","template":"page-templates\/side-menu.php","meta":{"_bbp_topic_count":0,"_bbp_reply_count":0,"_bbp_total_topic_count":0,"_bbp_total_reply_count":0,"_bbp_voice_count":0,"_bbp_anonymous_reply_count":0,"_bbp_topic_count_hidden":0,"_bbp_reply_count_hidden":0,"_bbp_forum_subforum_count":0,"site-sidebar-layout":"default","site-content-layout":"","ast-site-content-layout":"","site-content-style":"default","site-sidebar-style":"default","ast-global-header-display":"","ast-banner-title-visibility":"","ast-main-header-display":"","ast-hfb-above-header-display":"","ast-hfb-below-header-display":"","ast-hfb-mobile-header-display":"","site-post-title":"","ast-breadcrumbs-content":"","ast-featured-img":"","footer-sml-layout":"","theme-transparent-header-meta":"","adv-header-id-meta":"","stick-header-meta":"","header-above-stick-meta":"","header-main-stick-meta":"","header-below-stick-meta":"","astra-migrate-meta-layouts":"default","ast-page-background-enabled":"default","ast-page-background-meta":{"desktop":{"background-color":"var(--ast-global-color-4)","background-image":"","background-repeat":"repeat","background-position":"center center","background-size":"auto","background-attachment":"scroll","background-type":"","background-media":"","overlay-type":"","overlay-color":"","overlay-opacity":"","overlay-gradient":""},"tablet":{"background-color":"","background-image":"","background-repeat":"repeat","background-position":"center center","background-size":"auto","background-attachment":"scroll","background-type":"","background-media":"","overlay-type":"","overlay-color":"","overlay-opacity":"","overlay-gradient":""},"mobile":{"background-color":"","background-image":"","background-repeat":"repeat","background-position":"center center","background-size":"auto","background-attachment":"scroll","background-type":"","background-media":"","overlay-type":"","overlay-color":"","overlay-opacity":"","overlay-gradient":""}},"ast-content-background-meta":{"desktop":{"background-color":"var(--ast-global-color-5)","background-image":"","background-repeat":"repeat","background-position":"center center","background-size":"auto","background-attachment":"scroll","background-type":"","background-media":"","overlay-type":"","overlay-color":"","overlay-opacity":"","overlay-gradient":""},"tablet":{"background-color":"var(--ast-global-color-5)","background-image":"","background-repeat":"repeat","background-position":"center center","background-size":"auto","background-attachment":"scroll","background-type":"","background-media":"","overlay-type":"","overlay-color":"","overlay-opacity":"","overlay-gradient":""},"mobile":{"background-color":"var(--ast-global-color-5)","background-image":"","background-repeat":"repeat","background-position":"center center","background-size":"auto","background-attachment":"scroll","background-type":"","background-media":"","overlay-type":"","overlay-color":"","overlay-opacity":"","overlay-gradient":""}},"footnotes":""},"class_list":["post-195","page","type-page","status-publish","hentry"],"post_mailing_queue_ids":[],"_links":{"self":[{"href":"https:\/\/agora.xtec.cat\/ecaamposta\/wp-json\/wp\/v2\/pages\/195","targetHints":{"allow":["GET"]}}],"collection":[{"href":"https:\/\/agora.xtec.cat\/ecaamposta\/wp-json\/wp\/v2\/pages"}],"about":[{"href":"https:\/\/agora.xtec.cat\/ecaamposta\/wp-json\/wp\/v2\/types\/page"}],"author":[{"embeddable":true,"href":"https:\/\/agora.xtec.cat\/ecaamposta\/wp-json\/wp\/v2\/users\/1"}],"replies":[{"embeddable":true,"href":"https:\/\/agora.xtec.cat\/ecaamposta\/wp-json\/wp\/v2\/comments?post=195"}],"version-history":[{"count":3,"href":"https:\/\/agora.xtec.cat\/ecaamposta\/wp-json\/wp\/v2\/pages\/195\/revisions"}],"predecessor-version":[{"id":619,"href":"https:\/\/agora.xtec.cat\/ecaamposta\/wp-json\/wp\/v2\/pages\/195\/revisions\/619"}],"wp:attachment":[{"href":"https:\/\/agora.xtec.cat\/ecaamposta\/wp-json\/wp\/v2\/media?parent=195"}],"curies":[{"name":"wp","href":"https:\/\/api.w.org\/{rel}","templated":true}]}}