{"id":19,"date":"2026-04-01T09:00:56","date_gmt":"2026-04-01T07:00:56","guid":{"rendered":"http:\/\/agora.xtec.cat\/ecaamposta\/?page_id=19"},"modified":"2026-04-01T11:33:14","modified_gmt":"2026-04-01T09:33:14","slug":"escola","status":"publish","type":"page","link":"https:\/\/agora.xtec.cat\/ecaamposta\/escola\/","title":{"rendered":"Escola Agr\u00e0ria d&#8217;Amposta"},"content":{"rendered":"<p data-start=\"210\" data-end=\"505\">L\u2019<strong data-start=\"212\" data-end=\"240\">Escola Agr\u00e0ria d\u2019Amposta<\/strong> est\u00e0 situada a la ciutat d\u2019Amposta, capital del Montsi\u00e0, una comarca amb una intensa activitat agr\u00edcola en horta, citricultura, olivicultura i arr\u00f2s. L\u2019escola es troba en un entorn privilegiat, proper a dos Parcs Naturals: el <strong data-start=\"467\" data-end=\"486\">Delta de l\u2019Ebre<\/strong> i els <strong data-start=\"493\" data-end=\"502\">Ports<\/strong>.<\/p>\n<p data-start=\"507\" data-end=\"737\">Creada l\u2019any <strong data-start=\"520\" data-end=\"528\">1972<\/strong>, forma part de la xarxa d\u2019escoles agr\u00e0ries del <strong data-start=\"576\" data-end=\"668\">Departament d\u2019Acci\u00f3 Clim\u00e0tica, Alimentaci\u00f3 i Agenda Rural de la Generalitat de Catalunya<\/strong>, que ofereix formaci\u00f3 professional i cont\u00ednua arreu del territori.<\/p>\n<p data-start=\"739\" data-end=\"767\"><strong data-start=\"739\" data-end=\"765\">Objectius de l\u2019escola:<\/strong><\/p>\n<ul data-start=\"768\" data-end=\"1025\">\n<li data-section-id=\"6zhlbf\" data-start=\"768\" data-end=\"850\">Capacitar professionalment els joves per a la seva incorporaci\u00f3 al m\u00f3n agrari.<\/li>\n<li data-section-id=\"p97y3i\" data-start=\"851\" data-end=\"949\">Contribuir al reciclatge de coneixements i a la formaci\u00f3 cont\u00ednua de professionals del sector.<\/li>\n<li data-section-id=\"4utb7i\" data-start=\"950\" data-end=\"1025\">Donar suport i assessorar el sector agroalimentari local i de muntanya.<\/li>\n<\/ul>\n<p data-start=\"1027\" data-end=\"1217\">L\u2019escola ofereix <strong data-start=\"1044\" data-end=\"1089\">cicles formatius de grau mitj\u00e0 i superior<\/strong> i una completa <strong data-start=\"1105\" data-end=\"1136\">oferta de formaci\u00f3 cont\u00ednua<\/strong>, adaptada a les necessitats dels estudiants i professionals del sector agrari.<\/p>\n<p data-start=\"1219\" data-end=\"1319\">\ud83d\udccc Consulta tota l\u2019<strong data-start=\"1238\" data-end=\"1277\">oferta formativa del curs 2026\u20132027<\/strong> al nostre enlla\u00e7: <a href=\"https:\/\/agora.xtec.cat\/ecaamposta\/wp-content\/uploads\/usu2500\/2026\/04\/Formacio-Continua_Cursos-2026.pdf\">Oferta formativa<\/a><\/p>\n<p data-start=\"1219\" data-end=\"1319\"><a href=\"https:\/\/agora.xtec.cat\/ecaamposta\/wp-content\/uploads\/usu2500\/2026\/04\/unnamed.webp\"><img loading=\"lazy\" decoding=\"async\" class=\"alignnone wp-image-1540\" src=\"https:\/\/agora.xtec.cat\/ecaamposta\/wp-content\/uploads\/usu2500\/2026\/04\/unnamed.webp\" alt=\"\" width=\"715\" height=\"536\" srcset=\"https:\/\/agora.xtec.cat\/ecaamposta\/wp-content\/uploads\/usu2500\/2026\/04\/unnamed.webp 1360w, https:\/\/agora.xtec.cat\/ecaamposta\/wp-content\/uploads\/usu2500\/2026\/04\/unnamed-300x225.webp 300w, https:\/\/agora.xtec.cat\/ecaamposta\/wp-content\/uploads\/usu2500\/2026\/04\/unnamed-1024x768.webp 1024w, https:\/\/agora.xtec.cat\/ecaamposta\/wp-content\/uploads\/usu2500\/2026\/04\/unnamed-768x576.webp 768w\" sizes=\"auto, (max-width: 715px) 100vw, 715px\" \/><\/a><\/p>\n","protected":false},"excerpt":{"rendered":"<p>L\u2019Escola Agr\u00e0ria d\u2019Amposta est\u00e0 situada a la ciutat d\u2019Amposta, capital del Montsi\u00e0, una comarca amb una intensa activitat agr\u00edcola en horta, citricultura, olivicultura i arr\u00f2s. L\u2019escola es troba en un entorn privilegiat, proper a dos Parcs Naturals: el Delta de l\u2019Ebre i els Ports. Creada l\u2019any 1972, forma part de la xarxa d\u2019escoles agr\u00e0ries del [&hellip;]<\/p>\n","protected":false},"author":1,"featured_media":0,"parent":0,"menu_order":0,"comment_status":"closed","ping_status":"closed","template":"","meta":{"_bbp_topic_count":0,"_bbp_reply_count":0,"_bbp_total_topic_count":0,"_bbp_total_reply_count":0,"_bbp_voice_count":0,"_bbp_anonymous_reply_count":0,"_bbp_topic_count_hidden":0,"_bbp_reply_count_hidden":0,"_bbp_forum_subforum_count":0,"site-sidebar-layout":"default","site-content-layout":"","ast-site-content-layout":"default","site-content-style":"default","site-sidebar-style":"default","ast-global-header-display":"","ast-banner-title-visibility":"","ast-main-header-display":"","ast-hfb-above-header-display":"","ast-hfb-below-header-display":"","ast-hfb-mobile-header-display":"","site-post-title":"","ast-breadcrumbs-content":"","ast-featured-img":"","footer-sml-layout":"","theme-transparent-header-meta":"default","adv-header-id-meta":"","stick-header-meta":"","header-above-stick-meta":"","header-main-stick-meta":"","header-below-stick-meta":"","astra-migrate-meta-layouts":"set","ast-page-background-enabled":"default","ast-page-background-meta":{"desktop":{"background-color":"var(--ast-global-color-4)","background-image":"","background-repeat":"repeat","background-position":"center center","background-size":"auto","background-attachment":"scroll","background-type":"","background-media":"","overlay-type":"","overlay-color":"","overlay-opacity":"","overlay-gradient":""},"tablet":{"background-color":"","background-image":"","background-repeat":"repeat","background-position":"center center","background-size":"auto","background-attachment":"scroll","background-type":"","background-media":"","overlay-type":"","overlay-color":"","overlay-opacity":"","overlay-gradient":""},"mobile":{"background-color":"","background-image":"","background-repeat":"repeat","background-position":"center center","background-size":"auto","background-attachment":"scroll","background-type":"","background-media":"","overlay-type":"","overlay-color":"","overlay-opacity":"","overlay-gradient":""}},"ast-content-background-meta":{"desktop":{"background-color":"var(--ast-global-color-5)","background-image":"","background-repeat":"repeat","background-position":"center center","background-size":"auto","background-attachment":"scroll","background-type":"","background-media":"","overlay-type":"","overlay-color":"","overlay-opacity":"","overlay-gradient":""},"tablet":{"background-color":"var(--ast-global-color-5)","background-image":"","background-repeat":"repeat","background-position":"center center","background-size":"auto","background-attachment":"scroll","background-type":"","background-media":"","overlay-type":"","overlay-color":"","overlay-opacity":"","overlay-gradient":""},"mobile":{"background-color":"var(--ast-global-color-5)","background-image":"","background-repeat":"repeat","background-position":"center center","background-size":"auto","background-attachment":"scroll","background-type":"","background-media":"","overlay-type":"","overlay-color":"","overlay-opacity":"","overlay-gradient":""}},"footnotes":""},"class_list":["post-19","page","type-page","status-publish","hentry"],"post_mailing_queue_ids":[],"_links":{"self":[{"href":"https:\/\/agora.xtec.cat\/ecaamposta\/wp-json\/wp\/v2\/pages\/19","targetHints":{"allow":["GET"]}}],"collection":[{"href":"https:\/\/agora.xtec.cat\/ecaamposta\/wp-json\/wp\/v2\/pages"}],"about":[{"href":"https:\/\/agora.xtec.cat\/ecaamposta\/wp-json\/wp\/v2\/types\/page"}],"author":[{"embeddable":true,"href":"https:\/\/agora.xtec.cat\/ecaamposta\/wp-json\/wp\/v2\/users\/1"}],"replies":[{"embeddable":true,"href":"https:\/\/agora.xtec.cat\/ecaamposta\/wp-json\/wp\/v2\/comments?post=19"}],"version-history":[{"count":5,"href":"https:\/\/agora.xtec.cat\/ecaamposta\/wp-json\/wp\/v2\/pages\/19\/revisions"}],"predecessor-version":[{"id":1541,"href":"https:\/\/agora.xtec.cat\/ecaamposta\/wp-json\/wp\/v2\/pages\/19\/revisions\/1541"}],"wp:attachment":[{"href":"https:\/\/agora.xtec.cat\/ecaamposta\/wp-json\/wp\/v2\/media?parent=19"}],"curies":[{"name":"wp","href":"https:\/\/api.w.org\/{rel}","templated":true}]}}