{"id":1457,"date":"2025-12-22T11:38:46","date_gmt":"2025-12-22T10:38:46","guid":{"rendered":"https:\/\/agora.xtec.cat\/ecaamposta\/?page_id=1457"},"modified":"2026-04-20T12:48:22","modified_gmt":"2026-04-20T10:48:22","slug":"formacio-2026","status":"publish","type":"page","link":"https:\/\/agora.xtec.cat\/ecaamposta\/formacio-2026\/","title":{"rendered":"Formaci\u00f3 2026"},"content":{"rendered":"<h3>Cursos Formaci\u00f3 Cont\u00ednua 2026<\/h3>\n<p><a href=\"https:\/\/agora.xtec.cat\/ecaamposta\/wp-content\/uploads\/usu2500\/2025\/12\/FORMACIO-CONTINUA.jpg\"><img loading=\"lazy\" decoding=\"async\" class=\"alignnone size-full wp-image-1459\" src=\"https:\/\/agora.xtec.cat\/ecaamposta\/wp-content\/uploads\/usu2500\/2025\/12\/FORMACIO-CONTINUA.jpg\" alt=\"\" width=\"1024\" height=\"256\" srcset=\"https:\/\/agora.xtec.cat\/ecaamposta\/wp-content\/uploads\/usu2500\/2025\/12\/FORMACIO-CONTINUA.jpg 1024w, https:\/\/agora.xtec.cat\/ecaamposta\/wp-content\/uploads\/usu2500\/2025\/12\/FORMACIO-CONTINUA-300x75.jpg 300w, https:\/\/agora.xtec.cat\/ecaamposta\/wp-content\/uploads\/usu2500\/2025\/12\/FORMACIO-CONTINUA-768x192.jpg 768w\" sizes=\"auto, (max-width: 1024px) 100vw, 1024px\" \/><\/a><\/p>\n<p style=\"font-weight: 400;\">Els cursos de l\u2019escola estan adre\u00e7ats a qualsevol persona amb ganes d\u2019aprendre m\u00e9s coneixements del sector agrorural. Si vols preinscriure\u2019t a algun curs\u00a0 o tenir m\u00e9s informaci\u00f3 truca al \u00a0<strong>977 70 15 00 o <\/strong>escriu un correu a <strong>ea_amposta.agricultura@gencat.cat<\/strong> .<\/p>\n<p>El preu de matr\u00edcula \u00e9s de\u00a0<strong>5 euros per als cursos de fins a 5 hores<\/strong>, de\u00a0<strong>15 euros per als cursos de 6 a 12 hores<\/strong>, de\u00a0<strong>32 euros per als cursos de 13 a 30 hores<\/strong>, de\u00a0<strong>54 euros per als cursos de 31 a 49 hores<\/strong>, i de\u00a0<strong>65 euros per als cursos de 50 a 100 hores<\/strong>.<\/p>\n<h5>FORMACI\u00d3 CONT\u00cdNUA<\/h5>\n<table style=\"border-collapse: collapse; width: 100%; height: 1728px;\">\n<tbody>\n<tr style=\"height: 32px;\">\n<td style=\"width: 33.7056%; height: 32px; text-align: center;\"><strong>NOM<\/strong><\/td>\n<td style=\"width: 6.30891%; height: 32px; text-align: center;\"><strong>HORES CURS<\/strong><\/td>\n<td style=\"width: 9.971%; height: 32px; text-align: center;\"><strong>PREU<\/strong><\/td>\n<td style=\"width: 9.971%; text-align: center; height: 32px;\"><strong>INICI<\/strong><\/td>\n<td style=\"width: 19.942%; height: 32px; text-align: center;\"><strong>PREINSCRIPCI\u00d3<\/strong><\/td>\n<\/tr>\n<tr style=\"height: 32px;\">\n<td style=\"width: 33.7056%; height: 32px;\" width=\"575\">Aigua, s\u00f2l i fertilitzaci\u00f3. Ecosistemes<\/td>\n<td style=\"width: 6.30891%; text-align: center; height: 32px;\" width=\"79\">63<\/td>\n<td style=\"width: 9.971%; text-align: center; height: 32px;\" width=\"97\">65 \u20ac<\/td>\n<td style=\"width: 9.971%; text-align: center; height: 304px;\" rowspan=\"8\">Gener<\/td>\n<td style=\"width: 19.942%; height: 32px;\"><\/td>\n<\/tr>\n<tr style=\"height: 32px;\">\n<td style=\"width: 33.7056%; height: 32px;\"><span class=\"a_GcMg font-feature-liga-off font-feature-clig-off font-feature-calt-off text-decoration-none text-strikethrough-none\">Gesti\u00f3 ambiental i lluita contra el canvi clim\u00e0tic en granges av\u00edcoles<\/span><\/td>\n<td style=\"width: 6.30891%; text-align: center; height: 32px;\">5*<\/td>\n<td style=\"width: 9.971%; text-align: center; height: 32px;\">5 \u20ac<\/td>\n<td style=\"width: 19.942%; height: 32px;\"><\/td>\n<\/tr>\n<tr style=\"height: 32px;\">\n<td style=\"width: 33.7056%; height: 32px;\">B\u00e0sic d&#8217;esporga en fruiters<\/td>\n<td style=\"width: 6.30891%; text-align: center; height: 32px;\">30<\/td>\n<td style=\"width: 9.971%; text-align: center; height: 32px;\">32 \u20ac<\/td>\n<td style=\"width: 19.942%; height: 32px;\"><\/td>\n<\/tr>\n<tr style=\"height: 32px;\">\n<td style=\"width: 33.7056%; height: 32px;\"><span class=\"a_GcMg font-feature-liga-off font-feature-clig-off font-feature-calt-off font-size-modifier text-decoration-none text-strikethrough-none\">Costos a l\u2019explotaci\u00f3 ap\u00edcola<\/span><\/td>\n<td style=\"width: 6.30891%; text-align: center; height: 32px;\">26<\/td>\n<td style=\"width: 9.971%; text-align: center; height: 32px;\">32 \u20ac<\/td>\n<td style=\"width: 19.942%; height: 32px;\"><\/td>\n<\/tr>\n<tr style=\"height: 32px;\">\n<td style=\"width: 33.7056%; height: 32px;\">Nivell pilot aplicador<\/td>\n<td style=\"width: 6.30891%; text-align: center; height: 32px;\">90*<\/td>\n<td style=\"width: 9.971%; text-align: center; height: 32px;\">65 \u20ac<\/td>\n<td style=\"width: 19.942%; height: 32px;\"><\/td>\n<\/tr>\n<tr style=\"height: 32px;\">\n<td style=\"width: 33.7056%; height: 32px;\">Curs b\u00e0sic de mestre d\u2019alm\u00e0ssera<\/td>\n<td style=\"width: 6.30891%; text-align: center; height: 32px;\">30<\/td>\n<td style=\"width: 9.971%; text-align: center; height: 32px;\">32 \u20ac<\/td>\n<td style=\"width: 19.942%; height: 32px;\"><\/td>\n<\/tr>\n<tr style=\"height: 32px;\">\n<td style=\"width: 33.7056%; height: 32px;\">Curs b\u00e0sic de tast d\u2019olis<\/td>\n<td style=\"width: 6.30891%; text-align: center; height: 32px;\">24<\/td>\n<td style=\"width: 9.971%; text-align: center; height: 32px;\">32 \u20ac<\/td>\n<td style=\"width: 19.942%; height: 32px;\"><\/td>\n<\/tr>\n<tr style=\"height: 32px;\">\n<td style=\"width: 33.7056%; height: 32px;\">Curs b\u00e0sic d\u2019empelts en fruiters<\/td>\n<td style=\"width: 6.30891%; text-align: center; height: 32px;\">24<\/td>\n<td style=\"width: 9.971%; text-align: center; height: 32px;\">32 \u20ac<\/td>\n<td style=\"width: 19.942%; height: 32px;\"><\/td>\n<\/tr>\n<tr style=\"height: 32px;\">\n<td style=\"width: 33.7056%; height: 32px;\">Curs b\u00e0sic d\u2019agricultura regenerativa<\/td>\n<td style=\"width: 6.30891%; text-align: center; height: 32px;\">30<\/td>\n<td style=\"width: 9.971%; text-align: center; height: 32px;\">32 \u20ac<\/td>\n<td style=\"width: 9.971%; text-align: center; height: 266px;\" rowspan=\"8\">Febrer<\/td>\n<td style=\"width: 19.942%; height: 32px;\"><\/td>\n<\/tr>\n<tr style=\"height: 32px;\">\n<td style=\"width: 33.7056%; height: 32px;\">Curs b\u00e0sic d\u2019horticultura ecol\u00f2gica<\/td>\n<td style=\"width: 6.30891%; text-align: center; height: 32px;\">30<\/td>\n<td style=\"width: 9.971%; text-align: center; height: 32px;\">32 \u20ac<\/td>\n<td style=\"width: 19.942%; height: 32px;\"><\/td>\n<\/tr>\n<tr style=\"height: 32px;\">\n<td style=\"width: 33.7056%; height: 32px;\">Quant val un quilo de mel?<\/td>\n<td style=\"width: 6.30891%; text-align: center; height: 32px;\">26<\/td>\n<td style=\"width: 9.971%; text-align: center; height: 32px;\">32 \u20ac<\/td>\n<td style=\"width: 19.942%; height: 32px;\"><\/td>\n<\/tr>\n<tr style=\"height: 32px;\">\n<td style=\"width: 33.7056%; height: 32px;\">Personal que treballa en granges av\u00edcoles<\/td>\n<td style=\"width: 6.30891%; text-align: center; height: 32px;\">10*<\/td>\n<td style=\"width: 9.971%; text-align: center; height: 32px;\">15 \u20ac<\/td>\n<td style=\"width: 19.942%; height: 32px;\"><\/td>\n<\/tr>\n<tr style=\"height: 32px;\">\n<td style=\"width: 33.7056%; height: 32px;\">Curs b\u00e0sic d\u2019esporga de d&#8217;olivera<\/td>\n<td style=\"width: 6.30891%; text-align: center; height: 32px;\">30<\/td>\n<td style=\"width: 9.971%; text-align: center; height: 32px;\">32 \u20ac<\/td>\n<td style=\"width: 19.942%; height: 32px;\"><\/td>\n<\/tr>\n<tr style=\"height: 32px;\">\n<td style=\"width: 33.7056%; height: 32px;\">Curs avan\u00e7at d\u2019esporga de d&#8217;olivera<\/td>\n<td style=\"width: 6.30891%; text-align: center; height: 32px;\">30<\/td>\n<td style=\"width: 9.971%; text-align: center; height: 32px;\">32 \u20ac<\/td>\n<td style=\"width: 19.942%; height: 32px;\"><\/td>\n<\/tr>\n<tr style=\"height: 64px;\">\n<td style=\"width: 33.7056%; height: 36px;\">Curs b\u00e0sic d\u2019esporga de d&#8217;olivera<\/td>\n<td style=\"width: 6.30891%; text-align: center; height: 36px;\">30<\/td>\n<td style=\"width: 9.971%; text-align: center; height: 36px;\">32 \u20ac<\/td>\n<td style=\"width: 19.942%; height: 36px;\"><\/td>\n<\/tr>\n<tr style=\"height: 64px;\">\n<td style=\"width: 33.7056%; height: 38px;\">Jardineria vertical<\/td>\n<td style=\"width: 6.30891%; text-align: center; height: 38px;\">30<\/td>\n<td style=\"width: 9.971%; text-align: center; height: 38px;\">32 \u20ac<\/td>\n<td style=\"width: 19.942%; height: 38px;\"><\/td>\n<\/tr>\n<tr style=\"height: 32px;\">\n<td style=\"width: 33.7056%; height: 32px;\">Poda d\u2019arbrat urb\u00e0 i gesti\u00f3 de conflictes<\/td>\n<td style=\"width: 6.30891%; text-align: center; height: 32px;\">30<\/td>\n<td style=\"width: 9.971%; text-align: center; height: 32px;\">32 \u20ac<\/td>\n<td style=\"width: 9.971%; text-align: center; height: 163px;\" rowspan=\"5\">Mar\u00e7<\/td>\n<td style=\"width: 19.942%; height: 32px;\"><\/td>\n<\/tr>\n<tr style=\"height: 48px;\">\n<td style=\"width: 33.7056%; height: 35px;\">Manipulador i aplicador de productes biocides d\u2019us ramader. M\u00f2dul espec\u00edfic<\/td>\n<td style=\"width: 6.30891%; text-align: center; height: 35px;\">13*<\/td>\n<td style=\"width: 9.971%; text-align: center; height: 35px;\">32 \u20ac<\/td>\n<td style=\"width: 19.942%; height: 35px;\"><\/td>\n<\/tr>\n<tr style=\"height: 32px;\">\n<td style=\"width: 33.7056%; height: 32px;\">Sanitat i higiene de carn silvestre de ca\u00e7a<\/td>\n<td style=\"width: 6.30891%; text-align: center; height: 32px;\">7*<\/td>\n<td style=\"width: 9.971%; text-align: center; height: 32px;\">15 \u20ac<\/td>\n<td style=\"width: 19.942%; height: 32px;\"><\/td>\n<\/tr>\n<tr style=\"height: 32px;\">\n<td style=\"width: 33.7056%; height: 32px;\">Eines pr\u00e0ctiques pel teu negoci<\/td>\n<td style=\"width: 6.30891%; text-align: center; height: 32px;\">64<\/td>\n<td style=\"width: 9.971%; text-align: center; height: 32px;\">65 \u20ac<\/td>\n<td style=\"width: 19.942%; height: 32px;\"><\/td>\n<\/tr>\n<tr style=\"height: 32px;\">\n<td style=\"width: 33.7056%; height: 32px;\">Nivell b\u00e0sic de manipulador i aplicador de productes fitosanitaris<\/td>\n<td style=\"width: 6.30891%; text-align: center; height: 32px;\">25*<\/td>\n<td style=\"width: 9.971%; text-align: center; height: 32px;\">32 \u20ac<\/td>\n<td style=\"width: 19.942%; height: 32px;\"><\/td>\n<\/tr>\n<tr style=\"height: 48px;\">\n<td style=\"width: 33.7056%; height: 38px;\">Qualificaci\u00f3 per executar accions de control poblacional d&#8217;esp\u00e8cies cineg\u00e8tiques<\/td>\n<td style=\"width: 6.30891%; text-align: center; height: 38px;\">15*<\/td>\n<td style=\"width: 9.971%; text-align: center; height: 38px;\">32 \u20ac<\/td>\n<td style=\"width: 9.971%; text-align: center; height: 148px;\" rowspan=\"4\">Abril<\/td>\n<td style=\"width: 19.942%; height: 38px;\"><\/td>\n<\/tr>\n<tr style=\"height: 48px;\">\n<td style=\"width: 33.7056%; height: 48px;\">Nivell b\u00e0sic de manipulador i aplicador de productes fitosanitaris<\/td>\n<td style=\"width: 6.30891%; text-align: center; height: 48px;\">25*<\/td>\n<td style=\"width: 9.971%; text-align: center; height: 48px;\">32 \u20ac<\/td>\n<td style=\"width: 19.942%; height: 48px;\"><\/td>\n<\/tr>\n<tr style=\"height: 48px;\">\n<td style=\"width: 33.7056%; height: 30px;\">Curs b\u00e0sic d\u2019identificaci\u00f3 i elaboracions amb plantes arom\u00e0tiques medicinals (pam)<\/td>\n<td style=\"width: 6.30891%; text-align: center; height: 30px;\">30<\/td>\n<td style=\"width: 9.971%; text-align: center; height: 30px;\">32 \u20ac<\/td>\n<td style=\"width: 19.942%; height: 30px;\"><\/td>\n<\/tr>\n<tr style=\"height: 32px;\">\n<td style=\"width: 33.7056%; height: 32px;\">Gesti\u00f3 ambiental i lluita contra el canvi clim\u00e0tic en granges porcines<\/td>\n<td style=\"width: 6.30891%; text-align: center; height: 32px;\">5*<\/td>\n<td style=\"width: 9.971%; text-align: center; height: 32px;\">5 \u20ac<\/td>\n<td style=\"width: 19.942%; height: 32px;\"><\/td>\n<\/tr>\n<tr style=\"height: 48px;\">\n<td style=\"width: 33.7056%; height: 33px;\">Curs b\u00e0sic de pedra seca<\/td>\n<td style=\"width: 6.30891%; text-align: center; height: 33px;\">30<\/td>\n<td style=\"width: 9.971%; text-align: center; height: 33px;\">32 \u20ac<\/td>\n<td style=\"width: 9.971%; text-align: center; height: 216px;\" rowspan=\"6\">Maig<\/td>\n<td style=\"width: 19.942%; height: 33px;\"><\/td>\n<\/tr>\n<tr style=\"height: 48px;\">\n<td style=\"width: 33.7056%; height: 33px;\">Compostatge i subprodutes de la planta de compostatge<\/td>\n<td style=\"width: 6.30891%; text-align: center; height: 33px;\">30<\/td>\n<td style=\"width: 9.971%; text-align: center; height: 33px;\">32 \u20ac<\/td>\n<td style=\"width: 19.942%; height: 33px;\"><\/td>\n<\/tr>\n<tr style=\"height: 32px;\">\n<td style=\"width: 33.7056%; height: 32px;\">Benestar animal en explotacions porcines<\/td>\n<td style=\"width: 6.30891%; text-align: center; height: 32px;\">20*<\/td>\n<td style=\"width: 9.971%; text-align: center; height: 32px;\">32 \u20ac<\/td>\n<td style=\"width: 19.942%; height: 32px;\"><\/td>\n<\/tr>\n<tr style=\"height: 47px;\">\n<td style=\"width: 33.7056%; height: 47px;\">Nivell qualificat de manipulador i aplicador de productes fitosanitaris<\/td>\n<td style=\"width: 6.30891%; text-align: center; height: 47px;\">60*<\/td>\n<td style=\"width: 9.971%; text-align: center; height: 47px;\">65 \u20ac<\/td>\n<td style=\"width: 19.942%; height: 47px;\"><\/td>\n<\/tr>\n<tr style=\"height: 32px;\">\n<td style=\"width: 33.7056%; height: 32px;\">Recursos per a la gesti\u00f3 empresarial agr\u00e0ria<\/td>\n<td style=\"width: 6.30891%; text-align: center; height: 32px;\">21<\/td>\n<td style=\"width: 9.971%; text-align: center; height: 32px;\">32 \u20ac<\/td>\n<td style=\"width: 19.942%; height: 32px;\"><\/td>\n<\/tr>\n<tr style=\"height: 64px;\">\n<td style=\"width: 33.7056%; height: 39px;\">Estudi i disseny de plantacions naturalistes mediterr\u00e0nies<\/td>\n<td style=\"width: 6.30891%; text-align: center; height: 39px;\">25<\/td>\n<td style=\"width: 9.971%; text-align: center; height: 39px;\">32 \u20ac<\/td>\n<td style=\"width: 19.942%; height: 39px;\"><\/td>\n<\/tr>\n<tr style=\"height: 32px;\">\n<td style=\"width: 33.7056%; height: 32px;\">Analisi sensorial de la mel<\/td>\n<td style=\"width: 6.30891%; text-align: center; height: 32px;\">30<\/td>\n<td style=\"width: 9.971%; text-align: center; height: 32px;\">32 \u20ac<\/td>\n<td style=\"width: 9.971%; text-align: center; height: 224px;\" rowspan=\"6\">Juny<\/td>\n<td style=\"width: 19.942%; height: 32px;\"><\/td>\n<\/tr>\n<tr style=\"height: 48px;\">\n<td style=\"width: 33.7056%; height: 48px;\">Avan\u00e7at de regenerativa<\/td>\n<td style=\"width: 6.30891%; text-align: center; height: 48px;\">30<\/td>\n<td style=\"width: 9.971%; text-align: center; height: 48px;\">32 \u20ac<\/td>\n<td style=\"width: 19.942%; height: 48px;\"><\/td>\n<\/tr>\n<tr style=\"height: 32px;\">\n<td style=\"width: 33.7056%; height: 32px;\">Curs b\u00e0sic de motoserra<\/td>\n<td style=\"width: 6.30891%; text-align: center; height: 32px;\">20<\/td>\n<td style=\"width: 9.971%; text-align: center; height: 32px;\">32 \u20ac<\/td>\n<td style=\"width: 19.942%; height: 32px;\"><\/td>\n<\/tr>\n<tr style=\"height: 32px;\">\n<td style=\"width: 33.7056%; height: 32px;\">Benestar animal en explotacions av\u00edcoles<\/td>\n<td style=\"width: 6.30891%; text-align: center; height: 32px;\">20*<\/td>\n<td style=\"width: 9.971%; text-align: center; height: 32px;\">32 \u20ac<\/td>\n<td style=\"width: 19.942%; height: 32px;\"><\/td>\n<\/tr>\n<tr style=\"height: 32px;\">\n<td style=\"width: 33.7056%; height: 32px;\">Personal que treballa en granges porcines<\/td>\n<td style=\"width: 6.30891%; text-align: center; height: 32px;\">10*<\/td>\n<td style=\"width: 9.971%; text-align: center; height: 32px;\">15 \u20ac<\/td>\n<td style=\"width: 19.942%; height: 32px;\"><\/td>\n<\/tr>\n<tr style=\"height: 48px;\">\n<td style=\"width: 33.7056%; height: 48px;\">Maneig i manteniment del tractor i m\u00e0quines motrius<\/td>\n<td style=\"width: 6.30891%; text-align: center; height: 48px;\">60<\/td>\n<td style=\"width: 9.971%; text-align: center; height: 48px;\">65 \u20ac<\/td>\n<td style=\"width: 19.942%; height: 48px;\"><\/td>\n<\/tr>\n<tr style=\"height: 32px;\">\n<td style=\"width: 33.7056%; height: 32px;\">Curs b\u00e0sic de bioconstrucci\u00f3 agr\u00e0ria<\/td>\n<td style=\"width: 6.30891%; text-align: center; height: 32px;\">30<\/td>\n<td style=\"width: 9.971%; text-align: center; height: 32px;\">32 \u20ac<\/td>\n<td style=\"width: 9.971%; text-align: center; height: 32px;\">Juliol<\/td>\n<td style=\"width: 19.942%; height: 32px;\"><\/td>\n<\/tr>\n<tr style=\"height: 32px;\">\n<td style=\"width: 33.7056%; height: 32px;\">Curs de disseny i t\u00e8cniques d\u2019aprofitament d\u2019aigua de pluja<\/td>\n<td style=\"width: 6.30891%; text-align: center; height: 32px;\">30<\/td>\n<td style=\"width: 9.971%; text-align: center; height: 32px;\">32 \u20ac<\/td>\n<td style=\"width: 9.971%; text-align: center; height: 134px;\" rowspan=\"4\">Setembre<\/td>\n<td style=\"width: 19.942%; height: 32px;\"><\/td>\n<\/tr>\n<tr style=\"height: 48px;\">\n<td style=\"width: 33.7056%; height: 39px;\">Instal\u00b7lacions de reg<\/td>\n<td style=\"width: 6.30891%; text-align: center; height: 39px;\">30<\/td>\n<td style=\"width: 9.971%; text-align: center; height: 39px;\">32 \u20ac<\/td>\n<td style=\"width: 19.942%; height: 39px;\"><\/td>\n<\/tr>\n<tr style=\"height: 48px;\">\n<td style=\"width: 33.7056%; height: 36px;\">Taller pr\u00e0ctic: carrers arbrats: disseny, selecci\u00f3 i gesti\u00f3<\/td>\n<td style=\"width: 6.30891%; text-align: center; height: 36px;\">30<\/td>\n<td style=\"width: 9.971%; text-align: center; height: 36px;\">32 \u20ac<\/td>\n<td style=\"width: 19.942%; height: 36px;\"><\/td>\n<\/tr>\n<tr style=\"height: 32px;\">\n<td style=\"width: 33.7056%; height: 27px;\">Curs b\u00e0sic de motoserra<\/td>\n<td style=\"width: 6.30891%; text-align: center; height: 27px;\">20<\/td>\n<td style=\"width: 9.971%; text-align: center; height: 27px;\">32 \u20ac<\/td>\n<td style=\"width: 19.942%; height: 27px;\"><\/td>\n<\/tr>\n<tr style=\"height: 32px;\">\n<td style=\"width: 33.7056%; height: 32px;\">Curs b\u00e0sic de cromatografia de s\u00f2ls i la seva interpretaci\u00f3<\/td>\n<td style=\"width: 6.30891%; text-align: center; height: 32px;\">30<\/td>\n<td style=\"width: 9.971%; text-align: center; height: 32px;\">32 \u20ac<\/td>\n<td style=\"width: 9.971%; text-align: center; height: 105px;\" rowspan=\"4\">Octubre<\/td>\n<td style=\"width: 19.942%; height: 32px;\"><\/td>\n<\/tr>\n<tr style=\"height: 48px;\">\n<td style=\"width: 33.7056%; height: 35px;\">Producci\u00f3 fruct\u00edcola<\/td>\n<td style=\"width: 6.30891%; text-align: center; height: 35px;\">65<\/td>\n<td style=\"width: 9.971%; text-align: center; height: 35px;\">65 \u20ac<\/td>\n<td style=\"width: 19.942%; height: 35px;\"><\/td>\n<\/tr>\n<tr>\n<td style=\"width: 33.7056%;\">Disseny de jardins de baixos requeriments h\u00eddrics<\/td>\n<td style=\"width: 6.30891%; text-align: center;\">20<\/td>\n<td style=\"width: 9.971%; text-align: center;\">32 \u20ac<\/td>\n<td style=\"width: 19.942%;\"><\/td>\n<\/tr>\n<tr style=\"height: 48px;\">\n<td style=\"width: 33.7056%; height: 38px;\">Nivell b\u00e0sic de manipulador i aplicador de productes fitosanitaris<\/td>\n<td style=\"width: 6.30891%; text-align: center; height: 38px;\">25*<\/td>\n<td style=\"width: 9.971%; text-align: center; height: 38px;\">32 \u20ac<\/td>\n<td style=\"width: 19.942%; height: 38px;\"><\/td>\n<\/tr>\n<tr style=\"height: 32px;\">\n<td style=\"width: 33.7056%; height: 32px;\">Control de varroa en apiaris, estudi i tractament<\/td>\n<td style=\"width: 6.30891%; text-align: center; height: 32px;\">15<\/td>\n<td style=\"width: 9.971%; text-align: center; height: 32px;\">32 \u20ac<\/td>\n<td style=\"width: 9.971%; text-align: center; height: 104px;\" rowspan=\"3\">Novembre<\/td>\n<td style=\"width: 19.942%; height: 32px;\"><\/td>\n<\/tr>\n<tr style=\"height: 48px;\">\n<td style=\"width: 33.7056%; height: 40px;\">Producci\u00f3 agr\u00edcola extensiva<\/td>\n<td style=\"width: 6.30891%; text-align: center; height: 40px;\">28<\/td>\n<td style=\"width: 9.971%; text-align: center; height: 40px;\">32 \u20ac<\/td>\n<td style=\"width: 19.942%; height: 40px;\"><\/td>\n<\/tr>\n<tr style=\"height: 32px;\">\n<td style=\"width: 33.7056%; height: 32px;\">Reg en jardins, parcs i zones urbanes: disseny i efici\u00e8ncia<\/td>\n<td style=\"width: 6.30891%; text-align: center; height: 32px;\">30<\/td>\n<td style=\"width: 9.971%; text-align: center; height: 32px;\">32 \u20ac<\/td>\n<td style=\"width: 19.942%; height: 32px;\"><\/td>\n<\/tr>\n<\/tbody>\n<\/table>\n<p><em>Els cursos marcats (*) tenen associats un increment del cost del preu p\u00fablic de 20 \u20ac pels drets d&#8217;examen.<\/em><\/p>\n<p>Tots els preus dels cursos de formaci\u00f3 cont\u00ednua s\u00f3n p\u00fablics (Ordre ACC\/54\/2022, de 30 de mar\u00e7).<\/p>\n","protected":false},"excerpt":{"rendered":"<p>Cursos Formaci\u00f3 Cont\u00ednua 2026 Els cursos de l\u2019escola estan adre\u00e7ats a qualsevol persona amb ganes d\u2019aprendre m\u00e9s coneixements del sector agrorural. Si vols preinscriure\u2019t a algun curs\u00a0 o tenir m\u00e9s informaci\u00f3 truca al \u00a0977 70 15 00 o escriu un correu a ea_amposta.agricultura@gencat.cat . El preu de matr\u00edcula \u00e9s de\u00a05 euros per als cursos de [&hellip;]<\/p>\n","protected":false},"author":1,"featured_media":0,"parent":0,"menu_order":0,"comment_status":"closed","ping_status":"closed","template":"","meta":{"_bbp_topic_count":0,"_bbp_reply_count":0,"_bbp_total_topic_count":0,"_bbp_total_reply_count":0,"_bbp_voice_count":0,"_bbp_anonymous_reply_count":0,"_bbp_topic_count_hidden":0,"_bbp_reply_count_hidden":0,"_bbp_forum_subforum_count":0,"site-sidebar-layout":"default","site-content-layout":"","ast-site-content-layout":"default","site-content-style":"default","site-sidebar-style":"default","ast-global-header-display":"","ast-banner-title-visibility":"","ast-main-header-display":"","ast-hfb-above-header-display":"","ast-hfb-below-header-display":"","ast-hfb-mobile-header-display":"","site-post-title":"","ast-breadcrumbs-content":"","ast-featured-img":"","footer-sml-layout":"","theme-transparent-header-meta":"default","adv-header-id-meta":"","stick-header-meta":"","header-above-stick-meta":"","header-main-stick-meta":"","header-below-stick-meta":"","astra-migrate-meta-layouts":"set","ast-page-background-enabled":"default","ast-page-background-meta":{"desktop":{"background-color":"var(--ast-global-color-4)","background-image":"","background-repeat":"repeat","background-position":"center center","background-size":"auto","background-attachment":"scroll","background-type":"","background-media":"","overlay-type":"","overlay-color":"","overlay-opacity":"","overlay-gradient":""},"tablet":{"background-color":"","background-image":"","background-repeat":"repeat","background-position":"center center","background-size":"auto","background-attachment":"scroll","background-type":"","background-media":"","overlay-type":"","overlay-color":"","overlay-opacity":"","overlay-gradient":""},"mobile":{"background-color":"","background-image":"","background-repeat":"repeat","background-position":"center center","background-size":"auto","background-attachment":"scroll","background-type":"","background-media":"","overlay-type":"","overlay-color":"","overlay-opacity":"","overlay-gradient":""}},"ast-content-background-meta":{"desktop":{"background-color":"var(--ast-global-color-5)","background-image":"","background-repeat":"repeat","background-position":"center center","background-size":"auto","background-attachment":"scroll","background-type":"","background-media":"","overlay-type":"","overlay-color":"","overlay-opacity":"","overlay-gradient":""},"tablet":{"background-color":"var(--ast-global-color-5)","background-image":"","background-repeat":"repeat","background-position":"center center","background-size":"auto","background-attachment":"scroll","background-type":"","background-media":"","overlay-type":"","overlay-color":"","overlay-opacity":"","overlay-gradient":""},"mobile":{"background-color":"var(--ast-global-color-5)","background-image":"","background-repeat":"repeat","background-position":"center center","background-size":"auto","background-attachment":"scroll","background-type":"","background-media":"","overlay-type":"","overlay-color":"","overlay-opacity":"","overlay-gradient":""}},"footnotes":""},"class_list":["post-1457","page","type-page","status-publish","hentry"],"post_mailing_queue_ids":[],"_links":{"self":[{"href":"https:\/\/agora.xtec.cat\/ecaamposta\/wp-json\/wp\/v2\/pages\/1457","targetHints":{"allow":["GET"]}}],"collection":[{"href":"https:\/\/agora.xtec.cat\/ecaamposta\/wp-json\/wp\/v2\/pages"}],"about":[{"href":"https:\/\/agora.xtec.cat\/ecaamposta\/wp-json\/wp\/v2\/types\/page"}],"author":[{"embeddable":true,"href":"https:\/\/agora.xtec.cat\/ecaamposta\/wp-json\/wp\/v2\/users\/1"}],"replies":[{"embeddable":true,"href":"https:\/\/agora.xtec.cat\/ecaamposta\/wp-json\/wp\/v2\/comments?post=1457"}],"version-history":[{"count":6,"href":"https:\/\/agora.xtec.cat\/ecaamposta\/wp-json\/wp\/v2\/pages\/1457\/revisions"}],"predecessor-version":[{"id":1588,"href":"https:\/\/agora.xtec.cat\/ecaamposta\/wp-json\/wp\/v2\/pages\/1457\/revisions\/1588"}],"wp:attachment":[{"href":"https:\/\/agora.xtec.cat\/ecaamposta\/wp-json\/wp\/v2\/media?parent=1457"}],"curies":[{"name":"wp","href":"https:\/\/api.w.org\/{rel}","templated":true}]}}