{"id":1406,"date":"2025-01-24T10:33:53","date_gmt":"2025-01-24T09:33:53","guid":{"rendered":"https:\/\/agora.xtec.cat\/ecaamposta\/?page_id=1406"},"modified":"2025-01-27T15:11:15","modified_gmt":"2025-01-27T14:11:15","slug":"formacio-2025","status":"publish","type":"page","link":"https:\/\/agora.xtec.cat\/ecaamposta\/formacio-2025\/","title":{"rendered":"Formaci\u00f3 2025"},"content":{"rendered":"<h3>Cursos Formaci\u00f3 Cont\u00ednua 2025<\/h3>\n<p><a href=\"https:\/\/agora.xtec.cat\/ecaamposta\/wp-content\/uploads\/usu2500\/2025\/01\/FORMACIO-CONTINUA.png\"><img loading=\"lazy\" decoding=\"async\" class=\"alignnone wp-image-1412 size-full\" src=\"https:\/\/agora.xtec.cat\/ecaamposta\/wp-content\/uploads\/usu2500\/2025\/01\/FORMACIO-CONTINUA.png\" alt=\"\" width=\"1024\" height=\"256\" srcset=\"https:\/\/agora.xtec.cat\/ecaamposta\/wp-content\/uploads\/usu2500\/2025\/01\/FORMACIO-CONTINUA.png 1024w, https:\/\/agora.xtec.cat\/ecaamposta\/wp-content\/uploads\/usu2500\/2025\/01\/FORMACIO-CONTINUA-300x75.png 300w, https:\/\/agora.xtec.cat\/ecaamposta\/wp-content\/uploads\/usu2500\/2025\/01\/FORMACIO-CONTINUA-768x192.png 768w\" sizes=\"auto, (max-width: 1024px) 100vw, 1024px\" \/><\/a><\/p>\n<p style=\"font-weight: 400;\">Els cursos de l\u2019escola estan adre\u00e7ats a qualsevol persona amb ganes d\u2019aprendre m\u00e9s coneixements del sector\u00a0agrorural. Si vols preinscriure\u2019t a algun curs fes-ho directament a trav\u00e9s de <strong>l\u2019enlla\u00e7 de preinscripci\u00f3<\/strong> o si desitges tenir m\u00e9s informaci\u00f3 pots fer-ho trucant al <strong>977701500<\/strong>.<\/p>\n<p>El preu de matr\u00edcula \u00e9s de\u00a0<strong>5 euros per als cursos de fins a 5 hores<\/strong>, de\u00a0<strong>15 euros per als cursos de 6 a 12 hores<\/strong>, de\u00a0<strong>32 euros per als cursos de 13 a 30 hores<\/strong>, de\u00a0<strong>54 euros per als cursos de 31 a 49 hores<\/strong>, i de\u00a0<strong>65 euros per als cursos de 50 a 100 hores<\/strong>.<\/p>\n<h5>FORMACI\u00d3 CONT\u00cdNUA<\/h5>\n<table style=\"border-collapse: collapse; width: 100%; height: 1870px;\">\n<tbody>\n<tr style=\"height: 32px;\">\n<td style=\"width: 33.7056%; height: 32px; text-align: center;\"><strong>NOM<\/strong><\/td>\n<td style=\"width: 6.30891%; height: 32px; text-align: center;\"><strong>HORES CURS<\/strong><\/td>\n<td style=\"width: 9.971%; height: 32px; text-align: center;\"><strong>PREU<\/strong><\/td>\n<td style=\"width: 9.971%; text-align: center; height: 32px;\"><strong>INICI<\/strong><\/td>\n<td style=\"width: 19.942%; height: 32px; text-align: center;\"><strong>PREINSCRIPCI\u00d3<\/strong><\/td>\n<\/tr>\n<tr style=\"height: 32px;\">\n<td style=\"width: 33.7056%; height: 32px;\" width=\"575\">Aigua, s\u00f2l i fertilitzaci\u00f3. Ecosistemes<\/td>\n<td style=\"width: 6.30891%; text-align: center; height: 32px;\" width=\"79\">63<\/td>\n<td style=\"width: 9.971%; text-align: center; height: 32px;\" width=\"97\">65 \u20ac<\/td>\n<td style=\"width: 9.971%; text-align: center; height: 144px;\" rowspan=\"4\">Gener<\/td>\n<td style=\"width: 19.942%; height: 32px;\"><\/td>\n<\/tr>\n<tr style=\"height: 32px;\">\n<td style=\"width: 33.7056%; height: 32px;\">B\u00e0sic d&#8217;esporga en fruiters<\/td>\n<td style=\"width: 6.30891%; text-align: center; height: 32px;\">30<\/td>\n<td style=\"width: 9.971%; text-align: center; height: 32px;\">32 \u20ac<\/td>\n<td style=\"width: 19.942%; height: 32px;\"><\/td>\n<\/tr>\n<tr style=\"height: 32px;\">\n<td style=\"width: 33.7056%; height: 32px;\">B\u00e0sic de mestres d&#8217;alm\u00e0ssera<\/td>\n<td style=\"width: 6.30891%; text-align: center; height: 32px;\">30<\/td>\n<td style=\"width: 9.971%; text-align: center; height: 32px;\">32 \u20ac<\/td>\n<td style=\"width: 19.942%; height: 32px;\"><\/td>\n<\/tr>\n<tr style=\"height: 48px;\">\n<td style=\"width: 33.7056%; height: 48px;\">Nivell b\u00e0sic de manipulador i aplicador de productes fitosanitaris-Amposta<\/td>\n<td style=\"width: 6.30891%; text-align: center; height: 48px;\">25 *<\/td>\n<td style=\"width: 9.971%; text-align: center; height: 48px;\">32 \u20ac<\/td>\n<td style=\"width: 19.942%; height: 48px;\"><\/td>\n<\/tr>\n<tr style=\"height: 32px;\">\n<td style=\"width: 33.7056%; height: 32px;\">B\u00e0sic d&#8217;arboricultura i treballs en al\u00e7ada<\/td>\n<td style=\"width: 6.30891%; text-align: center; height: 32px;\">30<\/td>\n<td style=\"width: 9.971%; text-align: center; height: 32px;\">32 \u20ac<\/td>\n<td style=\"width: 9.971%; text-align: center; height: 373px;\" rowspan=\"11\">Febrer<\/td>\n<td style=\"width: 19.942%; height: 32px;\"><\/td>\n<\/tr>\n<tr style=\"height: 32px;\">\n<td style=\"width: 33.7056%; height: 32px;\">Empelts en fruiters<\/td>\n<td style=\"width: 6.30891%; text-align: center; height: 32px;\">24<\/td>\n<td style=\"width: 9.971%; text-align: center; height: 32px;\">32 \u20ac<\/td>\n<td style=\"width: 19.942%; height: 32px;\"><\/td>\n<\/tr>\n<tr style=\"height: 32px;\">\n<td style=\"width: 33.7056%; height: 32px;\">B\u00e0sic d&#8217;esporga d\u2019oliveres<\/td>\n<td style=\"width: 6.30891%; text-align: center; height: 32px;\">30<\/td>\n<td style=\"width: 9.971%; text-align: center; height: 32px;\">32 \u20ac<\/td>\n<td style=\"width: 19.942%; height: 32px;\"><\/td>\n<\/tr>\n<tr style=\"height: 32px;\">\n<td style=\"width: 33.7056%; height: 32px;\">B\u00e0sic d&#8217;esporga d\u2019oliveres<\/td>\n<td style=\"width: 6.30891%; text-align: center; height: 32px;\">30<\/td>\n<td style=\"width: 9.971%; text-align: center; height: 32px;\">32 \u20ac<\/td>\n<td style=\"width: 19.942%; height: 32px;\"><\/td>\n<\/tr>\n<tr style=\"height: 32px;\">\n<td style=\"width: 33.7056%; height: 32px;\">B\u00e0sic d&#8217;esporga d\u2019oliveres<\/td>\n<td style=\"width: 6.30891%; text-align: center; height: 32px;\">30<\/td>\n<td style=\"width: 9.971%; text-align: center; height: 32px;\">32 \u20ac<\/td>\n<td style=\"width: 19.942%; height: 32px;\"><\/td>\n<\/tr>\n<tr style=\"height: 32px;\">\n<td style=\"width: 33.7056%; height: 32px;\">B\u00e0sic d&#8217;horticultura ecol\u00f2gica<\/td>\n<td style=\"width: 6.30891%; text-align: center; height: 32px;\">30<\/td>\n<td style=\"width: 9.971%; text-align: center; height: 32px;\">32 \u20ac<\/td>\n<td style=\"width: 19.942%; height: 32px;\"><\/td>\n<\/tr>\n<tr style=\"height: 64px;\">\n<td style=\"width: 33.7056%; height: 36px;\">Qualificaci\u00f3 per executar accions de control poblacional d&#8217;esp\u00e8cies cineg\u00e8tiques<\/td>\n<td style=\"width: 6.30891%; text-align: center; height: 36px;\">15 *<\/td>\n<td style=\"width: 9.971%; text-align: center; height: 36px;\">32 \u20ac<\/td>\n<td style=\"width: 19.942%; height: 36px;\"><\/td>\n<\/tr>\n<tr style=\"height: 64px;\">\n<td style=\"width: 33.7056%; height: 38px;\">Qualificaci\u00f3 per executar accions de control poblacional d&#8217;esp\u00e8cies cineg\u00e8tiques<\/td>\n<td style=\"width: 6.30891%; text-align: center; height: 38px;\">15 *<\/td>\n<td style=\"width: 9.971%; text-align: center; height: 38px;\">32 \u20ac<\/td>\n<td style=\"width: 19.942%; height: 38px;\"><\/td>\n<\/tr>\n<tr style=\"height: 32px;\">\n<td style=\"width: 33.7056%; height: 32px;\">Tasques en la gesti\u00f3 de l&#8217;empresa<\/td>\n<td style=\"width: 6.30891%; text-align: center; height: 32px;\">32<\/td>\n<td style=\"width: 9.971%; text-align: center; height: 32px;\">54 \u20ac<\/td>\n<td style=\"width: 19.942%; height: 32px;\"><\/td>\n<\/tr>\n<tr style=\"height: 48px;\">\n<td style=\"width: 33.7056%; height: 35px;\">Nivell b\u00e0sic de manipulador i aplicador de productes fitosanitaris-Amposta<\/td>\n<td style=\"width: 6.30891%; text-align: center; height: 35px;\">25 *<\/td>\n<td style=\"width: 9.971%; text-align: center; height: 35px;\">32 \u20ac<\/td>\n<td style=\"width: 19.942%; height: 35px;\"><\/td>\n<\/tr>\n<tr style=\"height: 64px;\">\n<td style=\"width: 33.7056%; height: 40px;\">Nivell b\u00e0sic de manipulador i aplicador de productes fitosanitaris-Mas de Barberans<\/td>\n<td style=\"width: 6.30891%; text-align: center; height: 40px;\">25 *<\/td>\n<td style=\"width: 9.971%; text-align: center; height: 40px;\">32 \u20ac<\/td>\n<td style=\"width: 19.942%; height: 40px;\"><\/td>\n<\/tr>\n<tr style=\"height: 32px;\">\n<td style=\"width: 33.7056%; height: 32px;\">Carrers arbrats. An\u00e0lisi i disseny<\/td>\n<td style=\"width: 6.30891%; text-align: center; height: 32px;\">25<\/td>\n<td style=\"width: 9.971%; text-align: center; height: 32px;\">32 \u20ac<\/td>\n<td style=\"width: 9.971%; text-align: center; height: 99px;\" rowspan=\"3\">Mar\u00e7<\/td>\n<td style=\"width: 19.942%; height: 32px;\"><\/td>\n<\/tr>\n<tr style=\"height: 48px;\">\n<td style=\"width: 33.7056%; height: 35px;\">Formaci\u00f3 de personal que treballa en granges av\u00edcoles<\/td>\n<td style=\"width: 6.30891%; text-align: center; height: 35px;\">10 *<\/td>\n<td style=\"width: 9.971%; text-align: center; height: 35px;\">15 \u20ac<\/td>\n<td style=\"width: 19.942%; height: 35px;\"><\/td>\n<\/tr>\n<tr style=\"height: 32px;\">\n<td style=\"width: 33.7056%; height: 32px;\">Habilitats en la gesti\u00f3 de l&#8217;empresa<\/td>\n<td style=\"width: 6.30891%; text-align: center; height: 32px;\">32<\/td>\n<td style=\"width: 9.971%; text-align: center; height: 32px;\">54 \u20ac<\/td>\n<td style=\"width: 19.942%; height: 32px;\"><\/td>\n<\/tr>\n<tr style=\"height: 48px;\">\n<td style=\"width: 33.7056%; height: 38px;\">Cultiu ecol\u00f2gic dels c\u00edtrics al Baix Ebre \/ Montsi\u00e0<\/td>\n<td style=\"width: 6.30891%; text-align: center; height: 38px;\">30<\/td>\n<td style=\"width: 9.971%; text-align: center; height: 38px;\">32 \u20ac<\/td>\n<td style=\"width: 9.971%; text-align: center; height: 196px;\" rowspan=\"5\">Abril<\/td>\n<td style=\"width: 19.942%; height: 38px;\"><\/td>\n<\/tr>\n<tr style=\"height: 48px;\">\n<td style=\"width: 33.7056%; height: 48px;\">Gesti\u00f3 ambiental i lluita contra el canvi clim\u00e0tic en granges av\u00edcoles<\/td>\n<td style=\"width: 6.30891%; text-align: center; height: 48px;\">5 *<\/td>\n<td style=\"width: 9.971%; text-align: center; height: 48px;\">5 \u20ac<\/td>\n<td style=\"width: 19.942%; height: 48px;\"><\/td>\n<\/tr>\n<tr style=\"height: 48px;\">\n<td style=\"width: 33.7056%; height: 30px;\">Nivell pilot de manipulador i aplicador de productes fitosanitaris<\/td>\n<td style=\"width: 6.30891%; text-align: center; height: 30px;\">90 *<\/td>\n<td style=\"width: 9.971%; text-align: center; height: 30px;\">65 \u20ac<\/td>\n<td style=\"width: 19.942%; height: 30px;\"><\/td>\n<\/tr>\n<tr style=\"height: 32px;\">\n<td style=\"width: 33.7056%; height: 32px;\">Recursos per a la gesti\u00f3 empresarial<\/td>\n<td style=\"width: 6.30891%; text-align: center; height: 32px;\">21<\/td>\n<td style=\"width: 9.971%; text-align: center; height: 32px;\">32 \u20ac<\/td>\n<td style=\"width: 19.942%; height: 32px;\"><\/td>\n<\/tr>\n<tr style=\"height: 48px;\">\n<td style=\"width: 33.7056%; height: 48px;\">Sanitat i higiene de carn silvestre de ca\u00e7a<\/td>\n<td style=\"width: 6.30891%; text-align: center; height: 48px;\">7 *<\/td>\n<td style=\"width: 9.971%; text-align: center; height: 48px;\">15 \u20ac<\/td>\n<td style=\"width: 19.942%; height: 48px;\"><\/td>\n<\/tr>\n<tr style=\"height: 48px;\">\n<td style=\"width: 33.7056%; height: 33px;\">Benestar animal per a persones titulars i personal d&#8217;explotacions av\u00edcoles<\/td>\n<td style=\"width: 6.30891%; text-align: center; height: 33px;\">20 *<\/td>\n<td style=\"width: 9.971%; text-align: center; height: 33px;\">32 \u20ac<\/td>\n<td style=\"width: 9.971%; text-align: center; height: 105px;\" rowspan=\"3\">Maig<\/td>\n<td style=\"width: 19.942%; height: 33px;\"><\/td>\n<\/tr>\n<tr style=\"height: 48px;\">\n<td style=\"width: 33.7056%; height: 33px;\">Productes derivats de la producci\u00f3 ap\u00edcola<\/td>\n<td style=\"width: 6.30891%; text-align: center; height: 33px;\">30<\/td>\n<td style=\"width: 9.971%; text-align: center; height: 33px;\">32 \u20ac<\/td>\n<td style=\"width: 19.942%; height: 33px;\"><\/td>\n<\/tr>\n<tr style=\"height: 64px;\">\n<td style=\"width: 33.7056%; height: 39px;\">Qualificaci\u00f3 per executar accions de control poblacional d&#8217;esp\u00e8cies cineg\u00e8tiques<\/td>\n<td style=\"width: 6.30891%; text-align: center; height: 39px;\">15 *<\/td>\n<td style=\"width: 9.971%; text-align: center; height: 39px;\">32 \u20ac<\/td>\n<td style=\"width: 19.942%; height: 39px;\"><\/td>\n<\/tr>\n<tr style=\"height: 32px;\">\n<td style=\"width: 33.7056%; height: 32px;\">Benestar animal durant el transport<\/td>\n<td style=\"width: 6.30891%; text-align: center; height: 32px;\">20 *<\/td>\n<td style=\"width: 9.971%; text-align: center; height: 32px;\">32 \u20ac<\/td>\n<td style=\"width: 9.971%; text-align: center; height: 128px;\" rowspan=\"3\">Juny<\/td>\n<td style=\"width: 19.942%; height: 32px;\"><\/td>\n<\/tr>\n<tr style=\"height: 48px;\">\n<td style=\"width: 33.7056%; height: 48px;\">Costos a l&#8217;explotaci\u00f3 ap\u00edcola per a professionals<\/td>\n<td style=\"width: 6.30891%; text-align: center; height: 48px;\">20<\/td>\n<td style=\"width: 9.971%; text-align: center; height: 48px;\">32 \u20ac<\/td>\n<td style=\"width: 19.942%; height: 48px;\"><\/td>\n<\/tr>\n<tr style=\"height: 48px;\">\n<td style=\"width: 33.7056%; height: 48px;\">Maneig i manteniment del tractor i m\u00e0quines motrius<\/td>\n<td style=\"width: 6.30891%; text-align: center; height: 48px;\">60<\/td>\n<td style=\"width: 9.971%; text-align: center; height: 48px;\">65 \u20ac<\/td>\n<td style=\"width: 19.942%; height: 48px;\"><\/td>\n<\/tr>\n<tr style=\"height: 32px;\">\n<td style=\"width: 33.7056%; height: 32px;\">Arrels i plantaci\u00f3 d&#8217;arbres<\/td>\n<td style=\"width: 6.30891%; text-align: center; height: 32px;\">15<\/td>\n<td style=\"width: 9.971%; text-align: center; height: 32px;\">32 \u20ac<\/td>\n<td style=\"width: 9.971%; text-align: center; height: 150px;\" rowspan=\"4\">Juliol<\/td>\n<td style=\"width: 19.942%; height: 32px;\"><\/td>\n<\/tr>\n<tr style=\"height: 32px;\">\n<td style=\"width: 33.7056%; height: 32px;\">B\u00e0sic de bioconstrucci\u00f3 agr\u00e0ria<\/td>\n<td style=\"width: 6.30891%; text-align: center; height: 32px;\">30<\/td>\n<td style=\"width: 9.971%; text-align: center; height: 32px;\">32 \u20ac<\/td>\n<td style=\"width: 19.942%; height: 32px;\"><\/td>\n<\/tr>\n<tr style=\"height: 48px;\">\n<td style=\"width: 33.7056%; height: 48px;\">B\u00e0sic de fermentats vegetals: hortalisses i begudes<\/td>\n<td style=\"width: 6.30891%; text-align: center; height: 48px;\">12<\/td>\n<td style=\"width: 9.971%; text-align: center; height: 48px;\">15 \u20ac<\/td>\n<td style=\"width: 19.942%; height: 48px;\"><\/td>\n<\/tr>\n<tr style=\"height: 48px;\">\n<td style=\"width: 33.7056%; height: 38px;\">Habilitats de comunicaci\u00f3 i marca personal per a dones rurals<\/td>\n<td style=\"width: 6.30891%; text-align: center; height: 38px;\">18<\/td>\n<td style=\"width: 9.971%; text-align: center; height: 38px;\">32 \u20ac<\/td>\n<td style=\"width: 19.942%; height: 38px;\"><\/td>\n<\/tr>\n<tr style=\"height: 32px;\">\n<td style=\"width: 33.7056%; height: 32px;\">Avan\u00e7at d&#8217;agricultura regenerativa<\/td>\n<td style=\"width: 6.30891%; text-align: center; height: 32px;\">30<\/td>\n<td style=\"width: 9.971%; text-align: center; height: 32px;\">32 \u20ac<\/td>\n<td style=\"width: 9.971%; text-align: center; height: 234px;\" rowspan=\"7\">Setemre<\/td>\n<td style=\"width: 19.942%; height: 32px;\"><\/td>\n<\/tr>\n<tr style=\"height: 48px;\">\n<td style=\"width: 33.7056%; height: 39px;\">Disseny i t\u00e8cniques d&#8217;aprofitament d&#8217;aigua de pluja<\/td>\n<td style=\"width: 6.30891%; text-align: center; height: 39px;\">30<\/td>\n<td style=\"width: 9.971%; text-align: center; height: 39px;\">32 \u20ac<\/td>\n<td style=\"width: 19.942%; height: 39px;\"><\/td>\n<\/tr>\n<tr style=\"height: 48px;\">\n<td style=\"width: 33.7056%; height: 36px;\">Gesti\u00f3 ambiental i lluita contra el canvi clim\u00e0tic en granges porcines<\/td>\n<td style=\"width: 6.30891%; text-align: center; height: 36px;\">5 *<\/td>\n<td style=\"width: 9.971%; text-align: center; height: 36px;\">5 \u20ac<\/td>\n<td style=\"width: 19.942%; height: 36px;\"><\/td>\n<\/tr>\n<tr style=\"height: 32px;\">\n<td style=\"width: 33.7056%; height: 27px;\">Instal\u00b7lacions de reg<\/td>\n<td style=\"width: 6.30891%; text-align: center; height: 27px;\">30<\/td>\n<td style=\"width: 9.971%; text-align: center; height: 27px;\">32 \u20ac<\/td>\n<td style=\"width: 19.942%; height: 27px;\"><\/td>\n<\/tr>\n<tr style=\"height: 48px;\">\n<td style=\"width: 33.7056%; height: 34px;\" width=\"575\">Manipulador i aplicador de productes biocides d\u2019\u00fas ramader. M\u00f2dul espec\u00edfic<\/td>\n<td style=\"width: 6.30891%; text-align: center; height: 34px;\">13 *<\/td>\n<td style=\"width: 9.971%; text-align: center; height: 34px;\">32 \u20ac<\/td>\n<td style=\"width: 19.942%; height: 34px;\"><\/td>\n<\/tr>\n<tr style=\"height: 48px;\">\n<td style=\"width: 33.7056%; height: 34px;\">Nivell b\u00e0sic de manipulador i aplicador de productes fitosanitaris<\/td>\n<td style=\"width: 6.30891%; text-align: center; height: 34px;\">25 *<\/td>\n<td style=\"width: 9.971%; text-align: center; height: 34px;\">32 \u20ac<\/td>\n<td style=\"width: 19.942%; height: 34px;\"><\/td>\n<\/tr>\n<tr style=\"height: 32px;\">\n<td style=\"width: 33.7056%; height: 32px;\">Producci\u00f3 fruct\u00edcola<\/td>\n<td style=\"width: 6.30891%; text-align: center; height: 32px;\">65<\/td>\n<td style=\"width: 9.971%; text-align: center; height: 32px;\">65 \u20ac<\/td>\n<td style=\"width: 19.942%; height: 32px;\"><\/td>\n<\/tr>\n<tr style=\"height: 32px;\">\n<td style=\"width: 33.7056%; height: 32px;\">B\u00e0sic d&#8217;elaboraci\u00f3 de formatges<\/td>\n<td style=\"width: 6.30891%; text-align: center; height: 32px;\">25<\/td>\n<td style=\"width: 9.971%; text-align: center; height: 32px;\">32 \u20ac<\/td>\n<td style=\"width: 9.971%; text-align: center; height: 143px;\" rowspan=\"4\">Octubre<\/td>\n<td style=\"width: 19.942%; height: 32px;\"><\/td>\n<\/tr>\n<tr style=\"height: 48px;\">\n<td style=\"width: 33.7056%; height: 35px;\">Benestar animal per a persones titulars i personal d&#8217;explotacions porcines<\/td>\n<td style=\"width: 6.30891%; text-align: center; height: 35px;\">20 *<\/td>\n<td style=\"width: 9.971%; text-align: center; height: 35px;\">32 \u20ac<\/td>\n<td style=\"width: 19.942%; height: 35px;\"><\/td>\n<\/tr>\n<tr style=\"height: 48px;\">\n<td style=\"width: 33.7056%; height: 38px;\">Nivell qualificat de manipulador i aplicador de productes fitosanitaris<\/td>\n<td style=\"width: 6.30891%; text-align: center; height: 38px;\">60 *<\/td>\n<td style=\"width: 9.971%; text-align: center; height: 38px;\">65 \u20ac<\/td>\n<td style=\"width: 19.942%; height: 38px;\"><\/td>\n<\/tr>\n<tr style=\"height: 48px;\">\n<td style=\"width: 33.7056%; height: 38px;\">Producci\u00f3 agr\u00edcola extensiva. Arr\u00f2s al delta de l&#8217;Ebre<\/td>\n<td style=\"width: 6.30891%; text-align: center; height: 38px;\">28<\/td>\n<td style=\"width: 9.971%; text-align: center; height: 38px;\">32 \u20ac<\/td>\n<td style=\"width: 19.942%; height: 38px;\"><\/td>\n<\/tr>\n<tr style=\"height: 32px;\">\n<td style=\"width: 33.7056%; height: 32px;\">B\u00e0sic de motoserra<\/td>\n<td style=\"width: 6.30891%; text-align: center; height: 32px;\">20<\/td>\n<td style=\"width: 9.971%; text-align: center; height: 32px;\">32 \u20ac<\/td>\n<td style=\"width: 9.971%; text-align: center; height: 170px;\" rowspan=\"5\">Novembre<\/td>\n<td style=\"width: 19.942%; height: 32px;\"><\/td>\n<\/tr>\n<tr style=\"height: 48px;\">\n<td style=\"width: 33.7056%; height: 40px;\">B\u00e0sic de seguretat i prevenci\u00f3\u00a0 de riscos laborals<\/td>\n<td style=\"width: 6.30891%; text-align: center; height: 40px;\">30<\/td>\n<td style=\"width: 9.971%; text-align: center; height: 40px;\">32 \u20ac<\/td>\n<td style=\"width: 19.942%; height: 40px;\"><\/td>\n<\/tr>\n<tr style=\"height: 32px;\">\n<td style=\"width: 33.7056%; height: 32px;\">Cromatografia de s\u00f2ls<\/td>\n<td style=\"width: 6.30891%; text-align: center; height: 32px;\">15<\/td>\n<td style=\"width: 9.971%; text-align: center; height: 32px;\">32 \u20ac<\/td>\n<td style=\"width: 19.942%; height: 32px;\"><\/td>\n<\/tr>\n<tr style=\"height: 48px;\">\n<td style=\"width: 33.7056%; height: 34px;\">Cultiu ecol\u00f2gic de l&#8217;olivera al Baix Ebre \/ Montsi\u00e0<\/td>\n<td style=\"width: 6.30891%; text-align: center; height: 34px;\">30<\/td>\n<td style=\"width: 9.971%; text-align: center; height: 34px;\">32 \u20ac<\/td>\n<td style=\"width: 19.942%; height: 34px;\"><\/td>\n<\/tr>\n<tr style=\"height: 32px;\">\n<td style=\"width: 33.7056%; height: 32px;\">Varroasi<\/td>\n<td style=\"width: 6.30891%; text-align: center; height: 32px;\">15<\/td>\n<td style=\"width: 9.971%; text-align: center; height: 32px;\">32 \u20ac<\/td>\n<td style=\"width: 19.942%; height: 32px;\"><\/td>\n<\/tr>\n<tr style=\"height: 32px;\">\n<td style=\"width: 33.7056%; height: 32px;\">Poda d&#8217;arbres urbans. Nou protocol<\/td>\n<td style=\"width: 6.30891%; text-align: center; height: 32px;\">20<\/td>\n<td style=\"width: 9.971%; text-align: center; height: 32px;\">32 \u20ac<\/td>\n<td style=\"width: 9.971%; text-align: center; height: 96px;\" rowspan=\"3\">Desembre<\/td>\n<td style=\"width: 19.942%; height: 32px;\"><\/td>\n<\/tr>\n<tr style=\"height: 32px;\">\n<td style=\"width: 33.7056%; height: 32px;\">B\u00e0sic d&#8217;apicultura<\/td>\n<td style=\"width: 6.30891%; text-align: center; height: 32px;\">30<\/td>\n<td style=\"width: 9.971%; text-align: center; height: 32px;\">32 \u20ac<\/td>\n<td style=\"width: 19.942%; height: 32px;\"><\/td>\n<\/tr>\n<tr style=\"height: 32px;\">\n<td style=\"width: 33.7056%; height: 32px;\">Tast oli oliva<\/td>\n<td style=\"width: 6.30891%; text-align: center; height: 32px;\">24<\/td>\n<td style=\"width: 9.971%; text-align: center; height: 32px;\">32 \u20ac<\/td>\n<td style=\"width: 19.942%; height: 32px;\"><\/td>\n<\/tr>\n<\/tbody>\n<\/table>\n<p><em>Els cursos marcats (*) tenen associats un increment del cost del preu p\u00fablic de 20 \u20ac pels drets d&#8217;examen.<\/em><\/p>\n<p>Tots els preus dels cursos de formaci\u00f3 cont\u00ednua s\u00f3n p\u00fablics (Ordre ACC\/54\/2022, de 30 de mar\u00e7).<\/p>\n","protected":false},"excerpt":{"rendered":"<p>Cursos Formaci\u00f3 Cont\u00ednua 2025 Els cursos de l\u2019escola estan adre\u00e7ats a qualsevol persona amb ganes d\u2019aprendre m\u00e9s coneixements del sector\u00a0agrorural. Si vols preinscriure\u2019t a algun curs fes-ho directament a trav\u00e9s de l\u2019enlla\u00e7 de preinscripci\u00f3 o si desitges tenir m\u00e9s informaci\u00f3 pots fer-ho trucant al 977701500. El preu de matr\u00edcula \u00e9s de\u00a05 euros per als cursos [&hellip;]<\/p>\n","protected":false},"author":1,"featured_media":0,"parent":0,"menu_order":0,"comment_status":"closed","ping_status":"closed","template":"","meta":{"_bbp_topic_count":0,"_bbp_reply_count":0,"_bbp_total_topic_count":0,"_bbp_total_reply_count":0,"_bbp_voice_count":0,"_bbp_anonymous_reply_count":0,"_bbp_topic_count_hidden":0,"_bbp_reply_count_hidden":0,"_bbp_forum_subforum_count":0,"site-sidebar-layout":"default","site-content-layout":"","ast-site-content-layout":"","site-content-style":"default","site-sidebar-style":"default","ast-global-header-display":"","ast-banner-title-visibility":"","ast-main-header-display":"","ast-hfb-above-header-display":"","ast-hfb-below-header-display":"","ast-hfb-mobile-header-display":"","site-post-title":"","ast-breadcrumbs-content":"","ast-featured-img":"","footer-sml-layout":"","theme-transparent-header-meta":"","adv-header-id-meta":"","stick-header-meta":"","header-above-stick-meta":"","header-main-stick-meta":"","header-below-stick-meta":"","astra-migrate-meta-layouts":"default","ast-page-background-enabled":"default","ast-page-background-meta":{"desktop":{"background-color":"var(--ast-global-color-4)","background-image":"","background-repeat":"repeat","background-position":"center center","background-size":"auto","background-attachment":"scroll","background-type":"","background-media":"","overlay-type":"","overlay-color":"","overlay-opacity":"","overlay-gradient":""},"tablet":{"background-color":"","background-image":"","background-repeat":"repeat","background-position":"center center","background-size":"auto","background-attachment":"scroll","background-type":"","background-media":"","overlay-type":"","overlay-color":"","overlay-opacity":"","overlay-gradient":""},"mobile":{"background-color":"","background-image":"","background-repeat":"repeat","background-position":"center center","background-size":"auto","background-attachment":"scroll","background-type":"","background-media":"","overlay-type":"","overlay-color":"","overlay-opacity":"","overlay-gradient":""}},"ast-content-background-meta":{"desktop":{"background-color":"var(--ast-global-color-5)","background-image":"","background-repeat":"repeat","background-position":"center center","background-size":"auto","background-attachment":"scroll","background-type":"","background-media":"","overlay-type":"","overlay-color":"","overlay-opacity":"","overlay-gradient":""},"tablet":{"background-color":"var(--ast-global-color-5)","background-image":"","background-repeat":"repeat","background-position":"center center","background-size":"auto","background-attachment":"scroll","background-type":"","background-media":"","overlay-type":"","overlay-color":"","overlay-opacity":"","overlay-gradient":""},"mobile":{"background-color":"var(--ast-global-color-5)","background-image":"","background-repeat":"repeat","background-position":"center center","background-size":"auto","background-attachment":"scroll","background-type":"","background-media":"","overlay-type":"","overlay-color":"","overlay-opacity":"","overlay-gradient":""}},"footnotes":""},"class_list":["post-1406","page","type-page","status-publish","hentry"],"post_mailing_queue_ids":[],"_links":{"self":[{"href":"https:\/\/agora.xtec.cat\/ecaamposta\/wp-json\/wp\/v2\/pages\/1406","targetHints":{"allow":["GET"]}}],"collection":[{"href":"https:\/\/agora.xtec.cat\/ecaamposta\/wp-json\/wp\/v2\/pages"}],"about":[{"href":"https:\/\/agora.xtec.cat\/ecaamposta\/wp-json\/wp\/v2\/types\/page"}],"author":[{"embeddable":true,"href":"https:\/\/agora.xtec.cat\/ecaamposta\/wp-json\/wp\/v2\/users\/1"}],"replies":[{"embeddable":true,"href":"https:\/\/agora.xtec.cat\/ecaamposta\/wp-json\/wp\/v2\/comments?post=1406"}],"version-history":[{"count":6,"href":"https:\/\/agora.xtec.cat\/ecaamposta\/wp-json\/wp\/v2\/pages\/1406\/revisions"}],"predecessor-version":[{"id":1416,"href":"https:\/\/agora.xtec.cat\/ecaamposta\/wp-json\/wp\/v2\/pages\/1406\/revisions\/1416"}],"wp:attachment":[{"href":"https:\/\/agora.xtec.cat\/ecaamposta\/wp-json\/wp\/v2\/media?parent=1406"}],"curies":[{"name":"wp","href":"https:\/\/api.w.org\/{rel}","templated":true}]}}