{"id":971,"date":"2020-05-13T13:20:23","date_gmt":"2020-05-13T11:20:23","guid":{"rendered":"https:\/\/agora.xtec.cat\/ecaalfarras\/?page_id=971"},"modified":"2021-07-03T18:19:01","modified_gmt":"2021-07-03T16:19:01","slug":"cursos-i-jornades-20-21","status":"publish","type":"page","link":"https:\/\/agora.xtec.cat\/ecaalfarras\/cursos-i-jornades-20-21\/","title":{"rendered":"Formaci\u00f3 Cont\u00ednua"},"content":{"rendered":"<p>&nbsp;<\/p>\n<p>A l&#8217;Escola Agr\u00e0ria d&#8217;Alfarr\u00e0s oferim cursos de formaci\u00f3 i Jornades de transfer\u00e8ncia tecnol\u00f2lgica durant tot l&#8217;any:<\/p>\n<p>&nbsp;<\/p>\n<h4 style=\"text-align: center;\"><span style=\"color: #3366ff;\"><strong><em><a style=\"color: #3366ff;\" href=\"https:\/\/forms.gle\/A18gWkfcjk3NcaTi8\">Si vols que contactem amb tu, per rebre informaci\u00f3 d&#8217;algun curs <span style=\"color: #0000ff;\">clica aqu\u00ed<\/span><\/a><\/em><\/strong><\/span><\/h4>\n<p>&nbsp;<\/p>\n<p><a href=\"https:\/\/agora.xtec.cat\/ecaalfarras\/wp-content\/uploads\/usu2159\/2020\/09\/Presentaci\u00f31.jpg\"><img loading=\"lazy\" decoding=\"async\" class=\"aligncenter wp-image-1444 size-large\" src=\"https:\/\/agora.xtec.cat\/ecaalfarras\/wp-content\/uploads\/usu2159\/2020\/09\/Presentaci\u00f31-1024x576.jpg\" alt=\"\" width=\"1024\" height=\"576\" srcset=\"https:\/\/agora.xtec.cat\/ecaalfarras\/wp-content\/uploads\/usu2159\/2020\/09\/Presentaci\u00f31-1024x576.jpg 1024w, https:\/\/agora.xtec.cat\/ecaalfarras\/wp-content\/uploads\/usu2159\/2020\/09\/Presentaci\u00f31-300x169.jpg 300w, https:\/\/agora.xtec.cat\/ecaalfarras\/wp-content\/uploads\/usu2159\/2020\/09\/Presentaci\u00f31-768x432.jpg 768w, https:\/\/agora.xtec.cat\/ecaalfarras\/wp-content\/uploads\/usu2159\/2020\/09\/Presentaci\u00f31.jpg 1280w\" sizes=\"auto, (max-width: 1024px) 100vw, 1024px\" \/><\/a><\/p>\n<h2><\/h2>\n<p>&nbsp;<\/p>\n","protected":false},"excerpt":{"rendered":"<p>&nbsp;<br \/>\nA l&#8217;Escola Agr\u00e0ria d&#8217;Alfarr\u00e0s oferim cursos de formaci\u00f3 i Jornades de transfer\u00e8ncia tecnol\u00f2lgica durant tot l&#8217;any:<br \/>\n&nbsp;<br \/>\n<a style=\"color: #3366ff;\" href=\"https:\/\/forms.gle\/A18gWkfcjk3NcaTi8\">Si vols que contactem amb tu, per rebre informaci\u00f3 d&#8217;algun curs clica aqu\u00ed<\/a><br \/>\n&nbsp;<br \/>\n<a href=\"https:\/\/agora.xtec.cat\/ecaalfarras\/wp-content\/uploads\/usu2159\/2020\/09\/Presentaci\u00f31.jpg\"><\/a><\/p>\n<p>&nbsp;<\/p>\n","protected":false},"author":1,"featured_media":0,"parent":0,"menu_order":0,"comment_status":"closed","ping_status":"closed","template":"page-templates\/side-menu.php","meta":{"_bbp_topic_count":0,"_bbp_reply_count":0,"_bbp_total_topic_count":0,"_bbp_total_reply_count":0,"_bbp_voice_count":0,"_bbp_anonymous_reply_count":0,"_bbp_topic_count_hidden":0,"_bbp_reply_count_hidden":0,"_bbp_forum_subforum_count":0,"footnotes":""},"class_list":["post-971","page","type-page","status-publish","hentry"],"post_mailing_queue_ids":[],"_links":{"self":[{"href":"https:\/\/agora.xtec.cat\/ecaalfarras\/wp-json\/wp\/v2\/pages\/971","targetHints":{"allow":["GET"]}}],"collection":[{"href":"https:\/\/agora.xtec.cat\/ecaalfarras\/wp-json\/wp\/v2\/pages"}],"about":[{"href":"https:\/\/agora.xtec.cat\/ecaalfarras\/wp-json\/wp\/v2\/types\/page"}],"author":[{"embeddable":true,"href":"https:\/\/agora.xtec.cat\/ecaalfarras\/wp-json\/wp\/v2\/users\/1"}],"replies":[{"embeddable":true,"href":"https:\/\/agora.xtec.cat\/ecaalfarras\/wp-json\/wp\/v2\/comments?post=971"}],"version-history":[{"count":4,"href":"https:\/\/agora.xtec.cat\/ecaalfarras\/wp-json\/wp\/v2\/pages\/971\/revisions"}],"predecessor-version":[{"id":2111,"href":"https:\/\/agora.xtec.cat\/ecaalfarras\/wp-json\/wp\/v2\/pages\/971\/revisions\/2111"}],"wp:attachment":[{"href":"https:\/\/agora.xtec.cat\/ecaalfarras\/wp-json\/wp\/v2\/media?parent=971"}],"curies":[{"name":"wp","href":"https:\/\/api.w.org\/{rel}","templated":true}]}}